{"id":6105,"date":"2020-12-24T11:15:33","date_gmt":"2020-12-24T10:15:33","guid":{"rendered":"https:\/\/velumautostore.com\/produit\/junta-exterior-para-techo-solar-panoramico-vw-tiguanaudi-q5-1k9877459-5n0877459a-adaptable\/"},"modified":"2026-02-12T10:40:21","modified_gmt":"2026-02-12T09:40:21","slug":"junta-exterior-para-techo-solar-panoramico-vw-tiguanaudi-q5-1k9877459-5n0877459a-adaptable","status":"publish","type":"product","link":"https:\/\/velumautostore.com\/es\/producto\/junta-exterior-para-techo-solar-panoramico-vw-tiguanaudi-q5-1k9877459-5n0877459a-adaptable\/","title":{"rendered":"Junta exterior para techo solar panor\u00e1mico &#8211; VW Tiguan|Audi Q5 &#8211; 1K9877459-5N0877459A ( adaptable )"},"content":{"rendered":"<h3>Junta exterior para techo solar panor\u00e1mico &#8211; VW TIGUAN|Audi Q5 &#8211; 1K9877459-5N0877459A ( adaptable ).<\/h3>\n<p>\ud83d\udcc3<strong>Para comprar una junta<\/strong><b>exterior<\/b> para un techo solar panor\u00e1mico, tambi\u00e9n puedes consultar el art\u00edculo sobre el <strong> blog<\/strong>\ud83d\udcc3<\/p>\n<p>Esta junta exterior de techo panor\u00e1mico ser\u00e1 perfecta para sustituir su persiana defectuosa, la calidad es similar a la original.<\/p>\n<hr \/>\n<p>[one_half_first]Material: caucho[\/one_half_first][one_half_last]Longitud: NA[\/one_half_last]<\/p>\n<hr \/>\n<h4><strong>Compatible con los siguientes veh\u00edculos:<\/strong><\/h4>\n<p>[one_half_first] <strong>VW :<\/strong><\/p>\n<ul>\n<li>TIGUAN: hasta 2017<\/li>\n<li>SHARAN: hasta 2017<\/li>\n<li>TOURAN: hasta 2015\/2016<\/li>\n<li>DESCANSO DE GOLF: hasta 2013\/2014<\/li>\n<li>PASSAT BREAK: hasta 2015<\/li>\n<\/ul>\n<p>[\/one_half_first][one_half_last] <strong>AUDI :<\/strong><\/p>\n<ul>\n<li>P5: hasta 2017<\/li>\n<\/ul>\n<p><strong>SEAT :<\/strong><\/p>\n<ul>\n<li>PAUSA LEON: 2013-2017<\/li>\n<\/ul>\n<p><strong>SKODA :<\/strong><\/p>\n<ul>\n<li>YETI: hasta 2017<\/li>\n<li>DESCANSO SUPERIOR: hasta 2017<\/li>\n<\/ul>\n<p>[\/one_half_last]<\/p>\n<hr \/>\n<h4><strong>Montaje :<\/strong><\/h4>\n<p>[one_half_first] \ud83d\udcc3Pdf principio de montaje suministrado de forma gratuita \ud83d\udcc3[\/one_half_first][one_half_last]\ud83d\udcdeAsistencia por correo electr\u00f3nico disponible\ud83d\udcde[\/one_half_last]<\/p>\n<hr \/>\n<h4><strong>1 a\u00f1o de garant\u00eda<\/strong><\/h4>\n","protected":false},"excerpt":{"rendered":"<h3>Junta exterior para techo solar panor\u00e1mico &#8211; VW TIGUAN|Audi Q5 &#8211; 1K9877459-5N0877459A ( adaptable ).<\/h3>\n<p>\ud83d\udcc3<strong>Para comprar una junta<\/strong><b>exterior<\/b> para un techo solar panor\u00e1mico, tambi\u00e9n puedes consultar el art\u00edculo sobre el <strong> blog<\/strong>\ud83d\udcc3<\/p>\n<p>Esta junta exterior de techo panor\u00e1mico ser\u00e1 perfecta para sustituir su persiana defectuosa, la calidad es similar a la original.<\/p>\n","protected":false},"featured_media":5624,"comment_status":"open","ping_status":"closed","template":"","meta":[],"product_brand":[],"product_cat":[173,163],"product_tag":[],"class_list":{"0":"post-6105","1":"product","2":"type-product","3":"status-publish","4":"has-post-thumbnail","6":"product_cat-piezas-de-recambio","7":"product_cat-tienda-velum","9":"first","10":"outofstock","11":"shipping-taxable","12":"purchasable","13":"product-type-simple"},"etheme_brands":{"errors":{"invalid_taxonomy":["Taxonom\u00eda no v\u00e1lida."]},"error_data":[]},"yoast_head":"<!-- This site is optimized with the Yoast SEO Premium plugin v27.3 (Yoast SEO v27.5) - https:\/\/yoast.com\/product\/yoast-seo-premium-wordpress\/ -->\n<title>Junta exterior para techo solar panor\u00e1mico - VW Tiguan|Audi Q5 - 1K9877459-5N0877459A ( adaptable ) - Velum Auto Store<\/title>\n<meta name=\"description\" content=\"Junta exterior 1K9 877 459 \/ 5N0 877 459A Tiguan Q5. Protege agua polvo techo solar estanqueidad duradera adaptable.\" \/>\n<meta name=\"robots\" content=\"index, follow, max-snippet:-1, max-image-preview:large, max-video-preview:-1\" \/>\n<link rel=\"canonical\" href=\"https:\/\/velumautostore.com\/es\/producto\/junta-exterior-para-techo-solar-panoramico-vw-tiguanaudi-q5-1k9877459-5n0877459a-adaptable\/\" \/>\n<meta property=\"og:locale\" content=\"es_ES\" \/>\n<meta property=\"og:type\" content=\"article\" \/>\n<meta property=\"og:title\" content=\"Junta exterior para techo solar panor\u00e1mico - VW Tiguan|Audi Q5 - 1K9877459-5N0877459A ( adaptable )\" \/>\n<meta property=\"og:description\" content=\"Junta exterior 1K9 877 459 \/ 5N0 877 459A Tiguan Q5. Protege agua polvo techo solar estanqueidad duradera adaptable.\" \/>\n<meta property=\"og:url\" content=\"https:\/\/velumautostore.com\/es\/producto\/junta-exterior-para-techo-solar-panoramico-vw-tiguanaudi-q5-1k9877459-5n0877459a-adaptable\/\" \/>\n<meta property=\"og:site_name\" content=\"Velum Auto Store\" \/>\n<meta property=\"article:publisher\" content=\"https:\/\/fr-fr.facebook.com\/Velumautostore\/\" \/>\n<meta property=\"article:modified_time\" content=\"2026-02-12T09:40:21+00:00\" \/>\n<meta property=\"og:image\" content=\"https:\/\/velumautostore.com\/wp-content\/uploads\/2020\/12\/Join-ext-tig_1_HD.jpg\" \/>\n\t<meta property=\"og:image:width\" content=\"2000\" \/>\n\t<meta property=\"og:image:height\" content=\"2423\" \/>\n\t<meta property=\"og:image:type\" content=\"image\/jpeg\" \/>\n<meta name=\"twitter:card\" content=\"summary_large_image\" \/>\n<meta name=\"twitter:label1\" content=\"Precio\" \/>\n\t<meta name=\"twitter:data1\" content=\"80.00&euro;\" \/>\n\t<meta name=\"twitter:label2\" content=\"Disponibilidad\" \/>\n\t<meta name=\"twitter:data2\" content=\"Sin existencias\" \/>\n<script type=\"application\/ld+json\" class=\"yoast-schema-graph\">{\"@context\":\"https:\\\/\\\/schema.org\",\"@graph\":[{\"@type\":\"WebPage\",\"@id\":\"https:\\\/\\\/velumautostore.com\\\/es\\\/producto\\\/junta-exterior-para-techo-solar-panoramico-vw-tiguanaudi-q5-1k9877459-5n0877459a-adaptable\\\/\",\"url\":\"https:\\\/\\\/velumautostore.com\\\/es\\\/producto\\\/junta-exterior-para-techo-solar-panoramico-vw-tiguanaudi-q5-1k9877459-5n0877459a-adaptable\\\/\",\"name\":\"Junta exterior para techo solar panor\u00e1mico - VW Tiguan|Audi Q5 - 1K9877459-5N0877459A ( adaptable ) - Velum Auto Store\",\"isPartOf\":{\"@id\":\"https:\\\/\\\/velumautostore.com\\\/#website\"},\"primaryImageOfPage\":{\"@id\":\"https:\\\/\\\/velumautostore.com\\\/es\\\/producto\\\/junta-exterior-para-techo-solar-panoramico-vw-tiguanaudi-q5-1k9877459-5n0877459a-adaptable\\\/#primaryimage\"},\"image\":{\"@id\":\"https:\\\/\\\/velumautostore.com\\\/es\\\/producto\\\/junta-exterior-para-techo-solar-panoramico-vw-tiguanaudi-q5-1k9877459-5n0877459a-adaptable\\\/#primaryimage\"},\"thumbnailUrl\":\"https:\\\/\\\/velumautostore.com\\\/wp-content\\\/uploads\\\/2020\\\/12\\\/Join-ext-tig_1_HD.jpg\",\"datePublished\":\"2020-12-24T10:15:33+00:00\",\"dateModified\":\"2026-02-12T09:40:21+00:00\",\"description\":\"Junta exterior 1K9 877 459 \\\/ 5N0 877 459A Tiguan Q5. Protege agua polvo techo solar estanqueidad duradera adaptable.\",\"breadcrumb\":{\"@id\":\"https:\\\/\\\/velumautostore.com\\\/es\\\/producto\\\/junta-exterior-para-techo-solar-panoramico-vw-tiguanaudi-q5-1k9877459-5n0877459a-adaptable\\\/#breadcrumb\"},\"inLanguage\":\"es\",\"potentialAction\":[{\"@type\":\"ReadAction\",\"target\":[\"https:\\\/\\\/velumautostore.com\\\/es\\\/producto\\\/junta-exterior-para-techo-solar-panoramico-vw-tiguanaudi-q5-1k9877459-5n0877459a-adaptable\\\/\"]}]},{\"@type\":\"ImageObject\",\"inLanguage\":\"es\",\"@id\":\"https:\\\/\\\/velumautostore.com\\\/es\\\/producto\\\/junta-exterior-para-techo-solar-panoramico-vw-tiguanaudi-q5-1k9877459-5n0877459a-adaptable\\\/#primaryimage\",\"url\":\"https:\\\/\\\/velumautostore.com\\\/wp-content\\\/uploads\\\/2020\\\/12\\\/Join-ext-tig_1_HD.jpg\",\"contentUrl\":\"https:\\\/\\\/velumautostore.com\\\/wp-content\\\/uploads\\\/2020\\\/12\\\/Join-ext-tig_1_HD.jpg\",\"width\":2000,\"height\":2423},{\"@type\":\"BreadcrumbList\",\"@id\":\"https:\\\/\\\/velumautostore.com\\\/es\\\/producto\\\/junta-exterior-para-techo-solar-panoramico-vw-tiguanaudi-q5-1k9877459-5n0877459a-adaptable\\\/#breadcrumb\",\"itemListElement\":[{\"@type\":\"ListItem\",\"position\":1,\"name\":\"Accueil\",\"item\":\"https:\\\/\\\/velumautostore.com\\\/es\\\/inicio\\\/\"},{\"@type\":\"ListItem\",\"position\":2,\"name\":\"Tienda\",\"item\":\"https:\\\/\\\/velumautostore.com\\\/es\\\/?page_id=19552\"},{\"@type\":\"ListItem\",\"position\":3,\"name\":\"Junta exterior para techo solar panor\u00e1mico &#8211; VW Tiguan|Audi Q5 &#8211; 1K9877459-5N0877459A ( adaptable )\"}]},{\"@type\":\"WebSite\",\"@id\":\"https:\\\/\\\/velumautostore.com\\\/#website\",\"url\":\"https:\\\/\\\/velumautostore.com\\\/\",\"name\":\"Velum Auto Store\",\"description\":\"Store et toit panoramique\",\"publisher\":{\"@id\":\"https:\\\/\\\/velumautostore.com\\\/#organization\"},\"potentialAction\":[{\"@type\":\"SearchAction\",\"target\":{\"@type\":\"EntryPoint\",\"urlTemplate\":\"https:\\\/\\\/velumautostore.com\\\/?s={search_term_string}\"},\"query-input\":{\"@type\":\"PropertyValueSpecification\",\"valueRequired\":true,\"valueName\":\"search_term_string\"}}],\"inLanguage\":\"es\"},{\"@type\":\"Organization\",\"@id\":\"https:\\\/\\\/velumautostore.com\\\/#organization\",\"name\":\"Velum Auto Store\",\"url\":\"https:\\\/\\\/velumautostore.com\\\/\",\"logo\":{\"@type\":\"ImageObject\",\"inLanguage\":\"es\",\"@id\":\"https:\\\/\\\/velumautostore.com\\\/#\\\/schema\\\/logo\\\/image\\\/\",\"url\":\"https:\\\/\\\/velumautostore.com\\\/wp-content\\\/uploads\\\/2021\\\/09\\\/cropped-Velum_AutoStore_logo_3.png\",\"contentUrl\":\"https:\\\/\\\/velumautostore.com\\\/wp-content\\\/uploads\\\/2021\\\/09\\\/cropped-Velum_AutoStore_logo_3.png\",\"width\":321,\"height\":154,\"caption\":\"Velum Auto Store\"},\"image\":{\"@id\":\"https:\\\/\\\/velumautostore.com\\\/#\\\/schema\\\/logo\\\/image\\\/\"},\"sameAs\":[\"https:\\\/\\\/fr-fr.facebook.com\\\/Velumautostore\\\/\"]}]}<\/script>\n<meta property=\"product:price:amount\" content=\"80.00\" \/>\n<meta property=\"product:price:currency\" content=\"EUR\" \/>\n<meta property=\"og:availability\" content=\"out of stock\" \/>\n<meta property=\"product:availability\" content=\"out of stock\" \/>\n<meta property=\"product:condition\" content=\"new\" \/>\n<!-- \/ Yoast SEO Premium plugin. -->","yoast_head_json":{"title":"Junta exterior para techo solar panor\u00e1mico - VW Tiguan|Audi Q5 - 1K9877459-5N0877459A ( adaptable ) - Velum Auto Store","description":"Junta exterior 1K9 877 459 \/ 5N0 877 459A Tiguan Q5. Protege agua polvo techo solar estanqueidad duradera adaptable.","robots":{"index":"index","follow":"follow","max-snippet":"max-snippet:-1","max-image-preview":"max-image-preview:large","max-video-preview":"max-video-preview:-1"},"canonical":"https:\/\/velumautostore.com\/es\/producto\/junta-exterior-para-techo-solar-panoramico-vw-tiguanaudi-q5-1k9877459-5n0877459a-adaptable\/","og_locale":"es_ES","og_type":"article","og_title":"Junta exterior para techo solar panor\u00e1mico - VW Tiguan|Audi Q5 - 1K9877459-5N0877459A ( adaptable )","og_description":"Junta exterior 1K9 877 459 \/ 5N0 877 459A Tiguan Q5. Protege agua polvo techo solar estanqueidad duradera adaptable.","og_url":"https:\/\/velumautostore.com\/es\/producto\/junta-exterior-para-techo-solar-panoramico-vw-tiguanaudi-q5-1k9877459-5n0877459a-adaptable\/","og_site_name":"Velum Auto Store","article_publisher":"https:\/\/fr-fr.facebook.com\/Velumautostore\/","article_modified_time":"2026-02-12T09:40:21+00:00","og_image":[{"width":2000,"height":2423,"url":"https:\/\/velumautostore.com\/wp-content\/uploads\/2020\/12\/Join-ext-tig_1_HD.jpg","type":"image\/jpeg"}],"twitter_card":"summary_large_image","twitter_misc":{"Precio":"80.00&euro;","Disponibilidad":"Sin existencias"},"schema":{"@context":"https:\/\/schema.org","@graph":[{"@type":"WebPage","@id":"https:\/\/velumautostore.com\/es\/producto\/junta-exterior-para-techo-solar-panoramico-vw-tiguanaudi-q5-1k9877459-5n0877459a-adaptable\/","url":"https:\/\/velumautostore.com\/es\/producto\/junta-exterior-para-techo-solar-panoramico-vw-tiguanaudi-q5-1k9877459-5n0877459a-adaptable\/","name":"Junta exterior para techo solar panor\u00e1mico - VW Tiguan|Audi Q5 - 1K9877459-5N0877459A ( adaptable ) - Velum Auto Store","isPartOf":{"@id":"https:\/\/velumautostore.com\/#website"},"primaryImageOfPage":{"@id":"https:\/\/velumautostore.com\/es\/producto\/junta-exterior-para-techo-solar-panoramico-vw-tiguanaudi-q5-1k9877459-5n0877459a-adaptable\/#primaryimage"},"image":{"@id":"https:\/\/velumautostore.com\/es\/producto\/junta-exterior-para-techo-solar-panoramico-vw-tiguanaudi-q5-1k9877459-5n0877459a-adaptable\/#primaryimage"},"thumbnailUrl":"https:\/\/velumautostore.com\/wp-content\/uploads\/2020\/12\/Join-ext-tig_1_HD.jpg","datePublished":"2020-12-24T10:15:33+00:00","dateModified":"2026-02-12T09:40:21+00:00","description":"Junta exterior 1K9 877 459 \/ 5N0 877 459A Tiguan Q5. Protege agua polvo techo solar estanqueidad duradera adaptable.","breadcrumb":{"@id":"https:\/\/velumautostore.com\/es\/producto\/junta-exterior-para-techo-solar-panoramico-vw-tiguanaudi-q5-1k9877459-5n0877459a-adaptable\/#breadcrumb"},"inLanguage":"es","potentialAction":[{"@type":"ReadAction","target":["https:\/\/velumautostore.com\/es\/producto\/junta-exterior-para-techo-solar-panoramico-vw-tiguanaudi-q5-1k9877459-5n0877459a-adaptable\/"]}]},{"@type":"ImageObject","inLanguage":"es","@id":"https:\/\/velumautostore.com\/es\/producto\/junta-exterior-para-techo-solar-panoramico-vw-tiguanaudi-q5-1k9877459-5n0877459a-adaptable\/#primaryimage","url":"https:\/\/velumautostore.com\/wp-content\/uploads\/2020\/12\/Join-ext-tig_1_HD.jpg","contentUrl":"https:\/\/velumautostore.com\/wp-content\/uploads\/2020\/12\/Join-ext-tig_1_HD.jpg","width":2000,"height":2423},{"@type":"BreadcrumbList","@id":"https:\/\/velumautostore.com\/es\/producto\/junta-exterior-para-techo-solar-panoramico-vw-tiguanaudi-q5-1k9877459-5n0877459a-adaptable\/#breadcrumb","itemListElement":[{"@type":"ListItem","position":1,"name":"Accueil","item":"https:\/\/velumautostore.com\/es\/inicio\/"},{"@type":"ListItem","position":2,"name":"Tienda","item":"https:\/\/velumautostore.com\/es\/?page_id=19552"},{"@type":"ListItem","position":3,"name":"Junta exterior para techo solar panor\u00e1mico &#8211; VW Tiguan|Audi Q5 &#8211; 1K9877459-5N0877459A ( adaptable )"}]},{"@type":"WebSite","@id":"https:\/\/velumautostore.com\/#website","url":"https:\/\/velumautostore.com\/","name":"Velum Auto Store","description":"Store et toit panoramique","publisher":{"@id":"https:\/\/velumautostore.com\/#organization"},"potentialAction":[{"@type":"SearchAction","target":{"@type":"EntryPoint","urlTemplate":"https:\/\/velumautostore.com\/?s={search_term_string}"},"query-input":{"@type":"PropertyValueSpecification","valueRequired":true,"valueName":"search_term_string"}}],"inLanguage":"es"},{"@type":"Organization","@id":"https:\/\/velumautostore.com\/#organization","name":"Velum Auto Store","url":"https:\/\/velumautostore.com\/","logo":{"@type":"ImageObject","inLanguage":"es","@id":"https:\/\/velumautostore.com\/#\/schema\/logo\/image\/","url":"https:\/\/velumautostore.com\/wp-content\/uploads\/2021\/09\/cropped-Velum_AutoStore_logo_3.png","contentUrl":"https:\/\/velumautostore.com\/wp-content\/uploads\/2021\/09\/cropped-Velum_AutoStore_logo_3.png","width":321,"height":154,"caption":"Velum Auto Store"},"image":{"@id":"https:\/\/velumautostore.com\/#\/schema\/logo\/image\/"},"sameAs":["https:\/\/fr-fr.facebook.com\/Velumautostore\/"]}]},"product_price_amount":"80.00","product_price_currency":"EUR","og_availability":"out of stock","product_availability":"out of stock","product_condition":"new"},"_links":{"self":[{"href":"https:\/\/velumautostore.com\/es\/wp-json\/wp\/v2\/product\/6105","targetHints":{"allow":["GET"]}}],"collection":[{"href":"https:\/\/velumautostore.com\/es\/wp-json\/wp\/v2\/product"}],"about":[{"href":"https:\/\/velumautostore.com\/es\/wp-json\/wp\/v2\/types\/product"}],"replies":[{"embeddable":true,"href":"https:\/\/velumautostore.com\/es\/wp-json\/wp\/v2\/comments?post=6105"}],"version-history":[{"count":2,"href":"https:\/\/velumautostore.com\/es\/wp-json\/wp\/v2\/product\/6105\/revisions"}],"predecessor-version":[{"id":18774,"href":"https:\/\/velumautostore.com\/es\/wp-json\/wp\/v2\/product\/6105\/revisions\/18774"}],"wp:featuredmedia":[{"embeddable":true,"href":"https:\/\/velumautostore.com\/es\/wp-json\/wp\/v2\/media\/5624"}],"wp:attachment":[{"href":"https:\/\/velumautostore.com\/es\/wp-json\/wp\/v2\/media?parent=6105"}],"wp:term":[{"taxonomy":"product_brand","embeddable":true,"href":"https:\/\/velumautostore.com\/es\/wp-json\/wp\/v2\/product_brand?post=6105"},{"taxonomy":"product_cat","embeddable":true,"href":"https:\/\/velumautostore.com\/es\/wp-json\/wp\/v2\/product_cat?post=6105"},{"taxonomy":"product_tag","embeddable":true,"href":"https:\/\/velumautostore.com\/es\/wp-json\/wp\/v2\/product_tag?post=6105"}],"curies":[{"name":"wp","href":"https:\/\/api.w.org\/{rel}","templated":true}]}}