{"id":6100,"date":"2024-01-28T12:36:07","date_gmt":"2024-01-28T11:36:07","guid":{"rendered":"https:\/\/velumautostore.com\/produit\/kit-beige-toldo-techo-solar-vw-tiguan-ii-passat-b8-skoda-superb-3g9-877-307-adaptable\/"},"modified":"2026-02-12T10:31:01","modified_gmt":"2026-02-12T09:31:01","slug":"kit-beige-toldo-techo-solar-vw-tiguan-ii-passat-b8-skoda-superb-3g9-877-307-adaptable","status":"publish","type":"product","link":"https:\/\/velumautostore.com\/es\/producto\/kit-beige-toldo-techo-solar-vw-tiguan-ii-passat-b8-skoda-superb-3g9-877-307-adaptable\/","title":{"rendered":"KIT BEIGE toldo techo solar | VW TIGUAN II | PASSAT B8 | SKODA SUPERB | 3G9 877 307 (Adaptable)"},"content":{"rendered":"\t\t<div data-elementor-type=\"wp-post\" data-elementor-id=\"6100\" class=\"elementor elementor-6100 elementor-5211\" data-elementor-post-type=\"product\">\n\t\t\t\t\t\t<section class=\"elementor-section elementor-top-section elementor-element elementor-element-3fbe652a elementor-section-boxed elementor-section-height-default elementor-section-height-default\" data-id=\"3fbe652a\" data-element_type=\"section\" data-e-type=\"section\">\n\t\t\t\t\t\t<div class=\"elementor-container elementor-column-gap-default\">\n\t\t\t\t\t<div class=\"elementor-column elementor-col-100 elementor-top-column elementor-element elementor-element-14134828\" data-id=\"14134828\" data-element_type=\"column\" data-e-type=\"column\">\n\t\t\t<div class=\"elementor-widget-wrap elementor-element-populated\">\n\t\t\t\t\t\t<div class=\"elementor-element elementor-element-5f1dc4ff elementor-widget elementor-widget-text-editor\" data-id=\"5f1dc4ff\" data-element_type=\"widget\" data-e-type=\"widget\" data-widget_type=\"text-editor.default\">\n\t\t\t\t<div class=\"elementor-widget-container\">\n\t\t\t\t\t\t\t\t\t<p>Techo solar panor\u00e1mico cortina persiana ( velum ) ref :  <\/p><p><span style=\"box-sizing: inherit; font-weight: bold; margin-bottom: 1em;\">3G9 877 307 ( adaptable ).<br style=\"box-sizing: inherit;\">3G9 877 307 ( adaptable ).<br style=\"box-sizing: inherit; margin-bottom: 1em;\">3G9 877 307 ( adaptable ).<\/span><\/p>\t\t\t\t\t\t\t\t<\/div>\n\t\t\t\t<\/div>\n\t\t\t\t<div class=\"elementor-element elementor-element-2366bdb elementor-widget elementor-widget-heading\" data-id=\"2366bdb\" data-element_type=\"widget\" data-e-type=\"widget\" data-widget_type=\"heading.default\">\n\t\t\t\t<div class=\"elementor-widget-container\">\n\t\t\t\t\t<h2 class=\"elementor-heading-title elementor-size-default\"><p style=\"font-size: 15px;font-style: normal;font-weight: 400;white-space: normal\"><span style=\"font-weight: 700\">Compatible con los siguientes veh\u00edculos:<\/span><span style=\"color: var(--ast-global-color-2);font-size: 1.5rem;font-style: inherit;font-weight: 700;white-space: pre-wrap\"><\/span><\/p><\/h2>\t\t\t\t<\/div>\n\t\t\t\t<\/div>\n\t\t\t\t<section class=\"elementor-section elementor-inner-section elementor-element elementor-element-8b35d43 elementor-section-boxed elementor-section-height-default elementor-section-height-default\" data-id=\"8b35d43\" data-element_type=\"section\" data-e-type=\"section\">\n\t\t\t\t\t\t<div class=\"elementor-container elementor-column-gap-default\">\n\t\t\t\t\t<div class=\"elementor-column elementor-col-50 elementor-inner-column elementor-element elementor-element-a26c800\" data-id=\"a26c800\" data-element_type=\"column\" data-e-type=\"column\">\n\t\t\t<div class=\"elementor-widget-wrap elementor-element-populated\">\n\t\t\t\t\t\t<div class=\"elementor-element elementor-element-8f37ff4 elementor-widget elementor-widget-text-editor\" data-id=\"8f37ff4\" data-element_type=\"widget\" data-e-type=\"widget\" data-widget_type=\"text-editor.default\">\n\t\t\t\t<div class=\"elementor-widget-container\">\n\t\t\t\t\t\t\t\t\t<p><span style=\"font-weight: bold;\">VW :<\/span><\/p><ul><li>TIGUAN II: de 2016 a 2022<\/li><li><span style=\"color: var(--ast-global-color-3);\">PASSAT BREAK B8: a partir de 2015 -&gt; 2020<\/span><\/li><li>Escapada de golf: 2020 a 2021<\/li><\/ul><p style=\"font-size: 15px; font-style: normal; font-weight: 400;\"><span style=\"font-weight: bold;\">SEAT :<\/span><\/p><ul style=\"font-size: 15px; font-style: normal; font-weight: 400;\"><li style=\"font-size: 15px;\">Tarraco ( por confirmar )<\/li><li style=\"font-size: 15px;\">Ateca: a partir de 2016<\/li><\/ul>\t\t\t\t\t\t\t\t<\/div>\n\t\t\t\t<\/div>\n\t\t\t\t\t<\/div>\n\t\t<\/div>\n\t\t\t\t<div class=\"elementor-column elementor-col-50 elementor-inner-column elementor-element elementor-element-f8519ba\" data-id=\"f8519ba\" data-element_type=\"column\" data-e-type=\"column\">\n\t\t\t<div class=\"elementor-widget-wrap elementor-element-populated\">\n\t\t\t\t\t\t<div class=\"elementor-element elementor-element-ca26bb7 elementor-widget elementor-widget-text-editor\" data-id=\"ca26bb7\" data-element_type=\"widget\" data-e-type=\"widget\" data-widget_type=\"text-editor.default\">\n\t\t\t\t<div class=\"elementor-widget-container\">\n\t\t\t\t\t\t\t\t\t<p><span style=\"font-weight: bold; color: var(--ast-global-color-3);\">SKODA :<\/span><\/p><ul style=\"font-size: 15px; font-style: normal; font-weight: 400;\"><li style=\"font-size: 15px;\"><span style=\"font-style: inherit; font-weight: inherit; color: var(--ast-global-color-3);\">SUPERBREAK: <\/span>a partir de 2016<\/li><li style=\"font-size: 15px;\">Karoq: a partir de 2018<\/li><li style=\"font-size: 15px;\">Kodiaq: a partir de 2027<\/li><li style=\"font-size: 15px;\">Octavia: a partir de 2020<\/li><\/ul><div><div><strong>Audi :<\/strong><\/div><ul><li>e-tron GT: de 2021 a &#8230;<\/li><\/ul><\/div>\t\t\t\t\t\t\t\t<\/div>\n\t\t\t\t<\/div>\n\t\t\t\t\t<\/div>\n\t\t<\/div>\n\t\t\t\t\t<\/div>\n\t\t<\/section>\n\t\t\t\t<section class=\"elementor-section elementor-inner-section elementor-element elementor-element-399661a elementor-section-boxed elementor-section-height-default elementor-section-height-default\" data-id=\"399661a\" data-element_type=\"section\" data-e-type=\"section\">\n\t\t\t\t\t\t<div class=\"elementor-container elementor-column-gap-default\">\n\t\t\t\t\t<div class=\"elementor-column elementor-col-50 elementor-inner-column elementor-element elementor-element-47b4240\" data-id=\"47b4240\" data-element_type=\"column\" data-e-type=\"column\">\n\t\t\t<div class=\"elementor-widget-wrap elementor-element-populated\">\n\t\t\t\t\t\t<div class=\"elementor-element elementor-element-0931363 elementor-widget elementor-widget-text-editor\" data-id=\"0931363\" data-element_type=\"widget\" data-e-type=\"widget\" data-widget_type=\"text-editor.default\">\n\t\t\t\t<div class=\"elementor-widget-container\">\n\t\t\t\t\t\t\t\t\t<p><b>Material <\/b>: Lienzo<\/p><p style=\"font-size: 15px; font-style: normal; font-weight: 400;\"><span style=\"font-weight: bold;\">Montaje :<\/span><\/p><p style=\"font-size: 15px; font-style: normal; font-weight: 400;\">\ud83d\udcc3PDF principio de montaje suministrado gratuitamente \ud83d\udcc3<\/p>\t\t\t\t\t\t\t\t<\/div>\n\t\t\t\t<\/div>\n\t\t\t\t\t<\/div>\n\t\t<\/div>\n\t\t\t\t<div class=\"elementor-column elementor-col-50 elementor-inner-column elementor-element elementor-element-54ce0e5\" data-id=\"54ce0e5\" data-element_type=\"column\" data-e-type=\"column\">\n\t\t\t<div class=\"elementor-widget-wrap elementor-element-populated\">\n\t\t\t\t\t\t<div class=\"elementor-element elementor-element-7c52364 elementor-widget elementor-widget-text-editor\" data-id=\"7c52364\" data-element_type=\"widget\" data-e-type=\"widget\" data-widget_type=\"text-editor.default\">\n\t\t\t\t<div class=\"elementor-widget-container\">\n\t\t\t\t\t\t\t\t\t<p><b>Color <\/b>: GRIS<\/p><p><span style=\"font-weight: bold;\">1 a\u00f1o de garant\u00eda<\/span><\/p><p style=\"font-size: 15px; font-style: normal; font-weight: 400;\">Asistencia por correo electr\u00f3nico\ud83d\udcde<\/p>\t\t\t\t\t\t\t\t<\/div>\n\t\t\t\t<\/div>\n\t\t\t\t\t<\/div>\n\t\t<\/div>\n\t\t\t\t\t<\/div>\n\t\t<\/section>\n\t\t\t\t<div class=\"elementor-element elementor-element-7cb1b9f elementor-widget elementor-widget-text-editor\" data-id=\"7cb1b9f\" data-element_type=\"widget\" data-e-type=\"widget\" data-widget_type=\"text-editor.default\">\n\t\t\t\t<div class=\"elementor-widget-container\">\n\t\t\t\t\t\t\t\t\t<p style=\"font-size: 15px; font-style: normal; font-weight: 400;\"><span style=\"color: var(--ast-global-color-3);\">El PDF de montaje ha sido probado por m\u00e1s de 1.000 personas, que se han ahorrado una media de 500 euros. Cada paso se explica detalladamente y, en caso necesario, se ofrecen v\u00eddeos para ayudarle a montar su toldo con total seguridad.<\/span><\/p>\t\t\t\t\t\t\t\t<\/div>\n\t\t\t\t<\/div>\n\t\t\t\t<div class=\"elementor-element elementor-element-dc897f5 elementor-widget elementor-widget-text-editor\" data-id=\"dc897f5\" data-element_type=\"widget\" data-e-type=\"widget\" data-widget_type=\"text-editor.default\">\n\t\t\t\t<div class=\"elementor-widget-container\">\n\t\t\t\t\t\t\t\t\t<p style=\"font-size: 15px; font-style: normal; font-weight: 400; text-align: center;\">Para m\u00e1s informaci\u00f3n, no dude en ponerse en contacto con nosotros.<\/p>\t\t\t\t\t\t\t\t<\/div>\n\t\t\t\t<\/div>\n\t\t\t\t<div class=\"elementor-element elementor-element-1e51017 elementor-align-center elementor-widget elementor-widget-button\" data-id=\"1e51017\" data-element_type=\"widget\" data-e-type=\"widget\" data-widget_type=\"button.default\">\n\t\t\t\t<div class=\"elementor-widget-container\">\n\t\t\t\t\t\t\t\t\t<div class=\"elementor-button-wrapper\">\n\t\t\t\t\t<a class=\"elementor-button elementor-button-link elementor-size-sm\" href=\"https:\/\/velumautostore.com\/es\/contacte-con-nosotros\/\">\n\t\t\t\t\t\t<span class=\"elementor-button-content-wrapper\">\n\t\t\t\t\t\t\t\t\t<span class=\"elementor-button-text\">Si tiene alguna duda, p\u00f3ngase en contacto con nosotros.<\/span>\n\t\t\t\t\t<\/span>\n\t\t\t\t\t<\/a>\n\t\t\t\t<\/div>\n\t\t\t\t\t\t\t\t<\/div>\n\t\t\t\t<\/div>\n\t\t\t\t\t<\/div>\n\t\t<\/div>\n\t\t\t\t\t<\/div>\n\t\t<\/section>\n\t\t\t\t<\/div>\n\t\t","protected":false},"excerpt":{"rendered":"<p>Kit Store rideau de toit ouvrant panoramique ( velum ) ref : <strong><br \/>\n3g9 877 307 ( adaptable ).<br \/>\n<\/strong> 3g9 <strong>877 307 ( adaptable ).<br \/>\n<\/strong> 3g9 <strong>877 307 ( adaptable ).<\/strong><\/p>\n<p>\u00bfPersiana rota? \u00bfdesgarrada? \u00bfaflojada? \u00bfmohosa? ?<\/p>\n<p>Este toldo es el sustituto perfecto para su toldo defectuoso. Los colores son fieles al original, la calidad no se ve comprometida y el sistema de montaje se simplifica a la vez que resuelve los problemas del modelo original.<\/p>\n<p>\ud83d\udce6 2 m\u00e9todos de entrega disponibles:<\/p>\n<ul>\n<li>\ud83d\ude9a Entrega por Chronopost ( 2 a 4 d\u00edas laborables )<\/li>\n<li>\ud83d\ude9a Entrega a domicilio por Colissimo ( 2 a 4 d\u00edas laborables )<\/li>\n<li>\ud83d\ude80 Entrega urgente por Chronopost ( 1 a 2 d\u00edas laborables )<\/li>\n<\/ul>\n","protected":false},"featured_media":16288,"comment_status":"open","ping_status":"closed","template":"","meta":[],"product_brand":[],"product_cat":[163,172],"product_tag":[],"class_list":{"0":"post-6100","1":"product","2":"type-product","3":"status-publish","4":"has-post-thumbnail","6":"product_cat-tienda-velum","7":"product_cat-vw-audi-skoda-seat-es","8":"pa_make-ateca-phase-2-es","9":"pa_make-karoq-phase-i-es","10":"pa_make-kodiaq-phase-1-es","11":"pa_make-octavia-nx3-es","12":"pa_make-passat-b8-sw-es","13":"pa_make-superb-break-iii-combi-es","14":"pa_make-ii-01-2016-07-2020-es","15":"pa_make-ii-phase-2-07-2020-aujourdhui-es","16":"pa_marque-asiento","17":"pa_marque-audi-es","18":"pa_marque-skoda-es","19":"pa_marque-vag-es","20":"pa_marque-volkswagen-es","21":"pa_year-attr-2017-es","22":"pa_year-attr-2018-es","23":"pa_year-attr-2019-es","24":"pa_year-attr-2020-es","25":"pa_year-attr-2021-es","27":"first","28":"instock","29":"sale","30":"downloadable","31":"shipping-taxable","32":"purchasable","33":"product-type-simple"},"etheme_brands":{"errors":{"invalid_taxonomy":["Taxonom\u00eda no v\u00e1lida."]},"error_data":[]},"yoast_head":"<!-- This site is optimized with the Yoast SEO Premium plugin v27.3 (Yoast SEO v27.5) - https:\/\/yoast.com\/product\/yoast-seo-premium-wordpress\/ -->\n<title>KIT BEIGE toldo techo solar | VW TIGUAN II | PASSAT B8 | SKODA SUPERB | 3G9 877 307 (Adaptable) - Velum Auto Store<\/title>\n<meta name=\"description\" content=\"KIT Store BEIGE 3G9 877 307 Tiguan II Passat B8 Superb. Garant\u00eda 1 a\u00f1o OEM confort discreto eficacia solar m\u00e1xima.\" \/>\n<meta name=\"robots\" content=\"index, follow, max-snippet:-1, max-image-preview:large, max-video-preview:-1\" \/>\n<link rel=\"canonical\" href=\"https:\/\/velumautostore.com\/es\/producto\/kit-beige-toldo-techo-solar-vw-tiguan-ii-passat-b8-skoda-superb-3g9-877-307-adaptable\/\" \/>\n<meta property=\"og:locale\" content=\"es_ES\" \/>\n<meta property=\"og:type\" content=\"article\" \/>\n<meta property=\"og:title\" content=\"KIT BEIGE toldo techo solar | VW TIGUAN II | PASSAT B8 | SKODA SUPERB | 3G9 877 307 (Adaptable)\" \/>\n<meta property=\"og:description\" content=\"KIT Store BEIGE 3G9 877 307 Tiguan II Passat B8 Superb. Garant\u00eda 1 a\u00f1o OEM confort discreto eficacia solar m\u00e1xima.\" \/>\n<meta property=\"og:url\" content=\"https:\/\/velumautostore.com\/es\/producto\/kit-beige-toldo-techo-solar-vw-tiguan-ii-passat-b8-skoda-superb-3g9-877-307-adaptable\/\" \/>\n<meta property=\"og:site_name\" content=\"Velum Auto Store\" \/>\n<meta property=\"article:publisher\" content=\"https:\/\/fr-fr.facebook.com\/Velumautostore\/\" \/>\n<meta property=\"article:modified_time\" content=\"2026-02-12T09:31:01+00:00\" \/>\n<meta property=\"og:image\" content=\"https:\/\/velumautostore.com\/wp-content\/uploads\/2024\/01\/Store-tiguan-II-Beige_HD.jpg\" \/>\n\t<meta property=\"og:image:width\" content=\"2000\" \/>\n\t<meta property=\"og:image:height\" content=\"2423\" \/>\n\t<meta property=\"og:image:type\" content=\"image\/jpeg\" \/>\n<meta name=\"twitter:card\" content=\"summary_large_image\" \/>\n<meta name=\"twitter:label1\" content=\"Precio\" \/>\n\t<meta name=\"twitter:data1\" content=\"309.00&euro;\" \/>\n\t<meta name=\"twitter:label2\" content=\"Disponibilidad\" \/>\n\t<meta name=\"twitter:data2\" content=\"Disponible\" \/>\n<script type=\"application\/ld+json\" class=\"yoast-schema-graph\">{\"@context\":\"https:\\\/\\\/schema.org\",\"@graph\":[{\"@type\":\"WebPage\",\"@id\":\"https:\\\/\\\/velumautostore.com\\\/es\\\/producto\\\/kit-beige-toldo-techo-solar-vw-tiguan-ii-passat-b8-skoda-superb-3g9-877-307-adaptable\\\/\",\"url\":\"https:\\\/\\\/velumautostore.com\\\/es\\\/producto\\\/kit-beige-toldo-techo-solar-vw-tiguan-ii-passat-b8-skoda-superb-3g9-877-307-adaptable\\\/\",\"name\":\"KIT BEIGE toldo techo solar | VW TIGUAN II | PASSAT B8 | SKODA SUPERB | 3G9 877 307 (Adaptable) - Velum Auto Store\",\"isPartOf\":{\"@id\":\"https:\\\/\\\/velumautostore.com\\\/#website\"},\"primaryImageOfPage\":{\"@id\":\"https:\\\/\\\/velumautostore.com\\\/es\\\/producto\\\/kit-beige-toldo-techo-solar-vw-tiguan-ii-passat-b8-skoda-superb-3g9-877-307-adaptable\\\/#primaryimage\"},\"image\":{\"@id\":\"https:\\\/\\\/velumautostore.com\\\/es\\\/producto\\\/kit-beige-toldo-techo-solar-vw-tiguan-ii-passat-b8-skoda-superb-3g9-877-307-adaptable\\\/#primaryimage\"},\"thumbnailUrl\":\"https:\\\/\\\/velumautostore.com\\\/wp-content\\\/uploads\\\/2024\\\/01\\\/Store-tiguan-II-Beige_HD.jpg\",\"datePublished\":\"2024-01-28T11:36:07+00:00\",\"dateModified\":\"2026-02-12T09:31:01+00:00\",\"description\":\"KIT Store BEIGE 3G9 877 307 Tiguan II Passat B8 Superb. Garant\u00eda 1 a\u00f1o OEM confort discreto eficacia solar m\u00e1xima.\",\"breadcrumb\":{\"@id\":\"https:\\\/\\\/velumautostore.com\\\/es\\\/producto\\\/kit-beige-toldo-techo-solar-vw-tiguan-ii-passat-b8-skoda-superb-3g9-877-307-adaptable\\\/#breadcrumb\"},\"inLanguage\":\"es\",\"potentialAction\":[{\"@type\":\"ReadAction\",\"target\":[\"https:\\\/\\\/velumautostore.com\\\/es\\\/producto\\\/kit-beige-toldo-techo-solar-vw-tiguan-ii-passat-b8-skoda-superb-3g9-877-307-adaptable\\\/\"]}]},{\"@type\":\"ImageObject\",\"inLanguage\":\"es\",\"@id\":\"https:\\\/\\\/velumautostore.com\\\/es\\\/producto\\\/kit-beige-toldo-techo-solar-vw-tiguan-ii-passat-b8-skoda-superb-3g9-877-307-adaptable\\\/#primaryimage\",\"url\":\"https:\\\/\\\/velumautostore.com\\\/wp-content\\\/uploads\\\/2024\\\/01\\\/Store-tiguan-II-Beige_HD.jpg\",\"contentUrl\":\"https:\\\/\\\/velumautostore.com\\\/wp-content\\\/uploads\\\/2024\\\/01\\\/Store-tiguan-II-Beige_HD.jpg\",\"width\":2000,\"height\":2423},{\"@type\":\"BreadcrumbList\",\"@id\":\"https:\\\/\\\/velumautostore.com\\\/es\\\/producto\\\/kit-beige-toldo-techo-solar-vw-tiguan-ii-passat-b8-skoda-superb-3g9-877-307-adaptable\\\/#breadcrumb\",\"itemListElement\":[{\"@type\":\"ListItem\",\"position\":1,\"name\":\"Accueil\",\"item\":\"https:\\\/\\\/velumautostore.com\\\/es\\\/inicio\\\/\"},{\"@type\":\"ListItem\",\"position\":2,\"name\":\"Tienda\",\"item\":\"https:\\\/\\\/velumautostore.com\\\/es\\\/?page_id=19552\"},{\"@type\":\"ListItem\",\"position\":3,\"name\":\"KIT BEIGE toldo techo solar | VW TIGUAN II | PASSAT B8 | SKODA SUPERB | 3G9 877 307 (Adaptable)\"}]},{\"@type\":\"WebSite\",\"@id\":\"https:\\\/\\\/velumautostore.com\\\/#website\",\"url\":\"https:\\\/\\\/velumautostore.com\\\/\",\"name\":\"Velum Auto Store\",\"description\":\"Store et toit panoramique\",\"publisher\":{\"@id\":\"https:\\\/\\\/velumautostore.com\\\/#organization\"},\"potentialAction\":[{\"@type\":\"SearchAction\",\"target\":{\"@type\":\"EntryPoint\",\"urlTemplate\":\"https:\\\/\\\/velumautostore.com\\\/?s={search_term_string}\"},\"query-input\":{\"@type\":\"PropertyValueSpecification\",\"valueRequired\":true,\"valueName\":\"search_term_string\"}}],\"inLanguage\":\"es\"},{\"@type\":\"Organization\",\"@id\":\"https:\\\/\\\/velumautostore.com\\\/#organization\",\"name\":\"Velum Auto Store\",\"url\":\"https:\\\/\\\/velumautostore.com\\\/\",\"logo\":{\"@type\":\"ImageObject\",\"inLanguage\":\"es\",\"@id\":\"https:\\\/\\\/velumautostore.com\\\/#\\\/schema\\\/logo\\\/image\\\/\",\"url\":\"https:\\\/\\\/velumautostore.com\\\/wp-content\\\/uploads\\\/2021\\\/09\\\/cropped-Velum_AutoStore_logo_3.png\",\"contentUrl\":\"https:\\\/\\\/velumautostore.com\\\/wp-content\\\/uploads\\\/2021\\\/09\\\/cropped-Velum_AutoStore_logo_3.png\",\"width\":321,\"height\":154,\"caption\":\"Velum Auto Store\"},\"image\":{\"@id\":\"https:\\\/\\\/velumautostore.com\\\/#\\\/schema\\\/logo\\\/image\\\/\"},\"sameAs\":[\"https:\\\/\\\/fr-fr.facebook.com\\\/Velumautostore\\\/\"]}]}<\/script>\n<meta property=\"product:price:amount\" content=\"309.00\" \/>\n<meta property=\"product:price:currency\" content=\"EUR\" \/>\n<meta property=\"og:availability\" content=\"instock\" \/>\n<meta property=\"product:availability\" content=\"instock\" \/>\n<meta property=\"product:condition\" content=\"new\" \/>\n<!-- \/ Yoast SEO Premium plugin. -->","yoast_head_json":{"title":"KIT BEIGE toldo techo solar | VW TIGUAN II | PASSAT B8 | SKODA SUPERB | 3G9 877 307 (Adaptable) - Velum Auto Store","description":"KIT Store BEIGE 3G9 877 307 Tiguan II Passat B8 Superb. Garant\u00eda 1 a\u00f1o OEM confort discreto eficacia solar m\u00e1xima.","robots":{"index":"index","follow":"follow","max-snippet":"max-snippet:-1","max-image-preview":"max-image-preview:large","max-video-preview":"max-video-preview:-1"},"canonical":"https:\/\/velumautostore.com\/es\/producto\/kit-beige-toldo-techo-solar-vw-tiguan-ii-passat-b8-skoda-superb-3g9-877-307-adaptable\/","og_locale":"es_ES","og_type":"article","og_title":"KIT BEIGE toldo techo solar | VW TIGUAN II | PASSAT B8 | SKODA SUPERB | 3G9 877 307 (Adaptable)","og_description":"KIT Store BEIGE 3G9 877 307 Tiguan II Passat B8 Superb. Garant\u00eda 1 a\u00f1o OEM confort discreto eficacia solar m\u00e1xima.","og_url":"https:\/\/velumautostore.com\/es\/producto\/kit-beige-toldo-techo-solar-vw-tiguan-ii-passat-b8-skoda-superb-3g9-877-307-adaptable\/","og_site_name":"Velum Auto Store","article_publisher":"https:\/\/fr-fr.facebook.com\/Velumautostore\/","article_modified_time":"2026-02-12T09:31:01+00:00","og_image":[{"width":2000,"height":2423,"url":"https:\/\/velumautostore.com\/wp-content\/uploads\/2024\/01\/Store-tiguan-II-Beige_HD.jpg","type":"image\/jpeg"}],"twitter_card":"summary_large_image","twitter_misc":{"Precio":"309.00&euro;","Disponibilidad":"Disponible"},"schema":{"@context":"https:\/\/schema.org","@graph":[{"@type":"WebPage","@id":"https:\/\/velumautostore.com\/es\/producto\/kit-beige-toldo-techo-solar-vw-tiguan-ii-passat-b8-skoda-superb-3g9-877-307-adaptable\/","url":"https:\/\/velumautostore.com\/es\/producto\/kit-beige-toldo-techo-solar-vw-tiguan-ii-passat-b8-skoda-superb-3g9-877-307-adaptable\/","name":"KIT BEIGE toldo techo solar | VW TIGUAN II | PASSAT B8 | SKODA SUPERB | 3G9 877 307 (Adaptable) - Velum Auto Store","isPartOf":{"@id":"https:\/\/velumautostore.com\/#website"},"primaryImageOfPage":{"@id":"https:\/\/velumautostore.com\/es\/producto\/kit-beige-toldo-techo-solar-vw-tiguan-ii-passat-b8-skoda-superb-3g9-877-307-adaptable\/#primaryimage"},"image":{"@id":"https:\/\/velumautostore.com\/es\/producto\/kit-beige-toldo-techo-solar-vw-tiguan-ii-passat-b8-skoda-superb-3g9-877-307-adaptable\/#primaryimage"},"thumbnailUrl":"https:\/\/velumautostore.com\/wp-content\/uploads\/2024\/01\/Store-tiguan-II-Beige_HD.jpg","datePublished":"2024-01-28T11:36:07+00:00","dateModified":"2026-02-12T09:31:01+00:00","description":"KIT Store BEIGE 3G9 877 307 Tiguan II Passat B8 Superb. Garant\u00eda 1 a\u00f1o OEM confort discreto eficacia solar m\u00e1xima.","breadcrumb":{"@id":"https:\/\/velumautostore.com\/es\/producto\/kit-beige-toldo-techo-solar-vw-tiguan-ii-passat-b8-skoda-superb-3g9-877-307-adaptable\/#breadcrumb"},"inLanguage":"es","potentialAction":[{"@type":"ReadAction","target":["https:\/\/velumautostore.com\/es\/producto\/kit-beige-toldo-techo-solar-vw-tiguan-ii-passat-b8-skoda-superb-3g9-877-307-adaptable\/"]}]},{"@type":"ImageObject","inLanguage":"es","@id":"https:\/\/velumautostore.com\/es\/producto\/kit-beige-toldo-techo-solar-vw-tiguan-ii-passat-b8-skoda-superb-3g9-877-307-adaptable\/#primaryimage","url":"https:\/\/velumautostore.com\/wp-content\/uploads\/2024\/01\/Store-tiguan-II-Beige_HD.jpg","contentUrl":"https:\/\/velumautostore.com\/wp-content\/uploads\/2024\/01\/Store-tiguan-II-Beige_HD.jpg","width":2000,"height":2423},{"@type":"BreadcrumbList","@id":"https:\/\/velumautostore.com\/es\/producto\/kit-beige-toldo-techo-solar-vw-tiguan-ii-passat-b8-skoda-superb-3g9-877-307-adaptable\/#breadcrumb","itemListElement":[{"@type":"ListItem","position":1,"name":"Accueil","item":"https:\/\/velumautostore.com\/es\/inicio\/"},{"@type":"ListItem","position":2,"name":"Tienda","item":"https:\/\/velumautostore.com\/es\/?page_id=19552"},{"@type":"ListItem","position":3,"name":"KIT BEIGE toldo techo solar | VW TIGUAN II | PASSAT B8 | SKODA SUPERB | 3G9 877 307 (Adaptable)"}]},{"@type":"WebSite","@id":"https:\/\/velumautostore.com\/#website","url":"https:\/\/velumautostore.com\/","name":"Velum Auto Store","description":"Store et toit panoramique","publisher":{"@id":"https:\/\/velumautostore.com\/#organization"},"potentialAction":[{"@type":"SearchAction","target":{"@type":"EntryPoint","urlTemplate":"https:\/\/velumautostore.com\/?s={search_term_string}"},"query-input":{"@type":"PropertyValueSpecification","valueRequired":true,"valueName":"search_term_string"}}],"inLanguage":"es"},{"@type":"Organization","@id":"https:\/\/velumautostore.com\/#organization","name":"Velum Auto Store","url":"https:\/\/velumautostore.com\/","logo":{"@type":"ImageObject","inLanguage":"es","@id":"https:\/\/velumautostore.com\/#\/schema\/logo\/image\/","url":"https:\/\/velumautostore.com\/wp-content\/uploads\/2021\/09\/cropped-Velum_AutoStore_logo_3.png","contentUrl":"https:\/\/velumautostore.com\/wp-content\/uploads\/2021\/09\/cropped-Velum_AutoStore_logo_3.png","width":321,"height":154,"caption":"Velum Auto Store"},"image":{"@id":"https:\/\/velumautostore.com\/#\/schema\/logo\/image\/"},"sameAs":["https:\/\/fr-fr.facebook.com\/Velumautostore\/"]}]},"product_price_amount":"309.00","product_price_currency":"EUR","og_availability":"instock","product_availability":"instock","product_condition":"new"},"_links":{"self":[{"href":"https:\/\/velumautostore.com\/es\/wp-json\/wp\/v2\/product\/6100","targetHints":{"allow":["GET"]}}],"collection":[{"href":"https:\/\/velumautostore.com\/es\/wp-json\/wp\/v2\/product"}],"about":[{"href":"https:\/\/velumautostore.com\/es\/wp-json\/wp\/v2\/types\/product"}],"replies":[{"embeddable":true,"href":"https:\/\/velumautostore.com\/es\/wp-json\/wp\/v2\/comments?post=6100"}],"version-history":[{"count":3,"href":"https:\/\/velumautostore.com\/es\/wp-json\/wp\/v2\/product\/6100\/revisions"}],"predecessor-version":[{"id":18762,"href":"https:\/\/velumautostore.com\/es\/wp-json\/wp\/v2\/product\/6100\/revisions\/18762"}],"wp:featuredmedia":[{"embeddable":true,"href":"https:\/\/velumautostore.com\/es\/wp-json\/wp\/v2\/media\/16288"}],"wp:attachment":[{"href":"https:\/\/velumautostore.com\/es\/wp-json\/wp\/v2\/media?parent=6100"}],"wp:term":[{"taxonomy":"product_brand","embeddable":true,"href":"https:\/\/velumautostore.com\/es\/wp-json\/wp\/v2\/product_brand?post=6100"},{"taxonomy":"product_cat","embeddable":true,"href":"https:\/\/velumautostore.com\/es\/wp-json\/wp\/v2\/product_cat?post=6100"},{"taxonomy":"product_tag","embeddable":true,"href":"https:\/\/velumautostore.com\/es\/wp-json\/wp\/v2\/product_tag?post=6100"}],"curies":[{"name":"wp","href":"https:\/\/api.w.org\/{rel}","templated":true}]}}