{"id":6080,"date":"2020-10-15T16:27:00","date_gmt":"2020-10-15T14:27:00","guid":{"rendered":"https:\/\/velumautostore.com\/produit\/pdf-de-instalacion-para-bmw-mini-r55-r56-r60-techo-solar-panoramico-persianas-traseras\/"},"modified":"2026-02-09T15:05:17","modified_gmt":"2026-02-09T14:05:17","slug":"pdf-de-instalacion-para-bmw-mini-r55-r56-r60-techo-solar-panoramico-persianas-traseras","status":"publish","type":"product","link":"https:\/\/velumautostore.com\/es\/producto\/pdf-de-instalacion-para-bmw-mini-r55-r56-r60-techo-solar-panoramico-persianas-traseras\/","title":{"rendered":"PDF de instalaci\u00f3n para BMW MINI R55 R56 R60 techo solar panor\u00e1mico persianas traseras"},"content":{"rendered":"<p><strong>\u00bfC\u00f3mo puedo cambiar la persiana de mi techo solar panor\u00e1mico BMW MINI sin romperlo todo?<\/strong><\/p>\n<p>La gu\u00eda que necesitas para cambiar la persiana t\u00fa solito <b>sin gastarte un dineral en el taller.\ud83e\udd11\ud83e\udd11<\/b><\/p>\n<p>M\u00e9todo v\u00e1lido para ref :<\/p>\n<ul>\n<li>5410 275 5849<\/li>\n<\/ul>\n<p><strong>\ud83d\udd14Attention\ud83d\udd14<\/strong>hay caracter\u00edsticas especiales para ciertos veh\u00edculos esto es un PDF para ayudar con el montaje general. Puede haber algunas diferencias, pero el principio sigue siendo el mismo.<\/p>\n<p>Varias personas ya han aprovechado con \u00e9xito esta ayuda a la asamblea \ud83c\udfaf.<\/p>\n<p><strong>\u00bfPor qu\u00e9 no?<\/strong><\/p>\n<p>5 p\u00e1ginas con fotos y explicaciones de cada etapa.<\/p>\n<hr>\n<p><span style=\"color: #ff9900;\"><strong>BONO<\/strong><\/span><\/p>\n<p>1 &#8211; Reajuste de los motores de la persiana y del techo solar panor\u00e1mico.<\/p>\n<hr>\n<p><strong>Compatible con los siguientes veh\u00edculos:<\/strong><\/p>\n<p><strong>MINI COOPER:<\/strong><\/p>\n<ul>\n<li>MINI R56: 2006 a 2014<\/li>\n<li>MINI Clubman R55: 2008 a 2015<\/li>\n<li>MINI Countryman R60: 2010 a 2017<\/li>\n<\/ul>\n","protected":false},"excerpt":{"rendered":"<p><strong>\u00bfC\u00f3mo puedo cambiar la persiana de mi techo solar panor\u00e1mico BMW MINI sin romperlo todo?<\/strong><\/p>\n<p>La gu\u00eda que necesitas para cambiar la persiana t\u00fa solito <b>sin gastarte un dineral en el taller.\ud83e\udd11\ud83e\udd11<\/b><\/p>\n<p>M\u00e9todo v\u00e1lido para ref :<\/p>\n<ul>\n<li>5410 275 5849<\/li>\n<\/ul>\n<p><strong>\ud83d\udd14Attention\ud83d\udd14<\/strong>hay caracter\u00edsticas especiales para ciertos veh\u00edculos esto es un PDF para ayudar con el montaje general. Puede haber algunas diferencias, pero el principio sigue siendo el mismo.<\/p>\n<p>Varias personas ya han aprovechado con \u00e9xito esta ayuda a la asamblea \ud83c\udfaf.<\/p>\n<p><strong>\u00bfPor qu\u00e9 no?<\/strong><\/p>\n<p>5 p\u00e1ginas con fotos y explicaciones de cada etapa.<\/p>\n<hr>\n<p><span style=\"color: #ff9900;\"><strong>BONO<\/strong><\/span><\/p>\n<p>1 &#8211; Reajuste de los motores de la persiana y del techo solar panor\u00e1mico.<\/p>\n<hr>\n<p><strong>Compatible con los siguientes veh\u00edculos:<\/strong><\/p>\n<p><strong>MINI COOPER:<\/strong><\/p>\n<ul>\n<li>MINI R56: 2006 a 2014<\/li>\n<li>MINI Clubman R55: 2008 a 2015<\/li>\n<li>MINI Countryman R60: 2010 a 2017<\/li>\n<\/ul>\n","protected":false},"featured_media":5638,"comment_status":"open","ping_status":"closed","template":"","meta":[],"product_brand":[],"product_cat":[160],"product_tag":[],"class_list":{"0":"post-6080","1":"product","2":"type-product","3":"status-publish","4":"has-post-thumbnail","6":"product_cat-sin-categorizar","8":"first","9":"instock","10":"sale","11":"virtual","12":"purchasable","13":"product-type-simple"},"etheme_brands":{"errors":{"invalid_taxonomy":["Taxonom\u00eda no v\u00e1lida."]},"error_data":[]},"yoast_head":"<!-- This site is optimized with the Yoast SEO Premium plugin v27.3 (Yoast SEO v27.5) - https:\/\/yoast.com\/product\/yoast-seo-premium-wordpress\/ -->\n<title>PDF de instalaci\u00f3n para BMW MINI R55 R56 R60 techo solar panor\u00e1mico persianas traseras - Velum Auto Store<\/title>\n<meta name=\"robots\" content=\"index, follow, max-snippet:-1, max-image-preview:large, max-video-preview:-1\" \/>\n<link rel=\"canonical\" href=\"https:\/\/velumautostore.com\/es\/producto\/pdf-de-instalacion-para-bmw-mini-r55-r56-r60-techo-solar-panoramico-persianas-traseras\/\" \/>\n<meta property=\"og:locale\" content=\"es_ES\" \/>\n<meta property=\"og:type\" content=\"article\" \/>\n<meta property=\"og:title\" content=\"PDF de instalaci\u00f3n para BMW MINI R55 R56 R60 techo solar panor\u00e1mico persianas traseras\" \/>\n<meta property=\"og:description\" content=\"\u00bfC\u00f3mo puedo cambiar la persiana de mi techo solar panor\u00e1mico BMW MINI sin romperlo todo? La gu\u00eda que necesitas para cambiar la persiana t\u00fa solito sin gastarte un dineral en el taller.\ud83e\udd11\ud83e\udd11 M\u00e9todo v\u00e1lido para ref :  5410 275 5849 \ud83d\udd14Attention\ud83d\udd14hay caracter\u00edsticas especiales para ciertos veh\u00edculos esto es un PDF para ayudar con el montaje general. Puede haber algunas diferencias, pero el principio sigue siendo el mismo. Varias personas ya han aprovechado con \u00e9xito esta ayuda a la asamblea \ud83c\udfaf. \u00bfPor qu\u00e9 no? 5 p\u00e1ginas con fotos y explicaciones de cada etapa.  BONO 1 - Reajuste de los motores de la persiana y del techo solar panor\u00e1mico.  Compatible con los siguientes veh\u00edculos: MINI COOPER:  MINI R56: 2006 a 2014  MINI Clubman R55: 2008 a 2015  MINI Countryman R60: 2010 a 2017\" \/>\n<meta property=\"og:url\" content=\"https:\/\/velumautostore.com\/es\/producto\/pdf-de-instalacion-para-bmw-mini-r55-r56-r60-techo-solar-panoramico-persianas-traseras\/\" \/>\n<meta property=\"og:site_name\" content=\"Velum Auto Store\" \/>\n<meta property=\"article:publisher\" content=\"https:\/\/fr-fr.facebook.com\/Velumautostore\/\" \/>\n<meta property=\"article:modified_time\" content=\"2026-02-09T14:05:17+00:00\" \/>\n<meta property=\"og:image\" content=\"https:\/\/velumautostore.com\/wp-content\/uploads\/2020\/10\/BMW-MINI-AR-COVER.png\" \/>\n\t<meta property=\"og:image:width\" content=\"1595\" \/>\n\t<meta property=\"og:image:height\" content=\"1595\" \/>\n\t<meta property=\"og:image:type\" content=\"image\/png\" \/>\n<meta name=\"twitter:card\" content=\"summary_large_image\" \/>\n<meta name=\"twitter:label1\" content=\"Precio\" \/>\n\t<meta name=\"twitter:data1\" content=\"9.90&euro;\" \/>\n\t<meta name=\"twitter:label2\" content=\"Disponibilidad\" \/>\n\t<meta name=\"twitter:data2\" content=\"Disponible\" \/>\n<script type=\"application\/ld+json\" class=\"yoast-schema-graph\">{\"@context\":\"https:\\\/\\\/schema.org\",\"@graph\":[{\"@type\":\"WebPage\",\"@id\":\"https:\\\/\\\/velumautostore.com\\\/es\\\/producto\\\/pdf-de-instalacion-para-bmw-mini-r55-r56-r60-techo-solar-panoramico-persianas-traseras\\\/\",\"url\":\"https:\\\/\\\/velumautostore.com\\\/es\\\/producto\\\/pdf-de-instalacion-para-bmw-mini-r55-r56-r60-techo-solar-panoramico-persianas-traseras\\\/\",\"name\":\"PDF de instalaci\u00f3n para BMW MINI R55 R56 R60 techo solar panor\u00e1mico persianas traseras - Velum Auto Store\",\"isPartOf\":{\"@id\":\"https:\\\/\\\/velumautostore.com\\\/#website\"},\"primaryImageOfPage\":{\"@id\":\"https:\\\/\\\/velumautostore.com\\\/es\\\/producto\\\/pdf-de-instalacion-para-bmw-mini-r55-r56-r60-techo-solar-panoramico-persianas-traseras\\\/#primaryimage\"},\"image\":{\"@id\":\"https:\\\/\\\/velumautostore.com\\\/es\\\/producto\\\/pdf-de-instalacion-para-bmw-mini-r55-r56-r60-techo-solar-panoramico-persianas-traseras\\\/#primaryimage\"},\"thumbnailUrl\":\"https:\\\/\\\/velumautostore.com\\\/wp-content\\\/uploads\\\/2020\\\/10\\\/BMW-MINI-AR-COVER.png\",\"datePublished\":\"2020-10-15T14:27:00+00:00\",\"dateModified\":\"2026-02-09T14:05:17+00:00\",\"breadcrumb\":{\"@id\":\"https:\\\/\\\/velumautostore.com\\\/es\\\/producto\\\/pdf-de-instalacion-para-bmw-mini-r55-r56-r60-techo-solar-panoramico-persianas-traseras\\\/#breadcrumb\"},\"inLanguage\":\"es\",\"potentialAction\":[{\"@type\":\"ReadAction\",\"target\":[\"https:\\\/\\\/velumautostore.com\\\/es\\\/producto\\\/pdf-de-instalacion-para-bmw-mini-r55-r56-r60-techo-solar-panoramico-persianas-traseras\\\/\"]}]},{\"@type\":\"ImageObject\",\"inLanguage\":\"es\",\"@id\":\"https:\\\/\\\/velumautostore.com\\\/es\\\/producto\\\/pdf-de-instalacion-para-bmw-mini-r55-r56-r60-techo-solar-panoramico-persianas-traseras\\\/#primaryimage\",\"url\":\"https:\\\/\\\/velumautostore.com\\\/wp-content\\\/uploads\\\/2020\\\/10\\\/BMW-MINI-AR-COVER.png\",\"contentUrl\":\"https:\\\/\\\/velumautostore.com\\\/wp-content\\\/uploads\\\/2020\\\/10\\\/BMW-MINI-AR-COVER.png\",\"width\":1595,\"height\":1595},{\"@type\":\"BreadcrumbList\",\"@id\":\"https:\\\/\\\/velumautostore.com\\\/es\\\/producto\\\/pdf-de-instalacion-para-bmw-mini-r55-r56-r60-techo-solar-panoramico-persianas-traseras\\\/#breadcrumb\",\"itemListElement\":[{\"@type\":\"ListItem\",\"position\":1,\"name\":\"Accueil\",\"item\":\"https:\\\/\\\/velumautostore.com\\\/es\\\/inicio\\\/\"},{\"@type\":\"ListItem\",\"position\":2,\"name\":\"Tienda\",\"item\":\"https:\\\/\\\/velumautostore.com\\\/es\\\/?page_id=19552\"},{\"@type\":\"ListItem\",\"position\":3,\"name\":\"PDF de instalaci\u00f3n para BMW MINI R55 R56 R60 techo solar panor\u00e1mico persianas traseras\"}]},{\"@type\":\"WebSite\",\"@id\":\"https:\\\/\\\/velumautostore.com\\\/#website\",\"url\":\"https:\\\/\\\/velumautostore.com\\\/\",\"name\":\"Velum Auto Store\",\"description\":\"Store et toit panoramique\",\"publisher\":{\"@id\":\"https:\\\/\\\/velumautostore.com\\\/#organization\"},\"potentialAction\":[{\"@type\":\"SearchAction\",\"target\":{\"@type\":\"EntryPoint\",\"urlTemplate\":\"https:\\\/\\\/velumautostore.com\\\/?s={search_term_string}\"},\"query-input\":{\"@type\":\"PropertyValueSpecification\",\"valueRequired\":true,\"valueName\":\"search_term_string\"}}],\"inLanguage\":\"es\"},{\"@type\":\"Organization\",\"@id\":\"https:\\\/\\\/velumautostore.com\\\/#organization\",\"name\":\"Velum Auto Store\",\"url\":\"https:\\\/\\\/velumautostore.com\\\/\",\"logo\":{\"@type\":\"ImageObject\",\"inLanguage\":\"es\",\"@id\":\"https:\\\/\\\/velumautostore.com\\\/#\\\/schema\\\/logo\\\/image\\\/\",\"url\":\"https:\\\/\\\/velumautostore.com\\\/wp-content\\\/uploads\\\/2021\\\/09\\\/cropped-Velum_AutoStore_logo_3.png\",\"contentUrl\":\"https:\\\/\\\/velumautostore.com\\\/wp-content\\\/uploads\\\/2021\\\/09\\\/cropped-Velum_AutoStore_logo_3.png\",\"width\":321,\"height\":154,\"caption\":\"Velum Auto Store\"},\"image\":{\"@id\":\"https:\\\/\\\/velumautostore.com\\\/#\\\/schema\\\/logo\\\/image\\\/\"},\"sameAs\":[\"https:\\\/\\\/fr-fr.facebook.com\\\/Velumautostore\\\/\"]}]}<\/script>\n<meta property=\"product:price:amount\" content=\"9.90\" \/>\n<meta property=\"product:price:currency\" content=\"EUR\" \/>\n<meta property=\"og:availability\" content=\"instock\" \/>\n<meta property=\"product:availability\" content=\"instock\" \/>\n<meta property=\"product:condition\" content=\"new\" \/>\n<!-- \/ Yoast SEO Premium plugin. -->","yoast_head_json":{"title":"PDF de instalaci\u00f3n para BMW MINI R55 R56 R60 techo solar panor\u00e1mico persianas traseras - Velum Auto Store","robots":{"index":"index","follow":"follow","max-snippet":"max-snippet:-1","max-image-preview":"max-image-preview:large","max-video-preview":"max-video-preview:-1"},"canonical":"https:\/\/velumautostore.com\/es\/producto\/pdf-de-instalacion-para-bmw-mini-r55-r56-r60-techo-solar-panoramico-persianas-traseras\/","og_locale":"es_ES","og_type":"article","og_title":"PDF de instalaci\u00f3n para BMW MINI R55 R56 R60 techo solar panor\u00e1mico persianas traseras","og_description":"\u00bfC\u00f3mo puedo cambiar la persiana de mi techo solar panor\u00e1mico BMW MINI sin romperlo todo? La gu\u00eda que necesitas para cambiar la persiana t\u00fa solito sin gastarte un dineral en el taller.\ud83e\udd11\ud83e\udd11 M\u00e9todo v\u00e1lido para ref :  5410 275 5849 \ud83d\udd14Attention\ud83d\udd14hay caracter\u00edsticas especiales para ciertos veh\u00edculos esto es un PDF para ayudar con el montaje general. Puede haber algunas diferencias, pero el principio sigue siendo el mismo. Varias personas ya han aprovechado con \u00e9xito esta ayuda a la asamblea \ud83c\udfaf. \u00bfPor qu\u00e9 no? 5 p\u00e1ginas con fotos y explicaciones de cada etapa.  BONO 1 - Reajuste de los motores de la persiana y del techo solar panor\u00e1mico.  Compatible con los siguientes veh\u00edculos: MINI COOPER:  MINI R56: 2006 a 2014  MINI Clubman R55: 2008 a 2015  MINI Countryman R60: 2010 a 2017","og_url":"https:\/\/velumautostore.com\/es\/producto\/pdf-de-instalacion-para-bmw-mini-r55-r56-r60-techo-solar-panoramico-persianas-traseras\/","og_site_name":"Velum Auto Store","article_publisher":"https:\/\/fr-fr.facebook.com\/Velumautostore\/","article_modified_time":"2026-02-09T14:05:17+00:00","og_image":[{"width":1595,"height":1595,"url":"https:\/\/velumautostore.com\/wp-content\/uploads\/2020\/10\/BMW-MINI-AR-COVER.png","type":"image\/png"}],"twitter_card":"summary_large_image","twitter_misc":{"Precio":"9.90&euro;","Disponibilidad":"Disponible"},"schema":{"@context":"https:\/\/schema.org","@graph":[{"@type":"WebPage","@id":"https:\/\/velumautostore.com\/es\/producto\/pdf-de-instalacion-para-bmw-mini-r55-r56-r60-techo-solar-panoramico-persianas-traseras\/","url":"https:\/\/velumautostore.com\/es\/producto\/pdf-de-instalacion-para-bmw-mini-r55-r56-r60-techo-solar-panoramico-persianas-traseras\/","name":"PDF de instalaci\u00f3n para BMW MINI R55 R56 R60 techo solar panor\u00e1mico persianas traseras - Velum Auto Store","isPartOf":{"@id":"https:\/\/velumautostore.com\/#website"},"primaryImageOfPage":{"@id":"https:\/\/velumautostore.com\/es\/producto\/pdf-de-instalacion-para-bmw-mini-r55-r56-r60-techo-solar-panoramico-persianas-traseras\/#primaryimage"},"image":{"@id":"https:\/\/velumautostore.com\/es\/producto\/pdf-de-instalacion-para-bmw-mini-r55-r56-r60-techo-solar-panoramico-persianas-traseras\/#primaryimage"},"thumbnailUrl":"https:\/\/velumautostore.com\/wp-content\/uploads\/2020\/10\/BMW-MINI-AR-COVER.png","datePublished":"2020-10-15T14:27:00+00:00","dateModified":"2026-02-09T14:05:17+00:00","breadcrumb":{"@id":"https:\/\/velumautostore.com\/es\/producto\/pdf-de-instalacion-para-bmw-mini-r55-r56-r60-techo-solar-panoramico-persianas-traseras\/#breadcrumb"},"inLanguage":"es","potentialAction":[{"@type":"ReadAction","target":["https:\/\/velumautostore.com\/es\/producto\/pdf-de-instalacion-para-bmw-mini-r55-r56-r60-techo-solar-panoramico-persianas-traseras\/"]}]},{"@type":"ImageObject","inLanguage":"es","@id":"https:\/\/velumautostore.com\/es\/producto\/pdf-de-instalacion-para-bmw-mini-r55-r56-r60-techo-solar-panoramico-persianas-traseras\/#primaryimage","url":"https:\/\/velumautostore.com\/wp-content\/uploads\/2020\/10\/BMW-MINI-AR-COVER.png","contentUrl":"https:\/\/velumautostore.com\/wp-content\/uploads\/2020\/10\/BMW-MINI-AR-COVER.png","width":1595,"height":1595},{"@type":"BreadcrumbList","@id":"https:\/\/velumautostore.com\/es\/producto\/pdf-de-instalacion-para-bmw-mini-r55-r56-r60-techo-solar-panoramico-persianas-traseras\/#breadcrumb","itemListElement":[{"@type":"ListItem","position":1,"name":"Accueil","item":"https:\/\/velumautostore.com\/es\/inicio\/"},{"@type":"ListItem","position":2,"name":"Tienda","item":"https:\/\/velumautostore.com\/es\/?page_id=19552"},{"@type":"ListItem","position":3,"name":"PDF de instalaci\u00f3n para BMW MINI R55 R56 R60 techo solar panor\u00e1mico persianas traseras"}]},{"@type":"WebSite","@id":"https:\/\/velumautostore.com\/#website","url":"https:\/\/velumautostore.com\/","name":"Velum Auto Store","description":"Store et toit panoramique","publisher":{"@id":"https:\/\/velumautostore.com\/#organization"},"potentialAction":[{"@type":"SearchAction","target":{"@type":"EntryPoint","urlTemplate":"https:\/\/velumautostore.com\/?s={search_term_string}"},"query-input":{"@type":"PropertyValueSpecification","valueRequired":true,"valueName":"search_term_string"}}],"inLanguage":"es"},{"@type":"Organization","@id":"https:\/\/velumautostore.com\/#organization","name":"Velum Auto Store","url":"https:\/\/velumautostore.com\/","logo":{"@type":"ImageObject","inLanguage":"es","@id":"https:\/\/velumautostore.com\/#\/schema\/logo\/image\/","url":"https:\/\/velumautostore.com\/wp-content\/uploads\/2021\/09\/cropped-Velum_AutoStore_logo_3.png","contentUrl":"https:\/\/velumautostore.com\/wp-content\/uploads\/2021\/09\/cropped-Velum_AutoStore_logo_3.png","width":321,"height":154,"caption":"Velum Auto Store"},"image":{"@id":"https:\/\/velumautostore.com\/#\/schema\/logo\/image\/"},"sameAs":["https:\/\/fr-fr.facebook.com\/Velumautostore\/"]}]},"product_price_amount":"9.90","product_price_currency":"EUR","og_availability":"instock","product_availability":"instock","product_condition":"new"},"_links":{"self":[{"href":"https:\/\/velumautostore.com\/es\/wp-json\/wp\/v2\/product\/6080","targetHints":{"allow":["GET"]}}],"collection":[{"href":"https:\/\/velumautostore.com\/es\/wp-json\/wp\/v2\/product"}],"about":[{"href":"https:\/\/velumautostore.com\/es\/wp-json\/wp\/v2\/types\/product"}],"replies":[{"embeddable":true,"href":"https:\/\/velumautostore.com\/es\/wp-json\/wp\/v2\/comments?post=6080"}],"version-history":[{"count":1,"href":"https:\/\/velumautostore.com\/es\/wp-json\/wp\/v2\/product\/6080\/revisions"}],"predecessor-version":[{"id":16668,"href":"https:\/\/velumautostore.com\/es\/wp-json\/wp\/v2\/product\/6080\/revisions\/16668"}],"wp:featuredmedia":[{"embeddable":true,"href":"https:\/\/velumautostore.com\/es\/wp-json\/wp\/v2\/media\/5638"}],"wp:attachment":[{"href":"https:\/\/velumautostore.com\/es\/wp-json\/wp\/v2\/media?parent=6080"}],"wp:term":[{"taxonomy":"product_brand","embeddable":true,"href":"https:\/\/velumautostore.com\/es\/wp-json\/wp\/v2\/product_brand?post=6080"},{"taxonomy":"product_cat","embeddable":true,"href":"https:\/\/velumautostore.com\/es\/wp-json\/wp\/v2\/product_cat?post=6080"},{"taxonomy":"product_tag","embeddable":true,"href":"https:\/\/velumautostore.com\/es\/wp-json\/wp\/v2\/product_tag?post=6080"}],"curies":[{"name":"wp","href":"https:\/\/api.w.org\/{rel}","templated":true}]}}