{"id":6076,"date":"2020-12-24T11:07:01","date_gmt":"2020-12-24T10:07:01","guid":{"rendered":"https:\/\/velumautostore.com\/produit\/junta-interior-para-techo-solar-panoramico-vw-tiguanaudi-q5-1k9877439-5n0877439a-adaptable\/"},"modified":"2026-02-12T10:37:39","modified_gmt":"2026-02-12T09:37:39","slug":"junta-interior-para-techo-solar-panoramico-vw-tiguanaudi-q5-1k9877439-5n0877439a-adaptable","status":"publish","type":"product","link":"https:\/\/velumautostore.com\/es\/producto\/junta-interior-para-techo-solar-panoramico-vw-tiguanaudi-q5-1k9877439-5n0877439a-adaptable\/","title":{"rendered":"Junta interior para techo solar panor\u00e1mico &#8211; VW Tiguan | Audi Q5 &#8211; 1K9877439-5N0877439A ( adaptable )"},"content":{"rendered":"<h3>Junta interior para techo solar panor\u00e1mico &#8211; VW TIGUAN | Audi Q5 &#8211; 1K9877439-5N0877439A ( adaptable ).<\/h3>\n<p>\ud83d\udcc3<strong>Para comprar una junta <\/strong><b>interior<\/b> para un techo solar panor\u00e1mico, tambi\u00e9n puedes consultar el art\u00edculo sobre el <strong> blog<\/strong>\ud83d\udcc3<\/p>\n<p>Esta junta de techo panor\u00e1mico interior ser\u00e1 perfecta para sustituir su persiana defectuosa. La calidad es similar a la original.<\/p>\n<hr \/>\n<p>Material: caucho<\/p>\n<p>Longitud: NA<\/p>\n<hr \/>\n<h4><strong>Compatible con los siguientes veh\u00edculos:<\/strong><\/h4>\n<p><strong>VW :<\/strong><\/p>\n<ul>\n<li>TIGUAN: hasta 2017<\/li>\n<li>SHARAN: hasta 2017<\/li>\n<li>TOURAN: hasta 2015\/2016<\/li>\n<li>DESCANSO DE GOLF: hasta 2013\/2014<\/li>\n<li>PASSAT BREAK: hasta 2015<\/li>\n<\/ul>\n<p><strong>AUDI :<\/strong><\/p>\n<ul>\n<li>P5: hasta 2017<\/li>\n<\/ul>\n<p><strong>SEAT :<\/strong><\/p>\n<ul>\n<li>PAUSA LEON: 2013-2017<\/li>\n<\/ul>\n<p><strong>SKODA :<\/strong><\/p>\n<ul>\n<li>YETI: hasta 2017<\/li>\n<li>DESCANSO SUPERIOR: hasta 2017<\/li>\n<\/ul>\n<hr \/>\n<h4><strong>Montaje :<\/strong><\/h4>\n<p>\ud83d\udcc3Pdf de principio de montaje suministrado gratuitamente \ud83d\udcc3<\/p>\n<p>Asistencia por correo electr\u00f3nico\ud83d\udcde<\/p>\n<hr \/>\n<h4><strong>1 a\u00f1o de garant\u00eda<\/strong><\/h4>\n","protected":false},"excerpt":{"rendered":"<h3>Junta interior para techo solar panor\u00e1mico &#8211; VW TIGUAN | Audi Q5 &#8211; 1K9877439-5N0877439A ( adaptable ).<\/h3>\n<p>\ud83d\udcc3<strong>Para comprar una junta <\/strong><b>interior<\/b> para un techo solar panor\u00e1mico, tambi\u00e9n puedes consultar el art\u00edculo sobre el <strong> blog<\/strong>\ud83d\udcc3<\/p>\n<p>Esta junta de techo panor\u00e1mico interior ser\u00e1 perfecta para sustituir su persiana defectuosa. La calidad es similar a la original.<\/p>\n","protected":false},"featured_media":5630,"comment_status":"open","ping_status":"closed","template":"","meta":[],"product_brand":[],"product_cat":[173,163],"product_tag":[],"class_list":{"0":"post-6076","1":"product","2":"type-product","3":"status-publish","4":"has-post-thumbnail","6":"product_cat-piezas-de-recambio","7":"product_cat-tienda-velum","8":"pa_make-golf-v-sw-es","9":"pa_make-golf-vi-sw-es","10":"pa_make-leon-break-iii-es","11":"pa_make-passat-b6-sw-es","12":"pa_make-passat-b7-sw-es","13":"pa_make-i-8rb-11-2008-09-2012-es","14":"pa_make-i-8rb-phase-2-06-2012-04-2016-es","15":"pa_make-sharan-iii-es","16":"pa_make-superb-break-ii-combi-es","17":"pa_make-skoda-ii-combi-phase-2-es","18":"pa_make-i-phase-1-11-2007-05-2011-es","19":"pa_make-i-phase-2-05-2011-12-2015-es","20":"pa_make-1t1-es","21":"pa_make-1t2-es","22":"pa_make-1t3-es","23":"pa_make-yeti-phase-1-es","24":"pa_make-yeti-phase-2-es","25":"pa_year-attr-2007-es","26":"pa_year-attr-2008-es","27":"pa_year-attr-2009-es","28":"pa_year-attr-2010-es","29":"pa_year-attr-2011-es","30":"pa_year-attr-2012-es","31":"pa_year-attr-2013-es","32":"pa_year-attr-2014-es","33":"pa_year-attr-2015-es","34":"pa_year-attr-2016-es","36":"first","37":"outofstock","38":"shipping-taxable","39":"purchasable","40":"product-type-simple"},"etheme_brands":{"errors":{"invalid_taxonomy":["Taxonom\u00eda no v\u00e1lida."]},"error_data":[]},"yoast_head":"<!-- This site is optimized with the Yoast SEO Premium plugin v27.3 (Yoast SEO v27.5) - https:\/\/yoast.com\/product\/yoast-seo-premium-wordpress\/ -->\n<title>Junta interior para techo solar panor\u00e1mico - VW Tiguan | Audi Q5 - 1K9877439-5N0877439A ( adaptable ) - Velum Auto Store<\/title>\n<meta name=\"description\" content=\"Junta interior 1K9 877 439 \/ 5N0 877 439A Tiguan Q5. Estanqueidad perfecta evita ruido filtraciones montaje f\u00e1cil.\" \/>\n<meta name=\"robots\" content=\"index, follow, max-snippet:-1, max-image-preview:large, max-video-preview:-1\" \/>\n<link rel=\"canonical\" href=\"https:\/\/velumautostore.com\/es\/producto\/junta-interior-para-techo-solar-panoramico-vw-tiguanaudi-q5-1k9877439-5n0877439a-adaptable\/\" \/>\n<meta property=\"og:locale\" content=\"es_ES\" \/>\n<meta property=\"og:type\" content=\"article\" \/>\n<meta property=\"og:title\" content=\"Junta interior para techo solar panor\u00e1mico - VW Tiguan | Audi Q5 - 1K9877439-5N0877439A ( adaptable )\" \/>\n<meta property=\"og:description\" content=\"Junta interior 1K9 877 439 \/ 5N0 877 439A Tiguan Q5. Estanqueidad perfecta evita ruido filtraciones montaje f\u00e1cil.\" \/>\n<meta property=\"og:url\" content=\"https:\/\/velumautostore.com\/es\/producto\/junta-interior-para-techo-solar-panoramico-vw-tiguanaudi-q5-1k9877439-5n0877439a-adaptable\/\" \/>\n<meta property=\"og:site_name\" content=\"Velum Auto Store\" \/>\n<meta property=\"article:publisher\" content=\"https:\/\/fr-fr.facebook.com\/Velumautostore\/\" \/>\n<meta property=\"article:modified_time\" content=\"2026-02-12T09:37:39+00:00\" \/>\n<meta property=\"og:image\" content=\"https:\/\/velumautostore.com\/wp-content\/uploads\/2020\/12\/Join-int-tig_HD.jpg\" \/>\n\t<meta property=\"og:image:width\" content=\"2000\" \/>\n\t<meta property=\"og:image:height\" content=\"2423\" \/>\n\t<meta property=\"og:image:type\" content=\"image\/jpeg\" \/>\n<meta name=\"twitter:card\" content=\"summary_large_image\" \/>\n<meta name=\"twitter:label1\" content=\"Precio\" \/>\n\t<meta name=\"twitter:data1\" content=\"80.00&euro;\" \/>\n\t<meta name=\"twitter:label2\" content=\"Disponibilidad\" \/>\n\t<meta name=\"twitter:data2\" content=\"Sin existencias\" \/>\n<script type=\"application\/ld+json\" class=\"yoast-schema-graph\">{\"@context\":\"https:\\\/\\\/schema.org\",\"@graph\":[{\"@type\":\"WebPage\",\"@id\":\"https:\\\/\\\/velumautostore.com\\\/es\\\/producto\\\/junta-interior-para-techo-solar-panoramico-vw-tiguanaudi-q5-1k9877439-5n0877439a-adaptable\\\/\",\"url\":\"https:\\\/\\\/velumautostore.com\\\/es\\\/producto\\\/junta-interior-para-techo-solar-panoramico-vw-tiguanaudi-q5-1k9877439-5n0877439a-adaptable\\\/\",\"name\":\"Junta interior para techo solar panor\u00e1mico - VW Tiguan | Audi Q5 - 1K9877439-5N0877439A ( adaptable ) - Velum Auto Store\",\"isPartOf\":{\"@id\":\"https:\\\/\\\/velumautostore.com\\\/#website\"},\"primaryImageOfPage\":{\"@id\":\"https:\\\/\\\/velumautostore.com\\\/es\\\/producto\\\/junta-interior-para-techo-solar-panoramico-vw-tiguanaudi-q5-1k9877439-5n0877439a-adaptable\\\/#primaryimage\"},\"image\":{\"@id\":\"https:\\\/\\\/velumautostore.com\\\/es\\\/producto\\\/junta-interior-para-techo-solar-panoramico-vw-tiguanaudi-q5-1k9877439-5n0877439a-adaptable\\\/#primaryimage\"},\"thumbnailUrl\":\"https:\\\/\\\/velumautostore.com\\\/wp-content\\\/uploads\\\/2020\\\/12\\\/Join-int-tig_HD.jpg\",\"datePublished\":\"2020-12-24T10:07:01+00:00\",\"dateModified\":\"2026-02-12T09:37:39+00:00\",\"description\":\"Junta interior 1K9 877 439 \\\/ 5N0 877 439A Tiguan Q5. Estanqueidad perfecta evita ruido filtraciones montaje f\u00e1cil.\",\"breadcrumb\":{\"@id\":\"https:\\\/\\\/velumautostore.com\\\/es\\\/producto\\\/junta-interior-para-techo-solar-panoramico-vw-tiguanaudi-q5-1k9877439-5n0877439a-adaptable\\\/#breadcrumb\"},\"inLanguage\":\"es\",\"potentialAction\":[{\"@type\":\"ReadAction\",\"target\":[\"https:\\\/\\\/velumautostore.com\\\/es\\\/producto\\\/junta-interior-para-techo-solar-panoramico-vw-tiguanaudi-q5-1k9877439-5n0877439a-adaptable\\\/\"]}]},{\"@type\":\"ImageObject\",\"inLanguage\":\"es\",\"@id\":\"https:\\\/\\\/velumautostore.com\\\/es\\\/producto\\\/junta-interior-para-techo-solar-panoramico-vw-tiguanaudi-q5-1k9877439-5n0877439a-adaptable\\\/#primaryimage\",\"url\":\"https:\\\/\\\/velumautostore.com\\\/wp-content\\\/uploads\\\/2020\\\/12\\\/Join-int-tig_HD.jpg\",\"contentUrl\":\"https:\\\/\\\/velumautostore.com\\\/wp-content\\\/uploads\\\/2020\\\/12\\\/Join-int-tig_HD.jpg\",\"width\":2000,\"height\":2423},{\"@type\":\"BreadcrumbList\",\"@id\":\"https:\\\/\\\/velumautostore.com\\\/es\\\/producto\\\/junta-interior-para-techo-solar-panoramico-vw-tiguanaudi-q5-1k9877439-5n0877439a-adaptable\\\/#breadcrumb\",\"itemListElement\":[{\"@type\":\"ListItem\",\"position\":1,\"name\":\"Accueil\",\"item\":\"https:\\\/\\\/velumautostore.com\\\/es\\\/inicio\\\/\"},{\"@type\":\"ListItem\",\"position\":2,\"name\":\"Tienda\",\"item\":\"https:\\\/\\\/velumautostore.com\\\/es\\\/?page_id=19552\"},{\"@type\":\"ListItem\",\"position\":3,\"name\":\"Junta interior para techo solar panor\u00e1mico &#8211; VW Tiguan | Audi Q5 &#8211; 1K9877439-5N0877439A ( adaptable )\"}]},{\"@type\":\"WebSite\",\"@id\":\"https:\\\/\\\/velumautostore.com\\\/#website\",\"url\":\"https:\\\/\\\/velumautostore.com\\\/\",\"name\":\"Velum Auto Store\",\"description\":\"Store et toit panoramique\",\"publisher\":{\"@id\":\"https:\\\/\\\/velumautostore.com\\\/#organization\"},\"potentialAction\":[{\"@type\":\"SearchAction\",\"target\":{\"@type\":\"EntryPoint\",\"urlTemplate\":\"https:\\\/\\\/velumautostore.com\\\/?s={search_term_string}\"},\"query-input\":{\"@type\":\"PropertyValueSpecification\",\"valueRequired\":true,\"valueName\":\"search_term_string\"}}],\"inLanguage\":\"es\"},{\"@type\":\"Organization\",\"@id\":\"https:\\\/\\\/velumautostore.com\\\/#organization\",\"name\":\"Velum Auto Store\",\"url\":\"https:\\\/\\\/velumautostore.com\\\/\",\"logo\":{\"@type\":\"ImageObject\",\"inLanguage\":\"es\",\"@id\":\"https:\\\/\\\/velumautostore.com\\\/#\\\/schema\\\/logo\\\/image\\\/\",\"url\":\"https:\\\/\\\/velumautostore.com\\\/wp-content\\\/uploads\\\/2021\\\/09\\\/cropped-Velum_AutoStore_logo_3.png\",\"contentUrl\":\"https:\\\/\\\/velumautostore.com\\\/wp-content\\\/uploads\\\/2021\\\/09\\\/cropped-Velum_AutoStore_logo_3.png\",\"width\":321,\"height\":154,\"caption\":\"Velum Auto Store\"},\"image\":{\"@id\":\"https:\\\/\\\/velumautostore.com\\\/#\\\/schema\\\/logo\\\/image\\\/\"},\"sameAs\":[\"https:\\\/\\\/fr-fr.facebook.com\\\/Velumautostore\\\/\"]}]}<\/script>\n<meta property=\"product:price:amount\" content=\"80.00\" \/>\n<meta property=\"product:price:currency\" content=\"EUR\" \/>\n<meta property=\"og:availability\" content=\"out of stock\" \/>\n<meta property=\"product:availability\" content=\"out of stock\" \/>\n<meta property=\"product:condition\" content=\"new\" \/>\n<!-- \/ Yoast SEO Premium plugin. -->","yoast_head_json":{"title":"Junta interior para techo solar panor\u00e1mico - VW Tiguan | Audi Q5 - 1K9877439-5N0877439A ( adaptable ) - Velum Auto Store","description":"Junta interior 1K9 877 439 \/ 5N0 877 439A Tiguan Q5. Estanqueidad perfecta evita ruido filtraciones montaje f\u00e1cil.","robots":{"index":"index","follow":"follow","max-snippet":"max-snippet:-1","max-image-preview":"max-image-preview:large","max-video-preview":"max-video-preview:-1"},"canonical":"https:\/\/velumautostore.com\/es\/producto\/junta-interior-para-techo-solar-panoramico-vw-tiguanaudi-q5-1k9877439-5n0877439a-adaptable\/","og_locale":"es_ES","og_type":"article","og_title":"Junta interior para techo solar panor\u00e1mico - VW Tiguan | Audi Q5 - 1K9877439-5N0877439A ( adaptable )","og_description":"Junta interior 1K9 877 439 \/ 5N0 877 439A Tiguan Q5. Estanqueidad perfecta evita ruido filtraciones montaje f\u00e1cil.","og_url":"https:\/\/velumautostore.com\/es\/producto\/junta-interior-para-techo-solar-panoramico-vw-tiguanaudi-q5-1k9877439-5n0877439a-adaptable\/","og_site_name":"Velum Auto Store","article_publisher":"https:\/\/fr-fr.facebook.com\/Velumautostore\/","article_modified_time":"2026-02-12T09:37:39+00:00","og_image":[{"width":2000,"height":2423,"url":"https:\/\/velumautostore.com\/wp-content\/uploads\/2020\/12\/Join-int-tig_HD.jpg","type":"image\/jpeg"}],"twitter_card":"summary_large_image","twitter_misc":{"Precio":"80.00&euro;","Disponibilidad":"Sin existencias"},"schema":{"@context":"https:\/\/schema.org","@graph":[{"@type":"WebPage","@id":"https:\/\/velumautostore.com\/es\/producto\/junta-interior-para-techo-solar-panoramico-vw-tiguanaudi-q5-1k9877439-5n0877439a-adaptable\/","url":"https:\/\/velumautostore.com\/es\/producto\/junta-interior-para-techo-solar-panoramico-vw-tiguanaudi-q5-1k9877439-5n0877439a-adaptable\/","name":"Junta interior para techo solar panor\u00e1mico - VW Tiguan | Audi Q5 - 1K9877439-5N0877439A ( adaptable ) - Velum Auto Store","isPartOf":{"@id":"https:\/\/velumautostore.com\/#website"},"primaryImageOfPage":{"@id":"https:\/\/velumautostore.com\/es\/producto\/junta-interior-para-techo-solar-panoramico-vw-tiguanaudi-q5-1k9877439-5n0877439a-adaptable\/#primaryimage"},"image":{"@id":"https:\/\/velumautostore.com\/es\/producto\/junta-interior-para-techo-solar-panoramico-vw-tiguanaudi-q5-1k9877439-5n0877439a-adaptable\/#primaryimage"},"thumbnailUrl":"https:\/\/velumautostore.com\/wp-content\/uploads\/2020\/12\/Join-int-tig_HD.jpg","datePublished":"2020-12-24T10:07:01+00:00","dateModified":"2026-02-12T09:37:39+00:00","description":"Junta interior 1K9 877 439 \/ 5N0 877 439A Tiguan Q5. Estanqueidad perfecta evita ruido filtraciones montaje f\u00e1cil.","breadcrumb":{"@id":"https:\/\/velumautostore.com\/es\/producto\/junta-interior-para-techo-solar-panoramico-vw-tiguanaudi-q5-1k9877439-5n0877439a-adaptable\/#breadcrumb"},"inLanguage":"es","potentialAction":[{"@type":"ReadAction","target":["https:\/\/velumautostore.com\/es\/producto\/junta-interior-para-techo-solar-panoramico-vw-tiguanaudi-q5-1k9877439-5n0877439a-adaptable\/"]}]},{"@type":"ImageObject","inLanguage":"es","@id":"https:\/\/velumautostore.com\/es\/producto\/junta-interior-para-techo-solar-panoramico-vw-tiguanaudi-q5-1k9877439-5n0877439a-adaptable\/#primaryimage","url":"https:\/\/velumautostore.com\/wp-content\/uploads\/2020\/12\/Join-int-tig_HD.jpg","contentUrl":"https:\/\/velumautostore.com\/wp-content\/uploads\/2020\/12\/Join-int-tig_HD.jpg","width":2000,"height":2423},{"@type":"BreadcrumbList","@id":"https:\/\/velumautostore.com\/es\/producto\/junta-interior-para-techo-solar-panoramico-vw-tiguanaudi-q5-1k9877439-5n0877439a-adaptable\/#breadcrumb","itemListElement":[{"@type":"ListItem","position":1,"name":"Accueil","item":"https:\/\/velumautostore.com\/es\/inicio\/"},{"@type":"ListItem","position":2,"name":"Tienda","item":"https:\/\/velumautostore.com\/es\/?page_id=19552"},{"@type":"ListItem","position":3,"name":"Junta interior para techo solar panor\u00e1mico &#8211; VW Tiguan | Audi Q5 &#8211; 1K9877439-5N0877439A ( adaptable )"}]},{"@type":"WebSite","@id":"https:\/\/velumautostore.com\/#website","url":"https:\/\/velumautostore.com\/","name":"Velum Auto Store","description":"Store et toit panoramique","publisher":{"@id":"https:\/\/velumautostore.com\/#organization"},"potentialAction":[{"@type":"SearchAction","target":{"@type":"EntryPoint","urlTemplate":"https:\/\/velumautostore.com\/?s={search_term_string}"},"query-input":{"@type":"PropertyValueSpecification","valueRequired":true,"valueName":"search_term_string"}}],"inLanguage":"es"},{"@type":"Organization","@id":"https:\/\/velumautostore.com\/#organization","name":"Velum Auto Store","url":"https:\/\/velumautostore.com\/","logo":{"@type":"ImageObject","inLanguage":"es","@id":"https:\/\/velumautostore.com\/#\/schema\/logo\/image\/","url":"https:\/\/velumautostore.com\/wp-content\/uploads\/2021\/09\/cropped-Velum_AutoStore_logo_3.png","contentUrl":"https:\/\/velumautostore.com\/wp-content\/uploads\/2021\/09\/cropped-Velum_AutoStore_logo_3.png","width":321,"height":154,"caption":"Velum Auto Store"},"image":{"@id":"https:\/\/velumautostore.com\/#\/schema\/logo\/image\/"},"sameAs":["https:\/\/fr-fr.facebook.com\/Velumautostore\/"]}]},"product_price_amount":"80.00","product_price_currency":"EUR","og_availability":"out of stock","product_availability":"out of stock","product_condition":"new"},"_links":{"self":[{"href":"https:\/\/velumautostore.com\/es\/wp-json\/wp\/v2\/product\/6076","targetHints":{"allow":["GET"]}}],"collection":[{"href":"https:\/\/velumautostore.com\/es\/wp-json\/wp\/v2\/product"}],"about":[{"href":"https:\/\/velumautostore.com\/es\/wp-json\/wp\/v2\/types\/product"}],"replies":[{"embeddable":true,"href":"https:\/\/velumautostore.com\/es\/wp-json\/wp\/v2\/comments?post=6076"}],"version-history":[{"count":2,"href":"https:\/\/velumautostore.com\/es\/wp-json\/wp\/v2\/product\/6076\/revisions"}],"predecessor-version":[{"id":18771,"href":"https:\/\/velumautostore.com\/es\/wp-json\/wp\/v2\/product\/6076\/revisions\/18771"}],"wp:featuredmedia":[{"embeddable":true,"href":"https:\/\/velumautostore.com\/es\/wp-json\/wp\/v2\/media\/5630"}],"wp:attachment":[{"href":"https:\/\/velumautostore.com\/es\/wp-json\/wp\/v2\/media?parent=6076"}],"wp:term":[{"taxonomy":"product_brand","embeddable":true,"href":"https:\/\/velumautostore.com\/es\/wp-json\/wp\/v2\/product_brand?post=6076"},{"taxonomy":"product_cat","embeddable":true,"href":"https:\/\/velumautostore.com\/es\/wp-json\/wp\/v2\/product_cat?post=6076"},{"taxonomy":"product_tag","embeddable":true,"href":"https:\/\/velumautostore.com\/es\/wp-json\/wp\/v2\/product_tag?post=6076"}],"curies":[{"name":"wp","href":"https:\/\/api.w.org\/{rel}","templated":true}]}}