{"id":20131,"date":"2026-02-18T09:28:37","date_gmt":"2026-02-18T08:28:37","guid":{"rendered":"https:\/\/velumautostore.com\/produit\/tejido-oem-negro-para-el-techo-del-coche-premium-dense\/"},"modified":"2026-04-24T19:38:17","modified_gmt":"2026-04-24T17:38:17","slug":"tejido-oem-negro-para-el-techo-del-coche-premium-dense","status":"publish","type":"product","link":"https:\/\/velumautostore.com\/es\/producto\/tejido-oem-negro-para-el-techo-del-coche-premium-dense\/","title":{"rendered":"Tejido OEM negro para el techo del coche &#8211; Premium Dense"},"content":{"rendered":"<p data-start=\"833\" data-end=\"1025\">Esta tela negra para el techo del coche est\u00e1 dise\u00f1ada para la renovaci\u00f3n completa del techo del coche.<br data-start=\"931\" data-end=\"934\">Se puede utilizar para sustituir un techo hundido cuando la espuma original se ha deteriorado.<\/p>\n<p data-start=\"1027\" data-end=\"1166\">Seleccionado para Velum Auto Store, cumple los requisitos del uso real del coche: calor veraniego, curvas complejas, fijaci\u00f3n duradera.<\/p>\n<hr data-start=\"1168\" data-end=\"1171\">\n<h2 data-start=\"1173\" data-end=\"1234\">\u00bfPor qu\u00e9 elegir este tejido para sustituir el revestimiento de un techo?<\/h2>\n<p data-start=\"1236\" data-end=\"1366\">Cuando la espuma est\u00e1 llena de polvo o la tela tiene agujeros, ya no basta con pegar.<br data-start=\"1323\" data-end=\"1326\">Hay que cambiar todo el revestimiento.<\/p>\n<p data-start=\"1368\" data-end=\"1407\">Este tejido para techos de autom\u00f3viles permite :<\/p>\n<ul data-start=\"1409\" data-end=\"1565\">\n<li data-start=\"1409\" data-end=\"1448\">\n<p data-start=\"1411\" data-end=\"1448\">Rehacer un tejado a largo plazo<\/p>\n<\/li>\n<li data-start=\"1449\" data-end=\"1486\">\n<p data-start=\"1451\" data-end=\"1486\">Restaurar la est\u00e9tica interior<\/p>\n<\/li>\n<li data-start=\"1487\" data-end=\"1522\">\n<p data-start=\"1489\" data-end=\"1522\">Consigue un acabado pr\u00f3ximo al original<\/p>\n<\/li>\n<li data-start=\"1523\" data-end=\"1565\">\n<p data-start=\"1525\" data-end=\"1565\">Evita la costosa sustituci\u00f3n completa<\/p>\n<\/li>\n<\/ul>\n<hr data-start=\"1567\" data-end=\"1570\">\n<h2 data-start=\"1572\" data-end=\"1602\">Especificaciones t\u00e9cnicas<\/h2>\n<ul data-start=\"1604\" data-end=\"1859\">\n<li data-start=\"1604\" data-end=\"1636\">\n<p data-start=\"1606\" data-end=\"1636\">Densidad de la espuma: 22-25 kg\/m\u00b3.<\/p>\n<\/li>\n<li data-start=\"1637\" data-end=\"1670\">\n<p data-start=\"1639\" data-end=\"1670\">Grosor de la espuma: de 2,5 a 3 mm<\/p>\n<\/li>\n<li data-start=\"1671\" data-end=\"1706\">\n<p data-start=\"1673\" data-end=\"1706\">Grosor total: aprox. 4 mm<\/p>\n<\/li>\n<li data-start=\"1707\" data-end=\"1747\">\n<p data-start=\"1709\" data-end=\"1747\">Resistencia t\u00e9rmica: hasta 100\u00b0C<\/p>\n<\/li>\n<li data-start=\"1748\" data-end=\"1775\">\n<p data-start=\"1750\" data-end=\"1775\">Anchura del rollo: 1,5 m<\/p>\n<\/li>\n<li data-start=\"1776\" data-end=\"1811\">\n<p data-start=\"1778\" data-end=\"1811\">Superficie de terciopelo mate antirreflejos<\/p>\n<\/li>\n<li data-start=\"1812\" data-end=\"1859\">\n<p data-start=\"1814\" data-end=\"1859\">Compatible con cola de neopreno de alta temperatura<\/p>\n<\/li>\n<\/ul>\n<p data-start=\"1861\" data-end=\"1960\">Esta tela para techo de coche es adecuada para la mayor\u00eda de veh\u00edculos (Golf, 206, Clio, Audi, BMW&#8230;).<\/p>\n<hr data-start=\"1962\" data-end=\"1965\">\n<h2 data-start=\"1967\" data-end=\"1986\">Color Negro OEM<\/h2>\n<p data-start=\"1988\" data-end=\"2078\">Negro intenso mate, sin brillo, adecuado para interiores deportivos y acabados de alta gama.<\/p>\n<hr data-start=\"2080\" data-end=\"2083\">\n<h2 data-start=\"2085\" data-end=\"2104\">Consejos de instalaci\u00f3n<\/h2>\n<p data-start=\"2106\" data-end=\"2154\">Para sustituir correctamente el revestimiento del techo :<\/p>\n<ul data-start=\"2156\" data-end=\"2359\">\n<li data-start=\"2156\" data-end=\"2186\">\n<p data-start=\"2158\" data-end=\"2186\">Retira el panel completo<\/p>\n<\/li>\n<li data-start=\"2187\" data-end=\"2224\">\n<p data-start=\"2189\" data-end=\"2224\">Retira toda la espuma usada<\/p>\n<\/li>\n<li data-start=\"2225\" data-end=\"2297\">\n<p data-start=\"2227\" data-end=\"2297\">Aplica adhesivo de neopreno de alta temperatura a ambas superficies<\/p>\n<\/li>\n<li data-start=\"2298\" data-end=\"2329\">\n<p data-start=\"2300\" data-end=\"2329\">Respeta el tiempo de fraguado<\/p>\n<\/li>\n<li data-start=\"2330\" data-end=\"2359\">\n<p data-start=\"2332\" data-end=\"2359\">Moldea progresivamente<\/p>\n<\/li>\n<\/ul>\n<p data-start=\"2361\" data-end=\"2439\">Recomendamos utilizar nuestro adhesivo profesional de neopreno en spray.<\/p>\n<hr data-start=\"2441\" data-end=\"2444\">\n<h2 data-start=\"2446\" data-end=\"2471\">Producto complementario<\/h2>\n<p data-start=\"2473\" data-end=\"2534\"><a href=\"https:\/\/velumautostore.com\/es\/?post_type=product&#038;p=20116\" target=\"_blank\" rel=\"noopener\">Adhesivo de neopreno especial de alta temperatura para techos de coches.<\/a><\/p>\n","protected":false},"excerpt":{"rendered":"<p data-start=\"600\" data-end=\"737\">Tejido OEM negro para techo de coche, espuma densa 22-25 kg\/m\u00b3, alta temperatura 100\u00b0C.<\/p>\n<p data-start=\"600\" data-end=\"737\">Ideal para sustituir un toldo a largo plazo.<\/p>\n[mark style=\"text\" color=\"#E1983C\"]Precios decrecientes[\/mark]\n<h5>1 metro = PROMO -\u20ac7<\/h5>\n<p data-start=\"147\" data-end=\"236\"><strong data-start=\"147\" data-end=\"178\">52,90 por metro<\/strong> &#8211; ideal para reparaciones puntuales o zonas peque\u00f1as.<\/p>\n<hr data-start=\"238\" data-end=\"241\">\n<h5 data-start=\"243\" data-end=\"258\">2 metros = PROMO -15<\/h5>\n<p data-start=\"260\" data-end=\"342\"><strong data-start=\"260\" data-end=\"292\">104,90 \u20ac o 52,45 \u20ac por metro<\/strong>, la medida recomendada para un turismo est\u00e1ndar.<\/p>\n<hr data-start=\"344\" data-end=\"347\">\n<h5 data-start=\"349\" data-end=\"364\">3 metros = PROMO -\u20ac30<\/h5>\n<p data-start=\"366\" data-end=\"483\"><strong data-start=\"366\" data-end=\"398\">149,90 o 49,97 euros por metro<\/strong>: la soluci\u00f3n m\u00e1s rentable para un veh\u00edculo grande.<\/p>\n","protected":false},"featured_media":18820,"comment_status":"open","ping_status":"closed","template":"","meta":[],"product_brand":[],"product_cat":[1368],"product_tag":[],"class_list":{"0":"post-20131","1":"product","2":"type-product","3":"status-publish","4":"has-post-thumbnail","6":"product_cat-tejido-del-techo-del-coche","8":"first","9":"outofstock","10":"sale","11":"shipping-taxable","12":"purchasable","13":"product-type-simple"},"etheme_brands":{"errors":{"invalid_taxonomy":["Taxonom\u00eda no v\u00e1lida."]},"error_data":[]},"yoast_head":"<!-- This site is optimized with the Yoast SEO Premium plugin v27.3 (Yoast SEO v27.5) - https:\/\/yoast.com\/product\/yoast-seo-premium-wordpress\/ -->\n<title>Tela para techo de coche negro OEM - Premium 22kg\/m\u00b3 - Premium<\/title>\n<meta name=\"description\" content=\"Tejido de techo de coche negro OEM premium denso de 22 kg\/m\u00b3. Ideal para sustituir a largo plazo el techo de un coche.\" \/>\n<meta name=\"robots\" content=\"index, follow, max-snippet:-1, max-image-preview:large, max-video-preview:-1\" \/>\n<link rel=\"canonical\" href=\"https:\/\/velumautostore.com\/es\/?post_type=product&p=20131\" \/>\n<meta property=\"og:locale\" content=\"es_ES\" \/>\n<meta property=\"og:type\" content=\"article\" \/>\n<meta property=\"og:title\" content=\"Tejido OEM negro para el techo del coche - Premium Dense\" \/>\n<meta property=\"og:description\" content=\"Tejido de techo de coche negro OEM premium denso de 22 kg\/m\u00b3. Ideal para sustituir a largo plazo el techo de un coche.\" \/>\n<meta property=\"og:url\" content=\"https:\/\/velumautostore.com\/es\/?post_type=product&amp;p=20131\" \/>\n<meta property=\"og:site_name\" content=\"Velum Auto Store\" \/>\n<meta property=\"article:publisher\" content=\"https:\/\/fr-fr.facebook.com\/Velumautostore\/\" \/>\n<meta property=\"article:modified_time\" content=\"2026-04-24T17:38:17+00:00\" \/>\n<meta property=\"og:image\" content=\"https:\/\/velumautostore.com\/wp-content\/uploads\/2026\/02\/ciel-de-toit-decolle-noir.jpg\" \/>\n\t<meta property=\"og:image:width\" content=\"2000\" \/>\n\t<meta property=\"og:image:height\" content=\"2423\" \/>\n\t<meta property=\"og:image:type\" content=\"image\/jpeg\" \/>\n<meta name=\"twitter:card\" content=\"summary_large_image\" \/>\n<meta name=\"twitter:label1\" content=\"Precio\" \/>\n\t<meta name=\"twitter:data1\" content=\"52.90&euro;\" \/>\n\t<meta name=\"twitter:label2\" content=\"Disponibilidad\" \/>\n\t<meta name=\"twitter:data2\" content=\"Sin existencias\" \/>\n<script type=\"application\/ld+json\" class=\"yoast-schema-graph\">{\"@context\":\"https:\\\/\\\/schema.org\",\"@graph\":[{\"@type\":\"WebPage\",\"@id\":\"https:\\\/\\\/velumautostore.com\\\/es\\\/?post_type=product&p=20131\",\"url\":\"https:\\\/\\\/velumautostore.com\\\/es\\\/?post_type=product&p=20131\",\"name\":\"Tela para techo de coche negro OEM - Premium 22kg\\\/m\u00b3 - Premium\",\"isPartOf\":{\"@id\":\"https:\\\/\\\/velumautostore.com\\\/#website\"},\"primaryImageOfPage\":{\"@id\":\"https:\\\/\\\/velumautostore.com\\\/es\\\/?post_type=product&p=20131#primaryimage\"},\"image\":{\"@id\":\"https:\\\/\\\/velumautostore.com\\\/es\\\/?post_type=product&p=20131#primaryimage\"},\"thumbnailUrl\":\"https:\\\/\\\/velumautostore.com\\\/wp-content\\\/uploads\\\/2026\\\/02\\\/ciel-de-toit-decolle-noir.jpg\",\"datePublished\":\"2026-02-18T08:28:37+00:00\",\"dateModified\":\"2026-04-24T17:38:17+00:00\",\"description\":\"Tejido de techo de coche negro OEM premium denso de 22 kg\\\/m\u00b3. Ideal para sustituir a largo plazo el techo de un coche.\",\"breadcrumb\":{\"@id\":\"https:\\\/\\\/velumautostore.com\\\/es\\\/?post_type=product&p=20131#breadcrumb\"},\"inLanguage\":\"es\",\"potentialAction\":[{\"@type\":\"ReadAction\",\"target\":[\"https:\\\/\\\/velumautostore.com\\\/es\\\/?post_type=product&p=20131\"]}]},{\"@type\":\"ImageObject\",\"inLanguage\":\"es\",\"@id\":\"https:\\\/\\\/velumautostore.com\\\/es\\\/?post_type=product&p=20131#primaryimage\",\"url\":\"https:\\\/\\\/velumautostore.com\\\/wp-content\\\/uploads\\\/2026\\\/02\\\/ciel-de-toit-decolle-noir.jpg\",\"contentUrl\":\"https:\\\/\\\/velumautostore.com\\\/wp-content\\\/uploads\\\/2026\\\/02\\\/ciel-de-toit-decolle-noir.jpg\",\"width\":2000,\"height\":2423},{\"@type\":\"BreadcrumbList\",\"@id\":\"https:\\\/\\\/velumautostore.com\\\/es\\\/?post_type=product&p=20131#breadcrumb\",\"itemListElement\":[{\"@type\":\"ListItem\",\"position\":1,\"name\":\"Accueil\",\"item\":\"https:\\\/\\\/velumautostore.com\\\/es\\\/inicio\\\/\"},{\"@type\":\"ListItem\",\"position\":2,\"name\":\"Tienda\",\"item\":\"https:\\\/\\\/velumautostore.com\\\/es\\\/?page_id=19552\"},{\"@type\":\"ListItem\",\"position\":3,\"name\":\"Tejido OEM negro para el techo del coche &#8211; Premium Dense\"}]},{\"@type\":\"WebSite\",\"@id\":\"https:\\\/\\\/velumautostore.com\\\/#website\",\"url\":\"https:\\\/\\\/velumautostore.com\\\/\",\"name\":\"Velum Auto Store\",\"description\":\"Store et toit panoramique\",\"publisher\":{\"@id\":\"https:\\\/\\\/velumautostore.com\\\/#organization\"},\"potentialAction\":[{\"@type\":\"SearchAction\",\"target\":{\"@type\":\"EntryPoint\",\"urlTemplate\":\"https:\\\/\\\/velumautostore.com\\\/?s={search_term_string}\"},\"query-input\":{\"@type\":\"PropertyValueSpecification\",\"valueRequired\":true,\"valueName\":\"search_term_string\"}}],\"inLanguage\":\"es\"},{\"@type\":\"Organization\",\"@id\":\"https:\\\/\\\/velumautostore.com\\\/#organization\",\"name\":\"Velum Auto Store\",\"url\":\"https:\\\/\\\/velumautostore.com\\\/\",\"logo\":{\"@type\":\"ImageObject\",\"inLanguage\":\"es\",\"@id\":\"https:\\\/\\\/velumautostore.com\\\/#\\\/schema\\\/logo\\\/image\\\/\",\"url\":\"https:\\\/\\\/velumautostore.com\\\/wp-content\\\/uploads\\\/2021\\\/09\\\/cropped-Velum_AutoStore_logo_3.png\",\"contentUrl\":\"https:\\\/\\\/velumautostore.com\\\/wp-content\\\/uploads\\\/2021\\\/09\\\/cropped-Velum_AutoStore_logo_3.png\",\"width\":321,\"height\":154,\"caption\":\"Velum Auto Store\"},\"image\":{\"@id\":\"https:\\\/\\\/velumautostore.com\\\/#\\\/schema\\\/logo\\\/image\\\/\"},\"sameAs\":[\"https:\\\/\\\/fr-fr.facebook.com\\\/Velumautostore\\\/\"]}]}<\/script>\n<meta property=\"product:price:amount\" content=\"52.90\" \/>\n<meta property=\"product:price:currency\" content=\"EUR\" \/>\n<meta property=\"og:availability\" content=\"out of stock\" \/>\n<meta property=\"product:availability\" content=\"out of stock\" \/>\n<meta property=\"product:condition\" content=\"new\" \/>\n<!-- \/ Yoast SEO Premium plugin. -->","yoast_head_json":{"title":"Tela para techo de coche negro OEM - Premium 22kg\/m\u00b3 - Premium","description":"Tejido de techo de coche negro OEM premium denso de 22 kg\/m\u00b3. Ideal para sustituir a largo plazo el techo de un coche.","robots":{"index":"index","follow":"follow","max-snippet":"max-snippet:-1","max-image-preview":"max-image-preview:large","max-video-preview":"max-video-preview:-1"},"canonical":"https:\/\/velumautostore.com\/es\/?post_type=product&p=20131","og_locale":"es_ES","og_type":"article","og_title":"Tejido OEM negro para el techo del coche - Premium Dense","og_description":"Tejido de techo de coche negro OEM premium denso de 22 kg\/m\u00b3. Ideal para sustituir a largo plazo el techo de un coche.","og_url":"https:\/\/velumautostore.com\/es\/?post_type=product&p=20131","og_site_name":"Velum Auto Store","article_publisher":"https:\/\/fr-fr.facebook.com\/Velumautostore\/","article_modified_time":"2026-04-24T17:38:17+00:00","og_image":[{"width":2000,"height":2423,"url":"https:\/\/velumautostore.com\/wp-content\/uploads\/2026\/02\/ciel-de-toit-decolle-noir.jpg","type":"image\/jpeg"}],"twitter_card":"summary_large_image","twitter_misc":{"Precio":"52.90&euro;","Disponibilidad":"Sin existencias"},"schema":{"@context":"https:\/\/schema.org","@graph":[{"@type":"WebPage","@id":"https:\/\/velumautostore.com\/es\/?post_type=product&p=20131","url":"https:\/\/velumautostore.com\/es\/?post_type=product&p=20131","name":"Tela para techo de coche negro OEM - Premium 22kg\/m\u00b3 - Premium","isPartOf":{"@id":"https:\/\/velumautostore.com\/#website"},"primaryImageOfPage":{"@id":"https:\/\/velumautostore.com\/es\/?post_type=product&p=20131#primaryimage"},"image":{"@id":"https:\/\/velumautostore.com\/es\/?post_type=product&p=20131#primaryimage"},"thumbnailUrl":"https:\/\/velumautostore.com\/wp-content\/uploads\/2026\/02\/ciel-de-toit-decolle-noir.jpg","datePublished":"2026-02-18T08:28:37+00:00","dateModified":"2026-04-24T17:38:17+00:00","description":"Tejido de techo de coche negro OEM premium denso de 22 kg\/m\u00b3. Ideal para sustituir a largo plazo el techo de un coche.","breadcrumb":{"@id":"https:\/\/velumautostore.com\/es\/?post_type=product&p=20131#breadcrumb"},"inLanguage":"es","potentialAction":[{"@type":"ReadAction","target":["https:\/\/velumautostore.com\/es\/?post_type=product&p=20131"]}]},{"@type":"ImageObject","inLanguage":"es","@id":"https:\/\/velumautostore.com\/es\/?post_type=product&p=20131#primaryimage","url":"https:\/\/velumautostore.com\/wp-content\/uploads\/2026\/02\/ciel-de-toit-decolle-noir.jpg","contentUrl":"https:\/\/velumautostore.com\/wp-content\/uploads\/2026\/02\/ciel-de-toit-decolle-noir.jpg","width":2000,"height":2423},{"@type":"BreadcrumbList","@id":"https:\/\/velumautostore.com\/es\/?post_type=product&p=20131#breadcrumb","itemListElement":[{"@type":"ListItem","position":1,"name":"Accueil","item":"https:\/\/velumautostore.com\/es\/inicio\/"},{"@type":"ListItem","position":2,"name":"Tienda","item":"https:\/\/velumautostore.com\/es\/?page_id=19552"},{"@type":"ListItem","position":3,"name":"Tejido OEM negro para el techo del coche &#8211; Premium Dense"}]},{"@type":"WebSite","@id":"https:\/\/velumautostore.com\/#website","url":"https:\/\/velumautostore.com\/","name":"Velum Auto Store","description":"Store et toit panoramique","publisher":{"@id":"https:\/\/velumautostore.com\/#organization"},"potentialAction":[{"@type":"SearchAction","target":{"@type":"EntryPoint","urlTemplate":"https:\/\/velumautostore.com\/?s={search_term_string}"},"query-input":{"@type":"PropertyValueSpecification","valueRequired":true,"valueName":"search_term_string"}}],"inLanguage":"es"},{"@type":"Organization","@id":"https:\/\/velumautostore.com\/#organization","name":"Velum Auto Store","url":"https:\/\/velumautostore.com\/","logo":{"@type":"ImageObject","inLanguage":"es","@id":"https:\/\/velumautostore.com\/#\/schema\/logo\/image\/","url":"https:\/\/velumautostore.com\/wp-content\/uploads\/2021\/09\/cropped-Velum_AutoStore_logo_3.png","contentUrl":"https:\/\/velumautostore.com\/wp-content\/uploads\/2021\/09\/cropped-Velum_AutoStore_logo_3.png","width":321,"height":154,"caption":"Velum Auto Store"},"image":{"@id":"https:\/\/velumautostore.com\/#\/schema\/logo\/image\/"},"sameAs":["https:\/\/fr-fr.facebook.com\/Velumautostore\/"]}]},"product_price_amount":"52.90","product_price_currency":"EUR","og_availability":"out of stock","product_availability":"out of stock","product_condition":"new"},"_links":{"self":[{"href":"https:\/\/velumautostore.com\/es\/wp-json\/wp\/v2\/product\/20131","targetHints":{"allow":["GET"]}}],"collection":[{"href":"https:\/\/velumautostore.com\/es\/wp-json\/wp\/v2\/product"}],"about":[{"href":"https:\/\/velumautostore.com\/es\/wp-json\/wp\/v2\/types\/product"}],"replies":[{"embeddable":true,"href":"https:\/\/velumautostore.com\/es\/wp-json\/wp\/v2\/comments?post=20131"}],"version-history":[{"count":1,"href":"https:\/\/velumautostore.com\/es\/wp-json\/wp\/v2\/product\/20131\/revisions"}],"predecessor-version":[{"id":20132,"href":"https:\/\/velumautostore.com\/es\/wp-json\/wp\/v2\/product\/20131\/revisions\/20132"}],"wp:featuredmedia":[{"embeddable":true,"href":"https:\/\/velumautostore.com\/es\/wp-json\/wp\/v2\/media\/18820"}],"wp:attachment":[{"href":"https:\/\/velumautostore.com\/es\/wp-json\/wp\/v2\/media?parent=20131"}],"wp:term":[{"taxonomy":"product_brand","embeddable":true,"href":"https:\/\/velumautostore.com\/es\/wp-json\/wp\/v2\/product_brand?post=20131"},{"taxonomy":"product_cat","embeddable":true,"href":"https:\/\/velumautostore.com\/es\/wp-json\/wp\/v2\/product_cat?post=20131"},{"taxonomy":"product_tag","embeddable":true,"href":"https:\/\/velumautostore.com\/es\/wp-json\/wp\/v2\/product_tag?post=20131"}],"curies":[{"name":"wp","href":"https:\/\/api.w.org\/{rel}","templated":true}]}}