{"id":20127,"date":"2026-02-18T09:25:06","date_gmt":"2026-02-18T08:25:06","guid":{"rendered":"https:\/\/velumautostore.com\/produit\/tejido-oem-beige-para-el-techo-del-coche-premium-dense\/"},"modified":"2026-04-24T19:38:12","modified_gmt":"2026-04-24T17:38:12","slug":"tejido-oem-beige-para-el-techo-del-coche-premium-dense","status":"publish","type":"product","link":"https:\/\/velumautostore.com\/es\/producto\/tejido-oem-beige-para-el-techo-del-coche-premium-dense\/","title":{"rendered":"Tejido OEM Beige para el techo del coche &#8211; Premium Dense"},"content":{"rendered":"<p data-start=\"709\" data-end=\"843\">Esta <strong data-start=\"712\" data-end=\"748\">tela beige para techo de coche<\/strong> est\u00e1 dise\u00f1ada para veh\u00edculos con un interior claro que requieren una renovaci\u00f3n completa del techo.<\/p>\n<p data-start=\"845\" data-end=\"999\">Puede utilizarse para sustituir un techo amarillento, manchado o descolgado cuando la espuma original se ha deteriorado y ya no basta con una simple readhesi\u00f3n.<\/p>\n<p data-start=\"1001\" data-end=\"1069\">Su c\u00e1lido color beige hace juego con los interiores originales europeos.<\/p>\n<hr data-start=\"1071\" data-end=\"1074\">\n<h2 data-start=\"1076\" data-end=\"1116\">\u00bfPor qu\u00e9 elegir un tejido beige OEM?<\/h2>\n<p data-start=\"1118\" data-end=\"1136\">El beige aporta :<\/p>\n<ul data-start=\"1138\" data-end=\"1296\">\n<li data-start=\"1138\" data-end=\"1164\">\n<p data-start=\"1140\" data-end=\"1164\">Una atm\u00f3sfera luminosa<\/p>\n<\/li>\n<li data-start=\"1165\" data-end=\"1190\">\n<p data-start=\"1167\" data-end=\"1190\">Un acabado elegante<\/p>\n<\/li>\n<li data-start=\"1191\" data-end=\"1244\">\n<p data-start=\"1193\" data-end=\"1244\">Mayor armon\u00eda con los interiores claros<\/p>\n<\/li>\n<li data-start=\"1245\" data-end=\"1296\">\n<p data-start=\"1247\" data-end=\"1296\">Aumentar el valor del veh\u00edculo cuando se revende<\/p>\n<\/li>\n<\/ul>\n<p data-start=\"1298\" data-end=\"1409\">Una sustituci\u00f3n completa con una tela adecuada para techos de autom\u00f3viles garantiza un resultado limpio y duradero.<\/p>\n<hr data-start=\"1411\" data-end=\"1414\">\n<h2 data-start=\"1416\" data-end=\"1454\">Caracter\u00edsticas t\u00e9cnicas de primera<\/h2>\n<ul data-start=\"1456\" data-end=\"1682\">\n<li data-start=\"1456\" data-end=\"1494\">\n<p data-start=\"1458\" data-end=\"1494\">Espuma de alta densidad: 22-25 kg\/m\u00b3<\/p>\n<\/li>\n<li data-start=\"1495\" data-end=\"1530\">\n<p data-start=\"1497\" data-end=\"1530\">Grosor total: aprox. 4 mm<\/p>\n<\/li>\n<li data-start=\"1531\" data-end=\"1571\">\n<p data-start=\"1533\" data-end=\"1571\">Resistencia t\u00e9rmica: hasta 100\u00b0C<\/p>\n<\/li>\n<li data-start=\"1572\" data-end=\"1599\">\n<p data-start=\"1574\" data-end=\"1599\">Anchura del rollo: 1,5 m<\/p>\n<\/li>\n<li data-start=\"1600\" data-end=\"1634\">\n<p data-start=\"1602\" data-end=\"1634\">Superficie mate de terciopelo de automoci\u00f3n<\/p>\n<\/li>\n<li data-start=\"1635\" data-end=\"1682\">\n<p data-start=\"1637\" data-end=\"1682\">Compatible con cola de neopreno de alta temperatura<\/p>\n<\/li>\n<\/ul>\n<p data-start=\"1684\" data-end=\"1761\">La alta densidad limita la deformaci\u00f3n y mejora la durabilidad.<\/p>\n<hr data-start=\"1763\" data-end=\"1766\">\n<h2 data-start=\"1768\" data-end=\"1808\">Compatible con muchos veh\u00edculos<\/h2>\n<p data-start=\"1810\" data-end=\"1895\">Esta tela beige para el techo del coche es adecuada para berlinas y coches compactos como :<\/p>\n<ul data-start=\"1897\" data-end=\"1977\">\n<li data-start=\"1897\" data-end=\"1916\">\n<p data-start=\"1899\" data-end=\"1916\">Volkswagen Golf<\/p>\n<\/li>\n<li data-start=\"1917\" data-end=\"1932\">\n<p data-start=\"1919\" data-end=\"1932\">Peugeot 206<\/p>\n<\/li>\n<li data-start=\"1933\" data-end=\"1949\">\n<p data-start=\"1935\" data-end=\"1949\">Renault Clio<\/p>\n<\/li>\n<li data-start=\"1950\" data-end=\"1961\">\n<p data-start=\"1952\" data-end=\"1961\">Audi A3<\/p>\n<\/li>\n<li data-start=\"1962\" data-end=\"1977\">\n<p data-start=\"1964\" data-end=\"1977\">BMW Serie 3<\/p>\n<\/li>\n<\/ul>\n<p data-start=\"1979\" data-end=\"2023\">Se puede cortar a las dimensiones originales.<\/p>\n<hr data-start=\"2025\" data-end=\"2028\">\n<h2 data-start=\"2030\" data-end=\"2069\">Consejos para una renovaci\u00f3n sostenible<\/h2>\n<p data-start=\"2071\" data-end=\"2116\">Para sustituir correctamente un revestimiento del techo :<\/p>\n<ol data-start=\"2118\" data-end=\"2343\">\n<li data-start=\"2118\" data-end=\"2149\">\n<p data-start=\"2121\" data-end=\"2149\">Retira el panel completo<\/p>\n<\/li>\n<li data-start=\"2150\" data-end=\"2183\">\n<p data-start=\"2153\" data-end=\"2183\">Retira toda la espuma usada<\/p>\n<\/li>\n<li data-start=\"2184\" data-end=\"2257\">\n<p data-start=\"2187\" data-end=\"2257\">Aplica adhesivo de neopreno de alta temperatura a ambas superficies<\/p>\n<\/li>\n<li data-start=\"2258\" data-end=\"2290\">\n<p data-start=\"2261\" data-end=\"2290\">Respeta el tiempo de fraguado<\/p>\n<\/li>\n<li data-start=\"2291\" data-end=\"2343\">\n<p data-start=\"2294\" data-end=\"2343\">Alisa gradualmente desde el centro hacia los bordes<\/p>\n<\/li>\n<\/ol>\n<p data-start=\"2345\" data-end=\"2442\">Un adhesivo adecuado para techos de coches es esencial para evitar la delaminaci\u00f3n en verano.<\/p>\n<hr data-start=\"2444\" data-end=\"2447\">\n<h2 data-start=\"2449\" data-end=\"2496\">\u00bfNecesitas ayuda para sustituir tu techo?<\/h2>\n<p data-start=\"2498\" data-end=\"2627\">Antes de empezar, consulta nuestra <a href=\"https:\/\/velumautostore.com\/es\/sustituir-o-rehacer-la-tela-del-techo-cuando-la-renovacion-se-hace-imprescindible\/\" target=\"_blank\" rel=\"noopener\"><strong data-start=\"2534\" data-end=\"2580\">gu\u00eda completa de sustituci\u00f3n del revestimiento del tejado<\/strong><\/a> para que tu renovaci\u00f3n sea un \u00e9xito, paso a paso.<\/p>\n<hr data-start=\"2666\" data-end=\"2669\">\n<h2 data-start=\"2671\" data-end=\"2701\">Otros colores disponibles<\/h2>\n<ul data-start=\"2703\" data-end=\"2785\">\n<li data-start=\"2703\" data-end=\"2742\">\n<p data-start=\"2705\" data-end=\"2742\"><a href=\"https:\/\/velumautostore.com\/es\/?post_type=product&#038;p=20131\" target=\"_blank\" rel=\"noopener\">Tejido OEM negro para el techo del coche<\/a><\/p>\n<\/li>\n<li data-start=\"2743\" data-end=\"2785\">\n<p data-start=\"2745\" data-end=\"2785\"><a href=\"https:\/\/velumautostore.com\/es\/?post_type=product&#038;p=20108\" target=\"_blank\" rel=\"noopener\">Tela OEM VW gris para techo de coche<\/a><\/p>\n<\/li>\n<\/ul>\n","protected":false},"excerpt":{"rendered":"<p data-start=\"446\" data-end=\"583\">Tejido OEM beige de alta densidad para techos de coches 22-25 kg\/m\u00b3.<\/p>\n<p data-start=\"446\" data-end=\"583\">Ideal para sustituir un techo de coche amarillento o permanentemente descolgado.<\/p>\n[mark style=\"text\" color=\"#E1983C\"]Precios decrecientes[\/mark]\n<h5>1 metro = PROMO -\u20ac7<\/h5>\n<p data-start=\"147\" data-end=\"236\"><strong data-start=\"147\" data-end=\"178\">52,90 por metro<\/strong> &#8211; ideal para reparaciones puntuales o zonas peque\u00f1as.<\/p>\n<hr data-start=\"238\" data-end=\"241\">\n<h5 data-start=\"243\" data-end=\"258\">2 metros = PROMO -15<\/h5>\n<p data-start=\"260\" data-end=\"342\"><strong data-start=\"260\" data-end=\"292\">104,90 \u20ac o 52,45 \u20ac por metro<\/strong>, la medida recomendada para un turismo est\u00e1ndar.<\/p>\n<hr data-start=\"344\" data-end=\"347\">\n<h5 data-start=\"349\" data-end=\"364\">3 metros = PROMO -\u20ac30<\/h5>\n<p data-start=\"366\" data-end=\"483\"><strong data-start=\"366\" data-end=\"398\">149,90 o 49,97 euros por metro<\/strong>: la soluci\u00f3n m\u00e1s rentable para un veh\u00edculo grande.<\/p>\n","protected":false},"featured_media":18812,"comment_status":"open","ping_status":"closed","template":"","meta":[],"product_brand":[],"product_cat":[1368],"product_tag":[],"class_list":{"0":"post-20127","1":"product","2":"type-product","3":"status-publish","4":"has-post-thumbnail","6":"product_cat-tejido-del-techo-del-coche","8":"first","9":"outofstock","10":"sale","11":"shipping-taxable","12":"purchasable","13":"product-type-simple"},"etheme_brands":{"errors":{"invalid_taxonomy":["Taxonom\u00eda no v\u00e1lida."]},"error_data":[]},"yoast_head":"<!-- This site is optimized with the Yoast SEO Premium plugin v27.3 (Yoast SEO v27.5) - https:\/\/yoast.com\/product\/yoast-seo-premium-wordpress\/ -->\n<title>Tejido OEM Beige para el techo del coche - Premium Dense - Velum Auto Store<\/title>\n<meta name=\"description\" content=\"Tela para techo de coche OEM beige de alta densidad 22 kg\/m\u00b3. Soluci\u00f3n duradera para sustituir un techo de coche amarillento o descolgado.\" \/>\n<meta name=\"robots\" content=\"index, follow, max-snippet:-1, max-image-preview:large, max-video-preview:-1\" \/>\n<link rel=\"canonical\" href=\"https:\/\/velumautostore.com\/es\/?post_type=product&p=20127\" \/>\n<meta property=\"og:locale\" content=\"es_ES\" \/>\n<meta property=\"og:type\" content=\"article\" \/>\n<meta property=\"og:title\" content=\"Tejido OEM Beige para el techo del coche - Premium Dense\" \/>\n<meta property=\"og:description\" content=\"Tela para techo de coche OEM beige de alta densidad 22 kg\/m\u00b3. Soluci\u00f3n duradera para sustituir un techo de coche amarillento o descolgado.\" \/>\n<meta property=\"og:url\" content=\"https:\/\/velumautostore.com\/es\/?post_type=product&amp;p=20127\" \/>\n<meta property=\"og:site_name\" content=\"Velum Auto Store\" \/>\n<meta property=\"article:publisher\" content=\"https:\/\/fr-fr.facebook.com\/Velumautostore\/\" \/>\n<meta property=\"article:modified_time\" content=\"2026-04-24T17:38:12+00:00\" \/>\n<meta property=\"og:image\" content=\"https:\/\/velumautostore.com\/wp-content\/uploads\/2026\/02\/ciel-de-toit-decolle-beige.jpg\" \/>\n\t<meta property=\"og:image:width\" content=\"2000\" \/>\n\t<meta property=\"og:image:height\" content=\"2423\" \/>\n\t<meta property=\"og:image:type\" content=\"image\/jpeg\" \/>\n<meta name=\"twitter:card\" content=\"summary_large_image\" \/>\n<meta name=\"twitter:label1\" content=\"Precio\" \/>\n\t<meta name=\"twitter:data1\" content=\"52.90&euro;\" \/>\n\t<meta name=\"twitter:label2\" content=\"Disponibilidad\" \/>\n\t<meta name=\"twitter:data2\" content=\"Sin existencias\" \/>\n<script type=\"application\/ld+json\" class=\"yoast-schema-graph\">{\"@context\":\"https:\\\/\\\/schema.org\",\"@graph\":[{\"@type\":\"WebPage\",\"@id\":\"https:\\\/\\\/velumautostore.com\\\/es\\\/?post_type=product&p=20127\",\"url\":\"https:\\\/\\\/velumautostore.com\\\/es\\\/?post_type=product&p=20127\",\"name\":\"Tejido OEM Beige para el techo del coche - Premium Dense - Velum Auto Store\",\"isPartOf\":{\"@id\":\"https:\\\/\\\/velumautostore.com\\\/#website\"},\"primaryImageOfPage\":{\"@id\":\"https:\\\/\\\/velumautostore.com\\\/es\\\/?post_type=product&p=20127#primaryimage\"},\"image\":{\"@id\":\"https:\\\/\\\/velumautostore.com\\\/es\\\/?post_type=product&p=20127#primaryimage\"},\"thumbnailUrl\":\"https:\\\/\\\/velumautostore.com\\\/wp-content\\\/uploads\\\/2026\\\/02\\\/ciel-de-toit-decolle-beige.jpg\",\"datePublished\":\"2026-02-18T08:25:06+00:00\",\"dateModified\":\"2026-04-24T17:38:12+00:00\",\"description\":\"Tela para techo de coche OEM beige de alta densidad 22 kg\\\/m\u00b3. Soluci\u00f3n duradera para sustituir un techo de coche amarillento o descolgado.\",\"breadcrumb\":{\"@id\":\"https:\\\/\\\/velumautostore.com\\\/es\\\/?post_type=product&p=20127#breadcrumb\"},\"inLanguage\":\"es\",\"potentialAction\":[{\"@type\":\"ReadAction\",\"target\":[\"https:\\\/\\\/velumautostore.com\\\/es\\\/?post_type=product&p=20127\"]}]},{\"@type\":\"ImageObject\",\"inLanguage\":\"es\",\"@id\":\"https:\\\/\\\/velumautostore.com\\\/es\\\/?post_type=product&p=20127#primaryimage\",\"url\":\"https:\\\/\\\/velumautostore.com\\\/wp-content\\\/uploads\\\/2026\\\/02\\\/ciel-de-toit-decolle-beige.jpg\",\"contentUrl\":\"https:\\\/\\\/velumautostore.com\\\/wp-content\\\/uploads\\\/2026\\\/02\\\/ciel-de-toit-decolle-beige.jpg\",\"width\":2000,\"height\":2423},{\"@type\":\"BreadcrumbList\",\"@id\":\"https:\\\/\\\/velumautostore.com\\\/es\\\/?post_type=product&p=20127#breadcrumb\",\"itemListElement\":[{\"@type\":\"ListItem\",\"position\":1,\"name\":\"Accueil\",\"item\":\"https:\\\/\\\/velumautostore.com\\\/es\\\/inicio\\\/\"},{\"@type\":\"ListItem\",\"position\":2,\"name\":\"Tienda\",\"item\":\"https:\\\/\\\/velumautostore.com\\\/es\\\/?page_id=19552\"},{\"@type\":\"ListItem\",\"position\":3,\"name\":\"Tejido OEM Beige para el techo del coche &#8211; Premium Dense\"}]},{\"@type\":\"WebSite\",\"@id\":\"https:\\\/\\\/velumautostore.com\\\/#website\",\"url\":\"https:\\\/\\\/velumautostore.com\\\/\",\"name\":\"Velum Auto Store\",\"description\":\"Store et toit panoramique\",\"publisher\":{\"@id\":\"https:\\\/\\\/velumautostore.com\\\/#organization\"},\"potentialAction\":[{\"@type\":\"SearchAction\",\"target\":{\"@type\":\"EntryPoint\",\"urlTemplate\":\"https:\\\/\\\/velumautostore.com\\\/?s={search_term_string}\"},\"query-input\":{\"@type\":\"PropertyValueSpecification\",\"valueRequired\":true,\"valueName\":\"search_term_string\"}}],\"inLanguage\":\"es\"},{\"@type\":\"Organization\",\"@id\":\"https:\\\/\\\/velumautostore.com\\\/#organization\",\"name\":\"Velum Auto Store\",\"url\":\"https:\\\/\\\/velumautostore.com\\\/\",\"logo\":{\"@type\":\"ImageObject\",\"inLanguage\":\"es\",\"@id\":\"https:\\\/\\\/velumautostore.com\\\/#\\\/schema\\\/logo\\\/image\\\/\",\"url\":\"https:\\\/\\\/velumautostore.com\\\/wp-content\\\/uploads\\\/2021\\\/09\\\/cropped-Velum_AutoStore_logo_3.png\",\"contentUrl\":\"https:\\\/\\\/velumautostore.com\\\/wp-content\\\/uploads\\\/2021\\\/09\\\/cropped-Velum_AutoStore_logo_3.png\",\"width\":321,\"height\":154,\"caption\":\"Velum Auto Store\"},\"image\":{\"@id\":\"https:\\\/\\\/velumautostore.com\\\/#\\\/schema\\\/logo\\\/image\\\/\"},\"sameAs\":[\"https:\\\/\\\/fr-fr.facebook.com\\\/Velumautostore\\\/\"]}]}<\/script>\n<meta property=\"product:price:amount\" content=\"52.90\" \/>\n<meta property=\"product:price:currency\" content=\"EUR\" \/>\n<meta property=\"og:availability\" content=\"out of stock\" \/>\n<meta property=\"product:availability\" content=\"out of stock\" \/>\n<meta property=\"product:condition\" content=\"new\" \/>\n<!-- \/ Yoast SEO Premium plugin. -->","yoast_head_json":{"title":"Tejido OEM Beige para el techo del coche - Premium Dense - Velum Auto Store","description":"Tela para techo de coche OEM beige de alta densidad 22 kg\/m\u00b3. Soluci\u00f3n duradera para sustituir un techo de coche amarillento o descolgado.","robots":{"index":"index","follow":"follow","max-snippet":"max-snippet:-1","max-image-preview":"max-image-preview:large","max-video-preview":"max-video-preview:-1"},"canonical":"https:\/\/velumautostore.com\/es\/?post_type=product&p=20127","og_locale":"es_ES","og_type":"article","og_title":"Tejido OEM Beige para el techo del coche - Premium Dense","og_description":"Tela para techo de coche OEM beige de alta densidad 22 kg\/m\u00b3. Soluci\u00f3n duradera para sustituir un techo de coche amarillento o descolgado.","og_url":"https:\/\/velumautostore.com\/es\/?post_type=product&p=20127","og_site_name":"Velum Auto Store","article_publisher":"https:\/\/fr-fr.facebook.com\/Velumautostore\/","article_modified_time":"2026-04-24T17:38:12+00:00","og_image":[{"width":2000,"height":2423,"url":"https:\/\/velumautostore.com\/wp-content\/uploads\/2026\/02\/ciel-de-toit-decolle-beige.jpg","type":"image\/jpeg"}],"twitter_card":"summary_large_image","twitter_misc":{"Precio":"52.90&euro;","Disponibilidad":"Sin existencias"},"schema":{"@context":"https:\/\/schema.org","@graph":[{"@type":"WebPage","@id":"https:\/\/velumautostore.com\/es\/?post_type=product&p=20127","url":"https:\/\/velumautostore.com\/es\/?post_type=product&p=20127","name":"Tejido OEM Beige para el techo del coche - Premium Dense - Velum Auto Store","isPartOf":{"@id":"https:\/\/velumautostore.com\/#website"},"primaryImageOfPage":{"@id":"https:\/\/velumautostore.com\/es\/?post_type=product&p=20127#primaryimage"},"image":{"@id":"https:\/\/velumautostore.com\/es\/?post_type=product&p=20127#primaryimage"},"thumbnailUrl":"https:\/\/velumautostore.com\/wp-content\/uploads\/2026\/02\/ciel-de-toit-decolle-beige.jpg","datePublished":"2026-02-18T08:25:06+00:00","dateModified":"2026-04-24T17:38:12+00:00","description":"Tela para techo de coche OEM beige de alta densidad 22 kg\/m\u00b3. Soluci\u00f3n duradera para sustituir un techo de coche amarillento o descolgado.","breadcrumb":{"@id":"https:\/\/velumautostore.com\/es\/?post_type=product&p=20127#breadcrumb"},"inLanguage":"es","potentialAction":[{"@type":"ReadAction","target":["https:\/\/velumautostore.com\/es\/?post_type=product&p=20127"]}]},{"@type":"ImageObject","inLanguage":"es","@id":"https:\/\/velumautostore.com\/es\/?post_type=product&p=20127#primaryimage","url":"https:\/\/velumautostore.com\/wp-content\/uploads\/2026\/02\/ciel-de-toit-decolle-beige.jpg","contentUrl":"https:\/\/velumautostore.com\/wp-content\/uploads\/2026\/02\/ciel-de-toit-decolle-beige.jpg","width":2000,"height":2423},{"@type":"BreadcrumbList","@id":"https:\/\/velumautostore.com\/es\/?post_type=product&p=20127#breadcrumb","itemListElement":[{"@type":"ListItem","position":1,"name":"Accueil","item":"https:\/\/velumautostore.com\/es\/inicio\/"},{"@type":"ListItem","position":2,"name":"Tienda","item":"https:\/\/velumautostore.com\/es\/?page_id=19552"},{"@type":"ListItem","position":3,"name":"Tejido OEM Beige para el techo del coche &#8211; Premium Dense"}]},{"@type":"WebSite","@id":"https:\/\/velumautostore.com\/#website","url":"https:\/\/velumautostore.com\/","name":"Velum Auto Store","description":"Store et toit panoramique","publisher":{"@id":"https:\/\/velumautostore.com\/#organization"},"potentialAction":[{"@type":"SearchAction","target":{"@type":"EntryPoint","urlTemplate":"https:\/\/velumautostore.com\/?s={search_term_string}"},"query-input":{"@type":"PropertyValueSpecification","valueRequired":true,"valueName":"search_term_string"}}],"inLanguage":"es"},{"@type":"Organization","@id":"https:\/\/velumautostore.com\/#organization","name":"Velum Auto Store","url":"https:\/\/velumautostore.com\/","logo":{"@type":"ImageObject","inLanguage":"es","@id":"https:\/\/velumautostore.com\/#\/schema\/logo\/image\/","url":"https:\/\/velumautostore.com\/wp-content\/uploads\/2021\/09\/cropped-Velum_AutoStore_logo_3.png","contentUrl":"https:\/\/velumautostore.com\/wp-content\/uploads\/2021\/09\/cropped-Velum_AutoStore_logo_3.png","width":321,"height":154,"caption":"Velum Auto Store"},"image":{"@id":"https:\/\/velumautostore.com\/#\/schema\/logo\/image\/"},"sameAs":["https:\/\/fr-fr.facebook.com\/Velumautostore\/"]}]},"product_price_amount":"52.90","product_price_currency":"EUR","og_availability":"out of stock","product_availability":"out of stock","product_condition":"new"},"_links":{"self":[{"href":"https:\/\/velumautostore.com\/es\/wp-json\/wp\/v2\/product\/20127","targetHints":{"allow":["GET"]}}],"collection":[{"href":"https:\/\/velumautostore.com\/es\/wp-json\/wp\/v2\/product"}],"about":[{"href":"https:\/\/velumautostore.com\/es\/wp-json\/wp\/v2\/types\/product"}],"replies":[{"embeddable":true,"href":"https:\/\/velumautostore.com\/es\/wp-json\/wp\/v2\/comments?post=20127"}],"version-history":[{"count":1,"href":"https:\/\/velumautostore.com\/es\/wp-json\/wp\/v2\/product\/20127\/revisions"}],"predecessor-version":[{"id":20128,"href":"https:\/\/velumautostore.com\/es\/wp-json\/wp\/v2\/product\/20127\/revisions\/20128"}],"wp:featuredmedia":[{"embeddable":true,"href":"https:\/\/velumautostore.com\/es\/wp-json\/wp\/v2\/media\/18812"}],"wp:attachment":[{"href":"https:\/\/velumautostore.com\/es\/wp-json\/wp\/v2\/media?parent=20127"}],"wp:term":[{"taxonomy":"product_brand","embeddable":true,"href":"https:\/\/velumautostore.com\/es\/wp-json\/wp\/v2\/product_brand?post=20127"},{"taxonomy":"product_cat","embeddable":true,"href":"https:\/\/velumautostore.com\/es\/wp-json\/wp\/v2\/product_cat?post=20127"},{"taxonomy":"product_tag","embeddable":true,"href":"https:\/\/velumautostore.com\/es\/wp-json\/wp\/v2\/product_tag?post=20127"}],"curies":[{"name":"wp","href":"https:\/\/api.w.org\/{rel}","templated":true}]}}