{"id":20108,"date":"2026-02-18T09:20:40","date_gmt":"2026-02-18T08:20:40","guid":{"rendered":"https:\/\/velumautostore.com\/produit\/tejido-oem-gris-para-el-techo-del-coche-premium-dense\/"},"modified":"2026-04-24T19:37:16","modified_gmt":"2026-04-24T17:37:16","slug":"tejido-oem-gris-para-el-techo-del-coche-premium-dense","status":"publish","type":"product","link":"https:\/\/velumautostore.com\/es\/producto\/tejido-oem-gris-para-el-techo-del-coche-premium-dense\/","title":{"rendered":"Tejido OEM gris para el techo del coche &#8211; Premium Dense"},"content":{"rendered":"<p data-start=\"830\" data-end=\"1056\">Esta <strong data-start=\"833\" data-end=\"868\">tela gris para techos de coches<\/strong> ha sido especialmente seleccionada para la renovaci\u00f3n completa de techos de coches.<br data-start=\"951\" data-end=\"954\">Su color gris claro combina con interiores europeos como el Volkswagen Golf, el Audi A3 o el Peugeot 206.<\/p>\n<p data-start=\"1058\" data-end=\"1183\">Puede utilizarse para sustituir el revestimiento de un tejado cuando la espuma original se ha deteriorado y ya no basta con una simple reparaci\u00f3n.<\/p>\n<hr data-start=\"1185\" data-end=\"1188\">\n<h2 data-start=\"1190\" data-end=\"1229\">\u00bfPor qu\u00e9 elegir un tejido gris OEM?<\/h2>\n<p data-start=\"1231\" data-end=\"1372\">El gris es el color m\u00e1s utilizado en los veh\u00edculos europeos.<br data-start=\"1298\" data-end=\"1301\">Elegir una tela para el techo del coche de un gris cercano al original permite :<\/p>\n<ul data-start=\"1374\" data-end=\"1528\">\n<li data-start=\"1374\" data-end=\"1401\">\n<p data-start=\"1376\" data-end=\"1401\">Una renovaci\u00f3n discreta<\/p>\n<\/li>\n<li data-start=\"1374\" data-end=\"1401\">\n<p data-start=\"1376\" data-end=\"1401\">Un acabado uniforme<\/p>\n<\/li>\n<li data-start=\"1374\" data-end=\"1401\">\n<p data-start=\"1376\" data-end=\"1401\">Un aspecto acorde con el interior del fabricante<\/p>\n<\/li>\n<li data-start=\"1478\" data-end=\"1528\">\n<p data-start=\"1480\" data-end=\"1528\">Aumento del valor del veh\u00edculo en caso de reventa<\/p>\n<\/li>\n<\/ul>\n<hr data-start=\"1530\" data-end=\"1533\">\n<h2 data-start=\"1535\" data-end=\"1573\">Caracter\u00edsticas t\u00e9cnicas de primera<\/h2>\n<ul data-start=\"1575\" data-end=\"1802\">\n<li data-start=\"1575\" data-end=\"1613\">\n<p data-start=\"1577\" data-end=\"1613\">Espuma de alta densidad: 22-25 kg\/m\u00b3<\/p>\n<\/li>\n<li data-start=\"1614\" data-end=\"1649\">\n<p data-start=\"1616\" data-end=\"1649\">Grosor total: aprox. 4 mm<\/p>\n<\/li>\n<li data-start=\"1650\" data-end=\"1690\">\n<p data-start=\"1652\" data-end=\"1690\">Resistencia t\u00e9rmica: hasta 100\u00b0C<\/p>\n<\/li>\n<li data-start=\"1691\" data-end=\"1718\">\n<p data-start=\"1693\" data-end=\"1718\">Anchura del rollo: 1,5 m<\/p>\n<\/li>\n<li data-start=\"1719\" data-end=\"1754\">\n<p data-start=\"1721\" data-end=\"1754\">Acabado mate de terciopelo de automoci\u00f3n<\/p>\n<\/li>\n<li data-start=\"1755\" data-end=\"1802\">\n<p data-start=\"1757\" data-end=\"1802\">Compatible con cola de neopreno de alta temperatura<\/p>\n<\/li>\n<\/ul>\n<p data-start=\"1804\" data-end=\"1898\">La alta densidad garantiza una mayor resistencia a lo largo del tiempo y limita las ondulaciones tras la adhesi\u00f3n.<\/p>\n<hr data-start=\"1900\" data-end=\"1903\">\n<h2 data-start=\"1905\" data-end=\"1949\">Compatible con la mayor\u00eda de los veh\u00edculos<\/h2>\n<p data-start=\"1951\" data-end=\"2017\">Esta tela gris para techos de autom\u00f3viles es adecuada para modelos como :<\/p>\n<ul data-start=\"2019\" data-end=\"2110\">\n<li data-start=\"2019\" data-end=\"2049\">\n<p data-start=\"2021\" data-end=\"2049\">Volkswagen Golf 4 \/ Golf 5 \/ Touran \/ Passat<\/p>\n<\/li>\n<li data-start=\"2050\" data-end=\"2061\">\n<p data-start=\"2052\" data-end=\"2061\">Audi A3 \/ A4<\/p>\n<\/li>\n<li data-start=\"2062\" data-end=\"2077\">\n<p data-start=\"2064\" data-end=\"2077\">Peugeot 206<\/p>\n<\/li>\n<li data-start=\"2078\" data-end=\"2094\">\n<p data-start=\"2080\" data-end=\"2094\">Renault Clio<\/p>\n<\/li>\n<li data-start=\"2095\" data-end=\"2110\">\n<p data-start=\"2097\" data-end=\"2110\">BMW Serie 3<\/p>\n<\/li>\n<\/ul>\n<p data-start=\"2112\" data-end=\"2175\">Se puede cortar a las dimensiones del panel original.<\/p>\n<hr data-start=\"2177\" data-end=\"2180\">\n<h2 data-start=\"2182\" data-end=\"2224\">Consejos para sustituir el revestimiento de un tejado<\/h2>\n<p data-start=\"2226\" data-end=\"2261\">Para garantizar resultados duraderos:<\/p>\n<ol data-start=\"2263\" data-end=\"2471\">\n<li data-start=\"2263\" data-end=\"2294\">\n<p data-start=\"2266\" data-end=\"2294\">Retira el panel completo<\/p>\n<\/li>\n<li data-start=\"2295\" data-end=\"2333\">\n<p data-start=\"2298\" data-end=\"2333\">Retira toda la espuma usada<\/p>\n<\/li>\n<li data-start=\"2334\" data-end=\"2407\">\n<p data-start=\"2337\" data-end=\"2407\">Aplica adhesivo de neopreno de alta temperatura a ambas superficies<\/p>\n<\/li>\n<li data-start=\"2408\" data-end=\"2440\">\n<p data-start=\"2411\" data-end=\"2440\">Respeta el tiempo de fraguado<\/p>\n<\/li>\n<li data-start=\"2441\" data-end=\"2471\">\n<p data-start=\"2444\" data-end=\"2471\">Moldea progresivamente<\/p>\n<\/li>\n<\/ol>\n<p data-start=\"2473\" data-end=\"2589\">Recomendamos utilizar un adhesivo adecuado para techos de autom\u00f3viles, para que resista el calor del verano.<\/p>\n<hr data-start=\"2591\" data-end=\"2594\">\n<h2 data-start=\"2596\" data-end=\"2636\">\u00bfNecesitas ayuda con tu renovaci\u00f3n?<\/h2>\n<p data-start=\"2638\" data-end=\"2770\">Antes de empezar, consulta nuestra <a href=\"https:\/\/velumautostore.com\/es\/sustituir-o-rehacer-la-tela-del-techo-cuando-la-renovacion-se-hace-imprescindible\/\" target=\"_blank\" rel=\"noopener\"><strong data-start=\"2674\" data-end=\"2721\">gu\u00eda completa de renovaci\u00f3n del techo del coche<\/strong><\/a> para que tu sustituci\u00f3n sea un \u00e9xito, paso a paso.<\/p>\n<hr data-start=\"2827\" data-end=\"2830\">\n<h2 data-start=\"2832\" data-end=\"2855\">Tambi\u00e9n disponible<\/h2>\n<ul data-start=\"2857\" data-end=\"2937\">\n<li data-start=\"2857\" data-end=\"2896\">\n<p data-start=\"2859\" data-end=\"2896\"><a href=\"https:\/\/velumautostore.com\/producto\/tissu-ciel-de-toit-voiture-noir-oem\/\" target=\"_blank\" rel=\"noopener\">Tejido OEM negro para el techo del coche<\/a><\/p>\n<\/li>\n<li data-start=\"2897\" data-end=\"2937\">\n<p data-start=\"2899\" data-end=\"2937\"><a href=\"https:\/\/velumautostore.com\/producto\/tissu-ciel-de-toit-voiture-beige-oem\/\" target=\"_blank\" rel=\"noopener\">Tejido OEM beige para el techo del coche<\/a><\/p>\n<\/li>\n<\/ul>\n","protected":false},"excerpt":{"rendered":"<p>Tejido para techo de coche gris tipo OEM VW, espuma densa 22-25 kg\/m\u00b3, resistencia al calor 100\u00b0C.<\/p>\n<p>Ideal para sustituir permanentemente un techo de coche hundido.<\/p>\n[mark style=\"text\" color=\"#E1983C\"]Precios decrecientes[\/mark]\n<h5>1 metro = PROMO -\u20ac7<\/h5>\n<p data-start=\"147\" data-end=\"236\"><strong data-start=\"147\" data-end=\"178\">52,90 por metro<\/strong> &#8211; ideal para reparaciones puntuales o zonas peque\u00f1as.<\/p>\n<hr data-start=\"238\" data-end=\"241\">\n<h5 data-start=\"243\" data-end=\"258\">2 metros = PROMO -15<\/h5>\n<p data-start=\"260\" data-end=\"342\"><strong data-start=\"260\" data-end=\"292\">104,90 \u20ac o 52,45 \u20ac por metro<\/strong>, la medida recomendada para un turismo est\u00e1ndar.<\/p>\n<hr data-start=\"344\" data-end=\"347\">\n<h5 data-start=\"349\" data-end=\"364\">3 metros = PROMO -\u20ac30<\/h5>\n<p data-start=\"366\" data-end=\"483\"><strong data-start=\"366\" data-end=\"398\">149,90 o 49,97 euros por metro<\/strong>: la soluci\u00f3n m\u00e1s rentable para un veh\u00edculo grande.<\/p>\n","protected":false},"featured_media":18816,"comment_status":"open","ping_status":"closed","template":"","meta":[],"product_brand":[],"product_cat":[1368],"product_tag":[],"class_list":{"0":"post-20108","1":"product","2":"type-product","3":"status-publish","4":"has-post-thumbnail","6":"product_cat-tejido-del-techo-del-coche","8":"first","9":"outofstock","10":"sale","11":"shipping-taxable","12":"purchasable","13":"product-type-simple"},"etheme_brands":{"errors":{"invalid_taxonomy":["Taxonom\u00eda no v\u00e1lida."]},"error_data":[]},"yoast_head":"<!-- This site is optimized with the Yoast SEO Premium plugin v27.3 (Yoast SEO v27.5) - https:\/\/yoast.com\/product\/yoast-seo-premium-wordpress\/ -->\n<title>Tela para techo de coche OEM VW Gris - Premium Densa 22kg\/m\u00b3<\/title>\n<meta name=\"description\" content=\"Tela para techo de coche OEM VW premium densa gris de 22 kg\/m\u00b3. Ideal para sustituir permanentemente un techo de coche descolgado.\" \/>\n<meta name=\"robots\" content=\"index, follow, max-snippet:-1, max-image-preview:large, max-video-preview:-1\" \/>\n<link rel=\"canonical\" href=\"https:\/\/velumautostore.com\/es\/?post_type=product&p=20108\" \/>\n<meta property=\"og:locale\" content=\"es_ES\" \/>\n<meta property=\"og:type\" content=\"article\" \/>\n<meta property=\"og:title\" content=\"Tejido OEM gris para el techo del coche - Premium Dense\" \/>\n<meta property=\"og:description\" content=\"Tela para techo de coche OEM VW premium densa gris de 22 kg\/m\u00b3. Ideal para sustituir permanentemente un techo de coche descolgado.\" \/>\n<meta property=\"og:url\" content=\"https:\/\/velumautostore.com\/es\/?post_type=product&amp;p=20108\" \/>\n<meta property=\"og:site_name\" content=\"Velum Auto Store\" \/>\n<meta property=\"article:publisher\" content=\"https:\/\/fr-fr.facebook.com\/Velumautostore\/\" \/>\n<meta property=\"article:modified_time\" content=\"2026-04-24T17:37:16+00:00\" \/>\n<meta property=\"og:image\" content=\"https:\/\/velumautostore.com\/wp-content\/uploads\/2026\/02\/ciel-de-toit-decolle-gris.jpg\" \/>\n\t<meta property=\"og:image:width\" content=\"2000\" \/>\n\t<meta property=\"og:image:height\" content=\"2423\" \/>\n\t<meta property=\"og:image:type\" content=\"image\/jpeg\" \/>\n<meta name=\"twitter:card\" content=\"summary_large_image\" \/>\n<meta name=\"twitter:label1\" content=\"Precio\" \/>\n\t<meta name=\"twitter:data1\" content=\"52.90&euro;\" \/>\n\t<meta name=\"twitter:label2\" content=\"Disponibilidad\" \/>\n\t<meta name=\"twitter:data2\" content=\"Sin existencias\" \/>\n<script type=\"application\/ld+json\" class=\"yoast-schema-graph\">{\"@context\":\"https:\\\/\\\/schema.org\",\"@graph\":[{\"@type\":\"WebPage\",\"@id\":\"https:\\\/\\\/velumautostore.com\\\/es\\\/?post_type=product&p=20108\",\"url\":\"https:\\\/\\\/velumautostore.com\\\/es\\\/?post_type=product&p=20108\",\"name\":\"Tela para techo de coche OEM VW Gris - Premium Densa 22kg\\\/m\u00b3\",\"isPartOf\":{\"@id\":\"https:\\\/\\\/velumautostore.com\\\/#website\"},\"primaryImageOfPage\":{\"@id\":\"https:\\\/\\\/velumautostore.com\\\/es\\\/?post_type=product&p=20108#primaryimage\"},\"image\":{\"@id\":\"https:\\\/\\\/velumautostore.com\\\/es\\\/?post_type=product&p=20108#primaryimage\"},\"thumbnailUrl\":\"https:\\\/\\\/velumautostore.com\\\/wp-content\\\/uploads\\\/2026\\\/02\\\/ciel-de-toit-decolle-gris.jpg\",\"datePublished\":\"2026-02-18T08:20:40+00:00\",\"dateModified\":\"2026-04-24T17:37:16+00:00\",\"description\":\"Tela para techo de coche OEM VW premium densa gris de 22 kg\\\/m\u00b3. Ideal para sustituir permanentemente un techo de coche descolgado.\",\"breadcrumb\":{\"@id\":\"https:\\\/\\\/velumautostore.com\\\/es\\\/?post_type=product&p=20108#breadcrumb\"},\"inLanguage\":\"es\",\"potentialAction\":[{\"@type\":\"ReadAction\",\"target\":[\"https:\\\/\\\/velumautostore.com\\\/es\\\/?post_type=product&p=20108\"]}]},{\"@type\":\"ImageObject\",\"inLanguage\":\"es\",\"@id\":\"https:\\\/\\\/velumautostore.com\\\/es\\\/?post_type=product&p=20108#primaryimage\",\"url\":\"https:\\\/\\\/velumautostore.com\\\/wp-content\\\/uploads\\\/2026\\\/02\\\/ciel-de-toit-decolle-gris.jpg\",\"contentUrl\":\"https:\\\/\\\/velumautostore.com\\\/wp-content\\\/uploads\\\/2026\\\/02\\\/ciel-de-toit-decolle-gris.jpg\",\"width\":2000,\"height\":2423},{\"@type\":\"BreadcrumbList\",\"@id\":\"https:\\\/\\\/velumautostore.com\\\/es\\\/?post_type=product&p=20108#breadcrumb\",\"itemListElement\":[{\"@type\":\"ListItem\",\"position\":1,\"name\":\"Accueil\",\"item\":\"https:\\\/\\\/velumautostore.com\\\/es\\\/inicio\\\/\"},{\"@type\":\"ListItem\",\"position\":2,\"name\":\"Tienda\",\"item\":\"https:\\\/\\\/velumautostore.com\\\/es\\\/?page_id=19552\"},{\"@type\":\"ListItem\",\"position\":3,\"name\":\"Tejido OEM gris para el techo del coche &#8211; Premium Dense\"}]},{\"@type\":\"WebSite\",\"@id\":\"https:\\\/\\\/velumautostore.com\\\/#website\",\"url\":\"https:\\\/\\\/velumautostore.com\\\/\",\"name\":\"Velum Auto Store\",\"description\":\"Store et toit panoramique\",\"publisher\":{\"@id\":\"https:\\\/\\\/velumautostore.com\\\/#organization\"},\"potentialAction\":[{\"@type\":\"SearchAction\",\"target\":{\"@type\":\"EntryPoint\",\"urlTemplate\":\"https:\\\/\\\/velumautostore.com\\\/?s={search_term_string}\"},\"query-input\":{\"@type\":\"PropertyValueSpecification\",\"valueRequired\":true,\"valueName\":\"search_term_string\"}}],\"inLanguage\":\"es\"},{\"@type\":\"Organization\",\"@id\":\"https:\\\/\\\/velumautostore.com\\\/#organization\",\"name\":\"Velum Auto Store\",\"url\":\"https:\\\/\\\/velumautostore.com\\\/\",\"logo\":{\"@type\":\"ImageObject\",\"inLanguage\":\"es\",\"@id\":\"https:\\\/\\\/velumautostore.com\\\/#\\\/schema\\\/logo\\\/image\\\/\",\"url\":\"https:\\\/\\\/velumautostore.com\\\/wp-content\\\/uploads\\\/2021\\\/09\\\/cropped-Velum_AutoStore_logo_3.png\",\"contentUrl\":\"https:\\\/\\\/velumautostore.com\\\/wp-content\\\/uploads\\\/2021\\\/09\\\/cropped-Velum_AutoStore_logo_3.png\",\"width\":321,\"height\":154,\"caption\":\"Velum Auto Store\"},\"image\":{\"@id\":\"https:\\\/\\\/velumautostore.com\\\/#\\\/schema\\\/logo\\\/image\\\/\"},\"sameAs\":[\"https:\\\/\\\/fr-fr.facebook.com\\\/Velumautostore\\\/\"]}]}<\/script>\n<meta property=\"product:price:amount\" content=\"52.90\" \/>\n<meta property=\"product:price:currency\" content=\"EUR\" \/>\n<meta property=\"og:availability\" content=\"out of stock\" \/>\n<meta property=\"product:availability\" content=\"out of stock\" \/>\n<meta property=\"product:condition\" content=\"new\" \/>\n<!-- \/ Yoast SEO Premium plugin. -->","yoast_head_json":{"title":"Tela para techo de coche OEM VW Gris - Premium Densa 22kg\/m\u00b3","description":"Tela para techo de coche OEM VW premium densa gris de 22 kg\/m\u00b3. Ideal para sustituir permanentemente un techo de coche descolgado.","robots":{"index":"index","follow":"follow","max-snippet":"max-snippet:-1","max-image-preview":"max-image-preview:large","max-video-preview":"max-video-preview:-1"},"canonical":"https:\/\/velumautostore.com\/es\/?post_type=product&p=20108","og_locale":"es_ES","og_type":"article","og_title":"Tejido OEM gris para el techo del coche - Premium Dense","og_description":"Tela para techo de coche OEM VW premium densa gris de 22 kg\/m\u00b3. Ideal para sustituir permanentemente un techo de coche descolgado.","og_url":"https:\/\/velumautostore.com\/es\/?post_type=product&p=20108","og_site_name":"Velum Auto Store","article_publisher":"https:\/\/fr-fr.facebook.com\/Velumautostore\/","article_modified_time":"2026-04-24T17:37:16+00:00","og_image":[{"width":2000,"height":2423,"url":"https:\/\/velumautostore.com\/wp-content\/uploads\/2026\/02\/ciel-de-toit-decolle-gris.jpg","type":"image\/jpeg"}],"twitter_card":"summary_large_image","twitter_misc":{"Precio":"52.90&euro;","Disponibilidad":"Sin existencias"},"schema":{"@context":"https:\/\/schema.org","@graph":[{"@type":"WebPage","@id":"https:\/\/velumautostore.com\/es\/?post_type=product&p=20108","url":"https:\/\/velumautostore.com\/es\/?post_type=product&p=20108","name":"Tela para techo de coche OEM VW Gris - Premium Densa 22kg\/m\u00b3","isPartOf":{"@id":"https:\/\/velumautostore.com\/#website"},"primaryImageOfPage":{"@id":"https:\/\/velumautostore.com\/es\/?post_type=product&p=20108#primaryimage"},"image":{"@id":"https:\/\/velumautostore.com\/es\/?post_type=product&p=20108#primaryimage"},"thumbnailUrl":"https:\/\/velumautostore.com\/wp-content\/uploads\/2026\/02\/ciel-de-toit-decolle-gris.jpg","datePublished":"2026-02-18T08:20:40+00:00","dateModified":"2026-04-24T17:37:16+00:00","description":"Tela para techo de coche OEM VW premium densa gris de 22 kg\/m\u00b3. Ideal para sustituir permanentemente un techo de coche descolgado.","breadcrumb":{"@id":"https:\/\/velumautostore.com\/es\/?post_type=product&p=20108#breadcrumb"},"inLanguage":"es","potentialAction":[{"@type":"ReadAction","target":["https:\/\/velumautostore.com\/es\/?post_type=product&p=20108"]}]},{"@type":"ImageObject","inLanguage":"es","@id":"https:\/\/velumautostore.com\/es\/?post_type=product&p=20108#primaryimage","url":"https:\/\/velumautostore.com\/wp-content\/uploads\/2026\/02\/ciel-de-toit-decolle-gris.jpg","contentUrl":"https:\/\/velumautostore.com\/wp-content\/uploads\/2026\/02\/ciel-de-toit-decolle-gris.jpg","width":2000,"height":2423},{"@type":"BreadcrumbList","@id":"https:\/\/velumautostore.com\/es\/?post_type=product&p=20108#breadcrumb","itemListElement":[{"@type":"ListItem","position":1,"name":"Accueil","item":"https:\/\/velumautostore.com\/es\/inicio\/"},{"@type":"ListItem","position":2,"name":"Tienda","item":"https:\/\/velumautostore.com\/es\/?page_id=19552"},{"@type":"ListItem","position":3,"name":"Tejido OEM gris para el techo del coche &#8211; Premium Dense"}]},{"@type":"WebSite","@id":"https:\/\/velumautostore.com\/#website","url":"https:\/\/velumautostore.com\/","name":"Velum Auto Store","description":"Store et toit panoramique","publisher":{"@id":"https:\/\/velumautostore.com\/#organization"},"potentialAction":[{"@type":"SearchAction","target":{"@type":"EntryPoint","urlTemplate":"https:\/\/velumautostore.com\/?s={search_term_string}"},"query-input":{"@type":"PropertyValueSpecification","valueRequired":true,"valueName":"search_term_string"}}],"inLanguage":"es"},{"@type":"Organization","@id":"https:\/\/velumautostore.com\/#organization","name":"Velum Auto Store","url":"https:\/\/velumautostore.com\/","logo":{"@type":"ImageObject","inLanguage":"es","@id":"https:\/\/velumautostore.com\/#\/schema\/logo\/image\/","url":"https:\/\/velumautostore.com\/wp-content\/uploads\/2021\/09\/cropped-Velum_AutoStore_logo_3.png","contentUrl":"https:\/\/velumautostore.com\/wp-content\/uploads\/2021\/09\/cropped-Velum_AutoStore_logo_3.png","width":321,"height":154,"caption":"Velum Auto Store"},"image":{"@id":"https:\/\/velumautostore.com\/#\/schema\/logo\/image\/"},"sameAs":["https:\/\/fr-fr.facebook.com\/Velumautostore\/"]}]},"product_price_amount":"52.90","product_price_currency":"EUR","og_availability":"out of stock","product_availability":"out of stock","product_condition":"new"},"_links":{"self":[{"href":"https:\/\/velumautostore.com\/es\/wp-json\/wp\/v2\/product\/20108","targetHints":{"allow":["GET"]}}],"collection":[{"href":"https:\/\/velumautostore.com\/es\/wp-json\/wp\/v2\/product"}],"about":[{"href":"https:\/\/velumautostore.com\/es\/wp-json\/wp\/v2\/types\/product"}],"replies":[{"embeddable":true,"href":"https:\/\/velumautostore.com\/es\/wp-json\/wp\/v2\/comments?post=20108"}],"version-history":[{"count":1,"href":"https:\/\/velumautostore.com\/es\/wp-json\/wp\/v2\/product\/20108\/revisions"}],"predecessor-version":[{"id":20109,"href":"https:\/\/velumautostore.com\/es\/wp-json\/wp\/v2\/product\/20108\/revisions\/20109"}],"wp:featuredmedia":[{"embeddable":true,"href":"https:\/\/velumautostore.com\/es\/wp-json\/wp\/v2\/media\/18816"}],"wp:attachment":[{"href":"https:\/\/velumautostore.com\/es\/wp-json\/wp\/v2\/media?parent=20108"}],"wp:term":[{"taxonomy":"product_brand","embeddable":true,"href":"https:\/\/velumautostore.com\/es\/wp-json\/wp\/v2\/product_brand?post=20108"},{"taxonomy":"product_cat","embeddable":true,"href":"https:\/\/velumautostore.com\/es\/wp-json\/wp\/v2\/product_cat?post=20108"},{"taxonomy":"product_tag","embeddable":true,"href":"https:\/\/velumautostore.com\/es\/wp-json\/wp\/v2\/product_tag?post=20108"}],"curies":[{"name":"wp","href":"https:\/\/api.w.org\/{rel}","templated":true}]}}