{"id":18703,"date":"2021-07-08T16:01:35","date_gmt":"2021-07-08T14:01:35","guid":{"rendered":"https:\/\/velumautostore.com\/produit\/tubo-de-ventilacion-del-techo-solar-trasero-vw-touran-1t0-877-233-adaptable\/"},"modified":"2021-07-08T16:01:35","modified_gmt":"2021-07-08T14:01:35","slug":"tubo-de-ventilacion-del-techo-solar-trasero-vw-touran-1t0-877-233-adaptable","status":"publish","type":"product","link":"https:\/\/velumautostore.com\/es\/producto\/tubo-de-ventilacion-del-techo-solar-trasero-vw-touran-1t0-877-233-adaptable\/","title":{"rendered":"Tubo de ventilaci\u00f3n del techo solar trasero &#8211; VW Touran &#8211; 1T0 877 233 ( adaptable )"},"content":{"rendered":"<h3>Tubo de desag\u00fce del techo solar trasero &#8211; VW TOURAN &#8211; 1T0 877 233 ( adaptable ).<\/h3>\n<p>Este modelo no es adecuado para techos solares panor\u00e1micos, sino para techos solares sencillos.<\/p>\n<p>Este tubo de desag\u00fce ser\u00e1 perfecto para reemplazar su persiana defectuosa, la calidad es similar a la original.<\/p>\n<hr>\n<p>[one_half_first]Material: Pl\u00e1stico[\/one_half_first][one_half_last]Longitud: 1200 mm +\/- 10 mm[\/one_half_last]<\/p>\n<hr>\n<h4><strong>Compatible con los siguientes veh\u00edculos:<\/strong><\/h4>\n<p>[one_half_first] <strong>VW :<\/strong><\/p>\n<ul>\n<li>TOURAN : 2004 a 2015 (versi\u00f3n con techo solar sencillo)<\/li>\n<\/ul>\n<hr>\n<h4><strong>1 a\u00f1o de garant\u00eda<\/strong><\/h4>\n","protected":false},"excerpt":{"rendered":"<h3>Tubo de desag\u00fce del techo solar trasero &#8211; VW TOURAN &#8211; 1T0 877 233 ( adaptable ).<\/h3>\n<p>Este modelo no es adecuado para techos solares panor\u00e1micos, sino para techos solares simples.<\/p>\n<p>Este tubo de desag\u00fce ser\u00e1 perfecto para reemplazar su persiana defectuosa, la calidad es similar a la original.<\/p>\n","protected":false},"featured_media":5574,"comment_status":"open","ping_status":"closed","template":"","meta":[],"product_brand":[],"product_cat":[173,163],"product_tag":[],"class_list":{"0":"post-18703","1":"product","2":"type-product","3":"status-publish","4":"has-post-thumbnail","6":"product_cat-piezas-de-recambio","7":"product_cat-tienda-velum","9":"first","10":"outofstock","11":"shipping-taxable","12":"purchasable","13":"product-type-simple"},"etheme_brands":{"errors":{"invalid_taxonomy":["Taxonom\u00eda no v\u00e1lida."]},"error_data":[]},"yoast_head":"<!-- This site is optimized with the Yoast SEO Premium plugin v27.3 (Yoast SEO v27.5) - https:\/\/yoast.com\/product\/yoast-seo-premium-wordpress\/ -->\n<title>Tubo de ventilaci\u00f3n del techo solar trasero - VW Touran - 1T0 877 233 ( adaptable ) - Velum Auto Store<\/title>\n<meta name=\"description\" content=\"Manguera trasera 1T0 877 233 para los desag\u00fces del techo solar del VW Touran. Soluci\u00f3n adaptable para detener la acumulaci\u00f3n de agua y las filtraciones.\" \/>\n<meta name=\"robots\" content=\"index, follow, max-snippet:-1, max-image-preview:large, max-video-preview:-1\" \/>\n<link rel=\"canonical\" href=\"https:\/\/velumautostore.com\/es\/producto\/tubo-de-ventilacion-del-techo-solar-trasero-vw-touran-1t0-877-233-adaptable\/\" \/>\n<meta property=\"og:locale\" content=\"es_ES\" \/>\n<meta property=\"og:type\" content=\"article\" \/>\n<meta property=\"og:title\" content=\"Tubo de ventilaci\u00f3n del techo solar trasero - VW Touran - 1T0 877 233 ( adaptable )\" \/>\n<meta property=\"og:description\" content=\"Manguera trasera 1T0 877 233 para los desag\u00fces del techo solar del VW Touran. Soluci\u00f3n adaptable para detener la acumulaci\u00f3n de agua y las filtraciones.\" \/>\n<meta property=\"og:url\" content=\"https:\/\/velumautostore.com\/es\/producto\/tubo-de-ventilacion-del-techo-solar-trasero-vw-touran-1t0-877-233-adaptable\/\" \/>\n<meta property=\"og:site_name\" content=\"Velum Auto Store\" \/>\n<meta property=\"article:publisher\" content=\"https:\/\/fr-fr.facebook.com\/Velumautostore\/\" \/>\n<meta property=\"og:image\" content=\"https:\/\/velumautostore.com\/wp-content\/uploads\/2021\/07\/5N0-877-231-Tiguan-2010-2017-toit-ouvrant-drain-avant-arriere-tuyaux_101.jpg\" \/>\n\t<meta property=\"og:image:width\" content=\"2000\" \/>\n\t<meta property=\"og:image:height\" content=\"2423\" \/>\n\t<meta property=\"og:image:type\" content=\"image\/jpeg\" \/>\n<meta name=\"twitter:card\" content=\"summary_large_image\" \/>\n<meta name=\"twitter:label1\" content=\"Precio\" \/>\n\t<meta name=\"twitter:data1\" content=\"25.90&euro;\" \/>\n\t<meta name=\"twitter:label2\" content=\"Disponibilidad\" \/>\n\t<meta name=\"twitter:data2\" content=\"Sin existencias\" \/>\n<script type=\"application\/ld+json\" class=\"yoast-schema-graph\">{\"@context\":\"https:\\\/\\\/schema.org\",\"@graph\":[{\"@type\":\"WebPage\",\"@id\":\"https:\\\/\\\/velumautostore.com\\\/es\\\/producto\\\/tubo-de-ventilacion-del-techo-solar-trasero-vw-touran-1t0-877-233-adaptable\\\/\",\"url\":\"https:\\\/\\\/velumautostore.com\\\/es\\\/producto\\\/tubo-de-ventilacion-del-techo-solar-trasero-vw-touran-1t0-877-233-adaptable\\\/\",\"name\":\"Tubo de ventilaci\u00f3n del techo solar trasero - VW Touran - 1T0 877 233 ( adaptable ) - Velum Auto Store\",\"isPartOf\":{\"@id\":\"https:\\\/\\\/velumautostore.com\\\/#website\"},\"primaryImageOfPage\":{\"@id\":\"https:\\\/\\\/velumautostore.com\\\/es\\\/producto\\\/tubo-de-ventilacion-del-techo-solar-trasero-vw-touran-1t0-877-233-adaptable\\\/#primaryimage\"},\"image\":{\"@id\":\"https:\\\/\\\/velumautostore.com\\\/es\\\/producto\\\/tubo-de-ventilacion-del-techo-solar-trasero-vw-touran-1t0-877-233-adaptable\\\/#primaryimage\"},\"thumbnailUrl\":\"https:\\\/\\\/velumautostore.com\\\/wp-content\\\/uploads\\\/2021\\\/07\\\/5N0-877-231-Tiguan-2010-2017-toit-ouvrant-drain-avant-arriere-tuyaux_101.jpg\",\"datePublished\":\"2021-07-08T14:01:35+00:00\",\"description\":\"Manguera trasera 1T0 877 233 para los desag\u00fces del techo solar del VW Touran. Soluci\u00f3n adaptable para detener la acumulaci\u00f3n de agua y las filtraciones.\",\"breadcrumb\":{\"@id\":\"https:\\\/\\\/velumautostore.com\\\/es\\\/producto\\\/tubo-de-ventilacion-del-techo-solar-trasero-vw-touran-1t0-877-233-adaptable\\\/#breadcrumb\"},\"inLanguage\":\"es\",\"potentialAction\":[{\"@type\":\"ReadAction\",\"target\":[\"https:\\\/\\\/velumautostore.com\\\/es\\\/producto\\\/tubo-de-ventilacion-del-techo-solar-trasero-vw-touran-1t0-877-233-adaptable\\\/\"]}]},{\"@type\":\"ImageObject\",\"inLanguage\":\"es\",\"@id\":\"https:\\\/\\\/velumautostore.com\\\/es\\\/producto\\\/tubo-de-ventilacion-del-techo-solar-trasero-vw-touran-1t0-877-233-adaptable\\\/#primaryimage\",\"url\":\"https:\\\/\\\/velumautostore.com\\\/wp-content\\\/uploads\\\/2021\\\/07\\\/5N0-877-231-Tiguan-2010-2017-toit-ouvrant-drain-avant-arriere-tuyaux_101.jpg\",\"contentUrl\":\"https:\\\/\\\/velumautostore.com\\\/wp-content\\\/uploads\\\/2021\\\/07\\\/5N0-877-231-Tiguan-2010-2017-toit-ouvrant-drain-avant-arriere-tuyaux_101.jpg\",\"width\":2000,\"height\":2423},{\"@type\":\"BreadcrumbList\",\"@id\":\"https:\\\/\\\/velumautostore.com\\\/es\\\/producto\\\/tubo-de-ventilacion-del-techo-solar-trasero-vw-touran-1t0-877-233-adaptable\\\/#breadcrumb\",\"itemListElement\":[{\"@type\":\"ListItem\",\"position\":1,\"name\":\"Accueil\",\"item\":\"https:\\\/\\\/velumautostore.com\\\/es\\\/inicio\\\/\"},{\"@type\":\"ListItem\",\"position\":2,\"name\":\"Tienda\",\"item\":\"https:\\\/\\\/velumautostore.com\\\/es\\\/?page_id=19552\"},{\"@type\":\"ListItem\",\"position\":3,\"name\":\"Tubo de ventilaci\u00f3n del techo solar trasero &#8211; VW Touran &#8211; 1T0 877 233 ( adaptable )\"}]},{\"@type\":\"WebSite\",\"@id\":\"https:\\\/\\\/velumautostore.com\\\/#website\",\"url\":\"https:\\\/\\\/velumautostore.com\\\/\",\"name\":\"Velum Auto Store\",\"description\":\"Store et toit panoramique\",\"publisher\":{\"@id\":\"https:\\\/\\\/velumautostore.com\\\/#organization\"},\"potentialAction\":[{\"@type\":\"SearchAction\",\"target\":{\"@type\":\"EntryPoint\",\"urlTemplate\":\"https:\\\/\\\/velumautostore.com\\\/?s={search_term_string}\"},\"query-input\":{\"@type\":\"PropertyValueSpecification\",\"valueRequired\":true,\"valueName\":\"search_term_string\"}}],\"inLanguage\":\"es\"},{\"@type\":\"Organization\",\"@id\":\"https:\\\/\\\/velumautostore.com\\\/#organization\",\"name\":\"Velum Auto Store\",\"url\":\"https:\\\/\\\/velumautostore.com\\\/\",\"logo\":{\"@type\":\"ImageObject\",\"inLanguage\":\"es\",\"@id\":\"https:\\\/\\\/velumautostore.com\\\/#\\\/schema\\\/logo\\\/image\\\/\",\"url\":\"https:\\\/\\\/velumautostore.com\\\/wp-content\\\/uploads\\\/2021\\\/09\\\/cropped-Velum_AutoStore_logo_3.png\",\"contentUrl\":\"https:\\\/\\\/velumautostore.com\\\/wp-content\\\/uploads\\\/2021\\\/09\\\/cropped-Velum_AutoStore_logo_3.png\",\"width\":321,\"height\":154,\"caption\":\"Velum Auto Store\"},\"image\":{\"@id\":\"https:\\\/\\\/velumautostore.com\\\/#\\\/schema\\\/logo\\\/image\\\/\"},\"sameAs\":[\"https:\\\/\\\/fr-fr.facebook.com\\\/Velumautostore\\\/\"]}]}<\/script>\n<meta property=\"product:price:amount\" content=\"25.90\" \/>\n<meta property=\"product:price:currency\" content=\"EUR\" \/>\n<meta property=\"og:availability\" content=\"out of stock\" \/>\n<meta property=\"product:availability\" content=\"out of stock\" \/>\n<meta property=\"product:condition\" content=\"new\" \/>\n<!-- \/ Yoast SEO Premium plugin. -->","yoast_head_json":{"title":"Tubo de ventilaci\u00f3n del techo solar trasero - VW Touran - 1T0 877 233 ( adaptable ) - Velum Auto Store","description":"Manguera trasera 1T0 877 233 para los desag\u00fces del techo solar del VW Touran. Soluci\u00f3n adaptable para detener la acumulaci\u00f3n de agua y las filtraciones.","robots":{"index":"index","follow":"follow","max-snippet":"max-snippet:-1","max-image-preview":"max-image-preview:large","max-video-preview":"max-video-preview:-1"},"canonical":"https:\/\/velumautostore.com\/es\/producto\/tubo-de-ventilacion-del-techo-solar-trasero-vw-touran-1t0-877-233-adaptable\/","og_locale":"es_ES","og_type":"article","og_title":"Tubo de ventilaci\u00f3n del techo solar trasero - VW Touran - 1T0 877 233 ( adaptable )","og_description":"Manguera trasera 1T0 877 233 para los desag\u00fces del techo solar del VW Touran. Soluci\u00f3n adaptable para detener la acumulaci\u00f3n de agua y las filtraciones.","og_url":"https:\/\/velumautostore.com\/es\/producto\/tubo-de-ventilacion-del-techo-solar-trasero-vw-touran-1t0-877-233-adaptable\/","og_site_name":"Velum Auto Store","article_publisher":"https:\/\/fr-fr.facebook.com\/Velumautostore\/","og_image":[{"width":2000,"height":2423,"url":"https:\/\/velumautostore.com\/wp-content\/uploads\/2021\/07\/5N0-877-231-Tiguan-2010-2017-toit-ouvrant-drain-avant-arriere-tuyaux_101.jpg","type":"image\/jpeg"}],"twitter_card":"summary_large_image","twitter_misc":{"Precio":"25.90&euro;","Disponibilidad":"Sin existencias"},"schema":{"@context":"https:\/\/schema.org","@graph":[{"@type":"WebPage","@id":"https:\/\/velumautostore.com\/es\/producto\/tubo-de-ventilacion-del-techo-solar-trasero-vw-touran-1t0-877-233-adaptable\/","url":"https:\/\/velumautostore.com\/es\/producto\/tubo-de-ventilacion-del-techo-solar-trasero-vw-touran-1t0-877-233-adaptable\/","name":"Tubo de ventilaci\u00f3n del techo solar trasero - VW Touran - 1T0 877 233 ( adaptable ) - Velum Auto Store","isPartOf":{"@id":"https:\/\/velumautostore.com\/#website"},"primaryImageOfPage":{"@id":"https:\/\/velumautostore.com\/es\/producto\/tubo-de-ventilacion-del-techo-solar-trasero-vw-touran-1t0-877-233-adaptable\/#primaryimage"},"image":{"@id":"https:\/\/velumautostore.com\/es\/producto\/tubo-de-ventilacion-del-techo-solar-trasero-vw-touran-1t0-877-233-adaptable\/#primaryimage"},"thumbnailUrl":"https:\/\/velumautostore.com\/wp-content\/uploads\/2021\/07\/5N0-877-231-Tiguan-2010-2017-toit-ouvrant-drain-avant-arriere-tuyaux_101.jpg","datePublished":"2021-07-08T14:01:35+00:00","description":"Manguera trasera 1T0 877 233 para los desag\u00fces del techo solar del VW Touran. Soluci\u00f3n adaptable para detener la acumulaci\u00f3n de agua y las filtraciones.","breadcrumb":{"@id":"https:\/\/velumautostore.com\/es\/producto\/tubo-de-ventilacion-del-techo-solar-trasero-vw-touran-1t0-877-233-adaptable\/#breadcrumb"},"inLanguage":"es","potentialAction":[{"@type":"ReadAction","target":["https:\/\/velumautostore.com\/es\/producto\/tubo-de-ventilacion-del-techo-solar-trasero-vw-touran-1t0-877-233-adaptable\/"]}]},{"@type":"ImageObject","inLanguage":"es","@id":"https:\/\/velumautostore.com\/es\/producto\/tubo-de-ventilacion-del-techo-solar-trasero-vw-touran-1t0-877-233-adaptable\/#primaryimage","url":"https:\/\/velumautostore.com\/wp-content\/uploads\/2021\/07\/5N0-877-231-Tiguan-2010-2017-toit-ouvrant-drain-avant-arriere-tuyaux_101.jpg","contentUrl":"https:\/\/velumautostore.com\/wp-content\/uploads\/2021\/07\/5N0-877-231-Tiguan-2010-2017-toit-ouvrant-drain-avant-arriere-tuyaux_101.jpg","width":2000,"height":2423},{"@type":"BreadcrumbList","@id":"https:\/\/velumautostore.com\/es\/producto\/tubo-de-ventilacion-del-techo-solar-trasero-vw-touran-1t0-877-233-adaptable\/#breadcrumb","itemListElement":[{"@type":"ListItem","position":1,"name":"Accueil","item":"https:\/\/velumautostore.com\/es\/inicio\/"},{"@type":"ListItem","position":2,"name":"Tienda","item":"https:\/\/velumautostore.com\/es\/?page_id=19552"},{"@type":"ListItem","position":3,"name":"Tubo de ventilaci\u00f3n del techo solar trasero &#8211; VW Touran &#8211; 1T0 877 233 ( adaptable )"}]},{"@type":"WebSite","@id":"https:\/\/velumautostore.com\/#website","url":"https:\/\/velumautostore.com\/","name":"Velum Auto Store","description":"Store et toit panoramique","publisher":{"@id":"https:\/\/velumautostore.com\/#organization"},"potentialAction":[{"@type":"SearchAction","target":{"@type":"EntryPoint","urlTemplate":"https:\/\/velumautostore.com\/?s={search_term_string}"},"query-input":{"@type":"PropertyValueSpecification","valueRequired":true,"valueName":"search_term_string"}}],"inLanguage":"es"},{"@type":"Organization","@id":"https:\/\/velumautostore.com\/#organization","name":"Velum Auto Store","url":"https:\/\/velumautostore.com\/","logo":{"@type":"ImageObject","inLanguage":"es","@id":"https:\/\/velumautostore.com\/#\/schema\/logo\/image\/","url":"https:\/\/velumautostore.com\/wp-content\/uploads\/2021\/09\/cropped-Velum_AutoStore_logo_3.png","contentUrl":"https:\/\/velumautostore.com\/wp-content\/uploads\/2021\/09\/cropped-Velum_AutoStore_logo_3.png","width":321,"height":154,"caption":"Velum Auto Store"},"image":{"@id":"https:\/\/velumautostore.com\/#\/schema\/logo\/image\/"},"sameAs":["https:\/\/fr-fr.facebook.com\/Velumautostore\/"]}]},"product_price_amount":"25.90","product_price_currency":"EUR","og_availability":"out of stock","product_availability":"out of stock","product_condition":"new"},"_links":{"self":[{"href":"https:\/\/velumautostore.com\/es\/wp-json\/wp\/v2\/product\/18703","targetHints":{"allow":["GET"]}}],"collection":[{"href":"https:\/\/velumautostore.com\/es\/wp-json\/wp\/v2\/product"}],"about":[{"href":"https:\/\/velumautostore.com\/es\/wp-json\/wp\/v2\/types\/product"}],"replies":[{"embeddable":true,"href":"https:\/\/velumautostore.com\/es\/wp-json\/wp\/v2\/comments?post=18703"}],"version-history":[{"count":0,"href":"https:\/\/velumautostore.com\/es\/wp-json\/wp\/v2\/product\/18703\/revisions"}],"wp:featuredmedia":[{"embeddable":true,"href":"https:\/\/velumautostore.com\/es\/wp-json\/wp\/v2\/media\/5574"}],"wp:attachment":[{"href":"https:\/\/velumautostore.com\/es\/wp-json\/wp\/v2\/media?parent=18703"}],"wp:term":[{"taxonomy":"product_brand","embeddable":true,"href":"https:\/\/velumautostore.com\/es\/wp-json\/wp\/v2\/product_brand?post=18703"},{"taxonomy":"product_cat","embeddable":true,"href":"https:\/\/velumautostore.com\/es\/wp-json\/wp\/v2\/product_cat?post=18703"},{"taxonomy":"product_tag","embeddable":true,"href":"https:\/\/velumautostore.com\/es\/wp-json\/wp\/v2\/product_tag?post=18703"}],"curies":[{"name":"wp","href":"https:\/\/api.w.org\/{rel}","templated":true}]}}