{"id":16698,"date":"2020-11-06T23:00:47","date_gmt":"2020-11-06T22:00:47","guid":{"rendered":"https:\/\/velumautostore.com\/produit\/pinon-motor-techo-solar-panoramico-18-dientes-audi-vw-seat-skoda\/"},"modified":"2020-11-06T23:00:47","modified_gmt":"2020-11-06T22:00:47","slug":"pinon-motor-techo-solar-panoramico-18-dientes-audi-vw-seat-skoda","status":"publish","type":"product","link":"https:\/\/velumautostore.com\/es\/producto\/pinon-motor-techo-solar-panoramico-18-dientes-audi-vw-seat-skoda\/","title":{"rendered":"Pi\u00f1\u00f3n motor techo solar panor\u00e1mico 18 dientes | AUDI | VW | SEAT | SKODA"},"content":{"rendered":"<p>Pi\u00f1\u00f3n motor techo solar panor\u00e1mico 18 dientes | AUDI | VW | SEAT | SKODA<\/p>\n<hr>\n<p>Especificaciones:<\/p>\n<p>Material: Acero<\/p>\n<p>N\u00ba de dientes: 18 dientes<\/p>\n<p>Grosor: 4mm<\/p>\n<p>Di\u00e1metro exterior: 16,6mm<\/p>\n","protected":false},"excerpt":{"rendered":"<p>Pi\u00f1\u00f3n motor techo solar panor\u00e1mico 18 dientes | AUDI | VW | SEAT | SKODA<\/p>\n<hr>\n<p>Especificaciones:<\/p>\n<p>Material: Acero<\/p>\n<p>N\u00ba de dientes: 18 dientes<\/p>\n<p>Grosor: 4mm<\/p>\n<p>Di\u00e1metro exterior: 16,6mm<\/p>\n","protected":false},"featured_media":5634,"comment_status":"open","ping_status":"closed","template":"","meta":[],"product_brand":[],"product_cat":[173,163],"product_tag":[],"class_list":{"0":"post-16698","1":"product","2":"type-product","3":"status-publish","4":"has-post-thumbnail","6":"product_cat-piezas-de-recambio","7":"product_cat-tienda-velum","8":"product_shipping_class-carta-de-seguimiento","9":"pa_make-a5-8t3-es","10":"pa_make-alhambra-iii-es","11":"pa_make-ateca-phase-2-es","12":"pa_make-cayenne-92a-es","13":"pa_make-e-tron-suv-es","14":"pa_make-golf-v-sw-es","15":"pa_make-golf-vi-sw-es","16":"pa_make-golf-vii-sw-es","17":"pa_make-golf-viii-sw-variant-es","18":"pa_make-insignia-phase-1-es","19":"pa_make-insignia-phase-2-es","20":"pa_make-karoq-phase-i-es","21":"pa_make-kodiaq-phase-1-es","22":"pa_make-leon-break-iii-es","23":"pa_make-leon-break-iv-kl8-st-es","24":"pa_make-octavia-5e5-combi-es","25":"pa_make-octavia-nx3-es","26":"pa_make-opel-es","27":"pa_make-passat-b6-sw-es","28":"pa_make-passat-b7-sw-es","29":"pa_make-passat-b8-sw-es","30":"pa_make-passat-cc-es","31":"pa_make-passat-cc-b6-es","32":"pa_make-porsche-es","33":"pa_make-i-8rb-11-2008-09-2012-es","34":"pa_make-i-8rb-phase-2-06-2012-04-2016-es","35":"pa_make-q7-serie-1-es","36":"pa_make-q7-serie-1-phase-2-es","37":"pa_make-r55-2-clubman-es","38":"pa_make-r55-2-clubman-lci-es","39":"pa_make-r56-2-es","40":"pa_make-r56-2-lci-es","41":"pa_make-r60-2-countryman-es","42":"pa_make-r60-2-countryman-lci-es","43":"pa_make-seat-es","44":"pa_make-sharan-iii-es","45":"pa_make-sharan-iii-phase-2-es","46":"pa_make-superb-break-ii-combi-es","47":"pa_make-skoda-ii-combi-phase-2-es","48":"pa_make-superb-break-iii-combi-es","49":"pa_make-i-phase-1-11-2007-05-2011-es","50":"pa_make-i-phase-2-05-2011-12-2015-es","51":"pa_make-ii-01-2016-07-2020-es","52":"pa_make-ii-phase-2-07-2020-aujourdhui-es","53":"pa_make-touareg-ii-es","54":"pa_make-touareg-ii-phase-2-es","55":"pa_make-1t1-es","56":"pa_make-1t2-es","57":"pa_make-1t3-es","58":"pa_make-toutes-marques-es","59":"pa_make-universel-es","60":"pa_make-yeti-phase-1-es","61":"pa_make-yeti-phase-2-es","62":"pa_year-attr-2000-es","63":"pa_year-attr-2001-es","64":"pa_year-attr-2002-es","65":"pa_year-attr-2003-es","66":"pa_year-attr-2004-es","67":"pa_year-attr-2005-es","68":"pa_year-attr-2006-es","69":"pa_year-attr-2007-es","70":"pa_year-attr-2008-es","71":"pa_year-attr-2009-es","72":"pa_year-attr-2010-es","73":"pa_year-attr-2011-es","74":"pa_year-attr-2012-es","75":"pa_year-attr-2013-es","76":"pa_year-attr-2014-es","77":"pa_year-attr-2015-es","78":"pa_year-attr-2016-es","79":"pa_year-attr-2017-es","80":"pa_year-attr-2018-es","81":"pa_year-attr-2019-es","82":"pa_year-attr-2020-es","83":"pa_year-attr-2021-es","84":"pa_year-attr-2022-es","86":"first","87":"outofstock","88":"shipping-taxable","89":"purchasable","90":"product-type-simple"},"etheme_brands":{"errors":{"invalid_taxonomy":["Taxonom\u00eda no v\u00e1lida."]},"error_data":[]},"yoast_head":"<!-- This site is optimized with the Yoast SEO Premium plugin v27.3 (Yoast SEO v27.5) - https:\/\/yoast.com\/product\/yoast-seo-premium-wordpress\/ -->\n<title>Pi\u00f1\u00f3n motor techo solar panor\u00e1mico 18 dientes | AUDI | VW | SEAT | SKODA - Velum Auto Store<\/title>\n<meta name=\"robots\" content=\"index, follow, max-snippet:-1, max-image-preview:large, max-video-preview:-1\" \/>\n<link rel=\"canonical\" href=\"https:\/\/velumautostore.com\/es\/producto\/pinon-motor-techo-solar-panoramico-18-dientes-audi-vw-seat-skoda\/\" \/>\n<meta property=\"og:locale\" content=\"es_ES\" \/>\n<meta property=\"og:type\" content=\"article\" \/>\n<meta property=\"og:title\" content=\"Pi\u00f1\u00f3n motor techo solar panor\u00e1mico 18 dientes | AUDI | VW | SEAT | SKODA\" \/>\n<meta property=\"og:description\" content=\"Pi\u00f1\u00f3n motor techo solar panor\u00e1mico 18 dientes | AUDI | VW | SEAT | SKODA  Especificaciones: Material: Acero N\u00ba de dientes: 18 dientes Grosor: 4mm Di\u00e1metro exterior: 16,6mm\" \/>\n<meta property=\"og:url\" content=\"https:\/\/velumautostore.com\/es\/producto\/pinon-motor-techo-solar-panoramico-18-dientes-audi-vw-seat-skoda\/\" \/>\n<meta property=\"og:site_name\" content=\"Velum Auto Store\" \/>\n<meta property=\"article:publisher\" content=\"https:\/\/fr-fr.facebook.com\/Velumautostore\/\" \/>\n<meta property=\"og:image\" content=\"https:\/\/velumautostore.com\/wp-content\/uploads\/2020\/11\/Pignon_18_detail_HD.jpg\" \/>\n\t<meta property=\"og:image:width\" content=\"2000\" \/>\n\t<meta property=\"og:image:height\" content=\"2423\" \/>\n\t<meta property=\"og:image:type\" content=\"image\/jpeg\" \/>\n<meta name=\"twitter:card\" content=\"summary_large_image\" \/>\n<meta name=\"twitter:label1\" content=\"Precio\" \/>\n\t<meta name=\"twitter:data1\" content=\"25.90&euro;\" \/>\n\t<meta name=\"twitter:label2\" content=\"Disponibilidad\" \/>\n\t<meta name=\"twitter:data2\" content=\"Sin existencias\" \/>\n<script type=\"application\/ld+json\" class=\"yoast-schema-graph\">{\"@context\":\"https:\\\/\\\/schema.org\",\"@graph\":[{\"@type\":\"WebPage\",\"@id\":\"https:\\\/\\\/velumautostore.com\\\/es\\\/producto\\\/pinon-motor-techo-solar-panoramico-18-dientes-audi-vw-seat-skoda\\\/\",\"url\":\"https:\\\/\\\/velumautostore.com\\\/es\\\/producto\\\/pinon-motor-techo-solar-panoramico-18-dientes-audi-vw-seat-skoda\\\/\",\"name\":\"Pi\u00f1\u00f3n motor techo solar panor\u00e1mico 18 dientes | AUDI | VW | SEAT | SKODA - Velum Auto Store\",\"isPartOf\":{\"@id\":\"https:\\\/\\\/velumautostore.com\\\/#website\"},\"primaryImageOfPage\":{\"@id\":\"https:\\\/\\\/velumautostore.com\\\/es\\\/producto\\\/pinon-motor-techo-solar-panoramico-18-dientes-audi-vw-seat-skoda\\\/#primaryimage\"},\"image\":{\"@id\":\"https:\\\/\\\/velumautostore.com\\\/es\\\/producto\\\/pinon-motor-techo-solar-panoramico-18-dientes-audi-vw-seat-skoda\\\/#primaryimage\"},\"thumbnailUrl\":\"https:\\\/\\\/velumautostore.com\\\/wp-content\\\/uploads\\\/2020\\\/11\\\/Pignon_18_detail_HD.jpg\",\"datePublished\":\"2020-11-06T22:00:47+00:00\",\"breadcrumb\":{\"@id\":\"https:\\\/\\\/velumautostore.com\\\/es\\\/producto\\\/pinon-motor-techo-solar-panoramico-18-dientes-audi-vw-seat-skoda\\\/#breadcrumb\"},\"inLanguage\":\"es\",\"potentialAction\":[{\"@type\":\"ReadAction\",\"target\":[\"https:\\\/\\\/velumautostore.com\\\/es\\\/producto\\\/pinon-motor-techo-solar-panoramico-18-dientes-audi-vw-seat-skoda\\\/\"]}]},{\"@type\":\"ImageObject\",\"inLanguage\":\"es\",\"@id\":\"https:\\\/\\\/velumautostore.com\\\/es\\\/producto\\\/pinon-motor-techo-solar-panoramico-18-dientes-audi-vw-seat-skoda\\\/#primaryimage\",\"url\":\"https:\\\/\\\/velumautostore.com\\\/wp-content\\\/uploads\\\/2020\\\/11\\\/Pignon_18_detail_HD.jpg\",\"contentUrl\":\"https:\\\/\\\/velumautostore.com\\\/wp-content\\\/uploads\\\/2020\\\/11\\\/Pignon_18_detail_HD.jpg\",\"width\":2000,\"height\":2423},{\"@type\":\"BreadcrumbList\",\"@id\":\"https:\\\/\\\/velumautostore.com\\\/es\\\/producto\\\/pinon-motor-techo-solar-panoramico-18-dientes-audi-vw-seat-skoda\\\/#breadcrumb\",\"itemListElement\":[{\"@type\":\"ListItem\",\"position\":1,\"name\":\"Accueil\",\"item\":\"https:\\\/\\\/velumautostore.com\\\/es\\\/inicio\\\/\"},{\"@type\":\"ListItem\",\"position\":2,\"name\":\"Tienda\",\"item\":\"https:\\\/\\\/velumautostore.com\\\/es\\\/?page_id=19552\"},{\"@type\":\"ListItem\",\"position\":3,\"name\":\"Pi\u00f1\u00f3n motor techo solar panor\u00e1mico 18 dientes | AUDI | VW | SEAT | SKODA\"}]},{\"@type\":\"WebSite\",\"@id\":\"https:\\\/\\\/velumautostore.com\\\/#website\",\"url\":\"https:\\\/\\\/velumautostore.com\\\/\",\"name\":\"Velum Auto Store\",\"description\":\"Store et toit panoramique\",\"publisher\":{\"@id\":\"https:\\\/\\\/velumautostore.com\\\/#organization\"},\"potentialAction\":[{\"@type\":\"SearchAction\",\"target\":{\"@type\":\"EntryPoint\",\"urlTemplate\":\"https:\\\/\\\/velumautostore.com\\\/?s={search_term_string}\"},\"query-input\":{\"@type\":\"PropertyValueSpecification\",\"valueRequired\":true,\"valueName\":\"search_term_string\"}}],\"inLanguage\":\"es\"},{\"@type\":\"Organization\",\"@id\":\"https:\\\/\\\/velumautostore.com\\\/#organization\",\"name\":\"Velum Auto Store\",\"url\":\"https:\\\/\\\/velumautostore.com\\\/\",\"logo\":{\"@type\":\"ImageObject\",\"inLanguage\":\"es\",\"@id\":\"https:\\\/\\\/velumautostore.com\\\/#\\\/schema\\\/logo\\\/image\\\/\",\"url\":\"https:\\\/\\\/velumautostore.com\\\/wp-content\\\/uploads\\\/2021\\\/09\\\/cropped-Velum_AutoStore_logo_3.png\",\"contentUrl\":\"https:\\\/\\\/velumautostore.com\\\/wp-content\\\/uploads\\\/2021\\\/09\\\/cropped-Velum_AutoStore_logo_3.png\",\"width\":321,\"height\":154,\"caption\":\"Velum Auto Store\"},\"image\":{\"@id\":\"https:\\\/\\\/velumautostore.com\\\/#\\\/schema\\\/logo\\\/image\\\/\"},\"sameAs\":[\"https:\\\/\\\/fr-fr.facebook.com\\\/Velumautostore\\\/\"]}]}<\/script>\n<meta property=\"product:price:amount\" content=\"25.90\" \/>\n<meta property=\"product:price:currency\" content=\"EUR\" \/>\n<meta property=\"og:availability\" content=\"out of stock\" \/>\n<meta property=\"product:availability\" content=\"out of stock\" \/>\n<meta property=\"product:condition\" content=\"new\" \/>\n<!-- \/ Yoast SEO Premium plugin. -->","yoast_head_json":{"title":"Pi\u00f1\u00f3n motor techo solar panor\u00e1mico 18 dientes | AUDI | VW | SEAT | SKODA - Velum Auto Store","robots":{"index":"index","follow":"follow","max-snippet":"max-snippet:-1","max-image-preview":"max-image-preview:large","max-video-preview":"max-video-preview:-1"},"canonical":"https:\/\/velumautostore.com\/es\/producto\/pinon-motor-techo-solar-panoramico-18-dientes-audi-vw-seat-skoda\/","og_locale":"es_ES","og_type":"article","og_title":"Pi\u00f1\u00f3n motor techo solar panor\u00e1mico 18 dientes | AUDI | VW | SEAT | SKODA","og_description":"Pi\u00f1\u00f3n motor techo solar panor\u00e1mico 18 dientes | AUDI | VW | SEAT | SKODA  Especificaciones: Material: Acero N\u00ba de dientes: 18 dientes Grosor: 4mm Di\u00e1metro exterior: 16,6mm","og_url":"https:\/\/velumautostore.com\/es\/producto\/pinon-motor-techo-solar-panoramico-18-dientes-audi-vw-seat-skoda\/","og_site_name":"Velum Auto Store","article_publisher":"https:\/\/fr-fr.facebook.com\/Velumautostore\/","og_image":[{"width":2000,"height":2423,"url":"https:\/\/velumautostore.com\/wp-content\/uploads\/2020\/11\/Pignon_18_detail_HD.jpg","type":"image\/jpeg"}],"twitter_card":"summary_large_image","twitter_misc":{"Precio":"25.90&euro;","Disponibilidad":"Sin existencias"},"schema":{"@context":"https:\/\/schema.org","@graph":[{"@type":"WebPage","@id":"https:\/\/velumautostore.com\/es\/producto\/pinon-motor-techo-solar-panoramico-18-dientes-audi-vw-seat-skoda\/","url":"https:\/\/velumautostore.com\/es\/producto\/pinon-motor-techo-solar-panoramico-18-dientes-audi-vw-seat-skoda\/","name":"Pi\u00f1\u00f3n motor techo solar panor\u00e1mico 18 dientes | AUDI | VW | SEAT | SKODA - Velum Auto Store","isPartOf":{"@id":"https:\/\/velumautostore.com\/#website"},"primaryImageOfPage":{"@id":"https:\/\/velumautostore.com\/es\/producto\/pinon-motor-techo-solar-panoramico-18-dientes-audi-vw-seat-skoda\/#primaryimage"},"image":{"@id":"https:\/\/velumautostore.com\/es\/producto\/pinon-motor-techo-solar-panoramico-18-dientes-audi-vw-seat-skoda\/#primaryimage"},"thumbnailUrl":"https:\/\/velumautostore.com\/wp-content\/uploads\/2020\/11\/Pignon_18_detail_HD.jpg","datePublished":"2020-11-06T22:00:47+00:00","breadcrumb":{"@id":"https:\/\/velumautostore.com\/es\/producto\/pinon-motor-techo-solar-panoramico-18-dientes-audi-vw-seat-skoda\/#breadcrumb"},"inLanguage":"es","potentialAction":[{"@type":"ReadAction","target":["https:\/\/velumautostore.com\/es\/producto\/pinon-motor-techo-solar-panoramico-18-dientes-audi-vw-seat-skoda\/"]}]},{"@type":"ImageObject","inLanguage":"es","@id":"https:\/\/velumautostore.com\/es\/producto\/pinon-motor-techo-solar-panoramico-18-dientes-audi-vw-seat-skoda\/#primaryimage","url":"https:\/\/velumautostore.com\/wp-content\/uploads\/2020\/11\/Pignon_18_detail_HD.jpg","contentUrl":"https:\/\/velumautostore.com\/wp-content\/uploads\/2020\/11\/Pignon_18_detail_HD.jpg","width":2000,"height":2423},{"@type":"BreadcrumbList","@id":"https:\/\/velumautostore.com\/es\/producto\/pinon-motor-techo-solar-panoramico-18-dientes-audi-vw-seat-skoda\/#breadcrumb","itemListElement":[{"@type":"ListItem","position":1,"name":"Accueil","item":"https:\/\/velumautostore.com\/es\/inicio\/"},{"@type":"ListItem","position":2,"name":"Tienda","item":"https:\/\/velumautostore.com\/es\/?page_id=19552"},{"@type":"ListItem","position":3,"name":"Pi\u00f1\u00f3n motor techo solar panor\u00e1mico 18 dientes | AUDI | VW | SEAT | SKODA"}]},{"@type":"WebSite","@id":"https:\/\/velumautostore.com\/#website","url":"https:\/\/velumautostore.com\/","name":"Velum Auto Store","description":"Store et toit panoramique","publisher":{"@id":"https:\/\/velumautostore.com\/#organization"},"potentialAction":[{"@type":"SearchAction","target":{"@type":"EntryPoint","urlTemplate":"https:\/\/velumautostore.com\/?s={search_term_string}"},"query-input":{"@type":"PropertyValueSpecification","valueRequired":true,"valueName":"search_term_string"}}],"inLanguage":"es"},{"@type":"Organization","@id":"https:\/\/velumautostore.com\/#organization","name":"Velum Auto Store","url":"https:\/\/velumautostore.com\/","logo":{"@type":"ImageObject","inLanguage":"es","@id":"https:\/\/velumautostore.com\/#\/schema\/logo\/image\/","url":"https:\/\/velumautostore.com\/wp-content\/uploads\/2021\/09\/cropped-Velum_AutoStore_logo_3.png","contentUrl":"https:\/\/velumautostore.com\/wp-content\/uploads\/2021\/09\/cropped-Velum_AutoStore_logo_3.png","width":321,"height":154,"caption":"Velum Auto Store"},"image":{"@id":"https:\/\/velumautostore.com\/#\/schema\/logo\/image\/"},"sameAs":["https:\/\/fr-fr.facebook.com\/Velumautostore\/"]}]},"product_price_amount":"25.90","product_price_currency":"EUR","og_availability":"out of stock","product_availability":"out of stock","product_condition":"new"},"_links":{"self":[{"href":"https:\/\/velumautostore.com\/es\/wp-json\/wp\/v2\/product\/16698","targetHints":{"allow":["GET"]}}],"collection":[{"href":"https:\/\/velumautostore.com\/es\/wp-json\/wp\/v2\/product"}],"about":[{"href":"https:\/\/velumautostore.com\/es\/wp-json\/wp\/v2\/types\/product"}],"replies":[{"embeddable":true,"href":"https:\/\/velumautostore.com\/es\/wp-json\/wp\/v2\/comments?post=16698"}],"version-history":[{"count":0,"href":"https:\/\/velumautostore.com\/es\/wp-json\/wp\/v2\/product\/16698\/revisions"}],"wp:featuredmedia":[{"embeddable":true,"href":"https:\/\/velumautostore.com\/es\/wp-json\/wp\/v2\/media\/5634"}],"wp:attachment":[{"href":"https:\/\/velumautostore.com\/es\/wp-json\/wp\/v2\/media?parent=16698"}],"wp:term":[{"taxonomy":"product_brand","embeddable":true,"href":"https:\/\/velumautostore.com\/es\/wp-json\/wp\/v2\/product_brand?post=16698"},{"taxonomy":"product_cat","embeddable":true,"href":"https:\/\/velumautostore.com\/es\/wp-json\/wp\/v2\/product_cat?post=16698"},{"taxonomy":"product_tag","embeddable":true,"href":"https:\/\/velumautostore.com\/es\/wp-json\/wp\/v2\/product_tag?post=16698"}],"curies":[{"name":"wp","href":"https:\/\/api.w.org\/{rel}","templated":true}]}}