{"id":13882,"date":"2025-05-13T07:07:40","date_gmt":"2025-05-13T05:07:40","guid":{"rendered":"https:\/\/velumautostore.com\/?post_type=product&#038;p=13882"},"modified":"2026-03-21T11:37:06","modified_gmt":"2026-03-21T10:37:06","slug":"jeringa-lubricante-20-ml-copie-copie-2","status":"publish","type":"product","link":"https:\/\/velumautostore.com\/es\/producto\/jeringa-lubricante-20-ml-copie-copie-2\/","title":{"rendered":"Kit de mantenimiento del techo solar del coche"},"content":{"rendered":"\t\t<div data-elementor-type=\"product-post\" data-elementor-id=\"13882\" class=\"elementor elementor-13882 elementor-13880\" data-elementor-post-type=\"product\">\n\t\t\t\t\t\t<section class=\"elementor-section elementor-top-section elementor-element elementor-element-40cdbec1 elementor-section-boxed elementor-section-height-default elementor-section-height-default\" data-id=\"40cdbec1\" data-element_type=\"section\" data-e-type=\"section\">\n\t\t\t\t\t\t<div class=\"elementor-container elementor-column-gap-default\">\n\t\t\t\t\t<div class=\"elementor-column elementor-col-100 elementor-top-column elementor-element elementor-element-4ae9f57\" data-id=\"4ae9f57\" data-element_type=\"column\" data-e-type=\"column\">\n\t\t\t<div class=\"elementor-widget-wrap elementor-element-populated\">\n\t\t\t\t\t\t<div class=\"elementor-element elementor-element-15718018 elementor-widget elementor-widget-text-editor\" data-id=\"15718018\" data-element_type=\"widget\" data-e-type=\"widget\" data-widget_type=\"text-editor.default\">\n\t\t\t\t<div class=\"elementor-widget-container\">\n\t\t\t\t\t\t\t\t\t<h3>Kit de mantenimiento del techo solar del coche<\/h3><h3 id=\"description\">Descripci\u00f3n<\/h3><p>Descubre nuestro kit completo de mantenimiento del techo solar del coche, dise\u00f1ado para garantizar una lubricaci\u00f3n \u00f3ptima y una protecci\u00f3n duradera de tu techo solar. Este kit incluye todo lo que necesitas para mantener tu techo solar en perfecto estado de funcionamiento. <\/p><h3 id=\"caractristiques\">Caracter\u00edsticas<\/h3><ul><li><strong>Grasa mec\u00e1nica<\/strong>: 20 ml<\/li><li><strong>Producto de mantenimiento de las juntas del techo solar<\/strong>: 100 ml<\/li><li><strong>Pincel<\/strong>: Para una aplicaci\u00f3n precisa<\/li><li><strong>Pa\u00f1o de microfibra<\/strong>: Para una limpieza eficaz<\/li><li><strong>Herramientas para desatascar desag\u00fces<\/strong>: Para un mantenimiento completo<\/li><\/ul><h3 id=\"avantages\">Beneficios<\/h3><ul><li><strong>\ud83d\ude80 Mantenimiento completo<\/strong>: todo lo que necesitas para mantener tu techo solar en un solo kit.<\/li><li><strong>\ud83c\udf0d Versatilidad<\/strong>: Apto para todos los modelos de techo solar de coche.<\/li><li><strong>\ud83d\udd12 Cumplimiento<\/strong>: Productos de alta calidad para una protecci\u00f3n y un rendimiento \u00f3ptimos.<\/li><\/ul><h3 id=\"utilisation\">Utiliza<\/h3><p>Utiliza la grasa mec\u00e1nica para lubricar los ra\u00edles y las juntas de tu techo solar. Aplica el producto de mantenimiento de juntas con el cepillo para una protecci\u00f3n duradera. Utiliza el pa\u00f1o de microfibra para limpiar superficies y herramientas para desatascar desag\u00fces.  <\/p><h3 id=\"pourquoichoisirnotrekitdentretienpourtoitouvrant\">\u00bfPor qu\u00e9 elegir nuestro kit de mantenimiento del techo solar?<\/h3><p>Nuestro kit de mantenimiento est\u00e1 especialmente dise\u00f1ado para satisfacer las exigencias de los techos solares de los autom\u00f3viles. Ofrece una soluci\u00f3n completa de lubricaci\u00f3n, protecci\u00f3n y limpieza, que garantiza el funcionamiento suave y silencioso de tu techo solar. <\/p>\t\t\t\t\t\t\t\t<\/div>\n\t\t\t\t<\/div>\n\t\t\t\t<div class=\"elementor-element elementor-element-f1f46f7 elementor-icon-list--layout-inline elementor-list-item-link-full_width elementor-widget elementor-widget-icon-list\" data-id=\"f1f46f7\" data-element_type=\"widget\" data-e-type=\"widget\" data-widget_type=\"icon-list.default\">\n\t\t\t\t<div class=\"elementor-widget-container\">\n\t\t\t\t\t\t\t<ul class=\"elementor-icon-list-items elementor-inline-items\">\n\t\t\t\t\t\t\t<li class=\"elementor-icon-list-item elementor-inline-item\">\n\t\t\t\t\t\t\t\t\t\t\t<span class=\"elementor-icon-list-icon\">\n\t\t\t\t\t\t\t<svg aria-hidden=\"true\" class=\"e-font-icon-svg e-fas-bookmark\" viewBox=\"0 0 384 512\" xmlns=\"http:\/\/www.w3.org\/2000\/svg\"><path d=\"M0 512V48C0 21.49 21.49 0 48 0h288c26.51 0 48 21.49 48 48v464L192 400 0 512z\"><\/path><\/svg>\t\t\t\t\t\t<\/span>\n\t\t\t\t\t\t\t\t\t\t<span class=\"elementor-icon-list-text\">Material : Pl\u00e1stico<\/span>\n\t\t\t\t\t\t\t\t\t<\/li>\n\t\t\t\t\t\t\t\t<li class=\"elementor-icon-list-item elementor-inline-item\">\n\t\t\t\t\t\t\t\t\t\t\t<span class=\"elementor-icon-list-icon\">\n\t\t\t\t\t\t\t<svg aria-hidden=\"true\" class=\"e-font-icon-svg e-fas-weight-hanging\" viewBox=\"0 0 512 512\" xmlns=\"http:\/\/www.w3.org\/2000\/svg\"><path d=\"M510.28 445.86l-73.03-292.13c-3.8-15.19-16.44-25.72-30.87-25.72h-60.25c3.57-10.05 5.88-20.72 5.88-32 0-53.02-42.98-96-96-96s-96 42.98-96 96c0 11.28 2.3 21.95 5.88 32h-60.25c-14.43 0-27.08 10.54-30.87 25.72L1.72 445.86C-6.61 479.17 16.38 512 48.03 512h415.95c31.64 0 54.63-32.83 46.3-66.14zM256 128c-17.64 0-32-14.36-32-32s14.36-32 32-32 32 14.36 32 32-14.36 32-32 32z\"><\/path><\/svg>\t\t\t\t\t\t<\/span>\n\t\t\t\t\t\t\t\t\t\t<span class=\"elementor-icon-list-text\">Contenido : 20ml<\/span>\n\t\t\t\t\t\t\t\t\t<\/li>\n\t\t\t\t\t\t<\/ul>\n\t\t\t\t\t\t<\/div>\n\t\t\t\t<\/div>\n\t\t\t\t<div class=\"elementor-element elementor-element-8f5dc66 elementor-widget elementor-widget-heading\" data-id=\"8f5dc66\" data-element_type=\"widget\" data-e-type=\"widget\" data-widget_type=\"heading.default\">\n\t\t\t\t<div class=\"elementor-widget-container\">\n\t\t\t\t\t<h2 class=\"elementor-heading-title elementor-size-default\">Se puede utilizar con la siguiente grasa:<\/h2>\t\t\t\t<\/div>\n\t\t\t\t<\/div>\n\t\t\t\t<section class=\"elementor-section elementor-inner-section elementor-element elementor-element-4771755 elementor-section-boxed elementor-section-height-default elementor-section-height-default\" data-id=\"4771755\" data-element_type=\"section\" data-e-type=\"section\">\n\t\t\t\t\t\t<div class=\"elementor-container elementor-column-gap-default\">\n\t\t\t\t\t<div class=\"elementor-column elementor-col-100 elementor-inner-column elementor-element elementor-element-2c9fda2\" data-id=\"2c9fda2\" data-element_type=\"column\" data-e-type=\"column\">\n\t\t\t<div class=\"elementor-widget-wrap elementor-element-populated\">\n\t\t\t\t\t\t\t<\/div>\n\t\t<\/div>\n\t\t\t\t\t<\/div>\n\t\t<\/section>\n\t\t\t\t<div class=\"elementor-element elementor-element-76e10d9 elementor-widget elementor-widget-heading\" data-id=\"76e10d9\" data-element_type=\"widget\" data-e-type=\"widget\" data-widget_type=\"heading.default\">\n\t\t\t\t<div class=\"elementor-widget-container\">\n\t\t\t\t\t<h2 class=\"elementor-heading-title elementor-size-default\">Tutoriales<\/h2>\t\t\t\t<\/div>\n\t\t\t\t<\/div>\n\t\t\t\t\t<\/div>\n\t\t<\/div>\n\t\t\t\t\t<\/div>\n\t\t<\/section>\n\t\t\t\t<\/div>\n\t\t","protected":false},"excerpt":{"rendered":"<h3 id=\"description\">Descripci\u00f3n<\/h3>\n<p>Descubre nuestro kit completo de mantenimiento del techo solar del coche, dise\u00f1ado para garantizar una lubricaci\u00f3n \u00f3ptima y una protecci\u00f3n duradera de tu techo solar. Este kit incluye todo lo que necesitas para mantener tu techo solar en perfecto estado de funcionamiento. <\/p>\n<h3 id=\"caractristiques\">Caracter\u00edsticas<\/h3>\n<ul>\n<li><strong>Grasa mec\u00e1nica<\/strong>: 20 ml<\/li>\n<li><strong>Producto de mantenimiento de las juntas del techo solar<\/strong>: 100 ml<\/li>\n<li><strong>Pincel<\/strong>: Para una aplicaci\u00f3n precisa<\/li>\n<li><strong>Pa\u00f1o de microfibra<\/strong>: Para una limpieza eficaz<\/li>\n<li><strong>Herramientas para desatascar desag\u00fces<\/strong>: Para un mantenimiento completo<\/li>\n<\/ul>\n","protected":false},"featured_media":14022,"comment_status":"open","ping_status":"closed","template":"","meta":[],"product_brand":[],"product_cat":[874,887,163],"product_tag":[],"class_list":{"0":"post-13882","1":"product","2":"type-product","3":"status-publish","4":"has-post-thumbnail","6":"product_cat-grasa","7":"product_cat-productos-de-mantenimiento","8":"product_cat-tienda-velum","9":"pa_make-a5-8t3-es","10":"pa_make-alhambra-iii-es","11":"pa_make-ateca-phase-2-es","12":"pa_make-cayenne-92a-es","13":"pa_make-e-tron-suv-es","14":"pa_make-golf-v-sw-es","15":"pa_make-golf-vi-sw-es","16":"pa_make-golf-vii-sw-es","17":"pa_make-golf-viii-sw-variant-es","18":"pa_make-insignia-phase-1-es","19":"pa_make-insignia-phase-2-es","20":"pa_make-karoq-phase-i-es","21":"pa_make-kodiaq-phase-1-es","22":"pa_make-leon-break-iii-es","23":"pa_make-leon-break-iv-kl8-st-es","24":"pa_make-octavia-5e5-combi-es","25":"pa_make-octavia-nx3-es","26":"pa_make-opel-es","27":"pa_make-passat-b6-sw-es","28":"pa_make-passat-b7-sw-es","29":"pa_make-passat-b8-sw-es","30":"pa_make-passat-cc-es","31":"pa_make-passat-cc-b6-es","32":"pa_make-porsche-es","33":"pa_make-i-8rb-11-2008-09-2012-es","34":"pa_make-i-8rb-phase-2-06-2012-04-2016-es","35":"pa_make-q7-serie-1-es","36":"pa_make-q7-serie-1-phase-2-es","37":"pa_make-r55-2-clubman-es","38":"pa_make-r55-2-clubman-lci-es","39":"pa_make-r56-2-es","40":"pa_make-r56-2-lci-es","41":"pa_make-r60-2-countryman-es","42":"pa_make-r60-2-countryman-lci-es","43":"pa_make-seat-es","44":"pa_make-sharan-iii-es","45":"pa_make-sharan-iii-phase-2-es","46":"pa_make-superb-break-ii-combi-es","47":"pa_make-skoda-ii-combi-phase-2-es","48":"pa_make-superb-break-iii-combi-es","49":"pa_make-i-phase-1-11-2007-05-2011-es","50":"pa_make-i-phase-2-05-2011-12-2015-es","51":"pa_make-ii-01-2016-07-2020-es","52":"pa_make-ii-phase-2-07-2020-aujourdhui-es","53":"pa_make-touareg-ii-es","54":"pa_make-touareg-ii-phase-2-es","55":"pa_make-1t1-es","56":"pa_make-1t2-es","57":"pa_make-1t3-es","58":"pa_make-toutes-marques-es","59":"pa_make-universel-es","60":"pa_make-yeti-phase-1-es","61":"pa_make-yeti-phase-2-es","62":"pa_marque-asiento","63":"pa_marque-audi-es","64":"pa_marque-bmw","65":"pa_marque-mini","66":"pa_marque-porsche-es","67":"pa_marque-skoda-es","68":"pa_marque-vag-es","69":"pa_marque-volkswagen-es","70":"pa_year-attr-2000-es","71":"pa_year-attr-2001-es","72":"pa_year-attr-2002-es","73":"pa_year-attr-2003-es","74":"pa_year-attr-2004-es","75":"pa_year-attr-2005-es","76":"pa_year-attr-2006-es","77":"pa_year-attr-2007-es","78":"pa_year-attr-2008-es","79":"pa_year-attr-2009-es","80":"pa_year-attr-2010-es","81":"pa_year-attr-2011-es","82":"pa_year-attr-2012-es","83":"pa_year-attr-2013-es","84":"pa_year-attr-2014-es","85":"pa_year-attr-2015-es","86":"pa_year-attr-2016-es","87":"pa_year-attr-2017-es","88":"pa_year-attr-2018-es","89":"pa_year-attr-2019-es","90":"pa_year-attr-2020-es","91":"pa_year-attr-2021-es","92":"pa_year-attr-2022-es","94":"first","95":"outofstock","96":"sale","97":"shipping-taxable","98":"purchasable","99":"product-type-simple"},"etheme_brands":{"errors":{"invalid_taxonomy":["Taxonom\u00eda no v\u00e1lida."]},"error_data":[]},"yoast_head":"<!-- This site is optimized with the Yoast SEO Premium plugin v27.3 (Yoast SEO v27.5) - https:\/\/yoast.com\/product\/yoast-seo-premium-wordpress\/ -->\n<title>Kit de mantenimiento del techo solar del coche - Velum Auto Store<\/title>\n<meta name=\"description\" content=\"Kit de mantenimiento confort para techos solares de coche, grasa mec\u00e1nica, producto de mantenimiento de juntas, cepillo, pa\u00f1o de microfibra y herramienta de desbloqueo.\" \/>\n<meta name=\"robots\" content=\"index, follow, max-snippet:-1, max-image-preview:large, max-video-preview:-1\" \/>\n<link rel=\"canonical\" href=\"https:\/\/velumautostore.com\/producto\/kit-dentretien-toit-ouvrant-automobile\/\" \/>\n<meta property=\"og:locale\" content=\"es_ES\" \/>\n<meta property=\"og:type\" content=\"article\" \/>\n<meta property=\"og:title\" content=\"Kit de mantenimiento del techo solar del coche\" \/>\n<meta property=\"og:description\" content=\"Kit de mantenimiento confort para techos solares de coche, grasa mec\u00e1nica, producto de mantenimiento de juntas, cepillo, pa\u00f1o de microfibra y herramienta de desbloqueo.\" \/>\n<meta property=\"og:url\" content=\"https:\/\/velumautostore.com\/producto\/kit-dentretien-toit-ouvrant-automobile\/\" \/>\n<meta property=\"og:site_name\" content=\"Velum Auto Store\" \/>\n<meta property=\"article:publisher\" content=\"https:\/\/fr-fr.facebook.com\/Velumautostore\/\" \/>\n<meta property=\"article:modified_time\" content=\"2026-03-21T10:37:06+00:00\" \/>\n<meta property=\"og:image\" content=\"https:\/\/velumautostore.com\/wp-content\/uploads\/2025\/05\/kit_CONFORT_entretien-2.jpg\" \/>\n\t<meta property=\"og:image:width\" content=\"800\" \/>\n\t<meta property=\"og:image:height\" content=\"800\" \/>\n\t<meta property=\"og:image:type\" content=\"image\/jpeg\" \/>\n<meta name=\"twitter:card\" content=\"summary_large_image\" \/>\n<meta name=\"twitter:label1\" content=\"Precio\" \/>\n\t<meta name=\"twitter:data1\" content=\"54.90&euro;\" \/>\n\t<meta name=\"twitter:label2\" content=\"Disponibilidad\" \/>\n\t<meta name=\"twitter:data2\" content=\"Sin existencias\" \/>\n<script type=\"application\/ld+json\" class=\"yoast-schema-graph\">{\"@context\":\"https:\\\/\\\/schema.org\",\"@graph\":[{\"@type\":\"WebPage\",\"@id\":\"https:\\\/\\\/velumautostore.com\\\/producto\\\/kit-dentretien-toit-ouvrant-automobile\\\/\",\"url\":\"https:\\\/\\\/velumautostore.com\\\/producto\\\/kit-dentretien-toit-ouvrant-automobile\\\/\",\"name\":\"Kit de mantenimiento del techo solar del coche - Velum Auto Store\",\"isPartOf\":{\"@id\":\"https:\\\/\\\/velumautostore.com\\\/#website\"},\"primaryImageOfPage\":{\"@id\":\"https:\\\/\\\/velumautostore.com\\\/producto\\\/kit-dentretien-toit-ouvrant-automobile\\\/#primaryimage\"},\"image\":{\"@id\":\"https:\\\/\\\/velumautostore.com\\\/producto\\\/kit-dentretien-toit-ouvrant-automobile\\\/#primaryimage\"},\"thumbnailUrl\":\"https:\\\/\\\/velumautostore.com\\\/wp-content\\\/uploads\\\/2025\\\/05\\\/kit_CONFORT_entretien-2.jpg\",\"datePublished\":\"2025-05-13T05:07:40+00:00\",\"dateModified\":\"2026-03-21T10:37:06+00:00\",\"description\":\"Kit de mantenimiento confort para techos solares de coche, grasa mec\u00e1nica, producto de mantenimiento de juntas, cepillo, pa\u00f1o de microfibra y herramienta de desbloqueo.\",\"breadcrumb\":{\"@id\":\"https:\\\/\\\/velumautostore.com\\\/producto\\\/kit-dentretien-toit-ouvrant-automobile\\\/#breadcrumb\"},\"inLanguage\":\"es\",\"potentialAction\":[{\"@type\":\"ReadAction\",\"target\":[\"https:\\\/\\\/velumautostore.com\\\/producto\\\/kit-dentretien-toit-ouvrant-automobile\\\/\"]}]},{\"@type\":\"ImageObject\",\"inLanguage\":\"es\",\"@id\":\"https:\\\/\\\/velumautostore.com\\\/producto\\\/kit-dentretien-toit-ouvrant-automobile\\\/#primaryimage\",\"url\":\"https:\\\/\\\/velumautostore.com\\\/wp-content\\\/uploads\\\/2025\\\/05\\\/kit_CONFORT_entretien-2.jpg\",\"contentUrl\":\"https:\\\/\\\/velumautostore.com\\\/wp-content\\\/uploads\\\/2025\\\/05\\\/kit_CONFORT_entretien-2.jpg\",\"width\":800,\"height\":800},{\"@type\":\"BreadcrumbList\",\"@id\":\"https:\\\/\\\/velumautostore.com\\\/producto\\\/kit-dentretien-toit-ouvrant-automobile\\\/#breadcrumb\",\"itemListElement\":[{\"@type\":\"ListItem\",\"position\":1,\"name\":\"Accueil\",\"item\":\"https:\\\/\\\/velumautostore.com\\\/es\\\/inicio\\\/\"},{\"@type\":\"ListItem\",\"position\":2,\"name\":\"Tienda\",\"item\":\"https:\\\/\\\/velumautostore.com\\\/es\\\/?page_id=19552\"},{\"@type\":\"ListItem\",\"position\":3,\"name\":\"Kit de mantenimiento del techo solar del coche\"}]},{\"@type\":\"WebSite\",\"@id\":\"https:\\\/\\\/velumautostore.com\\\/#website\",\"url\":\"https:\\\/\\\/velumautostore.com\\\/\",\"name\":\"Velum Auto Store\",\"description\":\"Store et toit panoramique\",\"publisher\":{\"@id\":\"https:\\\/\\\/velumautostore.com\\\/#organization\"},\"potentialAction\":[{\"@type\":\"SearchAction\",\"target\":{\"@type\":\"EntryPoint\",\"urlTemplate\":\"https:\\\/\\\/velumautostore.com\\\/?s={search_term_string}\"},\"query-input\":{\"@type\":\"PropertyValueSpecification\",\"valueRequired\":true,\"valueName\":\"search_term_string\"}}],\"inLanguage\":\"es\"},{\"@type\":\"Organization\",\"@id\":\"https:\\\/\\\/velumautostore.com\\\/#organization\",\"name\":\"Velum Auto Store\",\"url\":\"https:\\\/\\\/velumautostore.com\\\/\",\"logo\":{\"@type\":\"ImageObject\",\"inLanguage\":\"es\",\"@id\":\"https:\\\/\\\/velumautostore.com\\\/#\\\/schema\\\/logo\\\/image\\\/\",\"url\":\"https:\\\/\\\/velumautostore.com\\\/wp-content\\\/uploads\\\/2021\\\/09\\\/cropped-Velum_AutoStore_logo_3.png\",\"contentUrl\":\"https:\\\/\\\/velumautostore.com\\\/wp-content\\\/uploads\\\/2021\\\/09\\\/cropped-Velum_AutoStore_logo_3.png\",\"width\":321,\"height\":154,\"caption\":\"Velum Auto Store\"},\"image\":{\"@id\":\"https:\\\/\\\/velumautostore.com\\\/#\\\/schema\\\/logo\\\/image\\\/\"},\"sameAs\":[\"https:\\\/\\\/fr-fr.facebook.com\\\/Velumautostore\\\/\"]}]}<\/script>\n<meta property=\"product:price:amount\" content=\"54.90\" \/>\n<meta property=\"product:price:currency\" content=\"EUR\" \/>\n<meta property=\"og:availability\" content=\"out of stock\" \/>\n<meta property=\"product:availability\" content=\"out of stock\" \/>\n<meta property=\"product:condition\" content=\"new\" \/>\n<!-- \/ Yoast SEO Premium plugin. -->","yoast_head_json":{"title":"Kit de mantenimiento del techo solar del coche - Velum Auto Store","description":"Kit de mantenimiento confort para techos solares de coche, grasa mec\u00e1nica, producto de mantenimiento de juntas, cepillo, pa\u00f1o de microfibra y herramienta de desbloqueo.","robots":{"index":"index","follow":"follow","max-snippet":"max-snippet:-1","max-image-preview":"max-image-preview:large","max-video-preview":"max-video-preview:-1"},"canonical":"https:\/\/velumautostore.com\/producto\/kit-dentretien-toit-ouvrant-automobile\/","og_locale":"es_ES","og_type":"article","og_title":"Kit de mantenimiento del techo solar del coche","og_description":"Kit de mantenimiento confort para techos solares de coche, grasa mec\u00e1nica, producto de mantenimiento de juntas, cepillo, pa\u00f1o de microfibra y herramienta de desbloqueo.","og_url":"https:\/\/velumautostore.com\/producto\/kit-dentretien-toit-ouvrant-automobile\/","og_site_name":"Velum Auto Store","article_publisher":"https:\/\/fr-fr.facebook.com\/Velumautostore\/","article_modified_time":"2026-03-21T10:37:06+00:00","og_image":[{"width":800,"height":800,"url":"https:\/\/velumautostore.com\/wp-content\/uploads\/2025\/05\/kit_CONFORT_entretien-2.jpg","type":"image\/jpeg"}],"twitter_card":"summary_large_image","twitter_misc":{"Precio":"54.90&euro;","Disponibilidad":"Sin existencias"},"schema":{"@context":"https:\/\/schema.org","@graph":[{"@type":"WebPage","@id":"https:\/\/velumautostore.com\/producto\/kit-dentretien-toit-ouvrant-automobile\/","url":"https:\/\/velumautostore.com\/producto\/kit-dentretien-toit-ouvrant-automobile\/","name":"Kit de mantenimiento del techo solar del coche - Velum Auto Store","isPartOf":{"@id":"https:\/\/velumautostore.com\/#website"},"primaryImageOfPage":{"@id":"https:\/\/velumautostore.com\/producto\/kit-dentretien-toit-ouvrant-automobile\/#primaryimage"},"image":{"@id":"https:\/\/velumautostore.com\/producto\/kit-dentretien-toit-ouvrant-automobile\/#primaryimage"},"thumbnailUrl":"https:\/\/velumautostore.com\/wp-content\/uploads\/2025\/05\/kit_CONFORT_entretien-2.jpg","datePublished":"2025-05-13T05:07:40+00:00","dateModified":"2026-03-21T10:37:06+00:00","description":"Kit de mantenimiento confort para techos solares de coche, grasa mec\u00e1nica, producto de mantenimiento de juntas, cepillo, pa\u00f1o de microfibra y herramienta de desbloqueo.","breadcrumb":{"@id":"https:\/\/velumautostore.com\/producto\/kit-dentretien-toit-ouvrant-automobile\/#breadcrumb"},"inLanguage":"es","potentialAction":[{"@type":"ReadAction","target":["https:\/\/velumautostore.com\/producto\/kit-dentretien-toit-ouvrant-automobile\/"]}]},{"@type":"ImageObject","inLanguage":"es","@id":"https:\/\/velumautostore.com\/producto\/kit-dentretien-toit-ouvrant-automobile\/#primaryimage","url":"https:\/\/velumautostore.com\/wp-content\/uploads\/2025\/05\/kit_CONFORT_entretien-2.jpg","contentUrl":"https:\/\/velumautostore.com\/wp-content\/uploads\/2025\/05\/kit_CONFORT_entretien-2.jpg","width":800,"height":800},{"@type":"BreadcrumbList","@id":"https:\/\/velumautostore.com\/producto\/kit-dentretien-toit-ouvrant-automobile\/#breadcrumb","itemListElement":[{"@type":"ListItem","position":1,"name":"Accueil","item":"https:\/\/velumautostore.com\/es\/inicio\/"},{"@type":"ListItem","position":2,"name":"Tienda","item":"https:\/\/velumautostore.com\/es\/?page_id=19552"},{"@type":"ListItem","position":3,"name":"Kit de mantenimiento del techo solar del coche"}]},{"@type":"WebSite","@id":"https:\/\/velumautostore.com\/#website","url":"https:\/\/velumautostore.com\/","name":"Velum Auto Store","description":"Store et toit panoramique","publisher":{"@id":"https:\/\/velumautostore.com\/#organization"},"potentialAction":[{"@type":"SearchAction","target":{"@type":"EntryPoint","urlTemplate":"https:\/\/velumautostore.com\/?s={search_term_string}"},"query-input":{"@type":"PropertyValueSpecification","valueRequired":true,"valueName":"search_term_string"}}],"inLanguage":"es"},{"@type":"Organization","@id":"https:\/\/velumautostore.com\/#organization","name":"Velum Auto Store","url":"https:\/\/velumautostore.com\/","logo":{"@type":"ImageObject","inLanguage":"es","@id":"https:\/\/velumautostore.com\/#\/schema\/logo\/image\/","url":"https:\/\/velumautostore.com\/wp-content\/uploads\/2021\/09\/cropped-Velum_AutoStore_logo_3.png","contentUrl":"https:\/\/velumautostore.com\/wp-content\/uploads\/2021\/09\/cropped-Velum_AutoStore_logo_3.png","width":321,"height":154,"caption":"Velum Auto Store"},"image":{"@id":"https:\/\/velumautostore.com\/#\/schema\/logo\/image\/"},"sameAs":["https:\/\/fr-fr.facebook.com\/Velumautostore\/"]}]},"product_price_amount":"54.90","product_price_currency":"EUR","og_availability":"out of stock","product_availability":"out of stock","product_condition":"new"},"_links":{"self":[{"href":"https:\/\/velumautostore.com\/es\/wp-json\/wp\/v2\/product\/13882","targetHints":{"allow":["GET"]}}],"collection":[{"href":"https:\/\/velumautostore.com\/es\/wp-json\/wp\/v2\/product"}],"about":[{"href":"https:\/\/velumautostore.com\/es\/wp-json\/wp\/v2\/types\/product"}],"replies":[{"embeddable":true,"href":"https:\/\/velumautostore.com\/es\/wp-json\/wp\/v2\/comments?post=13882"}],"version-history":[{"count":2,"href":"https:\/\/velumautostore.com\/es\/wp-json\/wp\/v2\/product\/13882\/revisions"}],"predecessor-version":[{"id":16980,"href":"https:\/\/velumautostore.com\/es\/wp-json\/wp\/v2\/product\/13882\/revisions\/16980"}],"wp:featuredmedia":[{"embeddable":true,"href":"https:\/\/velumautostore.com\/es\/wp-json\/wp\/v2\/media\/14022"}],"wp:attachment":[{"href":"https:\/\/velumautostore.com\/es\/wp-json\/wp\/v2\/media?parent=13882"}],"wp:term":[{"taxonomy":"product_brand","embeddable":true,"href":"https:\/\/velumautostore.com\/es\/wp-json\/wp\/v2\/product_brand?post=13882"},{"taxonomy":"product_cat","embeddable":true,"href":"https:\/\/velumautostore.com\/es\/wp-json\/wp\/v2\/product_cat?post=13882"},{"taxonomy":"product_tag","embeddable":true,"href":"https:\/\/velumautostore.com\/es\/wp-json\/wp\/v2\/product_tag?post=13882"}],"curies":[{"name":"wp","href":"https:\/\/api.w.org\/{rel}","templated":true}]}}