{"id":13859,"date":"2025-05-12T13:54:37","date_gmt":"2025-05-12T11:54:37","guid":{"rendered":"https:\/\/velumautostore.com\/?post_type=product&#038;p=13859"},"modified":"2026-02-09T15:57:20","modified_gmt":"2026-02-09T14:57:20","slug":"jeringa-lubricante-20-ml-copie-copie","status":"publish","type":"product","link":"https:\/\/velumautostore.com\/es\/producto\/jeringa-lubricante-20-ml-copie-copie\/","title":{"rendered":"Cepillo de limpieza de la junta del techo solar panor\u00e1mico"},"content":{"rendered":"\t\t<div data-elementor-type=\"product-post\" data-elementor-id=\"13859\" class=\"elementor elementor-13859 elementor-13857\" data-elementor-post-type=\"product\">\n\t\t\t\t\t\t<section class=\"elementor-section elementor-top-section elementor-element elementor-element-40cdbec1 elementor-section-boxed elementor-section-height-default elementor-section-height-default\" data-id=\"40cdbec1\" data-element_type=\"section\" data-e-type=\"section\">\n\t\t\t\t\t\t<div class=\"elementor-container elementor-column-gap-default\">\n\t\t\t\t\t<div class=\"elementor-column elementor-col-100 elementor-top-column elementor-element elementor-element-4ae9f57\" data-id=\"4ae9f57\" data-element_type=\"column\" data-e-type=\"column\">\n\t\t\t<div class=\"elementor-widget-wrap elementor-element-populated\">\n\t\t\t\t\t\t<div class=\"elementor-element elementor-element-15718018 elementor-widget elementor-widget-text-editor\" data-id=\"15718018\" data-element_type=\"widget\" data-e-type=\"widget\" data-widget_type=\"text-editor.default\">\n\t\t\t\t<div class=\"elementor-widget-container\">\n\t\t\t\t\t\t\t\t\t<h2><strong>\ud83d\udee0\ufe0f Cepillo limpiador de juntas del techo solar panor\u00e1mico<\/strong><\/h2><h3>Descripci\u00f3n<\/h3><p>Descubre nuestro cepillo de aplicaci\u00f3n de grasa, especialmente dise\u00f1ado para las juntas del techo solar panor\u00e1mico. Este cepillo de alta calidad permite una aplicaci\u00f3n precisa y uniforme de la grasa, garantizando una lubricaci\u00f3n \u00f3ptima y una protecci\u00f3n duradera contra el desgaste y la corrosi\u00f3n. <\/p><h3>Caracter\u00edsticas<\/h3><ul><li><strong>Material<\/strong>: Cerdas sint\u00e9ticas de alta calidad<\/li><li><strong>Color<\/strong>: Blanco<\/li><li><strong>Dimensiones<\/strong>: 10 x 1,5 x 0,5 cm<\/li><li><strong>Peso<\/strong>: 15 g<\/li><li><strong>Certificaciones<\/strong>: ISO9001<\/li><\/ul><h3>Beneficios<\/h3><ul><li><strong>\ud83d\ude80 Aplicaci\u00f3n precisa<\/strong>: distribuye la grasa uniformemente sobre juntas y ra\u00edles.<\/li><li><strong>\ud83c\udf0d Versatilidad<\/strong>: Adecuado para una amplia gama de grasas, ideal para todas las condiciones meteorol\u00f3gicas.<\/li><li><strong>\ud83d\udd12 Conformidad<\/strong>: certificado ISO9001, que garantiza la m\u00e1xima calidad y seguridad.<\/li><\/ul><h3>Utiliza<\/h3><p>Aplica una peque\u00f1a cantidad de grasa en las cerdas del cepillo, y luego esp\u00e1rcela uniformemente por las juntas y los ra\u00edles de tu techo solar panor\u00e1mico. Repite la operaci\u00f3n regularmente para mantener el rendimiento \u00f3ptimo de tu techo solar. <\/p><h3>\u00bfPor qu\u00e9 elegir nuestro cepillo de aplicaci\u00f3n?<\/h3><p>Nuestro cepillo de aplicaci\u00f3n est\u00e1 especialmente dise\u00f1ado para satisfacer las exigencias de los techos solares panor\u00e1micos. Su tama\u00f1o compacto hace que sea f\u00e1cil de manejar y preciso de aplicar, mientras que su certificaci\u00f3n ISO9001 significa que puedes estar seguro de una calidad impecable. <\/p>\t\t\t\t\t\t\t\t<\/div>\n\t\t\t\t<\/div>\n\t\t\t\t<div class=\"elementor-element elementor-element-8f5dc66 elementor-widget elementor-widget-heading\" data-id=\"8f5dc66\" data-element_type=\"widget\" data-e-type=\"widget\" data-widget_type=\"heading.default\">\n\t\t\t\t<div class=\"elementor-widget-container\">\n\t\t\t\t\t<h2 class=\"elementor-heading-title elementor-size-default\">Se puede utilizar con la siguiente grasa:<\/h2>\t\t\t\t<\/div>\n\t\t\t\t<\/div>\n\t\t\t\t<section class=\"elementor-section elementor-inner-section elementor-element elementor-element-4771755 elementor-section-boxed elementor-section-height-default elementor-section-height-default\" data-id=\"4771755\" data-element_type=\"section\" data-e-type=\"section\">\n\t\t\t\t\t\t<div class=\"elementor-container elementor-column-gap-default\">\n\t\t\t\t\t<div class=\"elementor-column elementor-col-100 elementor-inner-column elementor-element elementor-element-2c9fda2\" data-id=\"2c9fda2\" data-element_type=\"column\" data-e-type=\"column\">\n\t\t\t<div class=\"elementor-widget-wrap elementor-element-populated\">\n\t\t\t\t\t\t\t<\/div>\n\t\t<\/div>\n\t\t\t\t\t<\/div>\n\t\t<\/section>\n\t\t\t\t<div class=\"elementor-element elementor-element-76e10d9 elementor-widget elementor-widget-heading\" data-id=\"76e10d9\" data-element_type=\"widget\" data-e-type=\"widget\" data-widget_type=\"heading.default\">\n\t\t\t\t<div class=\"elementor-widget-container\">\n\t\t\t\t\t<h2 class=\"elementor-heading-title elementor-size-default\">Tutoriales<\/h2>\t\t\t\t<\/div>\n\t\t\t\t<\/div>\n\t\t\t\t\t<\/div>\n\t\t<\/div>\n\t\t\t\t\t<\/div>\n\t\t<\/section>\n\t\t\t\t<\/div>\n\t\t","protected":false},"excerpt":{"rendered":"<h2><strong>\ud83d\udee0\ufe0f Cepillo limpiador de juntas del techo solar panor\u00e1mico<\/strong><\/h2>\n<h3>Descripci\u00f3n<\/h3>\n<p>Descubre nuestro cepillo de aplicaci\u00f3n de grasa, especialmente dise\u00f1ado para las juntas del techo solar panor\u00e1mico. Este cepillo de alta calidad permite una aplicaci\u00f3n precisa y uniforme de la grasa, garantizando una lubricaci\u00f3n \u00f3ptima y una protecci\u00f3n duradera contra el desgaste y la corrosi\u00f3n. <\/p>\n","protected":false},"featured_media":13968,"comment_status":"open","ping_status":"closed","template":"","meta":[],"product_brand":[],"product_cat":[874,887,163],"product_tag":[],"class_list":{"0":"post-13859","1":"product","2":"type-product","3":"status-publish","4":"has-post-thumbnail","6":"product_cat-grasa","7":"product_cat-productos-de-mantenimiento","8":"product_cat-tienda-velum","9":"pa_make-a5-8t3-es","10":"pa_make-alhambra-iii-es","11":"pa_make-ateca-phase-2-es","12":"pa_make-cayenne-92a-es","13":"pa_make-e-tron-suv-es","14":"pa_make-golf-v-sw-es","15":"pa_make-golf-vi-sw-es","16":"pa_make-golf-vii-sw-es","17":"pa_make-golf-viii-sw-variant-es","18":"pa_make-insignia-phase-1-es","19":"pa_make-insignia-phase-2-es","20":"pa_make-karoq-phase-i-es","21":"pa_make-kodiaq-phase-1-es","22":"pa_make-leon-break-iii-es","23":"pa_make-leon-break-iv-kl8-st-es","24":"pa_make-octavia-5e5-combi-es","25":"pa_make-octavia-nx3-es","26":"pa_make-opel-es","27":"pa_make-passat-b6-sw-es","28":"pa_make-passat-b7-sw-es","29":"pa_make-passat-b8-sw-es","30":"pa_make-passat-cc-es","31":"pa_make-passat-cc-b6-es","32":"pa_make-porsche-es","33":"pa_make-i-8rb-11-2008-09-2012-es","34":"pa_make-i-8rb-phase-2-06-2012-04-2016-es","35":"pa_make-q7-serie-1-es","36":"pa_make-q7-serie-1-phase-2-es","37":"pa_make-r55-2-clubman-es","38":"pa_make-r55-2-clubman-lci-es","39":"pa_make-r56-2-es","40":"pa_make-r56-2-lci-es","41":"pa_make-r60-2-countryman-es","42":"pa_make-r60-2-countryman-lci-es","43":"pa_make-seat-es","44":"pa_make-sharan-iii-es","45":"pa_make-sharan-iii-phase-2-es","46":"pa_make-superb-break-ii-combi-es","47":"pa_make-skoda-ii-combi-phase-2-es","48":"pa_make-superb-break-iii-combi-es","49":"pa_make-i-phase-1-11-2007-05-2011-es","50":"pa_make-i-phase-2-05-2011-12-2015-es","51":"pa_make-ii-01-2016-07-2020-es","52":"pa_make-ii-phase-2-07-2020-aujourdhui-es","53":"pa_make-touareg-ii-es","54":"pa_make-touareg-ii-phase-2-es","55":"pa_make-1t1-es","56":"pa_make-1t2-es","57":"pa_make-1t3-es","58":"pa_make-toutes-marques-es","59":"pa_make-universel-es","60":"pa_make-yeti-phase-1-es","61":"pa_make-yeti-phase-2-es","62":"pa_marque-asiento","63":"pa_marque-audi-es","64":"pa_marque-bmw","65":"pa_marque-mini","66":"pa_marque-porsche-es","67":"pa_marque-skoda-es","68":"pa_marque-vag-es","69":"pa_marque-volkswagen-es","70":"pa_year-attr-2000-es","71":"pa_year-attr-2001-es","72":"pa_year-attr-2002-es","73":"pa_year-attr-2003-es","74":"pa_year-attr-2004-es","75":"pa_year-attr-2005-es","76":"pa_year-attr-2006-es","77":"pa_year-attr-2007-es","78":"pa_year-attr-2008-es","79":"pa_year-attr-2009-es","80":"pa_year-attr-2010-es","81":"pa_year-attr-2011-es","82":"pa_year-attr-2012-es","83":"pa_year-attr-2013-es","84":"pa_year-attr-2014-es","85":"pa_year-attr-2015-es","86":"pa_year-attr-2016-es","87":"pa_year-attr-2017-es","88":"pa_year-attr-2018-es","89":"pa_year-attr-2019-es","90":"pa_year-attr-2020-es","91":"pa_year-attr-2021-es","92":"pa_year-attr-2022-es","94":"first","95":"instock","96":"sale","97":"shipping-taxable","98":"purchasable","99":"product-type-simple"},"etheme_brands":{"errors":{"invalid_taxonomy":["Taxonom\u00eda no v\u00e1lida."]},"error_data":[]},"yoast_head":"<!-- This site is optimized with the Yoast SEO Premium plugin v27.3 (Yoast SEO v27.5) - https:\/\/yoast.com\/product\/yoast-seo-premium-wordpress\/ -->\n<title>Cepillo de limpieza de la junta del techo solar panor\u00e1mico - Velum Auto Store<\/title>\n<meta name=\"description\" content=\"Descubre nuestro cepillo limpiacristales. Aplicaci\u00f3n precisa, cerdas de alta calidad, ideal para una limpieza a fondo y eficaz.\" \/>\n<meta name=\"robots\" content=\"index, follow, max-snippet:-1, max-image-preview:large, max-video-preview:-1\" \/>\n<link rel=\"canonical\" href=\"https:\/\/velumautostore.com\/es\/producto\/jeringa-lubricante-20-ml-copie-copie\/\" \/>\n<meta property=\"og:locale\" content=\"es_ES\" \/>\n<meta property=\"og:type\" content=\"article\" \/>\n<meta property=\"og:title\" content=\"Cepillo de limpieza de la junta del techo solar panor\u00e1mico\" \/>\n<meta property=\"og:description\" content=\"Descubre nuestro cepillo limpiacristales. Aplicaci\u00f3n precisa, cerdas de alta calidad, ideal para una limpieza a fondo y eficaz.\" \/>\n<meta property=\"og:url\" content=\"https:\/\/velumautostore.com\/es\/producto\/jeringa-lubricante-20-ml-copie-copie\/\" \/>\n<meta property=\"og:site_name\" content=\"Velum Auto Store\" \/>\n<meta property=\"article:publisher\" content=\"https:\/\/fr-fr.facebook.com\/Velumautostore\/\" \/>\n<meta property=\"article:modified_time\" content=\"2026-02-09T14:57:20+00:00\" \/>\n<meta property=\"og:image\" content=\"https:\/\/velumautostore.com\/wp-content\/uploads\/2025\/05\/kit-entretien_pinceau-1.jpg\" \/>\n\t<meta property=\"og:image:width\" content=\"800\" \/>\n\t<meta property=\"og:image:height\" content=\"800\" \/>\n\t<meta property=\"og:image:type\" content=\"image\/jpeg\" \/>\n<meta name=\"twitter:card\" content=\"summary_large_image\" \/>\n<meta name=\"twitter:label1\" content=\"Precio\" \/>\n\t<meta name=\"twitter:data1\" content=\"9.90&euro;\" \/>\n\t<meta name=\"twitter:label2\" content=\"Disponibilidad\" \/>\n\t<meta name=\"twitter:data2\" content=\"Disponible\" \/>\n<script type=\"application\/ld+json\" class=\"yoast-schema-graph\">{\"@context\":\"https:\\\/\\\/schema.org\",\"@graph\":[{\"@type\":\"WebPage\",\"@id\":\"https:\\\/\\\/velumautostore.com\\\/es\\\/producto\\\/jeringa-lubricante-20-ml-copie-copie\\\/\",\"url\":\"https:\\\/\\\/velumautostore.com\\\/es\\\/producto\\\/jeringa-lubricante-20-ml-copie-copie\\\/\",\"name\":\"Cepillo de limpieza de la junta del techo solar panor\u00e1mico - Velum Auto Store\",\"isPartOf\":{\"@id\":\"https:\\\/\\\/velumautostore.com\\\/#website\"},\"primaryImageOfPage\":{\"@id\":\"https:\\\/\\\/velumautostore.com\\\/es\\\/producto\\\/jeringa-lubricante-20-ml-copie-copie\\\/#primaryimage\"},\"image\":{\"@id\":\"https:\\\/\\\/velumautostore.com\\\/es\\\/producto\\\/jeringa-lubricante-20-ml-copie-copie\\\/#primaryimage\"},\"thumbnailUrl\":\"https:\\\/\\\/velumautostore.com\\\/wp-content\\\/uploads\\\/2025\\\/05\\\/kit-entretien_pinceau-1.jpg\",\"datePublished\":\"2025-05-12T11:54:37+00:00\",\"dateModified\":\"2026-02-09T14:57:20+00:00\",\"description\":\"Descubre nuestro cepillo limpiacristales. Aplicaci\u00f3n precisa, cerdas de alta calidad, ideal para una limpieza a fondo y eficaz.\",\"breadcrumb\":{\"@id\":\"https:\\\/\\\/velumautostore.com\\\/es\\\/producto\\\/jeringa-lubricante-20-ml-copie-copie\\\/#breadcrumb\"},\"inLanguage\":\"es\",\"potentialAction\":[{\"@type\":\"ReadAction\",\"target\":[\"https:\\\/\\\/velumautostore.com\\\/es\\\/producto\\\/jeringa-lubricante-20-ml-copie-copie\\\/\"]}]},{\"@type\":\"ImageObject\",\"inLanguage\":\"es\",\"@id\":\"https:\\\/\\\/velumautostore.com\\\/es\\\/producto\\\/jeringa-lubricante-20-ml-copie-copie\\\/#primaryimage\",\"url\":\"https:\\\/\\\/velumautostore.com\\\/wp-content\\\/uploads\\\/2025\\\/05\\\/kit-entretien_pinceau-1.jpg\",\"contentUrl\":\"https:\\\/\\\/velumautostore.com\\\/wp-content\\\/uploads\\\/2025\\\/05\\\/kit-entretien_pinceau-1.jpg\",\"width\":800,\"height\":800},{\"@type\":\"BreadcrumbList\",\"@id\":\"https:\\\/\\\/velumautostore.com\\\/es\\\/producto\\\/jeringa-lubricante-20-ml-copie-copie\\\/#breadcrumb\",\"itemListElement\":[{\"@type\":\"ListItem\",\"position\":1,\"name\":\"Accueil\",\"item\":\"https:\\\/\\\/velumautostore.com\\\/es\\\/inicio\\\/\"},{\"@type\":\"ListItem\",\"position\":2,\"name\":\"Tienda\",\"item\":\"https:\\\/\\\/velumautostore.com\\\/es\\\/?page_id=19552\"},{\"@type\":\"ListItem\",\"position\":3,\"name\":\"Cepillo de limpieza de la junta del techo solar panor\u00e1mico\"}]},{\"@type\":\"WebSite\",\"@id\":\"https:\\\/\\\/velumautostore.com\\\/#website\",\"url\":\"https:\\\/\\\/velumautostore.com\\\/\",\"name\":\"Velum Auto Store\",\"description\":\"Store et toit panoramique\",\"publisher\":{\"@id\":\"https:\\\/\\\/velumautostore.com\\\/#organization\"},\"potentialAction\":[{\"@type\":\"SearchAction\",\"target\":{\"@type\":\"EntryPoint\",\"urlTemplate\":\"https:\\\/\\\/velumautostore.com\\\/?s={search_term_string}\"},\"query-input\":{\"@type\":\"PropertyValueSpecification\",\"valueRequired\":true,\"valueName\":\"search_term_string\"}}],\"inLanguage\":\"es\"},{\"@type\":\"Organization\",\"@id\":\"https:\\\/\\\/velumautostore.com\\\/#organization\",\"name\":\"Velum Auto Store\",\"url\":\"https:\\\/\\\/velumautostore.com\\\/\",\"logo\":{\"@type\":\"ImageObject\",\"inLanguage\":\"es\",\"@id\":\"https:\\\/\\\/velumautostore.com\\\/#\\\/schema\\\/logo\\\/image\\\/\",\"url\":\"https:\\\/\\\/velumautostore.com\\\/wp-content\\\/uploads\\\/2021\\\/09\\\/cropped-Velum_AutoStore_logo_3.png\",\"contentUrl\":\"https:\\\/\\\/velumautostore.com\\\/wp-content\\\/uploads\\\/2021\\\/09\\\/cropped-Velum_AutoStore_logo_3.png\",\"width\":321,\"height\":154,\"caption\":\"Velum Auto Store\"},\"image\":{\"@id\":\"https:\\\/\\\/velumautostore.com\\\/#\\\/schema\\\/logo\\\/image\\\/\"},\"sameAs\":[\"https:\\\/\\\/fr-fr.facebook.com\\\/Velumautostore\\\/\"]}]}<\/script>\n<meta property=\"product:price:amount\" content=\"9.90\" \/>\n<meta property=\"product:price:currency\" content=\"EUR\" \/>\n<meta property=\"og:availability\" content=\"instock\" \/>\n<meta property=\"product:availability\" content=\"instock\" \/>\n<meta property=\"product:condition\" content=\"new\" \/>\n<!-- \/ Yoast SEO Premium plugin. -->","yoast_head_json":{"title":"Cepillo de limpieza de la junta del techo solar panor\u00e1mico - Velum Auto Store","description":"Descubre nuestro cepillo limpiacristales. Aplicaci\u00f3n precisa, cerdas de alta calidad, ideal para una limpieza a fondo y eficaz.","robots":{"index":"index","follow":"follow","max-snippet":"max-snippet:-1","max-image-preview":"max-image-preview:large","max-video-preview":"max-video-preview:-1"},"canonical":"https:\/\/velumautostore.com\/es\/producto\/jeringa-lubricante-20-ml-copie-copie\/","og_locale":"es_ES","og_type":"article","og_title":"Cepillo de limpieza de la junta del techo solar panor\u00e1mico","og_description":"Descubre nuestro cepillo limpiacristales. Aplicaci\u00f3n precisa, cerdas de alta calidad, ideal para una limpieza a fondo y eficaz.","og_url":"https:\/\/velumautostore.com\/es\/producto\/jeringa-lubricante-20-ml-copie-copie\/","og_site_name":"Velum Auto Store","article_publisher":"https:\/\/fr-fr.facebook.com\/Velumautostore\/","article_modified_time":"2026-02-09T14:57:20+00:00","og_image":[{"width":800,"height":800,"url":"https:\/\/velumautostore.com\/wp-content\/uploads\/2025\/05\/kit-entretien_pinceau-1.jpg","type":"image\/jpeg"}],"twitter_card":"summary_large_image","twitter_misc":{"Precio":"9.90&euro;","Disponibilidad":"Disponible"},"schema":{"@context":"https:\/\/schema.org","@graph":[{"@type":"WebPage","@id":"https:\/\/velumautostore.com\/es\/producto\/jeringa-lubricante-20-ml-copie-copie\/","url":"https:\/\/velumautostore.com\/es\/producto\/jeringa-lubricante-20-ml-copie-copie\/","name":"Cepillo de limpieza de la junta del techo solar panor\u00e1mico - Velum Auto Store","isPartOf":{"@id":"https:\/\/velumautostore.com\/#website"},"primaryImageOfPage":{"@id":"https:\/\/velumautostore.com\/es\/producto\/jeringa-lubricante-20-ml-copie-copie\/#primaryimage"},"image":{"@id":"https:\/\/velumautostore.com\/es\/producto\/jeringa-lubricante-20-ml-copie-copie\/#primaryimage"},"thumbnailUrl":"https:\/\/velumautostore.com\/wp-content\/uploads\/2025\/05\/kit-entretien_pinceau-1.jpg","datePublished":"2025-05-12T11:54:37+00:00","dateModified":"2026-02-09T14:57:20+00:00","description":"Descubre nuestro cepillo limpiacristales. Aplicaci\u00f3n precisa, cerdas de alta calidad, ideal para una limpieza a fondo y eficaz.","breadcrumb":{"@id":"https:\/\/velumautostore.com\/es\/producto\/jeringa-lubricante-20-ml-copie-copie\/#breadcrumb"},"inLanguage":"es","potentialAction":[{"@type":"ReadAction","target":["https:\/\/velumautostore.com\/es\/producto\/jeringa-lubricante-20-ml-copie-copie\/"]}]},{"@type":"ImageObject","inLanguage":"es","@id":"https:\/\/velumautostore.com\/es\/producto\/jeringa-lubricante-20-ml-copie-copie\/#primaryimage","url":"https:\/\/velumautostore.com\/wp-content\/uploads\/2025\/05\/kit-entretien_pinceau-1.jpg","contentUrl":"https:\/\/velumautostore.com\/wp-content\/uploads\/2025\/05\/kit-entretien_pinceau-1.jpg","width":800,"height":800},{"@type":"BreadcrumbList","@id":"https:\/\/velumautostore.com\/es\/producto\/jeringa-lubricante-20-ml-copie-copie\/#breadcrumb","itemListElement":[{"@type":"ListItem","position":1,"name":"Accueil","item":"https:\/\/velumautostore.com\/es\/inicio\/"},{"@type":"ListItem","position":2,"name":"Tienda","item":"https:\/\/velumautostore.com\/es\/?page_id=19552"},{"@type":"ListItem","position":3,"name":"Cepillo de limpieza de la junta del techo solar panor\u00e1mico"}]},{"@type":"WebSite","@id":"https:\/\/velumautostore.com\/#website","url":"https:\/\/velumautostore.com\/","name":"Velum Auto Store","description":"Store et toit panoramique","publisher":{"@id":"https:\/\/velumautostore.com\/#organization"},"potentialAction":[{"@type":"SearchAction","target":{"@type":"EntryPoint","urlTemplate":"https:\/\/velumautostore.com\/?s={search_term_string}"},"query-input":{"@type":"PropertyValueSpecification","valueRequired":true,"valueName":"search_term_string"}}],"inLanguage":"es"},{"@type":"Organization","@id":"https:\/\/velumautostore.com\/#organization","name":"Velum Auto Store","url":"https:\/\/velumautostore.com\/","logo":{"@type":"ImageObject","inLanguage":"es","@id":"https:\/\/velumautostore.com\/#\/schema\/logo\/image\/","url":"https:\/\/velumautostore.com\/wp-content\/uploads\/2021\/09\/cropped-Velum_AutoStore_logo_3.png","contentUrl":"https:\/\/velumautostore.com\/wp-content\/uploads\/2021\/09\/cropped-Velum_AutoStore_logo_3.png","width":321,"height":154,"caption":"Velum Auto Store"},"image":{"@id":"https:\/\/velumautostore.com\/#\/schema\/logo\/image\/"},"sameAs":["https:\/\/fr-fr.facebook.com\/Velumautostore\/"]}]},"product_price_amount":"9.90","product_price_currency":"EUR","og_availability":"instock","product_availability":"instock","product_condition":"new"},"_links":{"self":[{"href":"https:\/\/velumautostore.com\/es\/wp-json\/wp\/v2\/product\/13859","targetHints":{"allow":["GET"]}}],"collection":[{"href":"https:\/\/velumautostore.com\/es\/wp-json\/wp\/v2\/product"}],"about":[{"href":"https:\/\/velumautostore.com\/es\/wp-json\/wp\/v2\/types\/product"}],"replies":[{"embeddable":true,"href":"https:\/\/velumautostore.com\/es\/wp-json\/wp\/v2\/comments?post=13859"}],"version-history":[{"count":2,"href":"https:\/\/velumautostore.com\/es\/wp-json\/wp\/v2\/product\/13859\/revisions"}],"predecessor-version":[{"id":16974,"href":"https:\/\/velumautostore.com\/es\/wp-json\/wp\/v2\/product\/13859\/revisions\/16974"}],"wp:featuredmedia":[{"embeddable":true,"href":"https:\/\/velumautostore.com\/es\/wp-json\/wp\/v2\/media\/13968"}],"wp:attachment":[{"href":"https:\/\/velumautostore.com\/es\/wp-json\/wp\/v2\/media?parent=13859"}],"wp:term":[{"taxonomy":"product_brand","embeddable":true,"href":"https:\/\/velumautostore.com\/es\/wp-json\/wp\/v2\/product_brand?post=13859"},{"taxonomy":"product_cat","embeddable":true,"href":"https:\/\/velumautostore.com\/es\/wp-json\/wp\/v2\/product_cat?post=13859"},{"taxonomy":"product_tag","embeddable":true,"href":"https:\/\/velumautostore.com\/es\/wp-json\/wp\/v2\/product_tag?post=13859"}],"curies":[{"name":"wp","href":"https:\/\/api.w.org\/{rel}","templated":true}]}}