{"id":13855,"date":"2025-05-12T13:49:06","date_gmt":"2025-05-12T11:49:06","guid":{"rendered":"https:\/\/velumautostore.com\/?post_type=product&#038;p=13855"},"modified":"2026-02-09T15:56:58","modified_gmt":"2026-02-09T14:56:58","slug":"pomo-giratorio-techo-solar-beige-1k9-959-561-vw-tiguantouransharangolf-estateaudi-q5-copie","status":"publish","type":"product","link":"https:\/\/velumautostore.com\/es\/producto\/pomo-giratorio-techo-solar-beige-1k9-959-561-vw-tiguantouransharangolf-estateaudi-q5-copie\/","title":{"rendered":"Bot\u00f3n de arranque y parada &#8211; 5NB959839 5NC959839- VW Tiguan II"},"content":{"rendered":"<h3 id=\"description\">Descripci\u00f3n<\/h3>\n<p>Sustituye tu pomo defectuoso por nuestro modelo 5NB959839, 5NC959839 compatible con el VW Tiguan. Este pomo de pl\u00e1stico gris de alta calidad est\u00e1 dise\u00f1ado para funcionar y durar como el original. <\/p>\n<hr>\n<h3 id=\"caractristiques\">Caracter\u00edsticas<\/h3>\n<ul>\n<li><strong>Material<\/strong>: Pl\u00e1stico<\/li>\n<li><strong>Color<\/strong>: Gris<\/li>\n<li><strong>Garant\u00eda<\/strong>: 1 a\u00f1o<\/li>\n<\/ul>\n<h3 id=\"compatibilit\">Compatibilidad<\/h3>\n<ul>\n<li><strong>VW<\/strong>:\n<ul>\n<li>Tiguan: a partir de 2017<\/li>\n<\/ul>\n<\/li>\n<\/ul>\n<h3 id=\"rfrencesquivalentes\">Referencias equivalentes<\/h3>\n<ul>\n<li>5NB959839<\/li>\n<li>5NC959839<\/li>\n<\/ul>\n<hr>\n<h3 id=\"pourquoichoisirnotreboutonstartandstop\">\u00bfPor qu\u00e9 elegir nuestro bot\u00f3n START y STOP?<\/h3>\n<p>Este bot\u00f3n de ARRANQUE y PARADA es perfecto para sustituir a tu bot\u00f3n defectuoso. Su calidad es similar a la del original, lo que garantiza un funcionamiento fiable y duradero. Compatible con muchos modelos de VW, Audi, Seat y Skoda, es f\u00e1cil de instalar y tiene un a\u00f1o de garant\u00eda para tu m\u00e1xima tranquilidad.  <\/p>\n<p>&nbsp;<\/p>\n<p>1 a\u00f1o de garant\u00eda para tu tranquilidad en la carretera<\/p>\n","protected":false},"excerpt":{"rendered":"<h3 id=\"description\">Descripci\u00f3n<\/h3>\n<p>Sustituye tu pomo defectuoso por nuestro modelo 5NB959839, 5NC959839 compatible con el VW Tiguan. Este pomo de pl\u00e1stico gris de alta calidad est\u00e1 dise\u00f1ado para funcionar y durar como el original. <\/p>\n<hr>\n<h3 id=\"caractristiques\">Caracter\u00edsticas<\/h3>\n<ul>\n<li><strong>Material<\/strong>: Pl\u00e1stico<\/li>\n<li><strong>Color<\/strong>: Gris<\/li>\n<li><strong>Garant\u00eda<\/strong>: 1 a\u00f1o<\/li>\n<\/ul>\n","protected":false},"featured_media":15657,"comment_status":"open","ping_status":"closed","template":"","meta":[],"product_brand":[],"product_cat":[173,163],"product_tag":[],"class_list":{"0":"post-13855","1":"product","2":"type-product","3":"status-publish","4":"has-post-thumbnail","6":"product_cat-piezas-de-recambio","7":"product_cat-tienda-velum","8":"pa_make-alhambra-iii-es","9":"pa_make-golf-v-sw-es","10":"pa_make-golf-vi-sw-es","11":"pa_make-golf-vii-sw-es","12":"pa_make-leon-break-iii-es","13":"pa_make-octavia-5e5-combi-es","14":"pa_make-passat-b6-sw-es","15":"pa_make-passat-b7-sw-es","16":"pa_make-i-8rb-11-2008-09-2012-es","17":"pa_make-i-8rb-phase-2-06-2012-04-2016-es","18":"pa_make-seat-es","19":"pa_make-sharan-iii-es","20":"pa_make-superb-break-ii-combi-es","21":"pa_make-skoda-ii-combi-phase-2-es","22":"pa_make-i-phase-1-11-2007-05-2011-es","23":"pa_make-i-phase-2-05-2011-12-2015-es","24":"pa_make-ii-01-2016-07-2020-es","25":"pa_make-ii-phase-2-07-2020-aujourdhui-es","26":"pa_make-1t1-es","27":"pa_make-1t2-es","28":"pa_make-1t3-es","29":"pa_make-toutes-marques-es","30":"pa_make-universel-es","31":"pa_make-yeti-phase-1-es","32":"pa_make-yeti-phase-2-es","33":"pa_marque-asiento","34":"pa_marque-audi-es","35":"pa_marque-skoda-es","36":"pa_marque-vag-es","37":"pa_marque-volkswagen-es","38":"pa_year-attr-2000-es","39":"pa_year-attr-2001-es","40":"pa_year-attr-2002-es","41":"pa_year-attr-2003-es","42":"pa_year-attr-2004-es","43":"pa_year-attr-2005-es","44":"pa_year-attr-2006-es","45":"pa_year-attr-2007-es","46":"pa_year-attr-2008-es","47":"pa_year-attr-2009-es","48":"pa_year-attr-2010-es","49":"pa_year-attr-2011-es","50":"pa_year-attr-2012-es","51":"pa_year-attr-2013-es","52":"pa_year-attr-2014-es","53":"pa_year-attr-2015-es","54":"pa_year-attr-2016-es","55":"pa_year-attr-2017-es","56":"pa_year-attr-2018-es","57":"pa_year-attr-2019-es","58":"pa_year-attr-2020-es","59":"pa_year-attr-2021-es","60":"pa_year-attr-2022-es","62":"first","63":"outofstock","64":"sale","65":"shipping-taxable","66":"purchasable","67":"product-type-simple"},"etheme_brands":{"errors":{"invalid_taxonomy":["Taxonom\u00eda no v\u00e1lida."]},"error_data":[]},"yoast_head":"<!-- This site is optimized with the Yoast SEO Premium plugin v27.3 (Yoast SEO v27.5) - https:\/\/yoast.com\/product\/yoast-seo-premium-wordpress\/ -->\n<title>Bot\u00f3n de arranque y parada de Volkswagen - Velum Auto Store<\/title>\n<meta name=\"description\" content=\"Sustituye tu bot\u00f3n START y STOP defectuoso por nuestro modelo 3GD959839. Compatible con VW, Audi, Seat y Skoda. Calidad original garantizada.\" \/>\n<meta name=\"robots\" content=\"index, follow, max-snippet:-1, max-image-preview:large, max-video-preview:-1\" \/>\n<link rel=\"canonical\" href=\"https:\/\/velumautostore.com\/es\/producto\/pomo-giratorio-techo-solar-beige-1k9-959-561-vw-tiguantouransharangolf-estateaudi-q5-copie\/\" \/>\n<meta property=\"og:locale\" content=\"es_ES\" \/>\n<meta property=\"og:type\" content=\"article\" \/>\n<meta property=\"og:title\" content=\"Bot\u00f3n de arranque y parada - 5NB959839 5NC959839- VW Tiguan II\" \/>\n<meta property=\"og:description\" content=\"Sustituye tu bot\u00f3n START y STOP defectuoso por nuestro modelo 3GD959839. Compatible con VW, Audi, Seat y Skoda. Calidad original garantizada.\" \/>\n<meta property=\"og:url\" content=\"https:\/\/velumautostore.com\/es\/producto\/pomo-giratorio-techo-solar-beige-1k9-959-561-vw-tiguantouransharangolf-estateaudi-q5-copie\/\" \/>\n<meta property=\"og:site_name\" content=\"Velum Auto Store\" \/>\n<meta property=\"article:publisher\" content=\"https:\/\/fr-fr.facebook.com\/Velumautostore\/\" \/>\n<meta property=\"article:modified_time\" content=\"2026-02-09T14:56:58+00:00\" \/>\n<meta property=\"og:image\" content=\"https:\/\/velumautostore.com\/wp-content\/uploads\/2025\/05\/start-and-stop_5NB_1.jpg\" \/>\n\t<meta property=\"og:image:width\" content=\"800\" \/>\n\t<meta property=\"og:image:height\" content=\"800\" \/>\n\t<meta property=\"og:image:type\" content=\"image\/jpeg\" \/>\n<meta name=\"twitter:card\" content=\"summary_large_image\" \/>\n<meta name=\"twitter:label1\" content=\"Precio\" \/>\n\t<meta name=\"twitter:data1\" content=\"34.90&euro;\" \/>\n\t<meta name=\"twitter:label2\" content=\"Disponibilidad\" \/>\n\t<meta name=\"twitter:data2\" content=\"Sin existencias\" \/>\n<script type=\"application\/ld+json\" class=\"yoast-schema-graph\">{\"@context\":\"https:\\\/\\\/schema.org\",\"@graph\":[{\"@type\":\"WebPage\",\"@id\":\"https:\\\/\\\/velumautostore.com\\\/es\\\/producto\\\/pomo-giratorio-techo-solar-beige-1k9-959-561-vw-tiguantouransharangolf-estateaudi-q5-copie\\\/\",\"url\":\"https:\\\/\\\/velumautostore.com\\\/es\\\/producto\\\/pomo-giratorio-techo-solar-beige-1k9-959-561-vw-tiguantouransharangolf-estateaudi-q5-copie\\\/\",\"name\":\"Bot\u00f3n de arranque y parada de Volkswagen - Velum Auto Store\",\"isPartOf\":{\"@id\":\"https:\\\/\\\/velumautostore.com\\\/#website\"},\"primaryImageOfPage\":{\"@id\":\"https:\\\/\\\/velumautostore.com\\\/es\\\/producto\\\/pomo-giratorio-techo-solar-beige-1k9-959-561-vw-tiguantouransharangolf-estateaudi-q5-copie\\\/#primaryimage\"},\"image\":{\"@id\":\"https:\\\/\\\/velumautostore.com\\\/es\\\/producto\\\/pomo-giratorio-techo-solar-beige-1k9-959-561-vw-tiguantouransharangolf-estateaudi-q5-copie\\\/#primaryimage\"},\"thumbnailUrl\":\"https:\\\/\\\/velumautostore.com\\\/wp-content\\\/uploads\\\/2025\\\/05\\\/start-and-stop_5NB_1.jpg\",\"datePublished\":\"2025-05-12T11:49:06+00:00\",\"dateModified\":\"2026-02-09T14:56:58+00:00\",\"description\":\"Sustituye tu bot\u00f3n START y STOP defectuoso por nuestro modelo 3GD959839. Compatible con VW, Audi, Seat y Skoda. Calidad original garantizada.\",\"breadcrumb\":{\"@id\":\"https:\\\/\\\/velumautostore.com\\\/es\\\/producto\\\/pomo-giratorio-techo-solar-beige-1k9-959-561-vw-tiguantouransharangolf-estateaudi-q5-copie\\\/#breadcrumb\"},\"inLanguage\":\"es\",\"potentialAction\":[{\"@type\":\"ReadAction\",\"target\":[\"https:\\\/\\\/velumautostore.com\\\/es\\\/producto\\\/pomo-giratorio-techo-solar-beige-1k9-959-561-vw-tiguantouransharangolf-estateaudi-q5-copie\\\/\"]}]},{\"@type\":\"ImageObject\",\"inLanguage\":\"es\",\"@id\":\"https:\\\/\\\/velumautostore.com\\\/es\\\/producto\\\/pomo-giratorio-techo-solar-beige-1k9-959-561-vw-tiguantouransharangolf-estateaudi-q5-copie\\\/#primaryimage\",\"url\":\"https:\\\/\\\/velumautostore.com\\\/wp-content\\\/uploads\\\/2025\\\/05\\\/start-and-stop_5NB_1.jpg\",\"contentUrl\":\"https:\\\/\\\/velumautostore.com\\\/wp-content\\\/uploads\\\/2025\\\/05\\\/start-and-stop_5NB_1.jpg\",\"width\":800,\"height\":800},{\"@type\":\"BreadcrumbList\",\"@id\":\"https:\\\/\\\/velumautostore.com\\\/es\\\/producto\\\/pomo-giratorio-techo-solar-beige-1k9-959-561-vw-tiguantouransharangolf-estateaudi-q5-copie\\\/#breadcrumb\",\"itemListElement\":[{\"@type\":\"ListItem\",\"position\":1,\"name\":\"Accueil\",\"item\":\"https:\\\/\\\/velumautostore.com\\\/es\\\/inicio\\\/\"},{\"@type\":\"ListItem\",\"position\":2,\"name\":\"Tienda\",\"item\":\"https:\\\/\\\/velumautostore.com\\\/es\\\/?page_id=19552\"},{\"@type\":\"ListItem\",\"position\":3,\"name\":\"Bot\u00f3n de arranque y parada &#8211; 5NB959839 5NC959839- VW Tiguan II\"}]},{\"@type\":\"WebSite\",\"@id\":\"https:\\\/\\\/velumautostore.com\\\/#website\",\"url\":\"https:\\\/\\\/velumautostore.com\\\/\",\"name\":\"Velum Auto Store\",\"description\":\"Store et toit panoramique\",\"publisher\":{\"@id\":\"https:\\\/\\\/velumautostore.com\\\/#organization\"},\"potentialAction\":[{\"@type\":\"SearchAction\",\"target\":{\"@type\":\"EntryPoint\",\"urlTemplate\":\"https:\\\/\\\/velumautostore.com\\\/?s={search_term_string}\"},\"query-input\":{\"@type\":\"PropertyValueSpecification\",\"valueRequired\":true,\"valueName\":\"search_term_string\"}}],\"inLanguage\":\"es\"},{\"@type\":\"Organization\",\"@id\":\"https:\\\/\\\/velumautostore.com\\\/#organization\",\"name\":\"Velum Auto Store\",\"url\":\"https:\\\/\\\/velumautostore.com\\\/\",\"logo\":{\"@type\":\"ImageObject\",\"inLanguage\":\"es\",\"@id\":\"https:\\\/\\\/velumautostore.com\\\/#\\\/schema\\\/logo\\\/image\\\/\",\"url\":\"https:\\\/\\\/velumautostore.com\\\/wp-content\\\/uploads\\\/2021\\\/09\\\/cropped-Velum_AutoStore_logo_3.png\",\"contentUrl\":\"https:\\\/\\\/velumautostore.com\\\/wp-content\\\/uploads\\\/2021\\\/09\\\/cropped-Velum_AutoStore_logo_3.png\",\"width\":321,\"height\":154,\"caption\":\"Velum Auto Store\"},\"image\":{\"@id\":\"https:\\\/\\\/velumautostore.com\\\/#\\\/schema\\\/logo\\\/image\\\/\"},\"sameAs\":[\"https:\\\/\\\/fr-fr.facebook.com\\\/Velumautostore\\\/\"]}]}<\/script>\n<meta property=\"product:price:amount\" content=\"34.90\" \/>\n<meta property=\"product:price:currency\" content=\"EUR\" \/>\n<meta property=\"og:availability\" content=\"out of stock\" \/>\n<meta property=\"product:availability\" content=\"out of stock\" \/>\n<meta property=\"product:condition\" content=\"new\" \/>\n<!-- \/ Yoast SEO Premium plugin. -->","yoast_head_json":{"title":"Bot\u00f3n de arranque y parada de Volkswagen - Velum Auto Store","description":"Sustituye tu bot\u00f3n START y STOP defectuoso por nuestro modelo 3GD959839. Compatible con VW, Audi, Seat y Skoda. Calidad original garantizada.","robots":{"index":"index","follow":"follow","max-snippet":"max-snippet:-1","max-image-preview":"max-image-preview:large","max-video-preview":"max-video-preview:-1"},"canonical":"https:\/\/velumautostore.com\/es\/producto\/pomo-giratorio-techo-solar-beige-1k9-959-561-vw-tiguantouransharangolf-estateaudi-q5-copie\/","og_locale":"es_ES","og_type":"article","og_title":"Bot\u00f3n de arranque y parada - 5NB959839 5NC959839- VW Tiguan II","og_description":"Sustituye tu bot\u00f3n START y STOP defectuoso por nuestro modelo 3GD959839. Compatible con VW, Audi, Seat y Skoda. Calidad original garantizada.","og_url":"https:\/\/velumautostore.com\/es\/producto\/pomo-giratorio-techo-solar-beige-1k9-959-561-vw-tiguantouransharangolf-estateaudi-q5-copie\/","og_site_name":"Velum Auto Store","article_publisher":"https:\/\/fr-fr.facebook.com\/Velumautostore\/","article_modified_time":"2026-02-09T14:56:58+00:00","og_image":[{"width":800,"height":800,"url":"https:\/\/velumautostore.com\/wp-content\/uploads\/2025\/05\/start-and-stop_5NB_1.jpg","type":"image\/jpeg"}],"twitter_card":"summary_large_image","twitter_misc":{"Precio":"34.90&euro;","Disponibilidad":"Sin existencias"},"schema":{"@context":"https:\/\/schema.org","@graph":[{"@type":"WebPage","@id":"https:\/\/velumautostore.com\/es\/producto\/pomo-giratorio-techo-solar-beige-1k9-959-561-vw-tiguantouransharangolf-estateaudi-q5-copie\/","url":"https:\/\/velumautostore.com\/es\/producto\/pomo-giratorio-techo-solar-beige-1k9-959-561-vw-tiguantouransharangolf-estateaudi-q5-copie\/","name":"Bot\u00f3n de arranque y parada de Volkswagen - Velum Auto Store","isPartOf":{"@id":"https:\/\/velumautostore.com\/#website"},"primaryImageOfPage":{"@id":"https:\/\/velumautostore.com\/es\/producto\/pomo-giratorio-techo-solar-beige-1k9-959-561-vw-tiguantouransharangolf-estateaudi-q5-copie\/#primaryimage"},"image":{"@id":"https:\/\/velumautostore.com\/es\/producto\/pomo-giratorio-techo-solar-beige-1k9-959-561-vw-tiguantouransharangolf-estateaudi-q5-copie\/#primaryimage"},"thumbnailUrl":"https:\/\/velumautostore.com\/wp-content\/uploads\/2025\/05\/start-and-stop_5NB_1.jpg","datePublished":"2025-05-12T11:49:06+00:00","dateModified":"2026-02-09T14:56:58+00:00","description":"Sustituye tu bot\u00f3n START y STOP defectuoso por nuestro modelo 3GD959839. Compatible con VW, Audi, Seat y Skoda. Calidad original garantizada.","breadcrumb":{"@id":"https:\/\/velumautostore.com\/es\/producto\/pomo-giratorio-techo-solar-beige-1k9-959-561-vw-tiguantouransharangolf-estateaudi-q5-copie\/#breadcrumb"},"inLanguage":"es","potentialAction":[{"@type":"ReadAction","target":["https:\/\/velumautostore.com\/es\/producto\/pomo-giratorio-techo-solar-beige-1k9-959-561-vw-tiguantouransharangolf-estateaudi-q5-copie\/"]}]},{"@type":"ImageObject","inLanguage":"es","@id":"https:\/\/velumautostore.com\/es\/producto\/pomo-giratorio-techo-solar-beige-1k9-959-561-vw-tiguantouransharangolf-estateaudi-q5-copie\/#primaryimage","url":"https:\/\/velumautostore.com\/wp-content\/uploads\/2025\/05\/start-and-stop_5NB_1.jpg","contentUrl":"https:\/\/velumautostore.com\/wp-content\/uploads\/2025\/05\/start-and-stop_5NB_1.jpg","width":800,"height":800},{"@type":"BreadcrumbList","@id":"https:\/\/velumautostore.com\/es\/producto\/pomo-giratorio-techo-solar-beige-1k9-959-561-vw-tiguantouransharangolf-estateaudi-q5-copie\/#breadcrumb","itemListElement":[{"@type":"ListItem","position":1,"name":"Accueil","item":"https:\/\/velumautostore.com\/es\/inicio\/"},{"@type":"ListItem","position":2,"name":"Tienda","item":"https:\/\/velumautostore.com\/es\/?page_id=19552"},{"@type":"ListItem","position":3,"name":"Bot\u00f3n de arranque y parada &#8211; 5NB959839 5NC959839- VW Tiguan II"}]},{"@type":"WebSite","@id":"https:\/\/velumautostore.com\/#website","url":"https:\/\/velumautostore.com\/","name":"Velum Auto Store","description":"Store et toit panoramique","publisher":{"@id":"https:\/\/velumautostore.com\/#organization"},"potentialAction":[{"@type":"SearchAction","target":{"@type":"EntryPoint","urlTemplate":"https:\/\/velumautostore.com\/?s={search_term_string}"},"query-input":{"@type":"PropertyValueSpecification","valueRequired":true,"valueName":"search_term_string"}}],"inLanguage":"es"},{"@type":"Organization","@id":"https:\/\/velumautostore.com\/#organization","name":"Velum Auto Store","url":"https:\/\/velumautostore.com\/","logo":{"@type":"ImageObject","inLanguage":"es","@id":"https:\/\/velumautostore.com\/#\/schema\/logo\/image\/","url":"https:\/\/velumautostore.com\/wp-content\/uploads\/2021\/09\/cropped-Velum_AutoStore_logo_3.png","contentUrl":"https:\/\/velumautostore.com\/wp-content\/uploads\/2021\/09\/cropped-Velum_AutoStore_logo_3.png","width":321,"height":154,"caption":"Velum Auto Store"},"image":{"@id":"https:\/\/velumautostore.com\/#\/schema\/logo\/image\/"},"sameAs":["https:\/\/fr-fr.facebook.com\/Velumautostore\/"]}]},"product_price_amount":"34.90","product_price_currency":"EUR","og_availability":"out of stock","product_availability":"out of stock","product_condition":"new"},"_links":{"self":[{"href":"https:\/\/velumautostore.com\/es\/wp-json\/wp\/v2\/product\/13855","targetHints":{"allow":["GET"]}}],"collection":[{"href":"https:\/\/velumautostore.com\/es\/wp-json\/wp\/v2\/product"}],"about":[{"href":"https:\/\/velumautostore.com\/es\/wp-json\/wp\/v2\/types\/product"}],"replies":[{"embeddable":true,"href":"https:\/\/velumautostore.com\/es\/wp-json\/wp\/v2\/comments?post=13855"}],"version-history":[{"count":1,"href":"https:\/\/velumautostore.com\/es\/wp-json\/wp\/v2\/product\/13855\/revisions"}],"predecessor-version":[{"id":16959,"href":"https:\/\/velumautostore.com\/es\/wp-json\/wp\/v2\/product\/13855\/revisions\/16959"}],"wp:featuredmedia":[{"embeddable":true,"href":"https:\/\/velumautostore.com\/es\/wp-json\/wp\/v2\/media\/15657"}],"wp:attachment":[{"href":"https:\/\/velumautostore.com\/es\/wp-json\/wp\/v2\/media?parent=13855"}],"wp:term":[{"taxonomy":"product_brand","embeddable":true,"href":"https:\/\/velumautostore.com\/es\/wp-json\/wp\/v2\/product_brand?post=13855"},{"taxonomy":"product_cat","embeddable":true,"href":"https:\/\/velumautostore.com\/es\/wp-json\/wp\/v2\/product_cat?post=13855"},{"taxonomy":"product_tag","embeddable":true,"href":"https:\/\/velumautostore.com\/es\/wp-json\/wp\/v2\/product_tag?post=13855"}],"curies":[{"name":"wp","href":"https:\/\/api.w.org\/{rel}","templated":true}]}}