{"id":13363,"date":"2020-11-09T11:46:17","date_gmt":"2020-11-09T10:46:17","guid":{"rendered":"https:\/\/velumautostore.com\/produit\/guia-pdf-de-recambio-de-sunblind-vwaudiskodaasiento\/"},"modified":"2025-03-23T15:11:02","modified_gmt":"2025-03-23T14:11:02","slug":"guia-pdf-de-recambio-de-sunblind-vwaudiskodaasiento","status":"publish","type":"product","link":"https:\/\/velumautostore.com\/es\/producto\/guia-pdf-de-recambio-de-sunblind-vwaudiskodaasiento\/","title":{"rendered":"GU\u00cdA PDF DE RECAMBIO DE SUNBLIND VW|AUDI|SKODA|ASIENTO"},"content":{"rendered":"<p>\u00bfC\u00f3mo cambiar la persiana del techo solar panor\u00e1mico de tu VW AUDI sin romperlo todo?<\/p>\n<p>La gu\u00eda que necesitas para cambiar el toldo por tu cuenta sin gastarte 800 \u20ac en el taller (incluso he o\u00eddo que 1600 \u20ac) \ud83e\udd11\ud83e\udd11<\/p>\n<hr>\n<p>M\u00e1s de 800 descargas! y una valoraci\u00f3n media de 9,3 \/ 10.<\/p>\n<p>(encuesta realizada entre usuarios de PDF)<\/p>\n<p><strong>GU\u00cdA PDF v\u00e1lida para ref:<\/strong><\/p>\n<p><strong>1K9 877 307 A \/ B \/ C \/ D (GRIS PERLA) (adaptable).<\/strong><br \/>\n<strong>1K9 877 307 A \/ B \/ C \/ D (TIT\u00c1N NEGRO) (adaptable).<\/strong><br \/>\n<strong>1K9 877 307 A \/ B \/ C \/ D (BEIGE MA\u00cdZ) (adaptable).<\/strong><br \/>\n<strong>1T0 877 307 A \/ B \/ C \/ D<\/strong><br \/>\n<strong>5\u00ba 877 307 A \/ B \/ C \/ D<\/strong><\/p>\n<p>\ud83d\udd14Atenci\u00f3n\ud83d\udd14 hay caracter\u00edsticas especiales para algunos veh\u00edculos este es un PDF de ayuda al montaje general. Puede haber algunas diferencias, pero el principio sigue siendo el mismo.<\/p>\n<p>M\u00e1s de 100 personas se han beneficiado con \u00e9xito de esta ayuda a la asamblea.<\/p>\n<p>\u00bfPor qu\u00e9 no t\u00fa?<\/p>\n<p>M\u00e1s de 13 p\u00e1ginas con foto y explicaci\u00f3n en cada paso.<\/p>\n<p>Se explican los 2 m\u00e9todos seg\u00fan los modelos<\/p>\n<hr>\n<p><strong>BONO X2<\/strong><\/p>\n<p>1 &#8211; Reajuste de los motores del toldo y del techo solar panor\u00e1mico (v\u00eddeo de demostraci\u00f3n clicable en el PDF).<\/p>\n<p>2 &#8211; Desbloqueo de los orificios de drenaje del techo corredizo panor\u00e1mico.<\/p>\n<p>Compatible con los siguientes veh\u00edculos:<\/p>\n<p>[one_half_first] <strong>VW :<\/strong><\/p>\n<ul>\n<li>TIGUAN: hasta 2017<\/li>\n<li>SHARAN: hasta 2017<\/li>\n<li>TOURAN: hasta 2015\/2016<\/li>\n<li>DESCANSO DE GOLF: hasta 2013\/2014<\/li>\n<li>PASSAT BREAK: hasta 2015<\/li>\n<\/ul>\n<p>[\/one_half_first][one_half_last] <strong>AUDI :<\/strong><\/p>\n<ul>\n<li>P5: hasta 2017<\/li>\n<\/ul>\n<p><strong>SEAT :<\/strong><\/p>\n<ul>\n<li>PAUSA LEON: 2013-2017<\/li>\n<\/ul>\n<p><strong>SKODA :<\/strong><\/p>\n<ul>\n<li>YETI: hasta 2017<\/li>\n<li>DESCANSO SUPERIOR : hasta 2017<\/li>\n<\/ul>\n<p>[\/one_half_last]<\/p>\n","protected":false},"excerpt":{"rendered":"<p>\u00bfC\u00f3mo cambiar la persiana del techo solar panor\u00e1mico de tu VW AUDI sin romperlo todo?<\/p>\n<p>La gu\u00eda que necesitas para cambiar tu persiana por tu cuenta sin gastarte 800 \u20ac en el taller (incluso he o\u00eddo que 1700 \u20ac).\ud83e\udd11\ud83e\udd11<\/p>\n<p>M\u00e1s de 800 descargas! y una valoraci\u00f3n media de 9,3 \/ 10.<\/p>\n<p>(encuesta realizada entre usuarios de PDF)<\/p>\n<p>M\u00e9todo v\u00e1lido para ref:<\/p>\n<p>1K9 877 307 A \/ B \/ C \/ D (GRIS PERLA) (adaptable).<br \/>\n1K9 877 307 A \/ B \/ C \/ D (NEGRO TIT\u00c1N) (adaptable).<br \/>\n1K9 877 307 A \/ B \/ C \/ D (BEIGE MA\u00cdZ) (adaptable).<br \/>\n1T0 877 307 A \/ B \/ C \/ D<br \/>\n5ND 877 307 A \/ B \/ C \/ D<\/p>\n<p>\ud83d\udd14Atenci\u00f3n\ud83d\udd14 hay caracter\u00edsticas especiales para algunos veh\u00edculos este es un PDF de ayuda al montaje general. Puede haber algunas diferencias, pero el principio sigue siendo el mismo.<\/p>\n<p>M\u00e1s de 100 personas se han beneficiado con \u00e9xito de esta ayuda a la asamblea.<\/p>\n<p>\u00bfPor qu\u00e9 no t\u00fa?<\/p>\n<p>M\u00e1s de 12 p\u00e1ginas con foto y explicaci\u00f3n en cada paso.<\/p>\n","protected":false},"featured_media":5662,"comment_status":"open","ping_status":"closed","template":"","meta":[],"product_brand":[],"product_cat":[160],"product_tag":[],"class_list":{"0":"post-13363","1":"product","2":"type-product","3":"status-publish","4":"has-post-thumbnail","6":"product_cat-sin-categorizar","8":"first","9":"instock","10":"sale","11":"virtual","12":"purchasable","13":"product-type-simple"},"etheme_brands":{"errors":{"invalid_taxonomy":["Taxonom\u00eda no v\u00e1lida."]},"error_data":[]},"yoast_head":"<!-- This site is optimized with the Yoast SEO Premium plugin v27.3 (Yoast SEO v27.5) - https:\/\/yoast.com\/product\/yoast-seo-premium-wordpress\/ -->\n<title>GU\u00cdA PDF DE RECAMBIO DE SUNBLIND VW|AUDI|SKODA|ASIENTO - Velum Auto Store<\/title>\n<meta name=\"robots\" content=\"index, follow, max-snippet:-1, max-image-preview:large, max-video-preview:-1\" \/>\n<link rel=\"canonical\" href=\"https:\/\/velumautostore.com\/es\/produit\/guia-pdf-de-recambio-de-sunblind-vwaudiskodaasiento\/\" \/>\n<meta property=\"og:locale\" content=\"es_ES\" \/>\n<meta property=\"og:type\" content=\"article\" \/>\n<meta property=\"og:title\" content=\"GU\u00cdA PDF DE RECAMBIO DE SUNBLIND VW|AUDI|SKODA|ASIENTO\" \/>\n<meta property=\"og:description\" content=\"\u00bfC\u00f3mo cambiar la persiana del techo solar panor\u00e1mico de tu VW AUDI sin romperlo todo? La gu\u00eda que necesitas para cambiar tu persiana por tu cuenta sin gastarte 800 \u20ac en el taller (incluso he o\u00eddo que 1700 \u20ac).\ud83e\udd11\ud83e\udd11 M\u00e1s de 800 descargas! y una valoraci\u00f3n media de 9,3 \/ 10. (encuesta realizada entre usuarios de PDF) M\u00e9todo v\u00e1lido para ref: 1K9 877 307 A \/ B \/ C \/ D (GRIS PERLA) (adaptable). 1K9 877 307 A \/ B \/ C \/ D (NEGRO TIT\u00c1N) (adaptable). 1K9 877 307 A \/ B \/ C \/ D (BEIGE MA\u00cdZ) (adaptable). 1T0 877 307 A \/ B \/ C \/ D 5ND 877 307 A \/ B \/ C \/ D \ud83d\udd14Atenci\u00f3n\ud83d\udd14 hay caracter\u00edsticas especiales para algunos veh\u00edculos este es un PDF de ayuda al montaje general. Puede haber algunas diferencias, pero el principio sigue siendo el mismo. M\u00e1s de 100 personas se han beneficiado con \u00e9xito de esta ayuda a la asamblea. \u00bfPor qu\u00e9 no t\u00fa? M\u00e1s de 12 p\u00e1ginas con foto y explicaci\u00f3n en cada paso.\" \/>\n<meta property=\"og:url\" content=\"https:\/\/velumautostore.com\/es\/produit\/guia-pdf-de-recambio-de-sunblind-vwaudiskodaasiento\/\" \/>\n<meta property=\"og:site_name\" content=\"Velum Auto Store\" \/>\n<meta property=\"article:publisher\" content=\"https:\/\/fr-fr.facebook.com\/Velumautostore\/\" \/>\n<meta property=\"article:modified_time\" content=\"2025-03-23T14:11:02+00:00\" \/>\n<meta property=\"og:image\" content=\"https:\/\/velumautostore.com\/wp-content\/uploads\/2020\/11\/COVER_ENG.jpg\" \/>\n\t<meta property=\"og:image:width\" content=\"1500\" \/>\n\t<meta property=\"og:image:height\" content=\"1383\" \/>\n\t<meta property=\"og:image:type\" content=\"image\/jpeg\" \/>\n<meta name=\"twitter:card\" content=\"summary_large_image\" \/>\n<meta name=\"twitter:label1\" content=\"Precio\" \/>\n\t<meta name=\"twitter:data1\" content=\"9.90&euro;\" \/>\n\t<meta name=\"twitter:label2\" content=\"Disponibilidad\" \/>\n\t<meta name=\"twitter:data2\" content=\"Disponible\" \/>\n<script type=\"application\/ld+json\" class=\"yoast-schema-graph\">{\"@context\":\"https:\\\/\\\/schema.org\",\"@graph\":[{\"@type\":\"WebPage\",\"@id\":\"https:\\\/\\\/velumautostore.com\\\/es\\\/produit\\\/guia-pdf-de-recambio-de-sunblind-vwaudiskodaasiento\\\/\",\"url\":\"https:\\\/\\\/velumautostore.com\\\/es\\\/produit\\\/guia-pdf-de-recambio-de-sunblind-vwaudiskodaasiento\\\/\",\"name\":\"GU\u00cdA PDF DE RECAMBIO DE SUNBLIND VW|AUDI|SKODA|ASIENTO - Velum Auto Store\",\"isPartOf\":{\"@id\":\"https:\\\/\\\/velumautostore.com\\\/#website\"},\"primaryImageOfPage\":{\"@id\":\"https:\\\/\\\/velumautostore.com\\\/es\\\/produit\\\/guia-pdf-de-recambio-de-sunblind-vwaudiskodaasiento\\\/#primaryimage\"},\"image\":{\"@id\":\"https:\\\/\\\/velumautostore.com\\\/es\\\/produit\\\/guia-pdf-de-recambio-de-sunblind-vwaudiskodaasiento\\\/#primaryimage\"},\"thumbnailUrl\":\"https:\\\/\\\/velumautostore.com\\\/wp-content\\\/uploads\\\/2020\\\/11\\\/COVER_ENG.jpg\",\"datePublished\":\"2020-11-09T10:46:17+00:00\",\"dateModified\":\"2025-03-23T14:11:02+00:00\",\"breadcrumb\":{\"@id\":\"https:\\\/\\\/velumautostore.com\\\/es\\\/produit\\\/guia-pdf-de-recambio-de-sunblind-vwaudiskodaasiento\\\/#breadcrumb\"},\"inLanguage\":\"es\",\"potentialAction\":[{\"@type\":\"ReadAction\",\"target\":[\"https:\\\/\\\/velumautostore.com\\\/es\\\/produit\\\/guia-pdf-de-recambio-de-sunblind-vwaudiskodaasiento\\\/\"]}]},{\"@type\":\"ImageObject\",\"inLanguage\":\"es\",\"@id\":\"https:\\\/\\\/velumautostore.com\\\/es\\\/produit\\\/guia-pdf-de-recambio-de-sunblind-vwaudiskodaasiento\\\/#primaryimage\",\"url\":\"https:\\\/\\\/velumautostore.com\\\/wp-content\\\/uploads\\\/2020\\\/11\\\/COVER_ENG.jpg\",\"contentUrl\":\"https:\\\/\\\/velumautostore.com\\\/wp-content\\\/uploads\\\/2020\\\/11\\\/COVER_ENG.jpg\",\"width\":1500,\"height\":1383},{\"@type\":\"BreadcrumbList\",\"@id\":\"https:\\\/\\\/velumautostore.com\\\/es\\\/produit\\\/guia-pdf-de-recambio-de-sunblind-vwaudiskodaasiento\\\/#breadcrumb\",\"itemListElement\":[{\"@type\":\"ListItem\",\"position\":1,\"name\":\"Accueil\",\"item\":\"https:\\\/\\\/velumautostore.com\\\/es\\\/inicio\\\/\"},{\"@type\":\"ListItem\",\"position\":2,\"name\":\"Tienda\",\"item\":\"https:\\\/\\\/velumautostore.com\\\/es\\\/?page_id=19552\"},{\"@type\":\"ListItem\",\"position\":3,\"name\":\"GU\u00cdA PDF DE RECAMBIO DE SUNBLIND VW|AUDI|SKODA|ASIENTO\"}]},{\"@type\":\"WebSite\",\"@id\":\"https:\\\/\\\/velumautostore.com\\\/#website\",\"url\":\"https:\\\/\\\/velumautostore.com\\\/\",\"name\":\"Velum Auto Store\",\"description\":\"Store et toit panoramique\",\"publisher\":{\"@id\":\"https:\\\/\\\/velumautostore.com\\\/#organization\"},\"potentialAction\":[{\"@type\":\"SearchAction\",\"target\":{\"@type\":\"EntryPoint\",\"urlTemplate\":\"https:\\\/\\\/velumautostore.com\\\/?s={search_term_string}\"},\"query-input\":{\"@type\":\"PropertyValueSpecification\",\"valueRequired\":true,\"valueName\":\"search_term_string\"}}],\"inLanguage\":\"es\"},{\"@type\":\"Organization\",\"@id\":\"https:\\\/\\\/velumautostore.com\\\/#organization\",\"name\":\"Velum Auto Store\",\"url\":\"https:\\\/\\\/velumautostore.com\\\/\",\"logo\":{\"@type\":\"ImageObject\",\"inLanguage\":\"es\",\"@id\":\"https:\\\/\\\/velumautostore.com\\\/#\\\/schema\\\/logo\\\/image\\\/\",\"url\":\"https:\\\/\\\/velumautostore.com\\\/wp-content\\\/uploads\\\/2021\\\/09\\\/cropped-Velum_AutoStore_logo_3.png\",\"contentUrl\":\"https:\\\/\\\/velumautostore.com\\\/wp-content\\\/uploads\\\/2021\\\/09\\\/cropped-Velum_AutoStore_logo_3.png\",\"width\":321,\"height\":154,\"caption\":\"Velum Auto Store\"},\"image\":{\"@id\":\"https:\\\/\\\/velumautostore.com\\\/#\\\/schema\\\/logo\\\/image\\\/\"},\"sameAs\":[\"https:\\\/\\\/fr-fr.facebook.com\\\/Velumautostore\\\/\"]}]}<\/script>\n<meta property=\"product:price:amount\" content=\"9.90\" \/>\n<meta property=\"product:price:currency\" content=\"EUR\" \/>\n<meta property=\"og:availability\" content=\"instock\" \/>\n<meta property=\"product:availability\" content=\"instock\" \/>\n<meta property=\"product:condition\" content=\"new\" \/>\n<!-- \/ Yoast SEO Premium plugin. -->","yoast_head_json":{"title":"GU\u00cdA PDF DE RECAMBIO DE SUNBLIND VW|AUDI|SKODA|ASIENTO - Velum Auto Store","robots":{"index":"index","follow":"follow","max-snippet":"max-snippet:-1","max-image-preview":"max-image-preview:large","max-video-preview":"max-video-preview:-1"},"canonical":"https:\/\/velumautostore.com\/es\/produit\/guia-pdf-de-recambio-de-sunblind-vwaudiskodaasiento\/","og_locale":"es_ES","og_type":"article","og_title":"GU\u00cdA PDF DE RECAMBIO DE SUNBLIND VW|AUDI|SKODA|ASIENTO","og_description":"\u00bfC\u00f3mo cambiar la persiana del techo solar panor\u00e1mico de tu VW AUDI sin romperlo todo? La gu\u00eda que necesitas para cambiar tu persiana por tu cuenta sin gastarte 800 \u20ac en el taller (incluso he o\u00eddo que 1700 \u20ac).\ud83e\udd11\ud83e\udd11 M\u00e1s de 800 descargas! y una valoraci\u00f3n media de 9,3 \/ 10. (encuesta realizada entre usuarios de PDF) M\u00e9todo v\u00e1lido para ref: 1K9 877 307 A \/ B \/ C \/ D (GRIS PERLA) (adaptable). 1K9 877 307 A \/ B \/ C \/ D (NEGRO TIT\u00c1N) (adaptable). 1K9 877 307 A \/ B \/ C \/ D (BEIGE MA\u00cdZ) (adaptable). 1T0 877 307 A \/ B \/ C \/ D 5ND 877 307 A \/ B \/ C \/ D \ud83d\udd14Atenci\u00f3n\ud83d\udd14 hay caracter\u00edsticas especiales para algunos veh\u00edculos este es un PDF de ayuda al montaje general. Puede haber algunas diferencias, pero el principio sigue siendo el mismo. M\u00e1s de 100 personas se han beneficiado con \u00e9xito de esta ayuda a la asamblea. \u00bfPor qu\u00e9 no t\u00fa? M\u00e1s de 12 p\u00e1ginas con foto y explicaci\u00f3n en cada paso.","og_url":"https:\/\/velumautostore.com\/es\/produit\/guia-pdf-de-recambio-de-sunblind-vwaudiskodaasiento\/","og_site_name":"Velum Auto Store","article_publisher":"https:\/\/fr-fr.facebook.com\/Velumautostore\/","article_modified_time":"2025-03-23T14:11:02+00:00","og_image":[{"width":1500,"height":1383,"url":"https:\/\/velumautostore.com\/wp-content\/uploads\/2020\/11\/COVER_ENG.jpg","type":"image\/jpeg"}],"twitter_card":"summary_large_image","twitter_misc":{"Precio":"9.90&euro;","Disponibilidad":"Disponible"},"schema":{"@context":"https:\/\/schema.org","@graph":[{"@type":"WebPage","@id":"https:\/\/velumautostore.com\/es\/produit\/guia-pdf-de-recambio-de-sunblind-vwaudiskodaasiento\/","url":"https:\/\/velumautostore.com\/es\/produit\/guia-pdf-de-recambio-de-sunblind-vwaudiskodaasiento\/","name":"GU\u00cdA PDF DE RECAMBIO DE SUNBLIND VW|AUDI|SKODA|ASIENTO - Velum Auto Store","isPartOf":{"@id":"https:\/\/velumautostore.com\/#website"},"primaryImageOfPage":{"@id":"https:\/\/velumautostore.com\/es\/produit\/guia-pdf-de-recambio-de-sunblind-vwaudiskodaasiento\/#primaryimage"},"image":{"@id":"https:\/\/velumautostore.com\/es\/produit\/guia-pdf-de-recambio-de-sunblind-vwaudiskodaasiento\/#primaryimage"},"thumbnailUrl":"https:\/\/velumautostore.com\/wp-content\/uploads\/2020\/11\/COVER_ENG.jpg","datePublished":"2020-11-09T10:46:17+00:00","dateModified":"2025-03-23T14:11:02+00:00","breadcrumb":{"@id":"https:\/\/velumautostore.com\/es\/produit\/guia-pdf-de-recambio-de-sunblind-vwaudiskodaasiento\/#breadcrumb"},"inLanguage":"es","potentialAction":[{"@type":"ReadAction","target":["https:\/\/velumautostore.com\/es\/produit\/guia-pdf-de-recambio-de-sunblind-vwaudiskodaasiento\/"]}]},{"@type":"ImageObject","inLanguage":"es","@id":"https:\/\/velumautostore.com\/es\/produit\/guia-pdf-de-recambio-de-sunblind-vwaudiskodaasiento\/#primaryimage","url":"https:\/\/velumautostore.com\/wp-content\/uploads\/2020\/11\/COVER_ENG.jpg","contentUrl":"https:\/\/velumautostore.com\/wp-content\/uploads\/2020\/11\/COVER_ENG.jpg","width":1500,"height":1383},{"@type":"BreadcrumbList","@id":"https:\/\/velumautostore.com\/es\/produit\/guia-pdf-de-recambio-de-sunblind-vwaudiskodaasiento\/#breadcrumb","itemListElement":[{"@type":"ListItem","position":1,"name":"Accueil","item":"https:\/\/velumautostore.com\/es\/inicio\/"},{"@type":"ListItem","position":2,"name":"Tienda","item":"https:\/\/velumautostore.com\/es\/?page_id=19552"},{"@type":"ListItem","position":3,"name":"GU\u00cdA PDF DE RECAMBIO DE SUNBLIND VW|AUDI|SKODA|ASIENTO"}]},{"@type":"WebSite","@id":"https:\/\/velumautostore.com\/#website","url":"https:\/\/velumautostore.com\/","name":"Velum Auto Store","description":"Store et toit panoramique","publisher":{"@id":"https:\/\/velumautostore.com\/#organization"},"potentialAction":[{"@type":"SearchAction","target":{"@type":"EntryPoint","urlTemplate":"https:\/\/velumautostore.com\/?s={search_term_string}"},"query-input":{"@type":"PropertyValueSpecification","valueRequired":true,"valueName":"search_term_string"}}],"inLanguage":"es"},{"@type":"Organization","@id":"https:\/\/velumautostore.com\/#organization","name":"Velum Auto Store","url":"https:\/\/velumautostore.com\/","logo":{"@type":"ImageObject","inLanguage":"es","@id":"https:\/\/velumautostore.com\/#\/schema\/logo\/image\/","url":"https:\/\/velumautostore.com\/wp-content\/uploads\/2021\/09\/cropped-Velum_AutoStore_logo_3.png","contentUrl":"https:\/\/velumautostore.com\/wp-content\/uploads\/2021\/09\/cropped-Velum_AutoStore_logo_3.png","width":321,"height":154,"caption":"Velum Auto Store"},"image":{"@id":"https:\/\/velumautostore.com\/#\/schema\/logo\/image\/"},"sameAs":["https:\/\/fr-fr.facebook.com\/Velumautostore\/"]}]},"product_price_amount":"9.90","product_price_currency":"EUR","og_availability":"instock","product_availability":"instock","product_condition":"new"},"_links":{"self":[{"href":"https:\/\/velumautostore.com\/es\/wp-json\/wp\/v2\/product\/13363","targetHints":{"allow":["GET"]}}],"collection":[{"href":"https:\/\/velumautostore.com\/es\/wp-json\/wp\/v2\/product"}],"about":[{"href":"https:\/\/velumautostore.com\/es\/wp-json\/wp\/v2\/types\/product"}],"replies":[{"embeddable":true,"href":"https:\/\/velumautostore.com\/es\/wp-json\/wp\/v2\/comments?post=13363"}],"version-history":[{"count":0,"href":"https:\/\/velumautostore.com\/es\/wp-json\/wp\/v2\/product\/13363\/revisions"}],"wp:featuredmedia":[{"embeddable":true,"href":"https:\/\/velumautostore.com\/es\/wp-json\/wp\/v2\/media\/5662"}],"wp:attachment":[{"href":"https:\/\/velumautostore.com\/es\/wp-json\/wp\/v2\/media?parent=13363"}],"wp:term":[{"taxonomy":"product_brand","embeddable":true,"href":"https:\/\/velumautostore.com\/es\/wp-json\/wp\/v2\/product_brand?post=13363"},{"taxonomy":"product_cat","embeddable":true,"href":"https:\/\/velumautostore.com\/es\/wp-json\/wp\/v2\/product_cat?post=13363"},{"taxonomy":"product_tag","embeddable":true,"href":"https:\/\/velumautostore.com\/es\/wp-json\/wp\/v2\/product_tag?post=13363"}],"curies":[{"name":"wp","href":"https:\/\/api.w.org\/{rel}","templated":true}]}}