{"id":13333,"date":"2022-01-07T15:06:02","date_gmt":"2022-01-07T14:06:02","guid":{"rendered":"https:\/\/velumautostore.com\/produit\/herramientas-para-desatascar-techos-solares\/"},"modified":"2026-02-12T10:20:34","modified_gmt":"2026-02-12T09:20:34","slug":"herramientas-para-desatascar-techos-solares","status":"publish","type":"product","link":"https:\/\/velumautostore.com\/es\/producto\/herramientas-para-desatascar-techos-solares\/","title":{"rendered":"Herramientas ECO para desatascar techos solares"},"content":{"rendered":"<h3>Herramientas para desatascar techos solares<\/h3>\n<p>Esta herramienta de desatasco te permitir\u00e1 desatascar tus tuber\u00edas sin riesgo de da\u00f1arlas.<\/p>\n<hr \/>\n<p>Material : Metal<\/p>\n<hr \/>\n<h4><strong>Compatible con los siguientes veh\u00edculos:<\/strong><\/h4>\n<p><strong>VW :<\/strong><\/p>\n<ul>\n<li>TODOS los veh\u00edculos equipados con techo solar<\/li>\n<\/ul>\n","protected":false},"excerpt":{"rendered":"<h3>Herramientas para desatascar techos solares<\/h3>\n<p>Esta herramienta de desatasco te permitir\u00e1 desatascar tus tuber\u00edas sin riesgo de da\u00f1arlas.<\/p>\n<hr \/>\n<p>Material : Metal<\/p>\n<hr \/>\n<h4><strong>Compatible con los siguientes veh\u00edculos:<\/strong><\/h4>\n<p><strong>VW :<\/strong><\/p>\n<ul>\n<li>TODOS los veh\u00edculos equipados con techo solar<\/li>\n<\/ul>\n","protected":false},"featured_media":5748,"comment_status":"open","ping_status":"closed","template":"","meta":[],"product_brand":[],"product_cat":[876,173,887,163],"product_tag":[],"class_list":{"0":"post-13333","1":"product","2":"type-product","3":"status-publish","4":"has-post-thumbnail","6":"product_cat-herramientas","7":"product_cat-piezas-de-recambio","8":"product_cat-productos-de-mantenimiento","9":"product_cat-tienda-velum","10":"product_shipping_class-carta-de-seguimiento","11":"pa_make-a5-8t3-es","12":"pa_make-alhambra-iii-es","13":"pa_make-ateca-phase-2-es","14":"pa_make-cayenne-92a-es","15":"pa_make-e-tron-suv-es","16":"pa_make-golf-v-sw-es","17":"pa_make-golf-vi-sw-es","18":"pa_make-golf-vii-sw-es","19":"pa_make-golf-viii-sw-variant-es","20":"pa_make-insignia-phase-1-es","21":"pa_make-insignia-phase-2-es","22":"pa_make-karoq-phase-i-es","23":"pa_make-kodiaq-phase-1-es","24":"pa_make-leon-break-iii-es","25":"pa_make-leon-break-iv-kl8-st-es","26":"pa_make-octavia-5e5-combi-es","27":"pa_make-octavia-nx3-es","28":"pa_make-opel-es","29":"pa_make-passat-b6-sw-es","30":"pa_make-passat-b7-sw-es","31":"pa_make-passat-b8-sw-es","32":"pa_make-passat-cc-es","33":"pa_make-passat-cc-b6-es","34":"pa_make-porsche-es","35":"pa_make-i-8rb-11-2008-09-2012-es","36":"pa_make-i-8rb-phase-2-06-2012-04-2016-es","37":"pa_make-q7-serie-1-es","38":"pa_make-q7-serie-1-phase-2-es","39":"pa_make-r55-2-clubman-es","40":"pa_make-r55-2-clubman-lci-es","41":"pa_make-r56-2-es","42":"pa_make-r56-2-lci-es","43":"pa_make-r60-2-countryman-es","44":"pa_make-r60-2-countryman-lci-es","45":"pa_make-seat-es","46":"pa_make-sharan-iii-es","47":"pa_make-sharan-iii-phase-2-es","48":"pa_make-superb-break-ii-combi-es","49":"pa_make-skoda-ii-combi-phase-2-es","50":"pa_make-superb-break-iii-combi-es","51":"pa_make-i-phase-1-11-2007-05-2011-es","52":"pa_make-i-phase-2-05-2011-12-2015-es","53":"pa_make-ii-01-2016-07-2020-es","54":"pa_make-ii-phase-2-07-2020-aujourdhui-es","55":"pa_make-touareg-ii-es","56":"pa_make-touareg-ii-phase-2-es","57":"pa_make-1t1-es","58":"pa_make-1t2-es","59":"pa_make-1t3-es","60":"pa_make-toutes-marques-es","61":"pa_make-universel-es","62":"pa_make-yeti-phase-1-es","63":"pa_make-yeti-phase-2-es","64":"pa_year-attr-2000-es","65":"pa_year-attr-2001-es","66":"pa_year-attr-2002-es","67":"pa_year-attr-2003-es","68":"pa_year-attr-2004-es","69":"pa_year-attr-2005-es","70":"pa_year-attr-2006-es","71":"pa_year-attr-2007-es","72":"pa_year-attr-2008-es","73":"pa_year-attr-2009-es","74":"pa_year-attr-2010-es","75":"pa_year-attr-2011-es","76":"pa_year-attr-2012-es","77":"pa_year-attr-2013-es","78":"pa_year-attr-2014-es","79":"pa_year-attr-2015-es","80":"pa_year-attr-2016-es","81":"pa_year-attr-2017-es","82":"pa_year-attr-2018-es","83":"pa_year-attr-2019-es","84":"pa_year-attr-2020-es","85":"pa_year-attr-2021-es","86":"pa_year-attr-2022-es","88":"first","89":"outofstock","90":"shipping-taxable","91":"purchasable","92":"product-type-simple"},"etheme_brands":{"errors":{"invalid_taxonomy":["Taxonom\u00eda no v\u00e1lida."]},"error_data":[]},"yoast_head":"<!-- This site is optimized with the Yoast SEO Premium plugin v27.3 (Yoast SEO v27.5) - https:\/\/yoast.com\/product\/yoast-seo-premium-wordpress\/ -->\n<title>Herramientas ECO para desatascar techos solares - Velum Auto Store<\/title>\n<meta name=\"description\" content=\"Outillage ECO destapa drenajes techo solar anti filtraciones. Kit pr\u00e1ctico con PDF tutorial para uso simple y efectivo inmediato.\" \/>\n<meta name=\"robots\" content=\"index, follow, max-snippet:-1, max-image-preview:large, max-video-preview:-1\" \/>\n<link rel=\"canonical\" href=\"https:\/\/velumautostore.com\/es\/producto\/herramientas-para-desatascar-techos-solares\/\" \/>\n<meta property=\"og:locale\" content=\"es_ES\" \/>\n<meta property=\"og:type\" content=\"article\" \/>\n<meta property=\"og:title\" content=\"Herramientas ECO para desatascar techos solares\" \/>\n<meta property=\"og:description\" content=\"Outillage ECO destapa drenajes techo solar anti filtraciones. Kit pr\u00e1ctico con PDF tutorial para uso simple y efectivo inmediato.\" \/>\n<meta property=\"og:url\" content=\"https:\/\/velumautostore.com\/es\/producto\/herramientas-para-desatascar-techos-solares\/\" \/>\n<meta property=\"og:site_name\" content=\"Velum Auto Store\" \/>\n<meta property=\"article:publisher\" content=\"https:\/\/fr-fr.facebook.com\/Velumautostore\/\" \/>\n<meta property=\"article:modified_time\" content=\"2026-02-12T09:20:34+00:00\" \/>\n<meta property=\"og:image\" content=\"https:\/\/velumautostore.com\/wp-content\/uploads\/2022\/01\/outil-debouchage_1.png\" \/>\n\t<meta property=\"og:image:width\" content=\"2000\" \/>\n\t<meta property=\"og:image:height\" content=\"2423\" \/>\n\t<meta property=\"og:image:type\" content=\"image\/png\" \/>\n<meta name=\"twitter:card\" content=\"summary_large_image\" \/>\n<meta name=\"twitter:label1\" content=\"Precio\" \/>\n\t<meta name=\"twitter:data1\" content=\"13.90&euro;\" \/>\n\t<meta name=\"twitter:label2\" content=\"Disponibilidad\" \/>\n\t<meta name=\"twitter:data2\" content=\"Sin existencias\" \/>\n<script type=\"application\/ld+json\" class=\"yoast-schema-graph\">{\"@context\":\"https:\\\/\\\/schema.org\",\"@graph\":[{\"@type\":\"WebPage\",\"@id\":\"https:\\\/\\\/velumautostore.com\\\/es\\\/producto\\\/herramientas-para-desatascar-techos-solares\\\/\",\"url\":\"https:\\\/\\\/velumautostore.com\\\/es\\\/producto\\\/herramientas-para-desatascar-techos-solares\\\/\",\"name\":\"Herramientas ECO para desatascar techos solares - Velum Auto Store\",\"isPartOf\":{\"@id\":\"https:\\\/\\\/velumautostore.com\\\/#website\"},\"primaryImageOfPage\":{\"@id\":\"https:\\\/\\\/velumautostore.com\\\/es\\\/producto\\\/herramientas-para-desatascar-techos-solares\\\/#primaryimage\"},\"image\":{\"@id\":\"https:\\\/\\\/velumautostore.com\\\/es\\\/producto\\\/herramientas-para-desatascar-techos-solares\\\/#primaryimage\"},\"thumbnailUrl\":\"https:\\\/\\\/velumautostore.com\\\/wp-content\\\/uploads\\\/2022\\\/01\\\/outil-debouchage_1.png\",\"datePublished\":\"2022-01-07T14:06:02+00:00\",\"dateModified\":\"2026-02-12T09:20:34+00:00\",\"description\":\"Outillage ECO destapa drenajes techo solar anti filtraciones. Kit pr\u00e1ctico con PDF tutorial para uso simple y efectivo inmediato.\",\"breadcrumb\":{\"@id\":\"https:\\\/\\\/velumautostore.com\\\/es\\\/producto\\\/herramientas-para-desatascar-techos-solares\\\/#breadcrumb\"},\"inLanguage\":\"es\",\"potentialAction\":[{\"@type\":\"ReadAction\",\"target\":[\"https:\\\/\\\/velumautostore.com\\\/es\\\/producto\\\/herramientas-para-desatascar-techos-solares\\\/\"]}]},{\"@type\":\"ImageObject\",\"inLanguage\":\"es\",\"@id\":\"https:\\\/\\\/velumautostore.com\\\/es\\\/producto\\\/herramientas-para-desatascar-techos-solares\\\/#primaryimage\",\"url\":\"https:\\\/\\\/velumautostore.com\\\/wp-content\\\/uploads\\\/2022\\\/01\\\/outil-debouchage_1.png\",\"contentUrl\":\"https:\\\/\\\/velumautostore.com\\\/wp-content\\\/uploads\\\/2022\\\/01\\\/outil-debouchage_1.png\",\"width\":2000,\"height\":2423},{\"@type\":\"BreadcrumbList\",\"@id\":\"https:\\\/\\\/velumautostore.com\\\/es\\\/producto\\\/herramientas-para-desatascar-techos-solares\\\/#breadcrumb\",\"itemListElement\":[{\"@type\":\"ListItem\",\"position\":1,\"name\":\"Accueil\",\"item\":\"https:\\\/\\\/velumautostore.com\\\/es\\\/inicio\\\/\"},{\"@type\":\"ListItem\",\"position\":2,\"name\":\"Tienda\",\"item\":\"https:\\\/\\\/velumautostore.com\\\/es\\\/?page_id=19552\"},{\"@type\":\"ListItem\",\"position\":3,\"name\":\"Herramientas ECO para desatascar techos solares\"}]},{\"@type\":\"WebSite\",\"@id\":\"https:\\\/\\\/velumautostore.com\\\/#website\",\"url\":\"https:\\\/\\\/velumautostore.com\\\/\",\"name\":\"Velum Auto Store\",\"description\":\"Store et toit panoramique\",\"publisher\":{\"@id\":\"https:\\\/\\\/velumautostore.com\\\/#organization\"},\"potentialAction\":[{\"@type\":\"SearchAction\",\"target\":{\"@type\":\"EntryPoint\",\"urlTemplate\":\"https:\\\/\\\/velumautostore.com\\\/?s={search_term_string}\"},\"query-input\":{\"@type\":\"PropertyValueSpecification\",\"valueRequired\":true,\"valueName\":\"search_term_string\"}}],\"inLanguage\":\"es\"},{\"@type\":\"Organization\",\"@id\":\"https:\\\/\\\/velumautostore.com\\\/#organization\",\"name\":\"Velum Auto Store\",\"url\":\"https:\\\/\\\/velumautostore.com\\\/\",\"logo\":{\"@type\":\"ImageObject\",\"inLanguage\":\"es\",\"@id\":\"https:\\\/\\\/velumautostore.com\\\/#\\\/schema\\\/logo\\\/image\\\/\",\"url\":\"https:\\\/\\\/velumautostore.com\\\/wp-content\\\/uploads\\\/2021\\\/09\\\/cropped-Velum_AutoStore_logo_3.png\",\"contentUrl\":\"https:\\\/\\\/velumautostore.com\\\/wp-content\\\/uploads\\\/2021\\\/09\\\/cropped-Velum_AutoStore_logo_3.png\",\"width\":321,\"height\":154,\"caption\":\"Velum Auto Store\"},\"image\":{\"@id\":\"https:\\\/\\\/velumautostore.com\\\/#\\\/schema\\\/logo\\\/image\\\/\"},\"sameAs\":[\"https:\\\/\\\/fr-fr.facebook.com\\\/Velumautostore\\\/\"]}]}<\/script>\n<meta property=\"product:price:amount\" content=\"13.90\" \/>\n<meta property=\"product:price:currency\" content=\"EUR\" \/>\n<meta property=\"og:availability\" content=\"out of stock\" \/>\n<meta property=\"product:availability\" content=\"out of stock\" \/>\n<meta property=\"product:condition\" content=\"new\" \/>\n<!-- \/ Yoast SEO Premium plugin. -->","yoast_head_json":{"title":"Herramientas ECO para desatascar techos solares - Velum Auto Store","description":"Outillage ECO destapa drenajes techo solar anti filtraciones. Kit pr\u00e1ctico con PDF tutorial para uso simple y efectivo inmediato.","robots":{"index":"index","follow":"follow","max-snippet":"max-snippet:-1","max-image-preview":"max-image-preview:large","max-video-preview":"max-video-preview:-1"},"canonical":"https:\/\/velumautostore.com\/es\/producto\/herramientas-para-desatascar-techos-solares\/","og_locale":"es_ES","og_type":"article","og_title":"Herramientas ECO para desatascar techos solares","og_description":"Outillage ECO destapa drenajes techo solar anti filtraciones. Kit pr\u00e1ctico con PDF tutorial para uso simple y efectivo inmediato.","og_url":"https:\/\/velumautostore.com\/es\/producto\/herramientas-para-desatascar-techos-solares\/","og_site_name":"Velum Auto Store","article_publisher":"https:\/\/fr-fr.facebook.com\/Velumautostore\/","article_modified_time":"2026-02-12T09:20:34+00:00","og_image":[{"width":2000,"height":2423,"url":"https:\/\/velumautostore.com\/wp-content\/uploads\/2022\/01\/outil-debouchage_1.png","type":"image\/png"}],"twitter_card":"summary_large_image","twitter_misc":{"Precio":"13.90&euro;","Disponibilidad":"Sin existencias"},"schema":{"@context":"https:\/\/schema.org","@graph":[{"@type":"WebPage","@id":"https:\/\/velumautostore.com\/es\/producto\/herramientas-para-desatascar-techos-solares\/","url":"https:\/\/velumautostore.com\/es\/producto\/herramientas-para-desatascar-techos-solares\/","name":"Herramientas ECO para desatascar techos solares - Velum Auto Store","isPartOf":{"@id":"https:\/\/velumautostore.com\/#website"},"primaryImageOfPage":{"@id":"https:\/\/velumautostore.com\/es\/producto\/herramientas-para-desatascar-techos-solares\/#primaryimage"},"image":{"@id":"https:\/\/velumautostore.com\/es\/producto\/herramientas-para-desatascar-techos-solares\/#primaryimage"},"thumbnailUrl":"https:\/\/velumautostore.com\/wp-content\/uploads\/2022\/01\/outil-debouchage_1.png","datePublished":"2022-01-07T14:06:02+00:00","dateModified":"2026-02-12T09:20:34+00:00","description":"Outillage ECO destapa drenajes techo solar anti filtraciones. Kit pr\u00e1ctico con PDF tutorial para uso simple y efectivo inmediato.","breadcrumb":{"@id":"https:\/\/velumautostore.com\/es\/producto\/herramientas-para-desatascar-techos-solares\/#breadcrumb"},"inLanguage":"es","potentialAction":[{"@type":"ReadAction","target":["https:\/\/velumautostore.com\/es\/producto\/herramientas-para-desatascar-techos-solares\/"]}]},{"@type":"ImageObject","inLanguage":"es","@id":"https:\/\/velumautostore.com\/es\/producto\/herramientas-para-desatascar-techos-solares\/#primaryimage","url":"https:\/\/velumautostore.com\/wp-content\/uploads\/2022\/01\/outil-debouchage_1.png","contentUrl":"https:\/\/velumautostore.com\/wp-content\/uploads\/2022\/01\/outil-debouchage_1.png","width":2000,"height":2423},{"@type":"BreadcrumbList","@id":"https:\/\/velumautostore.com\/es\/producto\/herramientas-para-desatascar-techos-solares\/#breadcrumb","itemListElement":[{"@type":"ListItem","position":1,"name":"Accueil","item":"https:\/\/velumautostore.com\/es\/inicio\/"},{"@type":"ListItem","position":2,"name":"Tienda","item":"https:\/\/velumautostore.com\/es\/?page_id=19552"},{"@type":"ListItem","position":3,"name":"Herramientas ECO para desatascar techos solares"}]},{"@type":"WebSite","@id":"https:\/\/velumautostore.com\/#website","url":"https:\/\/velumautostore.com\/","name":"Velum Auto Store","description":"Store et toit panoramique","publisher":{"@id":"https:\/\/velumautostore.com\/#organization"},"potentialAction":[{"@type":"SearchAction","target":{"@type":"EntryPoint","urlTemplate":"https:\/\/velumautostore.com\/?s={search_term_string}"},"query-input":{"@type":"PropertyValueSpecification","valueRequired":true,"valueName":"search_term_string"}}],"inLanguage":"es"},{"@type":"Organization","@id":"https:\/\/velumautostore.com\/#organization","name":"Velum Auto Store","url":"https:\/\/velumautostore.com\/","logo":{"@type":"ImageObject","inLanguage":"es","@id":"https:\/\/velumautostore.com\/#\/schema\/logo\/image\/","url":"https:\/\/velumautostore.com\/wp-content\/uploads\/2021\/09\/cropped-Velum_AutoStore_logo_3.png","contentUrl":"https:\/\/velumautostore.com\/wp-content\/uploads\/2021\/09\/cropped-Velum_AutoStore_logo_3.png","width":321,"height":154,"caption":"Velum Auto Store"},"image":{"@id":"https:\/\/velumautostore.com\/#\/schema\/logo\/image\/"},"sameAs":["https:\/\/fr-fr.facebook.com\/Velumautostore\/"]}]},"product_price_amount":"13.90","product_price_currency":"EUR","og_availability":"out of stock","product_availability":"out of stock","product_condition":"new"},"_links":{"self":[{"href":"https:\/\/velumautostore.com\/es\/wp-json\/wp\/v2\/product\/13333","targetHints":{"allow":["GET"]}}],"collection":[{"href":"https:\/\/velumautostore.com\/es\/wp-json\/wp\/v2\/product"}],"about":[{"href":"https:\/\/velumautostore.com\/es\/wp-json\/wp\/v2\/types\/product"}],"replies":[{"embeddable":true,"href":"https:\/\/velumautostore.com\/es\/wp-json\/wp\/v2\/comments?post=13333"}],"version-history":[{"count":2,"href":"https:\/\/velumautostore.com\/es\/wp-json\/wp\/v2\/product\/13333\/revisions"}],"predecessor-version":[{"id":18750,"href":"https:\/\/velumautostore.com\/es\/wp-json\/wp\/v2\/product\/13333\/revisions\/18750"}],"wp:featuredmedia":[{"embeddable":true,"href":"https:\/\/velumautostore.com\/es\/wp-json\/wp\/v2\/media\/5748"}],"wp:attachment":[{"href":"https:\/\/velumautostore.com\/es\/wp-json\/wp\/v2\/media?parent=13333"}],"wp:term":[{"taxonomy":"product_brand","embeddable":true,"href":"https:\/\/velumautostore.com\/es\/wp-json\/wp\/v2\/product_brand?post=13333"},{"taxonomy":"product_cat","embeddable":true,"href":"https:\/\/velumautostore.com\/es\/wp-json\/wp\/v2\/product_cat?post=13333"},{"taxonomy":"product_tag","embeddable":true,"href":"https:\/\/velumautostore.com\/es\/wp-json\/wp\/v2\/product_tag?post=13333"}],"curies":[{"name":"wp","href":"https:\/\/api.w.org\/{rel}","templated":true}]}}