{"id":20133,"date":"2026-02-18T09:28:37","date_gmt":"2026-02-18T08:28:37","guid":{"rendered":"https:\/\/velumautostore.com\/produit\/stoff-autohimmel-schwarz-oem-premium-dense\/"},"modified":"2026-04-24T19:38:20","modified_gmt":"2026-04-24T17:38:20","slug":"stoff-autohimmel-schwarz-oem-premium-dense","status":"publish","type":"product","link":"https:\/\/velumautostore.com\/de\/produkt\/stoff-autohimmel-schwarz-oem-premium-dense\/","title":{"rendered":"Stoff Autohimmel schwarz OEM &#8211; Premium Dense"},"content":{"rendered":"<p data-start=\"833\" data-end=\"1025\">Dieser schwarze Autohimmelstoff wurde f\u00fcr die komplette Renovierung von Autod\u00e4chern entwickelt.<br data-start=\"931\" data-end=\"934\">Er kann als Ersatz f\u00fcr einen herunterh\u00e4ngenden Dachhimmel verwendet werden, wenn der urspr\u00fcngliche Schaumstoff besch\u00e4digt ist.<\/p>\n<p data-start=\"1027\" data-end=\"1166\">Er wurde f\u00fcr den Velum Auto Store ausgew\u00e4hlt und erf\u00fcllt die Anforderungen f\u00fcr den realen Autogebrauch: Sommerhitze, komplexe Kurven, dauerhafte Haltbarkeit.<\/p>\n<hr data-start=\"1168\" data-end=\"1171\">\n<h2 data-start=\"1173\" data-end=\"1234\">Warum sollten Sie diesen Stoff als Ersatz f\u00fcr einen Dachhimmel w\u00e4hlen?<\/h2>\n<p data-start=\"1236\" data-end=\"1366\">Wenn der Schaumstoff verstaubt oder der Stoff L\u00f6cher hat, reicht es nicht mehr aus, ihn einfach wieder zusammenzukleben.<br data-start=\"1323\" data-end=\"1326\">Der gesamte Bodenbelag muss ausgetauscht werden.<\/p>\n<p data-start=\"1368\" data-end=\"1407\">Dieser Automobildeckenstoff erm\u00f6glicht :<\/p>\n<ul data-start=\"1409\" data-end=\"1565\">\n<li data-start=\"1409\" data-end=\"1448\">\n<p data-start=\"1411\" data-end=\"1448\">Einen Dachhimmel dauerhaft neu gestalten<\/p>\n<\/li>\n<li data-start=\"1449\" data-end=\"1486\">\n<p data-start=\"1451\" data-end=\"1486\">Wiederherstellung der inneren \u00c4sthetik<\/p>\n<\/li>\n<li data-start=\"1487\" data-end=\"1522\">\n<p data-start=\"1489\" data-end=\"1522\">Erzielung einer OEM-nahen Ausf\u00fchrung<\/p>\n<\/li>\n<li data-start=\"1523\" data-end=\"1565\">\n<p data-start=\"1525\" data-end=\"1565\">Vermeidung eines teuren Komplettaustauschs<\/p>\n<\/li>\n<\/ul>\n<hr data-start=\"1567\" data-end=\"1570\">\n<h2 data-start=\"1572\" data-end=\"1602\">Technische Merkmale<\/h2>\n<ul data-start=\"1604\" data-end=\"1859\">\n<li data-start=\"1604\" data-end=\"1636\">\n<p data-start=\"1606\" data-end=\"1636\">Schaumstoff Dichte: 22-25 kg\/m\u00b3.<\/p>\n<\/li>\n<li data-start=\"1637\" data-end=\"1670\">\n<p data-start=\"1639\" data-end=\"1670\">Schaumstoffdicke: 2,5 bis 3 mm<\/p>\n<\/li>\n<li data-start=\"1671\" data-end=\"1706\">\n<p data-start=\"1673\" data-end=\"1706\">Gesamtdicke: ca. 4 mm<\/p>\n<\/li>\n<li data-start=\"1707\" data-end=\"1747\">\n<p data-start=\"1709\" data-end=\"1747\">Temperaturbest\u00e4ndigkeit: bis 100\u00b0C<\/p>\n<\/li>\n<li data-start=\"1748\" data-end=\"1775\">\n<p data-start=\"1750\" data-end=\"1775\">Breite der Rolle: 1,5 m<\/p>\n<\/li>\n<li data-start=\"1776\" data-end=\"1811\">\n<p data-start=\"1778\" data-end=\"1811\">Matt samtige, nicht reflektierende Oberfl\u00e4che<\/p>\n<\/li>\n<li data-start=\"1812\" data-end=\"1859\">\n<p data-start=\"1814\" data-end=\"1859\">Kompatibel mit Hochtemperatur-Neopren-Kleber<\/p>\n<\/li>\n<\/ul>\n<p data-start=\"1861\" data-end=\"1960\">Dieser Stoff f\u00fcr den Autohimmel ist f\u00fcr die meisten Fahrzeuge geeignet (Golf, 206, Clio, Audi, BMW&#8230;).<\/p>\n<hr data-start=\"1962\" data-end=\"1965\">\n<h2 data-start=\"1967\" data-end=\"1986\">Farbe Schwarz OEM<\/h2>\n<p data-start=\"1988\" data-end=\"2078\">Tiefschwarz matt, nicht gl\u00e4nzend, geeignet f\u00fcr sportliche Interieurs und hochwertige Ausf\u00fchrungen.<\/p>\n<hr data-start=\"2080\" data-end=\"2083\">\n<h2 data-start=\"2085\" data-end=\"2104\">Tipps zum Verlegen<\/h2>\n<p data-start=\"2106\" data-end=\"2154\">Um den Stoff des Dachhimmels richtig zu ersetzen :<\/p>\n<ul data-start=\"2156\" data-end=\"2359\">\n<li data-start=\"2156\" data-end=\"2186\">\n<p data-start=\"2158\" data-end=\"2186\">Entfernen Sie die gesamte Platte<\/p>\n<\/li>\n<li data-start=\"2187\" data-end=\"2224\">\n<p data-start=\"2189\" data-end=\"2224\">Entfernen Sie den verbrauchten Schaumstoff vollst\u00e4ndig<\/p>\n<\/li>\n<li data-start=\"2225\" data-end=\"2297\">\n<p data-start=\"2227\" data-end=\"2297\">Tragen Sie einen Hochtemperatur-Neopren-Kleber auf beide Oberfl\u00e4chen auf.<\/p>\n<\/li>\n<li data-start=\"2298\" data-end=\"2329\">\n<p data-start=\"2300\" data-end=\"2329\">Beachten Sie die Einnahmezeit<\/p>\n<\/li>\n<li data-start=\"2330\" data-end=\"2359\">\n<p data-start=\"2332\" data-end=\"2359\">Allm\u00e4hlich anschwellen<\/p>\n<\/li>\n<\/ul>\n<p data-start=\"2361\" data-end=\"2439\">Wir empfehlen die Verwendung unseres professionellen Neoprenspray-Klebers.<\/p>\n<hr data-start=\"2441\" data-end=\"2444\">\n<h2 data-start=\"2446\" data-end=\"2471\">Zus\u00e4tzliches Produkt<\/h2>\n<p data-start=\"2473\" data-end=\"2534\"><a href=\"https:\/\/velumautostore.com\/de\/?post_type=product&#038;p=20120\" target=\"_blank\" rel=\"noopener\">Hochtemperatur-Neopren-Kleber speziell f\u00fcr Fahrzeugdecken.<\/a><\/p>\n","protected":false},"excerpt":{"rendered":"<p data-start=\"600\" data-end=\"737\">Stoff Autohimmel schwarz OEM, dichter Schaumstoff 22-25 kg\/m\u00b3, hohe Temperatur 100\u00b0C.<\/p>\n<p data-start=\"600\" data-end=\"737\">Ideal, um einen Dachhimmel dauerhaft zu ersetzen.<\/p>\n[mark style=\"text\" color=\"#E1983C\"]Degressive Preise[\/mark]\n<h5>1 Meter = SONDERANGEBOT -7\u20ac.<\/h5>\n<p data-start=\"147\" data-end=\"236\"><strong data-start=\"147\" data-end=\"178\">52,90\u20ac oder 52,90\u20ac pro Meter<\/strong> &#8211; ideal f\u00fcr eine gezielte Reparatur oder eine kleine Fl\u00e4che.<\/p>\n<hr data-start=\"238\" data-end=\"241\">\n<h5 data-start=\"243\" data-end=\"258\">2 Meter = PROMO -15\u20ac<\/h5>\n<p data-start=\"260\" data-end=\"342\"><strong data-start=\"260\" data-end=\"292\">104,90 \u20ac oder 52,45 \u20ac pro Meter<\/strong> &#8211; das empfohlene Format f\u00fcr eine Standardlimousine.<\/p>\n<hr data-start=\"344\" data-end=\"347\">\n<h5 data-start=\"349\" data-end=\"364\">3 Meter = PROMO -30\u20ac<\/h5>\n<p data-start=\"366\" data-end=\"483\"><strong data-start=\"366\" data-end=\"398\">149,90\u20ac oder 49,97\u20ac pro Meter<\/strong> &#8211; die g\u00fcnstigste L\u00f6sung f\u00fcr ein gro\u00dfes Fahrzeug.<\/p>\n","protected":false},"featured_media":18819,"comment_status":"open","ping_status":"closed","template":"","meta":[],"product_brand":[],"product_cat":[1369],"product_tag":[],"class_list":{"0":"post-20133","1":"product","2":"type-product","3":"status-publish","4":"has-post-thumbnail","6":"product_cat-stoff-autohimmel","8":"first","9":"outofstock","10":"sale","11":"shipping-taxable","12":"purchasable","13":"product-type-simple"},"etheme_brands":{"errors":{"invalid_taxonomy":["Die Taxonomie ist ung\u00fcltig."]},"error_data":[]},"yoast_head":"<!-- This site is optimized with the Yoast SEO Premium plugin v27.3 (Yoast SEO v27.5) - https:\/\/yoast.com\/product\/yoast-seo-premium-wordpress\/ -->\n<title>Stoff Autohimmel schwarz OEM - Premium 22kg\/m\u00b3<\/title>\n<meta name=\"description\" content=\"Schwarzer, dichter OEM Premium-Autodachstoff 22kg\/m\u00b3. Ideal als dauerhafter Ersatz f\u00fcr einen Autodachhimmel.\" \/>\n<meta name=\"robots\" content=\"index, follow, max-snippet:-1, max-image-preview:large, max-video-preview:-1\" \/>\n<link rel=\"canonical\" href=\"https:\/\/velumautostore.com\/de\/?post_type=product&p=20133\" \/>\n<meta property=\"og:locale\" content=\"de_DE\" \/>\n<meta property=\"og:type\" content=\"article\" \/>\n<meta property=\"og:title\" content=\"Stoff Autohimmel schwarz OEM - Premium Dense\" \/>\n<meta property=\"og:description\" content=\"Schwarzer, dichter OEM Premium-Autodachstoff 22kg\/m\u00b3. Ideal als dauerhafter Ersatz f\u00fcr einen Autodachhimmel.\" \/>\n<meta property=\"og:url\" content=\"https:\/\/velumautostore.com\/de\/?post_type=product&amp;p=20133\" \/>\n<meta property=\"og:site_name\" content=\"Velum Auto Store\" \/>\n<meta property=\"article:publisher\" content=\"https:\/\/fr-fr.facebook.com\/Velumautostore\/\" \/>\n<meta property=\"article:modified_time\" content=\"2026-04-24T17:38:20+00:00\" \/>\n<meta property=\"og:image\" content=\"https:\/\/velumautostore.com\/wp-content\/uploads\/2026\/02\/ciel-de-toit-decolle-noir.jpg\" \/>\n\t<meta property=\"og:image:width\" content=\"2000\" \/>\n\t<meta property=\"og:image:height\" content=\"2423\" \/>\n\t<meta property=\"og:image:type\" content=\"image\/jpeg\" \/>\n<meta name=\"twitter:card\" content=\"summary_large_image\" \/>\n<meta name=\"twitter:label1\" content=\"Preis\" \/>\n\t<meta name=\"twitter:data1\" content=\"52.90&euro;\" \/>\n\t<meta name=\"twitter:label2\" content=\"Verf\u00fcgbarkeit\" \/>\n\t<meta name=\"twitter:data2\" content=\"ausverkauft\" \/>\n<script type=\"application\/ld+json\" class=\"yoast-schema-graph\">{\"@context\":\"https:\\\/\\\/schema.org\",\"@graph\":[{\"@type\":\"WebPage\",\"@id\":\"https:\\\/\\\/velumautostore.com\\\/de\\\/?post_type=product&p=20133\",\"url\":\"https:\\\/\\\/velumautostore.com\\\/de\\\/?post_type=product&p=20133\",\"name\":\"Stoff Autohimmel schwarz OEM - Premium 22kg\\\/m\u00b3\",\"isPartOf\":{\"@id\":\"https:\\\/\\\/velumautostore.com\\\/#website\"},\"primaryImageOfPage\":{\"@id\":\"https:\\\/\\\/velumautostore.com\\\/de\\\/?post_type=product&p=20133#primaryimage\"},\"image\":{\"@id\":\"https:\\\/\\\/velumautostore.com\\\/de\\\/?post_type=product&p=20133#primaryimage\"},\"thumbnailUrl\":\"https:\\\/\\\/velumautostore.com\\\/wp-content\\\/uploads\\\/2026\\\/02\\\/ciel-de-toit-decolle-noir.jpg\",\"datePublished\":\"2026-02-18T08:28:37+00:00\",\"dateModified\":\"2026-04-24T17:38:20+00:00\",\"description\":\"Schwarzer, dichter OEM Premium-Autodachstoff 22kg\\\/m\u00b3. Ideal als dauerhafter Ersatz f\u00fcr einen Autodachhimmel.\",\"breadcrumb\":{\"@id\":\"https:\\\/\\\/velumautostore.com\\\/de\\\/?post_type=product&p=20133#breadcrumb\"},\"inLanguage\":\"de\",\"potentialAction\":[{\"@type\":\"ReadAction\",\"target\":[\"https:\\\/\\\/velumautostore.com\\\/de\\\/?post_type=product&p=20133\"]}]},{\"@type\":\"ImageObject\",\"inLanguage\":\"de\",\"@id\":\"https:\\\/\\\/velumautostore.com\\\/de\\\/?post_type=product&p=20133#primaryimage\",\"url\":\"https:\\\/\\\/velumautostore.com\\\/wp-content\\\/uploads\\\/2026\\\/02\\\/ciel-de-toit-decolle-noir.jpg\",\"contentUrl\":\"https:\\\/\\\/velumautostore.com\\\/wp-content\\\/uploads\\\/2026\\\/02\\\/ciel-de-toit-decolle-noir.jpg\",\"width\":2000,\"height\":2423},{\"@type\":\"BreadcrumbList\",\"@id\":\"https:\\\/\\\/velumautostore.com\\\/de\\\/?post_type=product&p=20133#breadcrumb\",\"itemListElement\":[{\"@type\":\"ListItem\",\"position\":1,\"name\":\"Accueil\",\"item\":\"https:\\\/\\\/velumautostore.com\\\/de\\\/home\\\/\"},{\"@type\":\"ListItem\",\"position\":2,\"name\":\"Shop\",\"item\":\"https:\\\/\\\/velumautostore.com\\\/de\\\/?page_id=19555\"},{\"@type\":\"ListItem\",\"position\":3,\"name\":\"Stoff Autohimmel schwarz OEM &#8211; Premium Dense\"}]},{\"@type\":\"WebSite\",\"@id\":\"https:\\\/\\\/velumautostore.com\\\/#website\",\"url\":\"https:\\\/\\\/velumautostore.com\\\/\",\"name\":\"Velum Auto Store\",\"description\":\"Store et toit panoramique\",\"publisher\":{\"@id\":\"https:\\\/\\\/velumautostore.com\\\/#organization\"},\"potentialAction\":[{\"@type\":\"SearchAction\",\"target\":{\"@type\":\"EntryPoint\",\"urlTemplate\":\"https:\\\/\\\/velumautostore.com\\\/?s={search_term_string}\"},\"query-input\":{\"@type\":\"PropertyValueSpecification\",\"valueRequired\":true,\"valueName\":\"search_term_string\"}}],\"inLanguage\":\"de\"},{\"@type\":\"Organization\",\"@id\":\"https:\\\/\\\/velumautostore.com\\\/#organization\",\"name\":\"Velum Auto Store\",\"url\":\"https:\\\/\\\/velumautostore.com\\\/\",\"logo\":{\"@type\":\"ImageObject\",\"inLanguage\":\"de\",\"@id\":\"https:\\\/\\\/velumautostore.com\\\/#\\\/schema\\\/logo\\\/image\\\/\",\"url\":\"https:\\\/\\\/velumautostore.com\\\/wp-content\\\/uploads\\\/2021\\\/09\\\/cropped-Velum_AutoStore_logo_3.png\",\"contentUrl\":\"https:\\\/\\\/velumautostore.com\\\/wp-content\\\/uploads\\\/2021\\\/09\\\/cropped-Velum_AutoStore_logo_3.png\",\"width\":321,\"height\":154,\"caption\":\"Velum Auto Store\"},\"image\":{\"@id\":\"https:\\\/\\\/velumautostore.com\\\/#\\\/schema\\\/logo\\\/image\\\/\"},\"sameAs\":[\"https:\\\/\\\/fr-fr.facebook.com\\\/Velumautostore\\\/\"]}]}<\/script>\n<meta property=\"product:price:amount\" content=\"52.90\" \/>\n<meta property=\"product:price:currency\" content=\"EUR\" \/>\n<meta property=\"og:availability\" content=\"out of stock\" \/>\n<meta property=\"product:availability\" content=\"out of stock\" \/>\n<meta property=\"product:condition\" content=\"new\" \/>\n<!-- \/ Yoast SEO Premium plugin. -->","yoast_head_json":{"title":"Stoff Autohimmel schwarz OEM - Premium 22kg\/m\u00b3","description":"Schwarzer, dichter OEM Premium-Autodachstoff 22kg\/m\u00b3. Ideal als dauerhafter Ersatz f\u00fcr einen Autodachhimmel.","robots":{"index":"index","follow":"follow","max-snippet":"max-snippet:-1","max-image-preview":"max-image-preview:large","max-video-preview":"max-video-preview:-1"},"canonical":"https:\/\/velumautostore.com\/de\/?post_type=product&p=20133","og_locale":"de_DE","og_type":"article","og_title":"Stoff Autohimmel schwarz OEM - Premium Dense","og_description":"Schwarzer, dichter OEM Premium-Autodachstoff 22kg\/m\u00b3. Ideal als dauerhafter Ersatz f\u00fcr einen Autodachhimmel.","og_url":"https:\/\/velumautostore.com\/de\/?post_type=product&p=20133","og_site_name":"Velum Auto Store","article_publisher":"https:\/\/fr-fr.facebook.com\/Velumautostore\/","article_modified_time":"2026-04-24T17:38:20+00:00","og_image":[{"width":2000,"height":2423,"url":"https:\/\/velumautostore.com\/wp-content\/uploads\/2026\/02\/ciel-de-toit-decolle-noir.jpg","type":"image\/jpeg"}],"twitter_card":"summary_large_image","twitter_misc":{"Preis":"52.90&euro;","Verf\u00fcgbarkeit":"ausverkauft"},"schema":{"@context":"https:\/\/schema.org","@graph":[{"@type":"WebPage","@id":"https:\/\/velumautostore.com\/de\/?post_type=product&p=20133","url":"https:\/\/velumautostore.com\/de\/?post_type=product&p=20133","name":"Stoff Autohimmel schwarz OEM - Premium 22kg\/m\u00b3","isPartOf":{"@id":"https:\/\/velumautostore.com\/#website"},"primaryImageOfPage":{"@id":"https:\/\/velumautostore.com\/de\/?post_type=product&p=20133#primaryimage"},"image":{"@id":"https:\/\/velumautostore.com\/de\/?post_type=product&p=20133#primaryimage"},"thumbnailUrl":"https:\/\/velumautostore.com\/wp-content\/uploads\/2026\/02\/ciel-de-toit-decolle-noir.jpg","datePublished":"2026-02-18T08:28:37+00:00","dateModified":"2026-04-24T17:38:20+00:00","description":"Schwarzer, dichter OEM Premium-Autodachstoff 22kg\/m\u00b3. Ideal als dauerhafter Ersatz f\u00fcr einen Autodachhimmel.","breadcrumb":{"@id":"https:\/\/velumautostore.com\/de\/?post_type=product&p=20133#breadcrumb"},"inLanguage":"de","potentialAction":[{"@type":"ReadAction","target":["https:\/\/velumautostore.com\/de\/?post_type=product&p=20133"]}]},{"@type":"ImageObject","inLanguage":"de","@id":"https:\/\/velumautostore.com\/de\/?post_type=product&p=20133#primaryimage","url":"https:\/\/velumautostore.com\/wp-content\/uploads\/2026\/02\/ciel-de-toit-decolle-noir.jpg","contentUrl":"https:\/\/velumautostore.com\/wp-content\/uploads\/2026\/02\/ciel-de-toit-decolle-noir.jpg","width":2000,"height":2423},{"@type":"BreadcrumbList","@id":"https:\/\/velumautostore.com\/de\/?post_type=product&p=20133#breadcrumb","itemListElement":[{"@type":"ListItem","position":1,"name":"Accueil","item":"https:\/\/velumautostore.com\/de\/home\/"},{"@type":"ListItem","position":2,"name":"Shop","item":"https:\/\/velumautostore.com\/de\/?page_id=19555"},{"@type":"ListItem","position":3,"name":"Stoff Autohimmel schwarz OEM &#8211; Premium Dense"}]},{"@type":"WebSite","@id":"https:\/\/velumautostore.com\/#website","url":"https:\/\/velumautostore.com\/","name":"Velum Auto Store","description":"Store et toit panoramique","publisher":{"@id":"https:\/\/velumautostore.com\/#organization"},"potentialAction":[{"@type":"SearchAction","target":{"@type":"EntryPoint","urlTemplate":"https:\/\/velumautostore.com\/?s={search_term_string}"},"query-input":{"@type":"PropertyValueSpecification","valueRequired":true,"valueName":"search_term_string"}}],"inLanguage":"de"},{"@type":"Organization","@id":"https:\/\/velumautostore.com\/#organization","name":"Velum Auto Store","url":"https:\/\/velumautostore.com\/","logo":{"@type":"ImageObject","inLanguage":"de","@id":"https:\/\/velumautostore.com\/#\/schema\/logo\/image\/","url":"https:\/\/velumautostore.com\/wp-content\/uploads\/2021\/09\/cropped-Velum_AutoStore_logo_3.png","contentUrl":"https:\/\/velumautostore.com\/wp-content\/uploads\/2021\/09\/cropped-Velum_AutoStore_logo_3.png","width":321,"height":154,"caption":"Velum Auto Store"},"image":{"@id":"https:\/\/velumautostore.com\/#\/schema\/logo\/image\/"},"sameAs":["https:\/\/fr-fr.facebook.com\/Velumautostore\/"]}]},"product_price_amount":"52.90","product_price_currency":"EUR","og_availability":"out of stock","product_availability":"out of stock","product_condition":"new"},"_links":{"self":[{"href":"https:\/\/velumautostore.com\/de\/wp-json\/wp\/v2\/product\/20133","targetHints":{"allow":["GET"]}}],"collection":[{"href":"https:\/\/velumautostore.com\/de\/wp-json\/wp\/v2\/product"}],"about":[{"href":"https:\/\/velumautostore.com\/de\/wp-json\/wp\/v2\/types\/product"}],"replies":[{"embeddable":true,"href":"https:\/\/velumautostore.com\/de\/wp-json\/wp\/v2\/comments?post=20133"}],"version-history":[{"count":1,"href":"https:\/\/velumautostore.com\/de\/wp-json\/wp\/v2\/product\/20133\/revisions"}],"predecessor-version":[{"id":20134,"href":"https:\/\/velumautostore.com\/de\/wp-json\/wp\/v2\/product\/20133\/revisions\/20134"}],"wp:featuredmedia":[{"embeddable":true,"href":"https:\/\/velumautostore.com\/de\/wp-json\/wp\/v2\/media\/18819"}],"wp:attachment":[{"href":"https:\/\/velumautostore.com\/de\/wp-json\/wp\/v2\/media?parent=20133"}],"wp:term":[{"taxonomy":"product_brand","embeddable":true,"href":"https:\/\/velumautostore.com\/de\/wp-json\/wp\/v2\/product_brand?post=20133"},{"taxonomy":"product_cat","embeddable":true,"href":"https:\/\/velumautostore.com\/de\/wp-json\/wp\/v2\/product_cat?post=20133"},{"taxonomy":"product_tag","embeddable":true,"href":"https:\/\/velumautostore.com\/de\/wp-json\/wp\/v2\/product_tag?post=20133"}],"curies":[{"name":"wp","href":"https:\/\/api.w.org\/{rel}","templated":true}]}}