{"id":20120,"date":"2026-02-18T09:22:47","date_gmt":"2026-02-18T08:22:47","guid":{"rendered":"https:\/\/velumautostore.com\/produit\/hochtemperatur-neopren-kleber-speziell-fuer-auto-dachhimmel\/"},"modified":"2026-04-24T19:37:42","modified_gmt":"2026-04-24T17:37:42","slug":"hochtemperatur-neopren-kleber-speziell-fuer-auto-dachhimmel","status":"publish","type":"product","link":"https:\/\/velumautostore.com\/de\/produkt\/hochtemperatur-neopren-kleber-speziell-fuer-auto-dachhimmel\/","title":{"rendered":"Hochtemperatur-Neopren-Kleber &#8211; Speziell f\u00fcr Auto-Dachhimmel"},"content":{"rendered":"<p data-start=\"752\" data-end=\"868\">Dieser Hochtemperatur-Neopren-Kleber wurde speziell f\u00fcr den kompletten Austausch eines Dachhimmels ausgew\u00e4hlt.<\/p>\n<p data-start=\"870\" data-end=\"994\">Im Gegensatz zu Universalklebstoffen f\u00fcr den Heimwerkermarkt bietet er selbst bei hohen Sommertemperaturen eine dauerhafte Haftung.<\/p>\n<p data-start=\"996\" data-end=\"1059\">Kompatibel mit Autostoffen aus dichtem Schaumstoff 22-25 kg\/m\u00b3.<\/p>\n<hr data-start=\"1061\" data-end=\"1064\">\n<h2 data-start=\"1066\" data-end=\"1137\">Warum sollte ich einen Hochtemperaturkleber f\u00fcr einen Dachhimmel verwenden?<\/h2>\n<p data-start=\"1139\" data-end=\"1205\">Der Innenraum eines Fahrzeugs kann in der prallen Sonne \u00fcber 70-80\u00b0C hei\u00df werden.<\/p>\n<p data-start=\"1207\" data-end=\"1234\">Ein Standardleim Risiko :<\/p>\n<ul data-start=\"1236\" data-end=\"1307\">\n<li data-start=\"1236\" data-end=\"1251\">\n<p data-start=\"1238\" data-end=\"1251\">zu erweichen<\/p>\n<\/li>\n<li data-start=\"1252\" data-end=\"1265\">\n<p data-start=\"1254\" data-end=\"1265\">zu migrieren<\/p>\n<\/li>\n<li data-start=\"1266\" data-end=\"1307\">\n<p data-start=\"1268\" data-end=\"1307\">zu einer vorzeitigen Abl\u00f6sung f\u00fchren<\/p>\n<\/li>\n<\/ul>\n<p data-start=\"1309\" data-end=\"1415\">Dieser Deckenkleber f\u00fcr Autos ist so formuliert, dass er nach vollst\u00e4ndiger Aush\u00e4rtung bis zu 100-110\u00b0C best\u00e4ndig ist.<\/p>\n<p data-start=\"1417\" data-end=\"1514\">Sie eignet sich f\u00fcr die komplette Renovierung von Dachhimmeln und die Verlegung von neuen Autostoffen.<\/p>\n<hr data-start=\"1516\" data-end=\"1519\">\n<h2 data-start=\"1521\" data-end=\"1551\">Technische Merkmale<\/h2>\n<ul data-start=\"1553\" data-end=\"1763\">\n<li data-start=\"1553\" data-end=\"1586\">\n<p data-start=\"1555\" data-end=\"1586\">Typ: Neopren-Kontaktkleber<\/p>\n<\/li>\n<li data-start=\"1587\" data-end=\"1623\">\n<p data-start=\"1589\" data-end=\"1623\">Temperaturbest\u00e4ndigkeit: 100-110\u00b0C<\/p>\n<\/li>\n<li data-start=\"1624\" data-end=\"1648\">\n<p data-start=\"1626\" data-end=\"1648\">Format: Spraydose<\/p>\n<\/li>\n<li data-start=\"1649\" data-end=\"1694\">\n<p data-start=\"1651\" data-end=\"1694\">Anwendung: Doppelte Leimung empfohlen<\/p>\n<\/li>\n<li data-start=\"1695\" data-end=\"1730\">\n<p data-start=\"1697\" data-end=\"1730\">Kompatibel mit PU-Automobilschaum<\/p>\n<\/li>\n<li data-start=\"1731\" data-end=\"1763\">\n<p data-start=\"1733\" data-end=\"1763\">Tack-Zeit: 5-10 Minuten<\/p>\n<\/li>\n<\/ul>\n<hr data-start=\"1765\" data-end=\"1768\">\n<h2 data-start=\"1770\" data-end=\"1831\">Wie viele Bomben werden ben\u00f6tigt, um einen kompletten Dachhimmel zu ersetzen?<\/h2>\n<p data-start=\"1833\" data-end=\"1891\">F\u00fcr ein Standarddach Limousine (Golf, 206, Clio, Audi A3) :<\/p>\n<ul data-start=\"1893\" data-end=\"2007\">\n<li data-start=\"1893\" data-end=\"1937\">\n<p data-start=\"1895\" data-end=\"1937\">1 Dose mit 200 ml kann unzureichend sein<\/p>\n<\/li>\n<li data-start=\"1938\" data-end=\"2007\">\n<p data-start=\"1940\" data-end=\"2007\">2 Dosen \u00e0 200 ml werden f\u00fcr einen vollst\u00e4ndigen Austausch empfohlen.<\/p>\n<\/li>\n<\/ul>\n<p data-start=\"2009\" data-end=\"2019\">Warum?<\/p>\n<p data-start=\"2021\" data-end=\"2079\">Die professionelle Methode erfordert eine doppelte Leimung:<\/p>\n<ul data-start=\"2081\" data-end=\"2141\">\n<li data-start=\"2081\" data-end=\"2108\">\n<p data-start=\"2083\" data-end=\"2108\">1 Schicht auf dem Paneel<\/p>\n<\/li>\n<li data-start=\"2109\" data-end=\"2141\">\n<p data-start=\"2111\" data-end=\"2141\">1 Schicht auf der R\u00fcckseite des Stoffes<\/p>\n<\/li>\n<\/ul>\n<p data-start=\"2143\" data-end=\"2260\">F\u00fcr ein dauerhaftes Ergebnis ist es besser, einen ausreichenden Spielraum vorzusehen, als zu wenig Klebstoff aufzutragen.<\/p>\n<p data-start=\"2262\" data-end=\"2321\">F\u00fcr SUV oder gro\u00dfe Kombis:<br data-start=\"2287\" data-end=\"2290\">2 bis 3 Spr\u00fchdosen \u00e0 200 ml bereithalten.<\/p>\n<hr data-start=\"2323\" data-end=\"2326\">\n<h2 data-start=\"2328\" data-end=\"2347\">Tipps zum Verlegen<\/h2>\n<ol data-start=\"2349\" data-end=\"2580\">\n<li data-start=\"2349\" data-end=\"2380\">\n<p data-start=\"2352\" data-end=\"2380\">Entfernen Sie die gesamte Platte<\/p>\n<\/li>\n<li data-start=\"2381\" data-end=\"2420\">\n<p data-start=\"2384\" data-end=\"2420\">Reinigen Sie den Schaumstoff und kratzen Sie ihn ab<\/p>\n<\/li>\n<li data-start=\"2421\" data-end=\"2476\">\n<p data-start=\"2424\" data-end=\"2476\">Spr\u00fchen Sie einen gleichm\u00e4\u00dfigen Schleier auf beide Oberfl\u00e4chen.<\/p>\n<\/li>\n<li data-start=\"2477\" data-end=\"2509\">\n<p data-start=\"2480\" data-end=\"2509\">Beachten Sie die Einnahmezeit<\/p>\n<\/li>\n<li data-start=\"2510\" data-end=\"2549\">\n<p data-start=\"2513\" data-end=\"2549\">Von der Mitte zu den R\u00e4ndern hin zusammenf\u00fcgen<\/p>\n<\/li>\n<li data-start=\"2550\" data-end=\"2580\">\n<p data-start=\"2553\" data-end=\"2580\">Allm\u00e4hlich anschwellen<\/p>\n<\/li>\n<\/ol>\n<p data-start=\"2582\" data-end=\"2680\">Nicht sofort nach dem Spr\u00fchen verkleben: Warten Sie, bis der Kleber klebrig wird (Tack).<\/p>\n<hr data-start=\"2682\" data-end=\"2685\">\n<h2 data-start=\"2687\" data-end=\"2705\">Kompatibel mit<\/h2>\n<ul data-start=\"2707\" data-end=\"2827\">\n<li data-start=\"2707\" data-end=\"2746\">\n<p data-start=\"2709\" data-end=\"2746\"><a href=\"https:\/\/velumautostore.com\/produkt\/tissu-ciel-de-toit-voiture-noir-oem\/\" target=\"_blank\" rel=\"noopener\">Stoff Dachhimmel Auto schwarz OEM<\/a><\/p>\n<\/li>\n<li data-start=\"2747\" data-end=\"2786\">\n<p data-start=\"2749\" data-end=\"2786\"><a href=\"https:\/\/velumautostore.com\/de\/?post_type=product&#038;p=20110\" target=\"_blank\" rel=\"noopener\">Stoff Dachhimmel Auto grau OEM<\/a><\/p>\n<\/li>\n<li data-start=\"2787\" data-end=\"2827\">\n<p data-start=\"2789\" data-end=\"2827\"><a href=\"https:\/\/velumautostore.com\/de\/?post_type=product&#038;p=20111\" target=\"_blank\" rel=\"noopener\">Stoff Dachhimmel Auto beige OEM<\/a><\/p>\n<\/li>\n<\/ul>\n<hr data-start=\"2829\" data-end=\"2832\">\n<h2 data-start=\"2834\" data-end=\"2885\">Warum verwenden Sie nicht einen Universalkleber?<\/h2>\n<p data-start=\"2887\" data-end=\"3027\">Standardklebstoffe f\u00fcr den Heimwerkermarkt haben oft eine Temperaturbest\u00e4ndigkeit von weniger als 80\u00b0C.<br data-start=\"2972\" data-end=\"2975\">Im Sommer kann dies zu einer Abl\u00f6sung des Stoffes f\u00fchren.<\/p>\n<p data-start=\"3029\" data-end=\"3113\">F\u00fcr eine dauerhafte Renovierung ist ein hochtemperaturbest\u00e4ndiger Neoprenkleber erforderlich.<\/p>\n","protected":false},"excerpt":{"rendered":"<p data-start=\"524\" data-end=\"654\">Hochtemperatur-Neopren-Klebstoff 100-110\u00b0C speziell f\u00fcr den Autohimmel.<\/p>\n<p data-start=\"524\" data-end=\"654\">Ideal als dauerhafter Ersatz f\u00fcr Dachhimmelstoff.<\/p>\n","protected":false},"featured_media":0,"comment_status":"open","ping_status":"closed","template":"","meta":[],"product_brand":[],"product_cat":[1369],"product_tag":[],"class_list":{"0":"post-20120","1":"product","2":"type-product","3":"status-publish","5":"product_cat-stoff-autohimmel","7":"first","8":"outofstock","9":"sale","10":"shipping-taxable","11":"purchasable","12":"product-type-simple"},"etheme_brands":{"errors":{"invalid_taxonomy":["Die Taxonomie ist ung\u00fcltig."]},"error_data":[]},"yoast_head":"<!-- This site is optimized with the Yoast SEO Premium plugin v27.3 (Yoast SEO v27.5) - https:\/\/yoast.com\/product\/yoast-seo-premium-wordpress\/ -->\n<title>Hochtemperatur-Neopren-Kleber - Speziell f\u00fcr Auto-Dachhimmel - Velum Auto Store<\/title>\n<meta name=\"description\" content=\"Hochtemperatur-Neopren-Kleber 100\u00b0C speziell f\u00fcr den Dachhimmel. Ideal f\u00fcr den dauerhaften Ersatz von Dachhimmelstoff.\" \/>\n<meta name=\"robots\" content=\"index, follow, max-snippet:-1, max-image-preview:large, max-video-preview:-1\" \/>\n<link rel=\"canonical\" href=\"https:\/\/velumautostore.com\/de\/?post_type=product&p=20120\" \/>\n<meta property=\"og:locale\" content=\"de_DE\" \/>\n<meta property=\"og:type\" content=\"article\" \/>\n<meta property=\"og:title\" content=\"Hochtemperatur-Neopren-Kleber - Speziell f\u00fcr Auto-Dachhimmel\" \/>\n<meta property=\"og:description\" content=\"Hochtemperatur-Neopren-Kleber 100\u00b0C speziell f\u00fcr den Dachhimmel. Ideal f\u00fcr den dauerhaften Ersatz von Dachhimmelstoff.\" \/>\n<meta property=\"og:url\" content=\"https:\/\/velumautostore.com\/de\/?post_type=product&amp;p=20120\" \/>\n<meta property=\"og:site_name\" content=\"Velum Auto Store\" \/>\n<meta property=\"article:publisher\" content=\"https:\/\/fr-fr.facebook.com\/Velumautostore\/\" \/>\n<meta property=\"article:modified_time\" content=\"2026-04-24T17:37:42+00:00\" \/>\n<meta name=\"twitter:card\" content=\"summary_large_image\" \/>\n<meta name=\"twitter:label1\" content=\"Preis\" \/>\n\t<meta name=\"twitter:data1\" content=\"19.90&euro;\" \/>\n\t<meta name=\"twitter:label2\" content=\"Verf\u00fcgbarkeit\" \/>\n\t<meta name=\"twitter:data2\" content=\"ausverkauft\" \/>\n<script type=\"application\/ld+json\" class=\"yoast-schema-graph\">{\"@context\":\"https:\\\/\\\/schema.org\",\"@graph\":[{\"@type\":\"WebPage\",\"@id\":\"https:\\\/\\\/velumautostore.com\\\/de\\\/?post_type=product&p=20120\",\"url\":\"https:\\\/\\\/velumautostore.com\\\/de\\\/?post_type=product&p=20120\",\"name\":\"Hochtemperatur-Neopren-Kleber - Speziell f\u00fcr Auto-Dachhimmel - Velum Auto Store\",\"isPartOf\":{\"@id\":\"https:\\\/\\\/velumautostore.com\\\/#website\"},\"datePublished\":\"2026-02-18T08:22:47+00:00\",\"dateModified\":\"2026-04-24T17:37:42+00:00\",\"description\":\"Hochtemperatur-Neopren-Kleber 100\u00b0C speziell f\u00fcr den Dachhimmel. Ideal f\u00fcr den dauerhaften Ersatz von Dachhimmelstoff.\",\"breadcrumb\":{\"@id\":\"https:\\\/\\\/velumautostore.com\\\/de\\\/?post_type=product&p=20120#breadcrumb\"},\"inLanguage\":\"de\",\"potentialAction\":[{\"@type\":\"ReadAction\",\"target\":[\"https:\\\/\\\/velumautostore.com\\\/de\\\/?post_type=product&p=20120\"]}]},{\"@type\":\"BreadcrumbList\",\"@id\":\"https:\\\/\\\/velumautostore.com\\\/de\\\/?post_type=product&p=20120#breadcrumb\",\"itemListElement\":[{\"@type\":\"ListItem\",\"position\":1,\"name\":\"Accueil\",\"item\":\"https:\\\/\\\/velumautostore.com\\\/de\\\/home\\\/\"},{\"@type\":\"ListItem\",\"position\":2,\"name\":\"Shop\",\"item\":\"https:\\\/\\\/velumautostore.com\\\/de\\\/?page_id=19555\"},{\"@type\":\"ListItem\",\"position\":3,\"name\":\"Hochtemperatur-Neopren-Kleber &#8211; Speziell f\u00fcr Auto-Dachhimmel\"}]},{\"@type\":\"WebSite\",\"@id\":\"https:\\\/\\\/velumautostore.com\\\/#website\",\"url\":\"https:\\\/\\\/velumautostore.com\\\/\",\"name\":\"Velum Auto Store\",\"description\":\"Store et toit panoramique\",\"publisher\":{\"@id\":\"https:\\\/\\\/velumautostore.com\\\/#organization\"},\"potentialAction\":[{\"@type\":\"SearchAction\",\"target\":{\"@type\":\"EntryPoint\",\"urlTemplate\":\"https:\\\/\\\/velumautostore.com\\\/?s={search_term_string}\"},\"query-input\":{\"@type\":\"PropertyValueSpecification\",\"valueRequired\":true,\"valueName\":\"search_term_string\"}}],\"inLanguage\":\"de\"},{\"@type\":\"Organization\",\"@id\":\"https:\\\/\\\/velumautostore.com\\\/#organization\",\"name\":\"Velum Auto Store\",\"url\":\"https:\\\/\\\/velumautostore.com\\\/\",\"logo\":{\"@type\":\"ImageObject\",\"inLanguage\":\"de\",\"@id\":\"https:\\\/\\\/velumautostore.com\\\/#\\\/schema\\\/logo\\\/image\\\/\",\"url\":\"https:\\\/\\\/velumautostore.com\\\/wp-content\\\/uploads\\\/2021\\\/09\\\/cropped-Velum_AutoStore_logo_3.png\",\"contentUrl\":\"https:\\\/\\\/velumautostore.com\\\/wp-content\\\/uploads\\\/2021\\\/09\\\/cropped-Velum_AutoStore_logo_3.png\",\"width\":321,\"height\":154,\"caption\":\"Velum Auto Store\"},\"image\":{\"@id\":\"https:\\\/\\\/velumautostore.com\\\/#\\\/schema\\\/logo\\\/image\\\/\"},\"sameAs\":[\"https:\\\/\\\/fr-fr.facebook.com\\\/Velumautostore\\\/\"]}]}<\/script>\n<meta property=\"product:price:amount\" content=\"19.90\" \/>\n<meta property=\"product:price:currency\" content=\"EUR\" \/>\n<meta property=\"og:availability\" content=\"out of stock\" \/>\n<meta property=\"product:availability\" content=\"out of stock\" \/>\n<meta property=\"product:condition\" content=\"new\" \/>\n<!-- \/ Yoast SEO Premium plugin. -->","yoast_head_json":{"title":"Hochtemperatur-Neopren-Kleber - Speziell f\u00fcr Auto-Dachhimmel - Velum Auto Store","description":"Hochtemperatur-Neopren-Kleber 100\u00b0C speziell f\u00fcr den Dachhimmel. Ideal f\u00fcr den dauerhaften Ersatz von Dachhimmelstoff.","robots":{"index":"index","follow":"follow","max-snippet":"max-snippet:-1","max-image-preview":"max-image-preview:large","max-video-preview":"max-video-preview:-1"},"canonical":"https:\/\/velumautostore.com\/de\/?post_type=product&p=20120","og_locale":"de_DE","og_type":"article","og_title":"Hochtemperatur-Neopren-Kleber - Speziell f\u00fcr Auto-Dachhimmel","og_description":"Hochtemperatur-Neopren-Kleber 100\u00b0C speziell f\u00fcr den Dachhimmel. Ideal f\u00fcr den dauerhaften Ersatz von Dachhimmelstoff.","og_url":"https:\/\/velumautostore.com\/de\/?post_type=product&p=20120","og_site_name":"Velum Auto Store","article_publisher":"https:\/\/fr-fr.facebook.com\/Velumautostore\/","article_modified_time":"2026-04-24T17:37:42+00:00","twitter_card":"summary_large_image","twitter_misc":{"Preis":"19.90&euro;","Verf\u00fcgbarkeit":"ausverkauft"},"schema":{"@context":"https:\/\/schema.org","@graph":[{"@type":"WebPage","@id":"https:\/\/velumautostore.com\/de\/?post_type=product&p=20120","url":"https:\/\/velumautostore.com\/de\/?post_type=product&p=20120","name":"Hochtemperatur-Neopren-Kleber - Speziell f\u00fcr Auto-Dachhimmel - Velum Auto Store","isPartOf":{"@id":"https:\/\/velumautostore.com\/#website"},"datePublished":"2026-02-18T08:22:47+00:00","dateModified":"2026-04-24T17:37:42+00:00","description":"Hochtemperatur-Neopren-Kleber 100\u00b0C speziell f\u00fcr den Dachhimmel. Ideal f\u00fcr den dauerhaften Ersatz von Dachhimmelstoff.","breadcrumb":{"@id":"https:\/\/velumautostore.com\/de\/?post_type=product&p=20120#breadcrumb"},"inLanguage":"de","potentialAction":[{"@type":"ReadAction","target":["https:\/\/velumautostore.com\/de\/?post_type=product&p=20120"]}]},{"@type":"BreadcrumbList","@id":"https:\/\/velumautostore.com\/de\/?post_type=product&p=20120#breadcrumb","itemListElement":[{"@type":"ListItem","position":1,"name":"Accueil","item":"https:\/\/velumautostore.com\/de\/home\/"},{"@type":"ListItem","position":2,"name":"Shop","item":"https:\/\/velumautostore.com\/de\/?page_id=19555"},{"@type":"ListItem","position":3,"name":"Hochtemperatur-Neopren-Kleber &#8211; Speziell f\u00fcr Auto-Dachhimmel"}]},{"@type":"WebSite","@id":"https:\/\/velumautostore.com\/#website","url":"https:\/\/velumautostore.com\/","name":"Velum Auto Store","description":"Store et toit panoramique","publisher":{"@id":"https:\/\/velumautostore.com\/#organization"},"potentialAction":[{"@type":"SearchAction","target":{"@type":"EntryPoint","urlTemplate":"https:\/\/velumautostore.com\/?s={search_term_string}"},"query-input":{"@type":"PropertyValueSpecification","valueRequired":true,"valueName":"search_term_string"}}],"inLanguage":"de"},{"@type":"Organization","@id":"https:\/\/velumautostore.com\/#organization","name":"Velum Auto Store","url":"https:\/\/velumautostore.com\/","logo":{"@type":"ImageObject","inLanguage":"de","@id":"https:\/\/velumautostore.com\/#\/schema\/logo\/image\/","url":"https:\/\/velumautostore.com\/wp-content\/uploads\/2021\/09\/cropped-Velum_AutoStore_logo_3.png","contentUrl":"https:\/\/velumautostore.com\/wp-content\/uploads\/2021\/09\/cropped-Velum_AutoStore_logo_3.png","width":321,"height":154,"caption":"Velum Auto Store"},"image":{"@id":"https:\/\/velumautostore.com\/#\/schema\/logo\/image\/"},"sameAs":["https:\/\/fr-fr.facebook.com\/Velumautostore\/"]}]},"product_price_amount":"19.90","product_price_currency":"EUR","og_availability":"out of stock","product_availability":"out of stock","product_condition":"new"},"_links":{"self":[{"href":"https:\/\/velumautostore.com\/de\/wp-json\/wp\/v2\/product\/20120","targetHints":{"allow":["GET"]}}],"collection":[{"href":"https:\/\/velumautostore.com\/de\/wp-json\/wp\/v2\/product"}],"about":[{"href":"https:\/\/velumautostore.com\/de\/wp-json\/wp\/v2\/types\/product"}],"replies":[{"embeddable":true,"href":"https:\/\/velumautostore.com\/de\/wp-json\/wp\/v2\/comments?post=20120"}],"version-history":[{"count":1,"href":"https:\/\/velumautostore.com\/de\/wp-json\/wp\/v2\/product\/20120\/revisions"}],"predecessor-version":[{"id":20121,"href":"https:\/\/velumautostore.com\/de\/wp-json\/wp\/v2\/product\/20120\/revisions\/20121"}],"wp:attachment":[{"href":"https:\/\/velumautostore.com\/de\/wp-json\/wp\/v2\/media?parent=20120"}],"wp:term":[{"taxonomy":"product_brand","embeddable":true,"href":"https:\/\/velumautostore.com\/de\/wp-json\/wp\/v2\/product_brand?post=20120"},{"taxonomy":"product_cat","embeddable":true,"href":"https:\/\/velumautostore.com\/de\/wp-json\/wp\/v2\/product_cat?post=20120"},{"taxonomy":"product_tag","embeddable":true,"href":"https:\/\/velumautostore.com\/de\/wp-json\/wp\/v2\/product_tag?post=20120"}],"curies":[{"name":"wp","href":"https:\/\/api.w.org\/{rel}","templated":true}]}}