{"id":20110,"date":"2026-02-18T09:20:40","date_gmt":"2026-02-18T08:20:40","guid":{"rendered":"https:\/\/velumautostore.com\/produit\/stoff-autohimmel-grau-oem-premium-dense\/"},"modified":"2026-04-24T19:37:20","modified_gmt":"2026-04-24T17:37:20","slug":"stoff-autohimmel-grau-oem-premium-dense","status":"publish","type":"product","link":"https:\/\/velumautostore.com\/de\/produkt\/stoff-autohimmel-grau-oem-premium-dense\/","title":{"rendered":"Stoff Autohimmel grau OEM &#8211; Premium Dense"},"content":{"rendered":"<p data-start=\"830\" data-end=\"1056\">Dieser <strong data-start=\"833\" data-end=\"868\">graue Autohimmelstoff<\/strong> wurde speziell f\u00fcr die komplette Renovierung von Autod\u00e4chern ausgew\u00e4hlt.<br data-start=\"951\" data-end=\"954\">Die hellgraue Farbe passt zu den europ\u00e4ischen Innenausstattungen wie Volkswagen Golf, Audi A3 oder Peugeot 206.<\/p>\n<p data-start=\"1058\" data-end=\"1183\">Er kann einen Dachhimmel ersetzen, wenn der urspr\u00fcngliche Schaumstoff besch\u00e4digt ist und eine einfache Reparatur nicht mehr ausreicht.<\/p>\n<hr data-start=\"1185\" data-end=\"1188\">\n<h2 data-start=\"1190\" data-end=\"1229\">Warum sollten Sie sich f\u00fcr einen grauen OEM-Stoff entscheiden?<\/h2>\n<p data-start=\"1231\" data-end=\"1372\">Grau ist die am weitesten verbreitete Farbe bei europ\u00e4ischen Fahrzeugen.<br data-start=\"1298\" data-end=\"1301\">Die Wahl eines Stoffes f\u00fcr den Dachhimmel eines Autos in der Farbe Grau, die dem Original nahe kommt, erm\u00f6glicht :<\/p>\n<ul data-start=\"1374\" data-end=\"1528\">\n<li data-start=\"1374\" data-end=\"1401\">\n<p data-start=\"1376\" data-end=\"1401\">Eine diskrete Renovierung<\/p>\n<\/li>\n<li data-start=\"1374\" data-end=\"1401\">\n<p data-start=\"1376\" data-end=\"1401\">Homogenes Finish<\/p>\n<\/li>\n<li data-start=\"1374\" data-end=\"1401\">\n<p data-start=\"1376\" data-end=\"1401\">Ein Aussehen, das mit der Innenseite des Herstellers \u00fcbereinstimmt<\/p>\n<\/li>\n<li data-start=\"1478\" data-end=\"1528\">\n<p data-start=\"1480\" data-end=\"1528\">Wertsteigerung des Fahrzeugs bei einem Wiederverkauf<\/p>\n<\/li>\n<\/ul>\n<hr data-start=\"1530\" data-end=\"1533\">\n<h2 data-start=\"1535\" data-end=\"1573\">Technische Merkmale Premium<\/h2>\n<ul data-start=\"1575\" data-end=\"1802\">\n<li data-start=\"1575\" data-end=\"1613\">\n<p data-start=\"1577\" data-end=\"1613\">Schaumstoff mit hoher Dichte: 22-25 kg\/m\u00b3.<\/p>\n<\/li>\n<li data-start=\"1614\" data-end=\"1649\">\n<p data-start=\"1616\" data-end=\"1649\">Gesamtdicke: ca. 4 mm<\/p>\n<\/li>\n<li data-start=\"1650\" data-end=\"1690\">\n<p data-start=\"1652\" data-end=\"1690\">Temperaturbest\u00e4ndigkeit: bis 100\u00b0C<\/p>\n<\/li>\n<li data-start=\"1691\" data-end=\"1718\">\n<p data-start=\"1693\" data-end=\"1718\">Breite der Rolle: 1,5 m<\/p>\n<\/li>\n<li data-start=\"1719\" data-end=\"1754\">\n<p data-start=\"1721\" data-end=\"1754\">Mattes Automobil-Velours-Finish<\/p>\n<\/li>\n<li data-start=\"1755\" data-end=\"1802\">\n<p data-start=\"1757\" data-end=\"1802\">Kompatibel mit Hochtemperatur-Neopren-Kleber<\/p>\n<\/li>\n<\/ul>\n<p data-start=\"1804\" data-end=\"1898\">Die hohe Dichte sorgt f\u00fcr eine bessere Haltbarkeit und verringert die Wellenbildung nach dem Kleben.<\/p>\n<hr data-start=\"1900\" data-end=\"1903\">\n<h2 data-start=\"1905\" data-end=\"1949\">Kompatibel mit den meisten Fahrzeugen<\/h2>\n<p data-start=\"1951\" data-end=\"2017\">Dieser graue Autodeckenstoff eignet sich f\u00fcr Modelle wie :<\/p>\n<ul data-start=\"2019\" data-end=\"2110\">\n<li data-start=\"2019\" data-end=\"2049\">\n<p data-start=\"2021\" data-end=\"2049\">Volkswagen Golf 4 \/ Golf 5 \/ Touran \/ Passat<\/p>\n<\/li>\n<li data-start=\"2050\" data-end=\"2061\">\n<p data-start=\"2052\" data-end=\"2061\">Audi A3 \/ A4<\/p>\n<\/li>\n<li data-start=\"2062\" data-end=\"2077\">\n<p data-start=\"2064\" data-end=\"2077\">Peugeot 206<\/p>\n<\/li>\n<li data-start=\"2078\" data-end=\"2094\">\n<p data-start=\"2080\" data-end=\"2094\">Renault Clio<\/p>\n<\/li>\n<li data-start=\"2095\" data-end=\"2110\">\n<p data-start=\"2097\" data-end=\"2110\">BMW 3er-Serie<\/p>\n<\/li>\n<\/ul>\n<p data-start=\"2112\" data-end=\"2175\">Es kann auf die Ma\u00dfe des Originalpaneels zugeschnitten werden.<\/p>\n<hr data-start=\"2177\" data-end=\"2180\">\n<h2 data-start=\"2182\" data-end=\"2224\">Tipps f\u00fcr den Austausch eines Dachhimmels<\/h2>\n<p data-start=\"2226\" data-end=\"2261\">Um ein dauerhaftes Ergebnis zu gew\u00e4hrleisten :<\/p>\n<ol data-start=\"2263\" data-end=\"2471\">\n<li data-start=\"2263\" data-end=\"2294\">\n<p data-start=\"2266\" data-end=\"2294\">Entfernen Sie die gesamte Platte<\/p>\n<\/li>\n<li data-start=\"2295\" data-end=\"2333\">\n<p data-start=\"2298\" data-end=\"2333\">Entfernen Sie den verbrauchten Schaumstoff vollst\u00e4ndig<\/p>\n<\/li>\n<li data-start=\"2334\" data-end=\"2407\">\n<p data-start=\"2337\" data-end=\"2407\">Tragen Sie einen Hochtemperatur-Neopren-Kleber auf beide Oberfl\u00e4chen auf.<\/p>\n<\/li>\n<li data-start=\"2408\" data-end=\"2440\">\n<p data-start=\"2411\" data-end=\"2440\">Beachten Sie die Einnahmezeit<\/p>\n<\/li>\n<li data-start=\"2441\" data-end=\"2471\">\n<p data-start=\"2444\" data-end=\"2471\">Allm\u00e4hlich anschwellen<\/p>\n<\/li>\n<\/ol>\n<p data-start=\"2473\" data-end=\"2589\">Wir empfehlen die Verwendung eines Klebers, der f\u00fcr Autodecken geeignet ist, um den hohen Temperaturen im Sommer standzuhalten.<\/p>\n<hr data-start=\"2591\" data-end=\"2594\">\n<h2 data-start=\"2596\" data-end=\"2636\">Brauchen Sie Hilfe bei Ihrer Renovierung?<\/h2>\n<p data-start=\"2638\" data-end=\"2770\">Bevor Sie beginnen, lesen Sie bitte unseren <a href=\"https:\/\/velumautostore.com\/de\/ersetzen-oder-erneuern-sie-den-stoff-des-dachhimmels-wenn-eine-renovierung-notwendig-wird\/\" target=\"_blank\" rel=\"noopener\"><strong data-start=\"2674\" data-end=\"2721\">Leitfaden f\u00fcr die Renovierung von Fahrzeugdecken<\/strong><\/a> um Ihren Austausch Schritt f\u00fcr Schritt erfolgreich durchzuf\u00fchren.<\/p>\n<hr data-start=\"2827\" data-end=\"2830\">\n<h2 data-start=\"2832\" data-end=\"2855\">Auch erh\u00e4ltlich<\/h2>\n<ul data-start=\"2857\" data-end=\"2937\">\n<li data-start=\"2857\" data-end=\"2896\">\n<p data-start=\"2859\" data-end=\"2896\"><a href=\"https:\/\/velumautostore.com\/produkt\/tissu-ciel-de-toit-voiture-noir-oem\/\" target=\"_blank\" rel=\"noopener\">Stoff Dachhimmel Auto schwarz OEM<\/a><\/p>\n<\/li>\n<li data-start=\"2897\" data-end=\"2937\">\n<p data-start=\"2899\" data-end=\"2937\"><a href=\"https:\/\/velumautostore.com\/de\/?post_type=product&#038;p=20111\" target=\"_blank\" rel=\"noopener\">Stoff Dachhimmel Auto beige OEM<\/a><\/p>\n<\/li>\n<\/ul>\n","protected":false},"excerpt":{"rendered":"<p>Stoff Autohimmel grau OEM Typ VW, dichter Schaumstoff 22-25 kg\/m\u00b3, Temperaturbest\u00e4ndigkeit 100\u00b0C.<\/p>\n<p>Ideal f\u00fcr den dauerhaften Ersatz einer durchh\u00e4ngenden Autodecke.<\/p>\n[mark style=\"text\" color=\"#E1983C\"]Degressive Preise[\/mark]\n<h5>1 Meter = SONDERANGEBOT -7\u20ac.<\/h5>\n<p data-start=\"147\" data-end=\"236\"><strong data-start=\"147\" data-end=\"178\">52,90\u20ac oder 52,90\u20ac pro Meter<\/strong> &#8211; ideal f\u00fcr eine gezielte Reparatur oder eine kleine Fl\u00e4che.<\/p>\n<hr data-start=\"238\" data-end=\"241\">\n<h5 data-start=\"243\" data-end=\"258\">2 Meter = PROMO -15\u20ac<\/h5>\n<p data-start=\"260\" data-end=\"342\"><strong data-start=\"260\" data-end=\"292\">104,90 \u20ac oder 52,45 \u20ac pro Meter<\/strong> &#8211; das empfohlene Format f\u00fcr eine Standardlimousine.<\/p>\n<hr data-start=\"344\" data-end=\"347\">\n<h5 data-start=\"349\" data-end=\"364\">3 Meter = PROMO -30\u20ac<\/h5>\n<p data-start=\"366\" data-end=\"483\"><strong data-start=\"366\" data-end=\"398\">149,90\u20ac oder 49,97\u20ac pro Meter<\/strong> &#8211; die g\u00fcnstigste L\u00f6sung f\u00fcr ein gro\u00dfes Fahrzeug.<\/p>\n","protected":false},"featured_media":18815,"comment_status":"open","ping_status":"closed","template":"","meta":[],"product_brand":[],"product_cat":[1369],"product_tag":[],"class_list":{"0":"post-20110","1":"product","2":"type-product","3":"status-publish","4":"has-post-thumbnail","6":"product_cat-stoff-autohimmel","8":"first","9":"outofstock","10":"sale","11":"shipping-taxable","12":"purchasable","13":"product-type-simple"},"etheme_brands":{"errors":{"invalid_taxonomy":["Die Taxonomie ist ung\u00fcltig."]},"error_data":[]},"yoast_head":"<!-- This site is optimized with the Yoast SEO Premium plugin v27.3 (Yoast SEO v27.5) - https:\/\/yoast.com\/product\/yoast-seo-premium-wordpress\/ -->\n<title>Stoff Autohimmel Grau OEM VW - Premium Dense 22kg\/m\u00b3<\/title>\n<meta name=\"description\" content=\"Stoff Autohimmel grau OEM VW Premium dicht 22kg\/m\u00b3. Ideal als dauerhafter Ersatz f\u00fcr einen durchgesessenen Autodachhimmel.\" \/>\n<meta name=\"robots\" content=\"index, follow, max-snippet:-1, max-image-preview:large, max-video-preview:-1\" \/>\n<link rel=\"canonical\" href=\"https:\/\/velumautostore.com\/de\/?post_type=product&p=20110\" \/>\n<meta property=\"og:locale\" content=\"de_DE\" \/>\n<meta property=\"og:type\" content=\"article\" \/>\n<meta property=\"og:title\" content=\"Stoff Autohimmel grau OEM - Premium Dense\" \/>\n<meta property=\"og:description\" content=\"Stoff Autohimmel grau OEM VW Premium dicht 22kg\/m\u00b3. Ideal als dauerhafter Ersatz f\u00fcr einen durchgesessenen Autodachhimmel.\" \/>\n<meta property=\"og:url\" content=\"https:\/\/velumautostore.com\/de\/?post_type=product&amp;p=20110\" \/>\n<meta property=\"og:site_name\" content=\"Velum Auto Store\" \/>\n<meta property=\"article:publisher\" content=\"https:\/\/fr-fr.facebook.com\/Velumautostore\/\" \/>\n<meta property=\"article:modified_time\" content=\"2026-04-24T17:37:20+00:00\" \/>\n<meta property=\"og:image\" content=\"https:\/\/velumautostore.com\/wp-content\/uploads\/2026\/02\/ciel-de-toit-decolle-gris.jpg\" \/>\n\t<meta property=\"og:image:width\" content=\"2000\" \/>\n\t<meta property=\"og:image:height\" content=\"2423\" \/>\n\t<meta property=\"og:image:type\" content=\"image\/jpeg\" \/>\n<meta name=\"twitter:card\" content=\"summary_large_image\" \/>\n<meta name=\"twitter:label1\" content=\"Preis\" \/>\n\t<meta name=\"twitter:data1\" content=\"52.90&euro;\" \/>\n\t<meta name=\"twitter:label2\" content=\"Verf\u00fcgbarkeit\" \/>\n\t<meta name=\"twitter:data2\" content=\"ausverkauft\" \/>\n<script type=\"application\/ld+json\" class=\"yoast-schema-graph\">{\"@context\":\"https:\\\/\\\/schema.org\",\"@graph\":[{\"@type\":\"WebPage\",\"@id\":\"https:\\\/\\\/velumautostore.com\\\/de\\\/?post_type=product&p=20110\",\"url\":\"https:\\\/\\\/velumautostore.com\\\/de\\\/?post_type=product&p=20110\",\"name\":\"Stoff Autohimmel Grau OEM VW - Premium Dense 22kg\\\/m\u00b3\",\"isPartOf\":{\"@id\":\"https:\\\/\\\/velumautostore.com\\\/#website\"},\"primaryImageOfPage\":{\"@id\":\"https:\\\/\\\/velumautostore.com\\\/de\\\/?post_type=product&p=20110#primaryimage\"},\"image\":{\"@id\":\"https:\\\/\\\/velumautostore.com\\\/de\\\/?post_type=product&p=20110#primaryimage\"},\"thumbnailUrl\":\"https:\\\/\\\/velumautostore.com\\\/wp-content\\\/uploads\\\/2026\\\/02\\\/ciel-de-toit-decolle-gris.jpg\",\"datePublished\":\"2026-02-18T08:20:40+00:00\",\"dateModified\":\"2026-04-24T17:37:20+00:00\",\"description\":\"Stoff Autohimmel grau OEM VW Premium dicht 22kg\\\/m\u00b3. Ideal als dauerhafter Ersatz f\u00fcr einen durchgesessenen Autodachhimmel.\",\"breadcrumb\":{\"@id\":\"https:\\\/\\\/velumautostore.com\\\/de\\\/?post_type=product&p=20110#breadcrumb\"},\"inLanguage\":\"de\",\"potentialAction\":[{\"@type\":\"ReadAction\",\"target\":[\"https:\\\/\\\/velumautostore.com\\\/de\\\/?post_type=product&p=20110\"]}]},{\"@type\":\"ImageObject\",\"inLanguage\":\"de\",\"@id\":\"https:\\\/\\\/velumautostore.com\\\/de\\\/?post_type=product&p=20110#primaryimage\",\"url\":\"https:\\\/\\\/velumautostore.com\\\/wp-content\\\/uploads\\\/2026\\\/02\\\/ciel-de-toit-decolle-gris.jpg\",\"contentUrl\":\"https:\\\/\\\/velumautostore.com\\\/wp-content\\\/uploads\\\/2026\\\/02\\\/ciel-de-toit-decolle-gris.jpg\",\"width\":2000,\"height\":2423},{\"@type\":\"BreadcrumbList\",\"@id\":\"https:\\\/\\\/velumautostore.com\\\/de\\\/?post_type=product&p=20110#breadcrumb\",\"itemListElement\":[{\"@type\":\"ListItem\",\"position\":1,\"name\":\"Accueil\",\"item\":\"https:\\\/\\\/velumautostore.com\\\/de\\\/home\\\/\"},{\"@type\":\"ListItem\",\"position\":2,\"name\":\"Shop\",\"item\":\"https:\\\/\\\/velumautostore.com\\\/de\\\/?page_id=19555\"},{\"@type\":\"ListItem\",\"position\":3,\"name\":\"Stoff Autohimmel grau OEM &#8211; Premium Dense\"}]},{\"@type\":\"WebSite\",\"@id\":\"https:\\\/\\\/velumautostore.com\\\/#website\",\"url\":\"https:\\\/\\\/velumautostore.com\\\/\",\"name\":\"Velum Auto Store\",\"description\":\"Store et toit panoramique\",\"publisher\":{\"@id\":\"https:\\\/\\\/velumautostore.com\\\/#organization\"},\"potentialAction\":[{\"@type\":\"SearchAction\",\"target\":{\"@type\":\"EntryPoint\",\"urlTemplate\":\"https:\\\/\\\/velumautostore.com\\\/?s={search_term_string}\"},\"query-input\":{\"@type\":\"PropertyValueSpecification\",\"valueRequired\":true,\"valueName\":\"search_term_string\"}}],\"inLanguage\":\"de\"},{\"@type\":\"Organization\",\"@id\":\"https:\\\/\\\/velumautostore.com\\\/#organization\",\"name\":\"Velum Auto Store\",\"url\":\"https:\\\/\\\/velumautostore.com\\\/\",\"logo\":{\"@type\":\"ImageObject\",\"inLanguage\":\"de\",\"@id\":\"https:\\\/\\\/velumautostore.com\\\/#\\\/schema\\\/logo\\\/image\\\/\",\"url\":\"https:\\\/\\\/velumautostore.com\\\/wp-content\\\/uploads\\\/2021\\\/09\\\/cropped-Velum_AutoStore_logo_3.png\",\"contentUrl\":\"https:\\\/\\\/velumautostore.com\\\/wp-content\\\/uploads\\\/2021\\\/09\\\/cropped-Velum_AutoStore_logo_3.png\",\"width\":321,\"height\":154,\"caption\":\"Velum Auto Store\"},\"image\":{\"@id\":\"https:\\\/\\\/velumautostore.com\\\/#\\\/schema\\\/logo\\\/image\\\/\"},\"sameAs\":[\"https:\\\/\\\/fr-fr.facebook.com\\\/Velumautostore\\\/\"]}]}<\/script>\n<meta property=\"product:price:amount\" content=\"52.90\" \/>\n<meta property=\"product:price:currency\" content=\"EUR\" \/>\n<meta property=\"og:availability\" content=\"out of stock\" \/>\n<meta property=\"product:availability\" content=\"out of stock\" \/>\n<meta property=\"product:condition\" content=\"new\" \/>\n<!-- \/ Yoast SEO Premium plugin. -->","yoast_head_json":{"title":"Stoff Autohimmel Grau OEM VW - Premium Dense 22kg\/m\u00b3","description":"Stoff Autohimmel grau OEM VW Premium dicht 22kg\/m\u00b3. Ideal als dauerhafter Ersatz f\u00fcr einen durchgesessenen Autodachhimmel.","robots":{"index":"index","follow":"follow","max-snippet":"max-snippet:-1","max-image-preview":"max-image-preview:large","max-video-preview":"max-video-preview:-1"},"canonical":"https:\/\/velumautostore.com\/de\/?post_type=product&p=20110","og_locale":"de_DE","og_type":"article","og_title":"Stoff Autohimmel grau OEM - Premium Dense","og_description":"Stoff Autohimmel grau OEM VW Premium dicht 22kg\/m\u00b3. Ideal als dauerhafter Ersatz f\u00fcr einen durchgesessenen Autodachhimmel.","og_url":"https:\/\/velumautostore.com\/de\/?post_type=product&p=20110","og_site_name":"Velum Auto Store","article_publisher":"https:\/\/fr-fr.facebook.com\/Velumautostore\/","article_modified_time":"2026-04-24T17:37:20+00:00","og_image":[{"width":2000,"height":2423,"url":"https:\/\/velumautostore.com\/wp-content\/uploads\/2026\/02\/ciel-de-toit-decolle-gris.jpg","type":"image\/jpeg"}],"twitter_card":"summary_large_image","twitter_misc":{"Preis":"52.90&euro;","Verf\u00fcgbarkeit":"ausverkauft"},"schema":{"@context":"https:\/\/schema.org","@graph":[{"@type":"WebPage","@id":"https:\/\/velumautostore.com\/de\/?post_type=product&p=20110","url":"https:\/\/velumautostore.com\/de\/?post_type=product&p=20110","name":"Stoff Autohimmel Grau OEM VW - Premium Dense 22kg\/m\u00b3","isPartOf":{"@id":"https:\/\/velumautostore.com\/#website"},"primaryImageOfPage":{"@id":"https:\/\/velumautostore.com\/de\/?post_type=product&p=20110#primaryimage"},"image":{"@id":"https:\/\/velumautostore.com\/de\/?post_type=product&p=20110#primaryimage"},"thumbnailUrl":"https:\/\/velumautostore.com\/wp-content\/uploads\/2026\/02\/ciel-de-toit-decolle-gris.jpg","datePublished":"2026-02-18T08:20:40+00:00","dateModified":"2026-04-24T17:37:20+00:00","description":"Stoff Autohimmel grau OEM VW Premium dicht 22kg\/m\u00b3. Ideal als dauerhafter Ersatz f\u00fcr einen durchgesessenen Autodachhimmel.","breadcrumb":{"@id":"https:\/\/velumautostore.com\/de\/?post_type=product&p=20110#breadcrumb"},"inLanguage":"de","potentialAction":[{"@type":"ReadAction","target":["https:\/\/velumautostore.com\/de\/?post_type=product&p=20110"]}]},{"@type":"ImageObject","inLanguage":"de","@id":"https:\/\/velumautostore.com\/de\/?post_type=product&p=20110#primaryimage","url":"https:\/\/velumautostore.com\/wp-content\/uploads\/2026\/02\/ciel-de-toit-decolle-gris.jpg","contentUrl":"https:\/\/velumautostore.com\/wp-content\/uploads\/2026\/02\/ciel-de-toit-decolle-gris.jpg","width":2000,"height":2423},{"@type":"BreadcrumbList","@id":"https:\/\/velumautostore.com\/de\/?post_type=product&p=20110#breadcrumb","itemListElement":[{"@type":"ListItem","position":1,"name":"Accueil","item":"https:\/\/velumautostore.com\/de\/home\/"},{"@type":"ListItem","position":2,"name":"Shop","item":"https:\/\/velumautostore.com\/de\/?page_id=19555"},{"@type":"ListItem","position":3,"name":"Stoff Autohimmel grau OEM &#8211; Premium Dense"}]},{"@type":"WebSite","@id":"https:\/\/velumautostore.com\/#website","url":"https:\/\/velumautostore.com\/","name":"Velum Auto Store","description":"Store et toit panoramique","publisher":{"@id":"https:\/\/velumautostore.com\/#organization"},"potentialAction":[{"@type":"SearchAction","target":{"@type":"EntryPoint","urlTemplate":"https:\/\/velumautostore.com\/?s={search_term_string}"},"query-input":{"@type":"PropertyValueSpecification","valueRequired":true,"valueName":"search_term_string"}}],"inLanguage":"de"},{"@type":"Organization","@id":"https:\/\/velumautostore.com\/#organization","name":"Velum Auto Store","url":"https:\/\/velumautostore.com\/","logo":{"@type":"ImageObject","inLanguage":"de","@id":"https:\/\/velumautostore.com\/#\/schema\/logo\/image\/","url":"https:\/\/velumautostore.com\/wp-content\/uploads\/2021\/09\/cropped-Velum_AutoStore_logo_3.png","contentUrl":"https:\/\/velumautostore.com\/wp-content\/uploads\/2021\/09\/cropped-Velum_AutoStore_logo_3.png","width":321,"height":154,"caption":"Velum Auto Store"},"image":{"@id":"https:\/\/velumautostore.com\/#\/schema\/logo\/image\/"},"sameAs":["https:\/\/fr-fr.facebook.com\/Velumautostore\/"]}]},"product_price_amount":"52.90","product_price_currency":"EUR","og_availability":"out of stock","product_availability":"out of stock","product_condition":"new"},"_links":{"self":[{"href":"https:\/\/velumautostore.com\/de\/wp-json\/wp\/v2\/product\/20110","targetHints":{"allow":["GET"]}}],"collection":[{"href":"https:\/\/velumautostore.com\/de\/wp-json\/wp\/v2\/product"}],"about":[{"href":"https:\/\/velumautostore.com\/de\/wp-json\/wp\/v2\/types\/product"}],"replies":[{"embeddable":true,"href":"https:\/\/velumautostore.com\/de\/wp-json\/wp\/v2\/comments?post=20110"}],"version-history":[{"count":1,"href":"https:\/\/velumautostore.com\/de\/wp-json\/wp\/v2\/product\/20110\/revisions"}],"predecessor-version":[{"id":20112,"href":"https:\/\/velumautostore.com\/de\/wp-json\/wp\/v2\/product\/20110\/revisions\/20112"}],"wp:featuredmedia":[{"embeddable":true,"href":"https:\/\/velumautostore.com\/de\/wp-json\/wp\/v2\/media\/18815"}],"wp:attachment":[{"href":"https:\/\/velumautostore.com\/de\/wp-json\/wp\/v2\/media?parent=20110"}],"wp:term":[{"taxonomy":"product_brand","embeddable":true,"href":"https:\/\/velumautostore.com\/de\/wp-json\/wp\/v2\/product_brand?post=20110"},{"taxonomy":"product_cat","embeddable":true,"href":"https:\/\/velumautostore.com\/de\/wp-json\/wp\/v2\/product_cat?post=20110"},{"taxonomy":"product_tag","embeddable":true,"href":"https:\/\/velumautostore.com\/de\/wp-json\/wp\/v2\/product_tag?post=20110"}],"curies":[{"name":"wp","href":"https:\/\/api.w.org\/{rel}","templated":true}]}}