{"id":18700,"date":"2021-07-08T16:01:35","date_gmt":"2021-07-08T14:01:35","guid":{"rendered":"https:\/\/velumautostore.com\/produit\/hinteres-rohr-fuer-schiebedachentlueftung-vw-touran-1t0-877-233-passend\/"},"modified":"2021-07-08T16:01:35","modified_gmt":"2021-07-08T14:01:35","slug":"hinteres-rohr-fuer-schiebedachentlueftung-vw-touran-1t0-877-233-passend","status":"publish","type":"product","link":"https:\/\/velumautostore.com\/de\/produkt\/hinteres-rohr-fuer-schiebedachentlueftung-vw-touran-1t0-877-233-passend\/","title":{"rendered":"Hinteres Rohr f\u00fcr Schiebedachentl\u00fcftung &#8211; VW Touran &#8211; 1T0 877 233 ( passend )"},"content":{"rendered":"<h3>Entl\u00fcftungsrohr hinten Schiebedach &#8211; VW TOURAN &#8211; 1T0 877 233 ( anpassungsf\u00e4hig ).<\/h3>\n<p>Dieses Modell ist nicht f\u00fcr Panorama-Schiebed\u00e4cher, sondern f\u00fcr einfache Schiebed\u00e4cher geeignet.<\/p>\n<p>Dieser Abflussschlauch ist perfekt, um Ihre defekte Jalousie zu ersetzen. Die Qualit\u00e4t ist \u00e4hnlich wie beim Original.<\/p>\n<hr>\n<p>[one_half_first]Material: Kunststoff[\/one_half_first][one_half_last]L\u00e4nge: 1200mm +\/- 10mm[\/one_half_last]<\/p>\n<hr>\n<h4><strong>Kompatibel mit den folgenden Fahrzeugen:<\/strong><\/h4>\n<p>[one_half_first] <strong>VW :<\/strong><\/p>\n<ul>\n<li>TOURAN: 2004 bis 2015 ( Version mit einfachem Schiebedach )<\/li>\n<\/ul>\n<hr>\n<h4><strong>1 Jahr Garantie<\/strong><\/h4>\n","protected":false},"excerpt":{"rendered":"<h3>Entl\u00fcftungsrohr hinten Schiebedach &#8211; VW TOURAN &#8211; 1T0 877 233 ( anpassungsf\u00e4hig ).<\/h3>\n<p>Dieses Modell ist nicht f\u00fcr Panorama-Schiebed\u00e4cher, sondern f\u00fcr einfache Schiebed\u00e4cher geeignet.<\/p>\n<p>Dieser Abflussschlauch ist perfekt, um Ihre defekte Jalousie zu ersetzen. Die Qualit\u00e4t ist \u00e4hnlich wie beim Original.<\/p>\n","protected":false},"featured_media":16731,"comment_status":"open","ping_status":"closed","template":"","meta":[],"product_brand":[],"product_cat":[1142,1070],"product_tag":[],"class_list":{"0":"post-18700","1":"product","2":"type-product","3":"status-publish","4":"has-post-thumbnail","6":"product_cat-ersatzteile","7":"product_cat-store-velum","9":"first","10":"outofstock","11":"shipping-taxable","12":"purchasable","13":"product-type-simple"},"etheme_brands":{"errors":{"invalid_taxonomy":["Die Taxonomie ist ung\u00fcltig."]},"error_data":[]},"yoast_head":"<!-- This site is optimized with the Yoast SEO Premium plugin v27.3 (Yoast SEO v27.5) - https:\/\/yoast.com\/product\/yoast-seo-premium-wordpress\/ -->\n<title>Hinteres Rohr f\u00fcr Schiebedachentl\u00fcftung - VW Touran - 1T0 877 233 ( passend ) - Velum Auto Store<\/title>\n<meta name=\"description\" content=\"Hinterer Schlauch 1T0 877 233 f\u00fcr VW Touran Schiebedachentw\u00e4sserung. Anpassungsf\u00e4hige L\u00f6sung zum Stoppen von Wasseransammlungen und Infiltrationen.\" \/>\n<meta name=\"robots\" content=\"index, follow, max-snippet:-1, max-image-preview:large, max-video-preview:-1\" \/>\n<link rel=\"canonical\" href=\"https:\/\/velumautostore.com\/de\/produkt\/hinteres-rohr-fuer-schiebedachentlueftung-vw-touran-1t0-877-233-passend\/\" \/>\n<meta property=\"og:locale\" content=\"de_DE\" \/>\n<meta property=\"og:type\" content=\"article\" \/>\n<meta property=\"og:title\" content=\"Hinteres Rohr f\u00fcr Schiebedachentl\u00fcftung - VW Touran - 1T0 877 233 ( passend )\" \/>\n<meta property=\"og:description\" content=\"Hinterer Schlauch 1T0 877 233 f\u00fcr VW Touran Schiebedachentw\u00e4sserung. Anpassungsf\u00e4hige L\u00f6sung zum Stoppen von Wasseransammlungen und Infiltrationen.\" \/>\n<meta property=\"og:url\" content=\"https:\/\/velumautostore.com\/de\/produkt\/hinteres-rohr-fuer-schiebedachentlueftung-vw-touran-1t0-877-233-passend\/\" \/>\n<meta property=\"og:site_name\" content=\"Velum Auto Store\" \/>\n<meta property=\"article:publisher\" content=\"https:\/\/fr-fr.facebook.com\/Velumautostore\/\" \/>\n<meta property=\"og:image\" content=\"https:\/\/velumautostore.com\/wp-content\/uploads\/2021\/07\/5N0-877-231-Tiguan-2010-2017-toit-ouvrant-drain-avant-arriere-tuyaux_101.jpg\" \/>\n\t<meta property=\"og:image:width\" content=\"2000\" \/>\n\t<meta property=\"og:image:height\" content=\"2423\" \/>\n\t<meta property=\"og:image:type\" content=\"image\/jpeg\" \/>\n<meta name=\"twitter:card\" content=\"summary_large_image\" \/>\n<meta name=\"twitter:label1\" content=\"Preis\" \/>\n\t<meta name=\"twitter:data1\" content=\"25.90&euro;\" \/>\n\t<meta name=\"twitter:label2\" content=\"Verf\u00fcgbarkeit\" \/>\n\t<meta name=\"twitter:data2\" content=\"ausverkauft\" \/>\n<script type=\"application\/ld+json\" class=\"yoast-schema-graph\">{\"@context\":\"https:\\\/\\\/schema.org\",\"@graph\":[{\"@type\":\"WebPage\",\"@id\":\"https:\\\/\\\/velumautostore.com\\\/de\\\/produkt\\\/hinteres-rohr-fuer-schiebedachentlueftung-vw-touran-1t0-877-233-passend\\\/\",\"url\":\"https:\\\/\\\/velumautostore.com\\\/de\\\/produkt\\\/hinteres-rohr-fuer-schiebedachentlueftung-vw-touran-1t0-877-233-passend\\\/\",\"name\":\"Hinteres Rohr f\u00fcr Schiebedachentl\u00fcftung - VW Touran - 1T0 877 233 ( passend ) - Velum Auto Store\",\"isPartOf\":{\"@id\":\"https:\\\/\\\/velumautostore.com\\\/#website\"},\"primaryImageOfPage\":{\"@id\":\"https:\\\/\\\/velumautostore.com\\\/de\\\/produkt\\\/hinteres-rohr-fuer-schiebedachentlueftung-vw-touran-1t0-877-233-passend\\\/#primaryimage\"},\"image\":{\"@id\":\"https:\\\/\\\/velumautostore.com\\\/de\\\/produkt\\\/hinteres-rohr-fuer-schiebedachentlueftung-vw-touran-1t0-877-233-passend\\\/#primaryimage\"},\"thumbnailUrl\":\"https:\\\/\\\/velumautostore.com\\\/wp-content\\\/uploads\\\/2021\\\/07\\\/5N0-877-231-Tiguan-2010-2017-toit-ouvrant-drain-avant-arriere-tuyaux_101.jpg\",\"datePublished\":\"2021-07-08T14:01:35+00:00\",\"description\":\"Hinterer Schlauch 1T0 877 233 f\u00fcr VW Touran Schiebedachentw\u00e4sserung. Anpassungsf\u00e4hige L\u00f6sung zum Stoppen von Wasseransammlungen und Infiltrationen.\",\"breadcrumb\":{\"@id\":\"https:\\\/\\\/velumautostore.com\\\/de\\\/produkt\\\/hinteres-rohr-fuer-schiebedachentlueftung-vw-touran-1t0-877-233-passend\\\/#breadcrumb\"},\"inLanguage\":\"de\",\"potentialAction\":[{\"@type\":\"ReadAction\",\"target\":[\"https:\\\/\\\/velumautostore.com\\\/de\\\/produkt\\\/hinteres-rohr-fuer-schiebedachentlueftung-vw-touran-1t0-877-233-passend\\\/\"]}]},{\"@type\":\"ImageObject\",\"inLanguage\":\"de\",\"@id\":\"https:\\\/\\\/velumautostore.com\\\/de\\\/produkt\\\/hinteres-rohr-fuer-schiebedachentlueftung-vw-touran-1t0-877-233-passend\\\/#primaryimage\",\"url\":\"https:\\\/\\\/velumautostore.com\\\/wp-content\\\/uploads\\\/2021\\\/07\\\/5N0-877-231-Tiguan-2010-2017-toit-ouvrant-drain-avant-arriere-tuyaux_101.jpg\",\"contentUrl\":\"https:\\\/\\\/velumautostore.com\\\/wp-content\\\/uploads\\\/2021\\\/07\\\/5N0-877-231-Tiguan-2010-2017-toit-ouvrant-drain-avant-arriere-tuyaux_101.jpg\",\"width\":2000,\"height\":2423},{\"@type\":\"BreadcrumbList\",\"@id\":\"https:\\\/\\\/velumautostore.com\\\/de\\\/produkt\\\/hinteres-rohr-fuer-schiebedachentlueftung-vw-touran-1t0-877-233-passend\\\/#breadcrumb\",\"itemListElement\":[{\"@type\":\"ListItem\",\"position\":1,\"name\":\"Accueil\",\"item\":\"https:\\\/\\\/velumautostore.com\\\/de\\\/home\\\/\"},{\"@type\":\"ListItem\",\"position\":2,\"name\":\"Shop\",\"item\":\"https:\\\/\\\/velumautostore.com\\\/de\\\/?page_id=19555\"},{\"@type\":\"ListItem\",\"position\":3,\"name\":\"Hinteres Rohr f\u00fcr Schiebedachentl\u00fcftung &#8211; VW Touran &#8211; 1T0 877 233 ( passend )\"}]},{\"@type\":\"WebSite\",\"@id\":\"https:\\\/\\\/velumautostore.com\\\/#website\",\"url\":\"https:\\\/\\\/velumautostore.com\\\/\",\"name\":\"Velum Auto Store\",\"description\":\"Store et toit panoramique\",\"publisher\":{\"@id\":\"https:\\\/\\\/velumautostore.com\\\/#organization\"},\"potentialAction\":[{\"@type\":\"SearchAction\",\"target\":{\"@type\":\"EntryPoint\",\"urlTemplate\":\"https:\\\/\\\/velumautostore.com\\\/?s={search_term_string}\"},\"query-input\":{\"@type\":\"PropertyValueSpecification\",\"valueRequired\":true,\"valueName\":\"search_term_string\"}}],\"inLanguage\":\"de\"},{\"@type\":\"Organization\",\"@id\":\"https:\\\/\\\/velumautostore.com\\\/#organization\",\"name\":\"Velum Auto Store\",\"url\":\"https:\\\/\\\/velumautostore.com\\\/\",\"logo\":{\"@type\":\"ImageObject\",\"inLanguage\":\"de\",\"@id\":\"https:\\\/\\\/velumautostore.com\\\/#\\\/schema\\\/logo\\\/image\\\/\",\"url\":\"https:\\\/\\\/velumautostore.com\\\/wp-content\\\/uploads\\\/2021\\\/09\\\/cropped-Velum_AutoStore_logo_3.png\",\"contentUrl\":\"https:\\\/\\\/velumautostore.com\\\/wp-content\\\/uploads\\\/2021\\\/09\\\/cropped-Velum_AutoStore_logo_3.png\",\"width\":321,\"height\":154,\"caption\":\"Velum Auto Store\"},\"image\":{\"@id\":\"https:\\\/\\\/velumautostore.com\\\/#\\\/schema\\\/logo\\\/image\\\/\"},\"sameAs\":[\"https:\\\/\\\/fr-fr.facebook.com\\\/Velumautostore\\\/\"]}]}<\/script>\n<meta property=\"product:price:amount\" content=\"25.90\" \/>\n<meta property=\"product:price:currency\" content=\"EUR\" \/>\n<meta property=\"og:availability\" content=\"out of stock\" \/>\n<meta property=\"product:availability\" content=\"out of stock\" \/>\n<meta property=\"product:condition\" content=\"new\" \/>\n<!-- \/ Yoast SEO Premium plugin. -->","yoast_head_json":{"title":"Hinteres Rohr f\u00fcr Schiebedachentl\u00fcftung - VW Touran - 1T0 877 233 ( passend ) - Velum Auto Store","description":"Hinterer Schlauch 1T0 877 233 f\u00fcr VW Touran Schiebedachentw\u00e4sserung. Anpassungsf\u00e4hige L\u00f6sung zum Stoppen von Wasseransammlungen und Infiltrationen.","robots":{"index":"index","follow":"follow","max-snippet":"max-snippet:-1","max-image-preview":"max-image-preview:large","max-video-preview":"max-video-preview:-1"},"canonical":"https:\/\/velumautostore.com\/de\/produkt\/hinteres-rohr-fuer-schiebedachentlueftung-vw-touran-1t0-877-233-passend\/","og_locale":"de_DE","og_type":"article","og_title":"Hinteres Rohr f\u00fcr Schiebedachentl\u00fcftung - VW Touran - 1T0 877 233 ( passend )","og_description":"Hinterer Schlauch 1T0 877 233 f\u00fcr VW Touran Schiebedachentw\u00e4sserung. Anpassungsf\u00e4hige L\u00f6sung zum Stoppen von Wasseransammlungen und Infiltrationen.","og_url":"https:\/\/velumautostore.com\/de\/produkt\/hinteres-rohr-fuer-schiebedachentlueftung-vw-touran-1t0-877-233-passend\/","og_site_name":"Velum Auto Store","article_publisher":"https:\/\/fr-fr.facebook.com\/Velumautostore\/","og_image":[{"width":2000,"height":2423,"url":"https:\/\/velumautostore.com\/wp-content\/uploads\/2021\/07\/5N0-877-231-Tiguan-2010-2017-toit-ouvrant-drain-avant-arriere-tuyaux_101.jpg","type":"image\/jpeg"}],"twitter_card":"summary_large_image","twitter_misc":{"Preis":"25.90&euro;","Verf\u00fcgbarkeit":"ausverkauft"},"schema":{"@context":"https:\/\/schema.org","@graph":[{"@type":"WebPage","@id":"https:\/\/velumautostore.com\/de\/produkt\/hinteres-rohr-fuer-schiebedachentlueftung-vw-touran-1t0-877-233-passend\/","url":"https:\/\/velumautostore.com\/de\/produkt\/hinteres-rohr-fuer-schiebedachentlueftung-vw-touran-1t0-877-233-passend\/","name":"Hinteres Rohr f\u00fcr Schiebedachentl\u00fcftung - VW Touran - 1T0 877 233 ( passend ) - Velum Auto Store","isPartOf":{"@id":"https:\/\/velumautostore.com\/#website"},"primaryImageOfPage":{"@id":"https:\/\/velumautostore.com\/de\/produkt\/hinteres-rohr-fuer-schiebedachentlueftung-vw-touran-1t0-877-233-passend\/#primaryimage"},"image":{"@id":"https:\/\/velumautostore.com\/de\/produkt\/hinteres-rohr-fuer-schiebedachentlueftung-vw-touran-1t0-877-233-passend\/#primaryimage"},"thumbnailUrl":"https:\/\/velumautostore.com\/wp-content\/uploads\/2021\/07\/5N0-877-231-Tiguan-2010-2017-toit-ouvrant-drain-avant-arriere-tuyaux_101.jpg","datePublished":"2021-07-08T14:01:35+00:00","description":"Hinterer Schlauch 1T0 877 233 f\u00fcr VW Touran Schiebedachentw\u00e4sserung. Anpassungsf\u00e4hige L\u00f6sung zum Stoppen von Wasseransammlungen und Infiltrationen.","breadcrumb":{"@id":"https:\/\/velumautostore.com\/de\/produkt\/hinteres-rohr-fuer-schiebedachentlueftung-vw-touran-1t0-877-233-passend\/#breadcrumb"},"inLanguage":"de","potentialAction":[{"@type":"ReadAction","target":["https:\/\/velumautostore.com\/de\/produkt\/hinteres-rohr-fuer-schiebedachentlueftung-vw-touran-1t0-877-233-passend\/"]}]},{"@type":"ImageObject","inLanguage":"de","@id":"https:\/\/velumautostore.com\/de\/produkt\/hinteres-rohr-fuer-schiebedachentlueftung-vw-touran-1t0-877-233-passend\/#primaryimage","url":"https:\/\/velumautostore.com\/wp-content\/uploads\/2021\/07\/5N0-877-231-Tiguan-2010-2017-toit-ouvrant-drain-avant-arriere-tuyaux_101.jpg","contentUrl":"https:\/\/velumautostore.com\/wp-content\/uploads\/2021\/07\/5N0-877-231-Tiguan-2010-2017-toit-ouvrant-drain-avant-arriere-tuyaux_101.jpg","width":2000,"height":2423},{"@type":"BreadcrumbList","@id":"https:\/\/velumautostore.com\/de\/produkt\/hinteres-rohr-fuer-schiebedachentlueftung-vw-touran-1t0-877-233-passend\/#breadcrumb","itemListElement":[{"@type":"ListItem","position":1,"name":"Accueil","item":"https:\/\/velumautostore.com\/de\/home\/"},{"@type":"ListItem","position":2,"name":"Shop","item":"https:\/\/velumautostore.com\/de\/?page_id=19555"},{"@type":"ListItem","position":3,"name":"Hinteres Rohr f\u00fcr Schiebedachentl\u00fcftung &#8211; VW Touran &#8211; 1T0 877 233 ( passend )"}]},{"@type":"WebSite","@id":"https:\/\/velumautostore.com\/#website","url":"https:\/\/velumautostore.com\/","name":"Velum Auto Store","description":"Store et toit panoramique","publisher":{"@id":"https:\/\/velumautostore.com\/#organization"},"potentialAction":[{"@type":"SearchAction","target":{"@type":"EntryPoint","urlTemplate":"https:\/\/velumautostore.com\/?s={search_term_string}"},"query-input":{"@type":"PropertyValueSpecification","valueRequired":true,"valueName":"search_term_string"}}],"inLanguage":"de"},{"@type":"Organization","@id":"https:\/\/velumautostore.com\/#organization","name":"Velum Auto Store","url":"https:\/\/velumautostore.com\/","logo":{"@type":"ImageObject","inLanguage":"de","@id":"https:\/\/velumautostore.com\/#\/schema\/logo\/image\/","url":"https:\/\/velumautostore.com\/wp-content\/uploads\/2021\/09\/cropped-Velum_AutoStore_logo_3.png","contentUrl":"https:\/\/velumautostore.com\/wp-content\/uploads\/2021\/09\/cropped-Velum_AutoStore_logo_3.png","width":321,"height":154,"caption":"Velum Auto Store"},"image":{"@id":"https:\/\/velumautostore.com\/#\/schema\/logo\/image\/"},"sameAs":["https:\/\/fr-fr.facebook.com\/Velumautostore\/"]}]},"product_price_amount":"25.90","product_price_currency":"EUR","og_availability":"out of stock","product_availability":"out of stock","product_condition":"new"},"_links":{"self":[{"href":"https:\/\/velumautostore.com\/de\/wp-json\/wp\/v2\/product\/18700","targetHints":{"allow":["GET"]}}],"collection":[{"href":"https:\/\/velumautostore.com\/de\/wp-json\/wp\/v2\/product"}],"about":[{"href":"https:\/\/velumautostore.com\/de\/wp-json\/wp\/v2\/types\/product"}],"replies":[{"embeddable":true,"href":"https:\/\/velumautostore.com\/de\/wp-json\/wp\/v2\/comments?post=18700"}],"version-history":[{"count":0,"href":"https:\/\/velumautostore.com\/de\/wp-json\/wp\/v2\/product\/18700\/revisions"}],"wp:featuredmedia":[{"embeddable":true,"href":"https:\/\/velumautostore.com\/de\/wp-json\/wp\/v2\/media\/16731"}],"wp:attachment":[{"href":"https:\/\/velumautostore.com\/de\/wp-json\/wp\/v2\/media?parent=18700"}],"wp:term":[{"taxonomy":"product_brand","embeddable":true,"href":"https:\/\/velumautostore.com\/de\/wp-json\/wp\/v2\/product_brand?post=18700"},{"taxonomy":"product_cat","embeddable":true,"href":"https:\/\/velumautostore.com\/de\/wp-json\/wp\/v2\/product_cat?post=18700"},{"taxonomy":"product_tag","embeddable":true,"href":"https:\/\/velumautostore.com\/de\/wp-json\/wp\/v2\/product_tag?post=18700"}],"curies":[{"name":"wp","href":"https:\/\/api.w.org\/{rel}","templated":true}]}}