{"id":18683,"date":"2019-09-24T21:54:23","date_gmt":"2019-09-24T19:54:23","guid":{"rendered":"https:\/\/velumautostore.com\/produit\/stoessel-vw-audi-seat-skoda\/"},"modified":"2026-02-12T09:10:20","modified_gmt":"2026-02-12T08:10:20","slug":"stoessel-vw-audi-seat-skoda","status":"publish","type":"product","link":"https:\/\/velumautostore.com\/de\/produkt\/stoessel-vw-audi-seat-skoda\/","title":{"rendered":"St\u00f6\u00dfel VW | AUDI | SEAT | SKODA"},"content":{"rendered":"<p><strong>Unentbehrlich f\u00fcr die Demontage ohne zu brechen!<\/strong><\/p>\n<hr>\n<p>Werkzeug zur Demontage der Druckkn\u00f6pfe der Innenverkleidungen VW, Audi, Skoda, Seat<\/p>\n<p>Verhindert die Besch\u00e4digung der Druckkn\u00f6pfe zur Befestigung der &#8222;Trim&#8220; w\u00e4hrend der Demontage der Innenverkleidungen und der Seitenpfosten.<\/p>\n<p>&nbsp;<\/p>\n<hr>\n<p>&nbsp;<\/p>\n","protected":false},"excerpt":{"rendered":"<p>Unentbehrlich f\u00fcr die Demontage ohne zu brechen! Werkzeug zur Demontage der Druckkn\u00f6pfe der Innenverkleidungen VW, Audi, Skoda, Seat Verhindert die Besch\u00e4digung der Druckkn\u00f6pfe zur Befestigung&#8230;<\/p>\n","protected":false},"featured_media":17245,"comment_status":"open","ping_status":"closed","template":"","meta":[],"product_brand":[],"product_cat":[1146],"product_tag":[],"class_list":{"0":"post-18683","1":"product","2":"type-product","3":"status-publish","4":"has-post-thumbnail","6":"product_cat-werkzeug","7":"pa_marque-audi","8":"pa_marque-bmw","9":"pa_marque-mini","10":"pa_marque-porsche","11":"pa_marque-seat","12":"pa_marque-skoda","13":"pa_marque-vag","14":"pa_marque-volkswagen","16":"first","17":"outofstock","18":"shipping-taxable","19":"purchasable","20":"product-type-simple"},"etheme_brands":{"errors":{"invalid_taxonomy":["Die Taxonomie ist ung\u00fcltig."]},"error_data":[]},"yoast_head":"<!-- This site is optimized with the Yoast SEO Premium plugin v27.3 (Yoast SEO v27.5) - https:\/\/yoast.com\/product\/yoast-seo-premium-wordpress\/ -->\n<title>St\u00f6\u00dfel VW | AUDI | SEAT | SKODA - Velum Auto Store<\/title>\n<meta name=\"robots\" content=\"index, follow, max-snippet:-1, max-image-preview:large, max-video-preview:-1\" \/>\n<link rel=\"canonical\" href=\"https:\/\/velumautostore.com\/de\/produkt\/stoessel-vw-audi-seat-skoda\/\" \/>\n<meta property=\"og:locale\" content=\"de_DE\" \/>\n<meta property=\"og:type\" content=\"article\" \/>\n<meta property=\"og:title\" content=\"St\u00f6\u00dfel VW | AUDI | SEAT | SKODA\" \/>\n<meta property=\"og:description\" content=\"Unentbehrlich f\u00fcr die Demontage ohne zu brechen! Werkzeug zur Demontage der Druckkn\u00f6pfe der Innenverkleidungen VW, Audi, Skoda, Seat Verhindert die Besch\u00e4digung der Druckkn\u00f6pfe zur Befestigung...\" \/>\n<meta property=\"og:url\" content=\"https:\/\/velumautostore.com\/de\/produkt\/stoessel-vw-audi-seat-skoda\/\" \/>\n<meta property=\"og:site_name\" content=\"Velum Auto Store\" \/>\n<meta property=\"article:publisher\" content=\"https:\/\/fr-fr.facebook.com\/Velumautostore\/\" \/>\n<meta property=\"article:modified_time\" content=\"2026-02-12T08:10:20+00:00\" \/>\n<meta property=\"og:image\" content=\"https:\/\/velumautostore.com\/wp-content\/uploads\/2019\/09\/Pince_poussoir_1-scaled.png\" \/>\n\t<meta property=\"og:image:width\" content=\"2560\" \/>\n\t<meta property=\"og:image:height\" content=\"2560\" \/>\n\t<meta property=\"og:image:type\" content=\"image\/png\" \/>\n<meta name=\"twitter:card\" content=\"summary_large_image\" \/>\n<meta name=\"twitter:label1\" content=\"Preis\" \/>\n\t<meta name=\"twitter:data1\" content=\"19.90&euro;\" \/>\n\t<meta name=\"twitter:label2\" content=\"Verf\u00fcgbarkeit\" \/>\n\t<meta name=\"twitter:data2\" content=\"ausverkauft\" \/>\n<script type=\"application\/ld+json\" class=\"yoast-schema-graph\">{\"@context\":\"https:\\\/\\\/schema.org\",\"@graph\":[{\"@type\":\"WebPage\",\"@id\":\"https:\\\/\\\/velumautostore.com\\\/de\\\/produkt\\\/stoessel-vw-audi-seat-skoda\\\/\",\"url\":\"https:\\\/\\\/velumautostore.com\\\/de\\\/produkt\\\/stoessel-vw-audi-seat-skoda\\\/\",\"name\":\"St\u00f6\u00dfel VW | AUDI | SEAT | SKODA - Velum Auto Store\",\"isPartOf\":{\"@id\":\"https:\\\/\\\/velumautostore.com\\\/#website\"},\"primaryImageOfPage\":{\"@id\":\"https:\\\/\\\/velumautostore.com\\\/de\\\/produkt\\\/stoessel-vw-audi-seat-skoda\\\/#primaryimage\"},\"image\":{\"@id\":\"https:\\\/\\\/velumautostore.com\\\/de\\\/produkt\\\/stoessel-vw-audi-seat-skoda\\\/#primaryimage\"},\"thumbnailUrl\":\"https:\\\/\\\/velumautostore.com\\\/wp-content\\\/uploads\\\/2019\\\/09\\\/Pince_poussoir_1-scaled.png\",\"datePublished\":\"2019-09-24T19:54:23+00:00\",\"dateModified\":\"2026-02-12T08:10:20+00:00\",\"breadcrumb\":{\"@id\":\"https:\\\/\\\/velumautostore.com\\\/de\\\/produkt\\\/stoessel-vw-audi-seat-skoda\\\/#breadcrumb\"},\"inLanguage\":\"de\",\"potentialAction\":[{\"@type\":\"ReadAction\",\"target\":[\"https:\\\/\\\/velumautostore.com\\\/de\\\/produkt\\\/stoessel-vw-audi-seat-skoda\\\/\"]}]},{\"@type\":\"ImageObject\",\"inLanguage\":\"de\",\"@id\":\"https:\\\/\\\/velumautostore.com\\\/de\\\/produkt\\\/stoessel-vw-audi-seat-skoda\\\/#primaryimage\",\"url\":\"https:\\\/\\\/velumautostore.com\\\/wp-content\\\/uploads\\\/2019\\\/09\\\/Pince_poussoir_1-scaled.png\",\"contentUrl\":\"https:\\\/\\\/velumautostore.com\\\/wp-content\\\/uploads\\\/2019\\\/09\\\/Pince_poussoir_1-scaled.png\",\"width\":2560,\"height\":2560},{\"@type\":\"BreadcrumbList\",\"@id\":\"https:\\\/\\\/velumautostore.com\\\/de\\\/produkt\\\/stoessel-vw-audi-seat-skoda\\\/#breadcrumb\",\"itemListElement\":[{\"@type\":\"ListItem\",\"position\":1,\"name\":\"Accueil\",\"item\":\"https:\\\/\\\/velumautostore.com\\\/de\\\/home\\\/\"},{\"@type\":\"ListItem\",\"position\":2,\"name\":\"Shop\",\"item\":\"https:\\\/\\\/velumautostore.com\\\/de\\\/?page_id=19555\"},{\"@type\":\"ListItem\",\"position\":3,\"name\":\"St\u00f6\u00dfel VW | AUDI | SEAT | SKODA\"}]},{\"@type\":\"WebSite\",\"@id\":\"https:\\\/\\\/velumautostore.com\\\/#website\",\"url\":\"https:\\\/\\\/velumautostore.com\\\/\",\"name\":\"Velum Auto Store\",\"description\":\"Store et toit panoramique\",\"publisher\":{\"@id\":\"https:\\\/\\\/velumautostore.com\\\/#organization\"},\"potentialAction\":[{\"@type\":\"SearchAction\",\"target\":{\"@type\":\"EntryPoint\",\"urlTemplate\":\"https:\\\/\\\/velumautostore.com\\\/?s={search_term_string}\"},\"query-input\":{\"@type\":\"PropertyValueSpecification\",\"valueRequired\":true,\"valueName\":\"search_term_string\"}}],\"inLanguage\":\"de\"},{\"@type\":\"Organization\",\"@id\":\"https:\\\/\\\/velumautostore.com\\\/#organization\",\"name\":\"Velum Auto Store\",\"url\":\"https:\\\/\\\/velumautostore.com\\\/\",\"logo\":{\"@type\":\"ImageObject\",\"inLanguage\":\"de\",\"@id\":\"https:\\\/\\\/velumautostore.com\\\/#\\\/schema\\\/logo\\\/image\\\/\",\"url\":\"https:\\\/\\\/velumautostore.com\\\/wp-content\\\/uploads\\\/2021\\\/09\\\/cropped-Velum_AutoStore_logo_3.png\",\"contentUrl\":\"https:\\\/\\\/velumautostore.com\\\/wp-content\\\/uploads\\\/2021\\\/09\\\/cropped-Velum_AutoStore_logo_3.png\",\"width\":321,\"height\":154,\"caption\":\"Velum Auto Store\"},\"image\":{\"@id\":\"https:\\\/\\\/velumautostore.com\\\/#\\\/schema\\\/logo\\\/image\\\/\"},\"sameAs\":[\"https:\\\/\\\/fr-fr.facebook.com\\\/Velumautostore\\\/\"]}]}<\/script>\n<meta property=\"product:price:amount\" content=\"19.90\" \/>\n<meta property=\"product:price:currency\" content=\"EUR\" \/>\n<meta property=\"og:availability\" content=\"out of stock\" \/>\n<meta property=\"product:availability\" content=\"out of stock\" \/>\n<meta property=\"product:condition\" content=\"new\" \/>\n<!-- \/ Yoast SEO Premium plugin. -->","yoast_head_json":{"title":"St\u00f6\u00dfel VW | AUDI | SEAT | SKODA - Velum Auto Store","robots":{"index":"index","follow":"follow","max-snippet":"max-snippet:-1","max-image-preview":"max-image-preview:large","max-video-preview":"max-video-preview:-1"},"canonical":"https:\/\/velumautostore.com\/de\/produkt\/stoessel-vw-audi-seat-skoda\/","og_locale":"de_DE","og_type":"article","og_title":"St\u00f6\u00dfel VW | AUDI | SEAT | SKODA","og_description":"Unentbehrlich f\u00fcr die Demontage ohne zu brechen! Werkzeug zur Demontage der Druckkn\u00f6pfe der Innenverkleidungen VW, Audi, Skoda, Seat Verhindert die Besch\u00e4digung der Druckkn\u00f6pfe zur Befestigung...","og_url":"https:\/\/velumautostore.com\/de\/produkt\/stoessel-vw-audi-seat-skoda\/","og_site_name":"Velum Auto Store","article_publisher":"https:\/\/fr-fr.facebook.com\/Velumautostore\/","article_modified_time":"2026-02-12T08:10:20+00:00","og_image":[{"width":2560,"height":2560,"url":"https:\/\/velumautostore.com\/wp-content\/uploads\/2019\/09\/Pince_poussoir_1-scaled.png","type":"image\/png"}],"twitter_card":"summary_large_image","twitter_misc":{"Preis":"19.90&euro;","Verf\u00fcgbarkeit":"ausverkauft"},"schema":{"@context":"https:\/\/schema.org","@graph":[{"@type":"WebPage","@id":"https:\/\/velumautostore.com\/de\/produkt\/stoessel-vw-audi-seat-skoda\/","url":"https:\/\/velumautostore.com\/de\/produkt\/stoessel-vw-audi-seat-skoda\/","name":"St\u00f6\u00dfel VW | AUDI | SEAT | SKODA - Velum Auto Store","isPartOf":{"@id":"https:\/\/velumautostore.com\/#website"},"primaryImageOfPage":{"@id":"https:\/\/velumautostore.com\/de\/produkt\/stoessel-vw-audi-seat-skoda\/#primaryimage"},"image":{"@id":"https:\/\/velumautostore.com\/de\/produkt\/stoessel-vw-audi-seat-skoda\/#primaryimage"},"thumbnailUrl":"https:\/\/velumautostore.com\/wp-content\/uploads\/2019\/09\/Pince_poussoir_1-scaled.png","datePublished":"2019-09-24T19:54:23+00:00","dateModified":"2026-02-12T08:10:20+00:00","breadcrumb":{"@id":"https:\/\/velumautostore.com\/de\/produkt\/stoessel-vw-audi-seat-skoda\/#breadcrumb"},"inLanguage":"de","potentialAction":[{"@type":"ReadAction","target":["https:\/\/velumautostore.com\/de\/produkt\/stoessel-vw-audi-seat-skoda\/"]}]},{"@type":"ImageObject","inLanguage":"de","@id":"https:\/\/velumautostore.com\/de\/produkt\/stoessel-vw-audi-seat-skoda\/#primaryimage","url":"https:\/\/velumautostore.com\/wp-content\/uploads\/2019\/09\/Pince_poussoir_1-scaled.png","contentUrl":"https:\/\/velumautostore.com\/wp-content\/uploads\/2019\/09\/Pince_poussoir_1-scaled.png","width":2560,"height":2560},{"@type":"BreadcrumbList","@id":"https:\/\/velumautostore.com\/de\/produkt\/stoessel-vw-audi-seat-skoda\/#breadcrumb","itemListElement":[{"@type":"ListItem","position":1,"name":"Accueil","item":"https:\/\/velumautostore.com\/de\/home\/"},{"@type":"ListItem","position":2,"name":"Shop","item":"https:\/\/velumautostore.com\/de\/?page_id=19555"},{"@type":"ListItem","position":3,"name":"St\u00f6\u00dfel VW | AUDI | SEAT | SKODA"}]},{"@type":"WebSite","@id":"https:\/\/velumautostore.com\/#website","url":"https:\/\/velumautostore.com\/","name":"Velum Auto Store","description":"Store et toit panoramique","publisher":{"@id":"https:\/\/velumautostore.com\/#organization"},"potentialAction":[{"@type":"SearchAction","target":{"@type":"EntryPoint","urlTemplate":"https:\/\/velumautostore.com\/?s={search_term_string}"},"query-input":{"@type":"PropertyValueSpecification","valueRequired":true,"valueName":"search_term_string"}}],"inLanguage":"de"},{"@type":"Organization","@id":"https:\/\/velumautostore.com\/#organization","name":"Velum Auto Store","url":"https:\/\/velumautostore.com\/","logo":{"@type":"ImageObject","inLanguage":"de","@id":"https:\/\/velumautostore.com\/#\/schema\/logo\/image\/","url":"https:\/\/velumautostore.com\/wp-content\/uploads\/2021\/09\/cropped-Velum_AutoStore_logo_3.png","contentUrl":"https:\/\/velumautostore.com\/wp-content\/uploads\/2021\/09\/cropped-Velum_AutoStore_logo_3.png","width":321,"height":154,"caption":"Velum Auto Store"},"image":{"@id":"https:\/\/velumautostore.com\/#\/schema\/logo\/image\/"},"sameAs":["https:\/\/fr-fr.facebook.com\/Velumautostore\/"]}]},"product_price_amount":"19.90","product_price_currency":"EUR","og_availability":"out of stock","product_availability":"out of stock","product_condition":"new"},"_links":{"self":[{"href":"https:\/\/velumautostore.com\/de\/wp-json\/wp\/v2\/product\/18683","targetHints":{"allow":["GET"]}}],"collection":[{"href":"https:\/\/velumautostore.com\/de\/wp-json\/wp\/v2\/product"}],"about":[{"href":"https:\/\/velumautostore.com\/de\/wp-json\/wp\/v2\/types\/product"}],"replies":[{"embeddable":true,"href":"https:\/\/velumautostore.com\/de\/wp-json\/wp\/v2\/comments?post=18683"}],"version-history":[{"count":0,"href":"https:\/\/velumautostore.com\/de\/wp-json\/wp\/v2\/product\/18683\/revisions"}],"wp:featuredmedia":[{"embeddable":true,"href":"https:\/\/velumautostore.com\/de\/wp-json\/wp\/v2\/media\/17245"}],"wp:attachment":[{"href":"https:\/\/velumautostore.com\/de\/wp-json\/wp\/v2\/media?parent=18683"}],"wp:term":[{"taxonomy":"product_brand","embeddable":true,"href":"https:\/\/velumautostore.com\/de\/wp-json\/wp\/v2\/product_brand?post=18683"},{"taxonomy":"product_cat","embeddable":true,"href":"https:\/\/velumautostore.com\/de\/wp-json\/wp\/v2\/product_cat?post=18683"},{"taxonomy":"product_tag","embeddable":true,"href":"https:\/\/velumautostore.com\/de\/wp-json\/wp\/v2\/product_tag?post=18683"}],"curies":[{"name":"wp","href":"https:\/\/api.w.org\/{rel}","templated":true}]}}