{"id":16975,"date":"2025-05-12T13:54:37","date_gmt":"2025-05-12T11:54:37","guid":{"rendered":"https:\/\/velumautostore.com\/produit\/reinigungspinsel-fuer-die-dichtung-des-panorama-schiebedachs\/"},"modified":"2026-02-09T15:57:20","modified_gmt":"2026-02-09T14:57:20","slug":"reinigungspinsel-fuer-die-dichtung-des-panorama-schiebedachs","status":"publish","type":"product","link":"https:\/\/velumautostore.com\/de\/produkt\/reinigungspinsel-fuer-die-dichtung-des-panorama-schiebedachs\/","title":{"rendered":"Reinigungspinsel f\u00fcr die Dichtung des Panorama-Schiebedachs"},"content":{"rendered":"\t\t<div data-elementor-type=\"product-post\" data-elementor-id=\"16975\" class=\"elementor elementor-16975 elementor-13857\" data-elementor-post-type=\"product\">\n\t\t\t\t\t\t<section class=\"elementor-section elementor-top-section elementor-element elementor-element-40cdbec1 elementor-section-boxed elementor-section-height-default elementor-section-height-default\" data-id=\"40cdbec1\" data-element_type=\"section\" data-e-type=\"section\">\n\t\t\t\t\t\t<div class=\"elementor-container elementor-column-gap-default\">\n\t\t\t\t\t<div class=\"elementor-column elementor-col-100 elementor-top-column elementor-element elementor-element-4ae9f57\" data-id=\"4ae9f57\" data-element_type=\"column\" data-e-type=\"column\">\n\t\t\t<div class=\"elementor-widget-wrap elementor-element-populated\">\n\t\t\t\t\t\t<div class=\"elementor-element elementor-element-15718018 elementor-widget elementor-widget-text-editor\" data-id=\"15718018\" data-element_type=\"widget\" data-e-type=\"widget\" data-widget_type=\"text-editor.default\">\n\t\t\t\t<div class=\"elementor-widget-container\">\n\t\t\t\t\t\t\t\t\t<h2><strong>\ud83d\udee0\ufe0f Reinigungspinsel f\u00fcr die Dichtung des Panorama-Schiebedachs<\/strong><\/h2><h3>Beschreibung<\/h3><p>Entdecken Sie unseren Pinsel zum Auftragen von Fett, der speziell f\u00fcr die Dichtungen von Panorama-Schiebed\u00e4chern entwickelt wurde. Dieser hochwertige Pinsel erm\u00f6glicht ein pr\u00e4zises und gleichm\u00e4\u00dfiges Auftragen des Fetts, wodurch eine optimale Schmierung und ein dauerhafter Schutz vor Verschlei\u00df und Korrosion gew\u00e4hrleistet wird. <\/p><h3>Merkmale<\/h3><ul><li><strong>Material<\/strong>: Hochwertige synthetische Borsten<\/li><li><strong>Farbe<\/strong>: Wei\u00df<\/li><li><strong>Ma\u00dfe<\/strong>: 10 x 1,5 x 0,5 cm<\/li><li><strong>Gewicht<\/strong>: 15g<\/li><li><strong>Zertifizierungen<\/strong>: ISO9001<\/li><\/ul><h3>Vorteile<\/h3><ul><li>\ud83d\ude80 <strong>Pr\u00e4zise Anwendung<\/strong>: Erm\u00f6glicht die gleichm\u00e4\u00dfige Verteilung des Fetts auf Dichtungen und Schienen.<\/li><li>\ud83c\udf0d <strong>Vielseitigkeit<\/strong>: Geeignet f\u00fcr eine breite Palette von Fetten, ideal f\u00fcr alle klimatischen Bedingungen.<\/li><li>\ud83d\udd12 <strong>Konformit\u00e4t<\/strong>: ISO9001-zertifiziert, garantiert h\u00f6chste Qualit\u00e4t und Sicherheit.<\/li><\/ul><h3>Nutzung<\/h3><p>Tragen Sie eine kleine Menge Fett auf die Borsten des Pinsels auf und verteilen Sie es gleichm\u00e4\u00dfig \u00fcber die Dichtungen und Schienen Ihres Panorama-Schiebedachs. Wiederholen Sie diesen Vorgang regelm\u00e4\u00dfig, um die optimale Leistung Ihres Schiebedachs zu erhalten. <\/p><h3>Warum sollten Sie unseren Applikationspinsel w\u00e4hlen?<\/h3><p>Unser Applikationspinsel wurde speziell f\u00fcr die Anforderungen von Panorama-Schiebed\u00e4chern entwickelt. Seine kompakte Gr\u00f6\u00dfe erm\u00f6glicht eine einfache Handhabung und eine pr\u00e4zise Anwendung, w\u00e4hrend die ISO9001-Zertifizierungen eine hohe Qualit\u00e4t gew\u00e4hrleisten. <\/p>\t\t\t\t\t\t\t\t<\/div>\n\t\t\t\t<\/div>\n\t\t\t\t<div class=\"elementor-element elementor-element-8f5dc66 elementor-widget elementor-widget-heading\" data-id=\"8f5dc66\" data-element_type=\"widget\" data-e-type=\"widget\" data-widget_type=\"heading.default\">\n\t\t\t\t<div class=\"elementor-widget-container\">\n\t\t\t\t\t<h2 class=\"elementor-heading-title elementor-size-default\">Kann mit dem folgenden Fett verwendet werden:<\/h2>\t\t\t\t<\/div>\n\t\t\t\t<\/div>\n\t\t\t\t<section class=\"elementor-section elementor-inner-section elementor-element elementor-element-4771755 elementor-section-boxed elementor-section-height-default elementor-section-height-default\" data-id=\"4771755\" data-element_type=\"section\" data-e-type=\"section\">\n\t\t\t\t\t\t<div class=\"elementor-container elementor-column-gap-default\">\n\t\t\t\t\t<div class=\"elementor-column elementor-col-100 elementor-inner-column elementor-element elementor-element-2c9fda2\" data-id=\"2c9fda2\" data-element_type=\"column\" data-e-type=\"column\">\n\t\t\t<div class=\"elementor-widget-wrap elementor-element-populated\">\n\t\t\t\t\t\t\t<\/div>\n\t\t<\/div>\n\t\t\t\t\t<\/div>\n\t\t<\/section>\n\t\t\t\t<div class=\"elementor-element elementor-element-76e10d9 elementor-widget elementor-widget-heading\" data-id=\"76e10d9\" data-element_type=\"widget\" data-e-type=\"widget\" data-widget_type=\"heading.default\">\n\t\t\t\t<div class=\"elementor-widget-container\">\n\t\t\t\t\t<h2 class=\"elementor-heading-title elementor-size-default\">Tutorials<\/h2>\t\t\t\t<\/div>\n\t\t\t\t<\/div>\n\t\t\t\t\t<\/div>\n\t\t<\/div>\n\t\t\t\t\t<\/div>\n\t\t<\/section>\n\t\t\t\t<\/div>\n\t\t","protected":false},"excerpt":{"rendered":"<h2><strong>\ud83d\udee0\ufe0f Reinigungspinsel f\u00fcr die Dichtung des Panorama-Schiebedachs<\/strong><\/h2>\n<h3>Beschreibung<\/h3>\n<p>Entdecken Sie unseren Pinsel zum Auftragen von Fett, der speziell f\u00fcr die Dichtungen von Panorama-Schiebed\u00e4chern entwickelt wurde. Dieser hochwertige Pinsel erm\u00f6glicht ein pr\u00e4zises und gleichm\u00e4\u00dfiges Auftragen des Fetts, wodurch eine optimale Schmierung und ein dauerhafter Schutz vor Verschlei\u00df und Korrosion gew\u00e4hrleistet wird. <\/p>\n","protected":false},"featured_media":16873,"comment_status":"open","ping_status":"closed","template":"","meta":[],"product_brand":[],"product_cat":[1145,1147,1070],"product_tag":[],"class_list":{"0":"post-16975","1":"product","2":"type-product","3":"status-publish","4":"has-post-thumbnail","6":"product_cat-gleitmittel-fur-schiebedach","7":"product_cat-pflegeprodukt-fur-schiebedach","8":"product_cat-store-velum","9":"pa_make-a5-8t3-06-2007-06-2016","10":"pa_make-alhambra-iii-06-2010-04-2015","11":"pa_make-alle-marken","12":"pa_make-ateca-phase-2-07-2020-heute","13":"pa_make-cayenne-92a-02-2010-05-2018","14":"pa_make-e-tron-suv-09-2018-heute","15":"pa_make-golf-v-sw-05-2007-07-2009","16":"pa_make-golf-vi-sw-07-2009-07-2013","17":"pa_make-golf-vii-sw-04-2013-10-2016","18":"pa_make-golf-viii-sw-variant-09-2020-heute","19":"pa_make-insignia-phase-1-01-2009-07-2013","20":"pa_make-insignia-phase-2-07-2013-04-2017","21":"pa_make-karoq-phase-i-07-2017-12-2021","22":"pa_make-kodiaq-phase-110-2016-04-2021","23":"pa_make-leon-kombi-iii-5f8-st-01-2013-10-2016","24":"pa_make-leon-kombi-iv-kl8-st-03-2020-heute","25":"pa_make-octavia-5e5-kombi-11-2012-01-2017","26":"pa_make-octavia-nx3-03-2020-heute","27":"pa_make-opel-de","28":"pa_make-passat-b6-sw-03-2005-11-2010","29":"pa_make-passat-b7-sw-08-2010-12-2014","30":"pa_make-passat-b8-sw-08-2014-07-2019","31":"pa_make-passat-cc-01-2014-12-2016","32":"pa_make-passat-cc-b6-05-2008-12-2013","33":"pa_make-porsche-de","34":"pa_make-q5-i-8rb-11-2008-09-2012","35":"pa_make-q5-i-8rb-phase-2-06-2012-04-2016","36":"pa_make-q7-serie-1-03-2006-06-2009","37":"pa_make-q7-serie-1-phase-2-06-2009-08-2015","38":"pa_make-r55-2-clubman-08-2007-06-2010","39":"pa_make-r55-2-clubman-lci-03-2010-05-2014","40":"pa_make-r56-2-11-2006-07-2010","41":"pa_make-r56-2-lci-08-2010-12-2013","42":"pa_make-r60-2-countryman-08-2010-07-2014","43":"pa_make-r60-2-countryman-lci-07-2014-09-2016","44":"pa_make-seat-de","45":"pa_make-sharan-iii-05-2010-12-2016","46":"pa_make-sharan-iii-phase-2-05-2015-heute","47":"pa_make-superb-kombi-ii-kombi-03-2008-05-2013","48":"pa_make-superb-kombi-ii-kombi-phase-2-05-2013-03-2015","49":"pa_make-superb-kombi-iii-kombi-03-2015-01-2020","50":"pa_make-tiguan-i-phase-1-11-2007-05-2011","51":"pa_make-tiguan-i-phase-2-05-2011-12-2015","52":"pa_make-tiguan-ii-01-2016-07-2020","53":"pa_make-tiguan-ii-phase-2-07-2020-heute","54":"pa_make-touareg-ii-01-2010-12-2014","55":"pa_make-touareg-ii-phase-2-07-2014-03-2018","56":"pa_make-touran-1t1-i-02-2003-11-2006","57":"pa_make-touran-1t2-i-phase-2-11-2006-05-2010","58":"pa_make-touran-1t3-i-phase-3-05-2010-05-2015","59":"pa_make-universell","60":"pa_make-yeti-phase-1-05-2009-11-2013","61":"pa_make-yeti-phase-2-11-2013-heute","62":"pa_marque-audi","63":"pa_marque-bmw","64":"pa_marque-mini","65":"pa_marque-porsche","66":"pa_marque-seat","67":"pa_marque-skoda","68":"pa_marque-vag","69":"pa_marque-volkswagen","70":"pa_year-attr-1130","71":"pa_year-attr-1131","72":"pa_year-attr-1132","73":"pa_year-attr-1133","74":"pa_year-attr-1134","75":"pa_year-attr-1135","76":"pa_year-attr-1091","77":"pa_year-attr-1074","78":"pa_year-attr-1061","79":"pa_year-attr-1062","80":"pa_year-attr-1063","81":"pa_year-attr-1064","82":"pa_year-attr-1065","83":"pa_year-attr-1066","84":"pa_year-attr-1067","85":"pa_year-attr-1068","86":"pa_year-attr-1069","87":"pa_year-attr-1136","88":"pa_year-attr-1137","89":"pa_year-attr-1138","90":"pa_year-attr-1139","91":"pa_year-attr-1140","92":"pa_year-attr-1141","94":"first","95":"instock","96":"sale","97":"shipping-taxable","98":"purchasable","99":"product-type-simple"},"etheme_brands":{"errors":{"invalid_taxonomy":["Die Taxonomie ist ung\u00fcltig."]},"error_data":[]},"yoast_head":"<!-- This site is optimized with the Yoast SEO Premium plugin v27.3 (Yoast SEO v27.5) - https:\/\/yoast.com\/product\/yoast-seo-premium-wordpress\/ -->\n<title>Reinigungspinsel f\u00fcr die Dichtung des Panorama-Schiebedachs - Velum Auto Store<\/title>\n<meta name=\"description\" content=\"Entdecken Sie unseren Schiebedach-Reinigungspinsel. Pr\u00e4zise Anwendung, hochwertige Borsten, ideal f\u00fcr eine gr\u00fcndliche und effektive Reinigung.\" \/>\n<meta name=\"robots\" content=\"index, follow, max-snippet:-1, max-image-preview:large, max-video-preview:-1\" \/>\n<link rel=\"canonical\" href=\"https:\/\/velumautostore.com\/de\/produit\/reinigungspinsel-fuer-die-dichtung-des-panorama-schiebedachs\/\" \/>\n<meta property=\"og:locale\" content=\"de_DE\" \/>\n<meta property=\"og:type\" content=\"article\" \/>\n<meta property=\"og:title\" content=\"Reinigungspinsel f\u00fcr die Dichtung des Panorama-Schiebedachs\" \/>\n<meta property=\"og:description\" content=\"Entdecken Sie unseren Schiebedach-Reinigungspinsel. Pr\u00e4zise Anwendung, hochwertige Borsten, ideal f\u00fcr eine gr\u00fcndliche und effektive Reinigung.\" \/>\n<meta property=\"og:url\" content=\"https:\/\/velumautostore.com\/de\/produit\/reinigungspinsel-fuer-die-dichtung-des-panorama-schiebedachs\/\" \/>\n<meta property=\"og:site_name\" content=\"Velum Auto Store\" \/>\n<meta property=\"article:publisher\" content=\"https:\/\/fr-fr.facebook.com\/Velumautostore\/\" \/>\n<meta property=\"article:modified_time\" content=\"2026-02-09T14:57:20+00:00\" \/>\n<meta property=\"og:image\" content=\"https:\/\/velumautostore.com\/wp-content\/uploads\/2025\/05\/kit-entretien_pinceau-1.jpg\" \/>\n\t<meta property=\"og:image:width\" content=\"800\" \/>\n\t<meta property=\"og:image:height\" content=\"800\" \/>\n\t<meta property=\"og:image:type\" content=\"image\/jpeg\" \/>\n<meta name=\"twitter:card\" content=\"summary_large_image\" \/>\n<meta name=\"twitter:label1\" content=\"Preis\" \/>\n\t<meta name=\"twitter:data1\" content=\"9.90&euro;\" \/>\n\t<meta name=\"twitter:label2\" content=\"Verf\u00fcgbarkeit\" \/>\n\t<meta name=\"twitter:data2\" content=\"Auf Lager\" \/>\n<script type=\"application\/ld+json\" class=\"yoast-schema-graph\">{\"@context\":\"https:\\\/\\\/schema.org\",\"@graph\":[{\"@type\":\"WebPage\",\"@id\":\"https:\\\/\\\/velumautostore.com\\\/de\\\/produit\\\/reinigungspinsel-fuer-die-dichtung-des-panorama-schiebedachs\\\/\",\"url\":\"https:\\\/\\\/velumautostore.com\\\/de\\\/produit\\\/reinigungspinsel-fuer-die-dichtung-des-panorama-schiebedachs\\\/\",\"name\":\"Reinigungspinsel f\u00fcr die Dichtung des Panorama-Schiebedachs - Velum Auto Store\",\"isPartOf\":{\"@id\":\"https:\\\/\\\/velumautostore.com\\\/#website\"},\"primaryImageOfPage\":{\"@id\":\"https:\\\/\\\/velumautostore.com\\\/de\\\/produit\\\/reinigungspinsel-fuer-die-dichtung-des-panorama-schiebedachs\\\/#primaryimage\"},\"image\":{\"@id\":\"https:\\\/\\\/velumautostore.com\\\/de\\\/produit\\\/reinigungspinsel-fuer-die-dichtung-des-panorama-schiebedachs\\\/#primaryimage\"},\"thumbnailUrl\":\"https:\\\/\\\/velumautostore.com\\\/wp-content\\\/uploads\\\/2025\\\/05\\\/kit-entretien_pinceau-1.jpg\",\"datePublished\":\"2025-05-12T11:54:37+00:00\",\"dateModified\":\"2026-02-09T14:57:20+00:00\",\"description\":\"Entdecken Sie unseren Schiebedach-Reinigungspinsel. Pr\u00e4zise Anwendung, hochwertige Borsten, ideal f\u00fcr eine gr\u00fcndliche und effektive Reinigung.\",\"breadcrumb\":{\"@id\":\"https:\\\/\\\/velumautostore.com\\\/de\\\/produit\\\/reinigungspinsel-fuer-die-dichtung-des-panorama-schiebedachs\\\/#breadcrumb\"},\"inLanguage\":\"de\",\"potentialAction\":[{\"@type\":\"ReadAction\",\"target\":[\"https:\\\/\\\/velumautostore.com\\\/de\\\/produit\\\/reinigungspinsel-fuer-die-dichtung-des-panorama-schiebedachs\\\/\"]}]},{\"@type\":\"ImageObject\",\"inLanguage\":\"de\",\"@id\":\"https:\\\/\\\/velumautostore.com\\\/de\\\/produit\\\/reinigungspinsel-fuer-die-dichtung-des-panorama-schiebedachs\\\/#primaryimage\",\"url\":\"https:\\\/\\\/velumautostore.com\\\/wp-content\\\/uploads\\\/2025\\\/05\\\/kit-entretien_pinceau-1.jpg\",\"contentUrl\":\"https:\\\/\\\/velumautostore.com\\\/wp-content\\\/uploads\\\/2025\\\/05\\\/kit-entretien_pinceau-1.jpg\",\"width\":800,\"height\":800},{\"@type\":\"BreadcrumbList\",\"@id\":\"https:\\\/\\\/velumautostore.com\\\/de\\\/produit\\\/reinigungspinsel-fuer-die-dichtung-des-panorama-schiebedachs\\\/#breadcrumb\",\"itemListElement\":[{\"@type\":\"ListItem\",\"position\":1,\"name\":\"Accueil\",\"item\":\"https:\\\/\\\/velumautostore.com\\\/de\\\/home\\\/\"},{\"@type\":\"ListItem\",\"position\":2,\"name\":\"Shop\",\"item\":\"https:\\\/\\\/velumautostore.com\\\/de\\\/?page_id=19555\"},{\"@type\":\"ListItem\",\"position\":3,\"name\":\"Reinigungspinsel f\u00fcr die Dichtung des Panorama-Schiebedachs\"}]},{\"@type\":\"WebSite\",\"@id\":\"https:\\\/\\\/velumautostore.com\\\/#website\",\"url\":\"https:\\\/\\\/velumautostore.com\\\/\",\"name\":\"Velum Auto Store\",\"description\":\"Store et toit panoramique\",\"publisher\":{\"@id\":\"https:\\\/\\\/velumautostore.com\\\/#organization\"},\"potentialAction\":[{\"@type\":\"SearchAction\",\"target\":{\"@type\":\"EntryPoint\",\"urlTemplate\":\"https:\\\/\\\/velumautostore.com\\\/?s={search_term_string}\"},\"query-input\":{\"@type\":\"PropertyValueSpecification\",\"valueRequired\":true,\"valueName\":\"search_term_string\"}}],\"inLanguage\":\"de\"},{\"@type\":\"Organization\",\"@id\":\"https:\\\/\\\/velumautostore.com\\\/#organization\",\"name\":\"Velum Auto Store\",\"url\":\"https:\\\/\\\/velumautostore.com\\\/\",\"logo\":{\"@type\":\"ImageObject\",\"inLanguage\":\"de\",\"@id\":\"https:\\\/\\\/velumautostore.com\\\/#\\\/schema\\\/logo\\\/image\\\/\",\"url\":\"https:\\\/\\\/velumautostore.com\\\/wp-content\\\/uploads\\\/2021\\\/09\\\/cropped-Velum_AutoStore_logo_3.png\",\"contentUrl\":\"https:\\\/\\\/velumautostore.com\\\/wp-content\\\/uploads\\\/2021\\\/09\\\/cropped-Velum_AutoStore_logo_3.png\",\"width\":321,\"height\":154,\"caption\":\"Velum Auto Store\"},\"image\":{\"@id\":\"https:\\\/\\\/velumautostore.com\\\/#\\\/schema\\\/logo\\\/image\\\/\"},\"sameAs\":[\"https:\\\/\\\/fr-fr.facebook.com\\\/Velumautostore\\\/\"]}]}<\/script>\n<meta property=\"product:price:amount\" content=\"9.90\" \/>\n<meta property=\"product:price:currency\" content=\"EUR\" \/>\n<meta property=\"og:availability\" content=\"instock\" \/>\n<meta property=\"product:availability\" content=\"instock\" \/>\n<meta property=\"product:condition\" content=\"new\" \/>\n<!-- \/ Yoast SEO Premium plugin. -->","yoast_head_json":{"title":"Reinigungspinsel f\u00fcr die Dichtung des Panorama-Schiebedachs - Velum Auto Store","description":"Entdecken Sie unseren Schiebedach-Reinigungspinsel. Pr\u00e4zise Anwendung, hochwertige Borsten, ideal f\u00fcr eine gr\u00fcndliche und effektive Reinigung.","robots":{"index":"index","follow":"follow","max-snippet":"max-snippet:-1","max-image-preview":"max-image-preview:large","max-video-preview":"max-video-preview:-1"},"canonical":"https:\/\/velumautostore.com\/de\/produit\/reinigungspinsel-fuer-die-dichtung-des-panorama-schiebedachs\/","og_locale":"de_DE","og_type":"article","og_title":"Reinigungspinsel f\u00fcr die Dichtung des Panorama-Schiebedachs","og_description":"Entdecken Sie unseren Schiebedach-Reinigungspinsel. Pr\u00e4zise Anwendung, hochwertige Borsten, ideal f\u00fcr eine gr\u00fcndliche und effektive Reinigung.","og_url":"https:\/\/velumautostore.com\/de\/produit\/reinigungspinsel-fuer-die-dichtung-des-panorama-schiebedachs\/","og_site_name":"Velum Auto Store","article_publisher":"https:\/\/fr-fr.facebook.com\/Velumautostore\/","article_modified_time":"2026-02-09T14:57:20+00:00","og_image":[{"width":800,"height":800,"url":"https:\/\/velumautostore.com\/wp-content\/uploads\/2025\/05\/kit-entretien_pinceau-1.jpg","type":"image\/jpeg"}],"twitter_card":"summary_large_image","twitter_misc":{"Preis":"9.90&euro;","Verf\u00fcgbarkeit":"Auf Lager"},"schema":{"@context":"https:\/\/schema.org","@graph":[{"@type":"WebPage","@id":"https:\/\/velumautostore.com\/de\/produit\/reinigungspinsel-fuer-die-dichtung-des-panorama-schiebedachs\/","url":"https:\/\/velumautostore.com\/de\/produit\/reinigungspinsel-fuer-die-dichtung-des-panorama-schiebedachs\/","name":"Reinigungspinsel f\u00fcr die Dichtung des Panorama-Schiebedachs - Velum Auto Store","isPartOf":{"@id":"https:\/\/velumautostore.com\/#website"},"primaryImageOfPage":{"@id":"https:\/\/velumautostore.com\/de\/produit\/reinigungspinsel-fuer-die-dichtung-des-panorama-schiebedachs\/#primaryimage"},"image":{"@id":"https:\/\/velumautostore.com\/de\/produit\/reinigungspinsel-fuer-die-dichtung-des-panorama-schiebedachs\/#primaryimage"},"thumbnailUrl":"https:\/\/velumautostore.com\/wp-content\/uploads\/2025\/05\/kit-entretien_pinceau-1.jpg","datePublished":"2025-05-12T11:54:37+00:00","dateModified":"2026-02-09T14:57:20+00:00","description":"Entdecken Sie unseren Schiebedach-Reinigungspinsel. Pr\u00e4zise Anwendung, hochwertige Borsten, ideal f\u00fcr eine gr\u00fcndliche und effektive Reinigung.","breadcrumb":{"@id":"https:\/\/velumautostore.com\/de\/produit\/reinigungspinsel-fuer-die-dichtung-des-panorama-schiebedachs\/#breadcrumb"},"inLanguage":"de","potentialAction":[{"@type":"ReadAction","target":["https:\/\/velumautostore.com\/de\/produit\/reinigungspinsel-fuer-die-dichtung-des-panorama-schiebedachs\/"]}]},{"@type":"ImageObject","inLanguage":"de","@id":"https:\/\/velumautostore.com\/de\/produit\/reinigungspinsel-fuer-die-dichtung-des-panorama-schiebedachs\/#primaryimage","url":"https:\/\/velumautostore.com\/wp-content\/uploads\/2025\/05\/kit-entretien_pinceau-1.jpg","contentUrl":"https:\/\/velumautostore.com\/wp-content\/uploads\/2025\/05\/kit-entretien_pinceau-1.jpg","width":800,"height":800},{"@type":"BreadcrumbList","@id":"https:\/\/velumautostore.com\/de\/produit\/reinigungspinsel-fuer-die-dichtung-des-panorama-schiebedachs\/#breadcrumb","itemListElement":[{"@type":"ListItem","position":1,"name":"Accueil","item":"https:\/\/velumautostore.com\/de\/home\/"},{"@type":"ListItem","position":2,"name":"Shop","item":"https:\/\/velumautostore.com\/de\/?page_id=19555"},{"@type":"ListItem","position":3,"name":"Reinigungspinsel f\u00fcr die Dichtung des Panorama-Schiebedachs"}]},{"@type":"WebSite","@id":"https:\/\/velumautostore.com\/#website","url":"https:\/\/velumautostore.com\/","name":"Velum Auto Store","description":"Store et toit panoramique","publisher":{"@id":"https:\/\/velumautostore.com\/#organization"},"potentialAction":[{"@type":"SearchAction","target":{"@type":"EntryPoint","urlTemplate":"https:\/\/velumautostore.com\/?s={search_term_string}"},"query-input":{"@type":"PropertyValueSpecification","valueRequired":true,"valueName":"search_term_string"}}],"inLanguage":"de"},{"@type":"Organization","@id":"https:\/\/velumautostore.com\/#organization","name":"Velum Auto Store","url":"https:\/\/velumautostore.com\/","logo":{"@type":"ImageObject","inLanguage":"de","@id":"https:\/\/velumautostore.com\/#\/schema\/logo\/image\/","url":"https:\/\/velumautostore.com\/wp-content\/uploads\/2021\/09\/cropped-Velum_AutoStore_logo_3.png","contentUrl":"https:\/\/velumautostore.com\/wp-content\/uploads\/2021\/09\/cropped-Velum_AutoStore_logo_3.png","width":321,"height":154,"caption":"Velum Auto Store"},"image":{"@id":"https:\/\/velumautostore.com\/#\/schema\/logo\/image\/"},"sameAs":["https:\/\/fr-fr.facebook.com\/Velumautostore\/"]}]},"product_price_amount":"9.90","product_price_currency":"EUR","og_availability":"instock","product_availability":"instock","product_condition":"new"},"_links":{"self":[{"href":"https:\/\/velumautostore.com\/de\/wp-json\/wp\/v2\/product\/16975","targetHints":{"allow":["GET"]}}],"collection":[{"href":"https:\/\/velumautostore.com\/de\/wp-json\/wp\/v2\/product"}],"about":[{"href":"https:\/\/velumautostore.com\/de\/wp-json\/wp\/v2\/types\/product"}],"replies":[{"embeddable":true,"href":"https:\/\/velumautostore.com\/de\/wp-json\/wp\/v2\/comments?post=16975"}],"version-history":[{"count":1,"href":"https:\/\/velumautostore.com\/de\/wp-json\/wp\/v2\/product\/16975\/revisions"}],"predecessor-version":[{"id":16978,"href":"https:\/\/velumautostore.com\/de\/wp-json\/wp\/v2\/product\/16975\/revisions\/16978"}],"wp:featuredmedia":[{"embeddable":true,"href":"https:\/\/velumautostore.com\/de\/wp-json\/wp\/v2\/media\/16873"}],"wp:attachment":[{"href":"https:\/\/velumautostore.com\/de\/wp-json\/wp\/v2\/media?parent=16975"}],"wp:term":[{"taxonomy":"product_brand","embeddable":true,"href":"https:\/\/velumautostore.com\/de\/wp-json\/wp\/v2\/product_brand?post=16975"},{"taxonomy":"product_cat","embeddable":true,"href":"https:\/\/velumautostore.com\/de\/wp-json\/wp\/v2\/product_cat?post=16975"},{"taxonomy":"product_tag","embeddable":true,"href":"https:\/\/velumautostore.com\/de\/wp-json\/wp\/v2\/product_tag?post=16975"}],"curies":[{"name":"wp","href":"https:\/\/api.w.org\/{rel}","templated":true}]}}