{"id":16967,"date":"2025-05-12T14:20:15","date_gmt":"2025-05-12T12:20:15","guid":{"rendered":"https:\/\/velumautostore.com\/produit\/sonax-gummipfleger-rubber-fuer-die-pflege-von-schiebedachdichtungen-100ml\/"},"modified":"2026-02-12T10:17:32","modified_gmt":"2026-02-12T09:17:32","slug":"sonax-gummipfleger-rubber-fuer-die-pflege-von-schiebedachdichtungen-100ml","status":"publish","type":"product","link":"https:\/\/velumautostore.com\/de\/produkt\/sonax-gummipfleger-rubber-fuer-die-pflege-von-schiebedachdichtungen-100ml\/","title":{"rendered":"SONAX GummiPfleger Rubber f\u00fcr die Pflege von Schiebedachdichtungen &#8211; 100ml"},"content":{"rendered":"\t\t<div data-elementor-type=\"product-post\" data-elementor-id=\"16967\" class=\"elementor elementor-16967 elementor-13864\" data-elementor-post-type=\"product\">\n\t\t\t\t\t\t<section class=\"elementor-section elementor-top-section elementor-element elementor-element-40cdbec1 elementor-section-boxed elementor-section-height-default elementor-section-height-default\" data-id=\"40cdbec1\" data-element_type=\"section\" data-e-type=\"section\">\n\t\t\t\t\t\t<div class=\"elementor-container elementor-column-gap-default\">\n\t\t\t\t\t<div class=\"elementor-column elementor-col-100 elementor-top-column elementor-element elementor-element-4ae9f57\" data-id=\"4ae9f57\" data-element_type=\"column\" data-e-type=\"column\">\n\t\t\t<div class=\"elementor-widget-wrap elementor-element-populated\">\n\t\t\t\t\t\t<div class=\"elementor-element elementor-element-74b6661 elementor-widget elementor-widget-heading\" data-id=\"74b6661\" data-element_type=\"widget\" data-e-type=\"widget\" data-widget_type=\"heading.default\">\n\t\t\t\t<div class=\"elementor-widget-container\">\n\t\t\t\t\t<h2 class=\"elementor-heading-title elementor-size-default\">SONAX GummiPfleger rubber f\u00fcr die Pflege der Schiebedachdichtung<\/h2>\t\t\t\t<\/div>\n\t\t\t\t<\/div>\n\t\t\t\t<div class=\"elementor-element elementor-element-649bec2 elementor-widget elementor-widget-text-editor\" data-id=\"649bec2\" data-element_type=\"widget\" data-e-type=\"widget\" data-widget_type=\"text-editor.default\">\n\t\t\t\t<div class=\"elementor-widget-container\">\n\t\t\t\t\t\t\t\t\t<h3>Beschreibung<\/h3><p>Entdecken Sie unser Produkt Rubber Care (Gummi Pflege), das speziell entwickelt wurde, um den Fugen einen lang anhaltenden Schutz vor Frost zu bieten. Dieses Produkt h\u00e4lt die Fugen elastisch und stellt die urspr\u00fcngliche Farbe wieder her. <\/p>\t\t\t\t\t\t\t\t<\/div>\n\t\t\t\t<\/div>\n\t\t\t\t<div class=\"elementor-element elementor-element-f815d70 elementor-widget elementor-widget-image\" data-id=\"f815d70\" data-element_type=\"widget\" data-e-type=\"widget\" data-widget_type=\"image.default\">\n\t\t\t\t<div class=\"elementor-widget-container\">\n\t\t\t\t\t\t\t\t\t\t\t\t\t\t\t<img fetchpriority=\"high\" decoding=\"async\" width=\"800\" height=\"400\" src=\"https:\/\/velumautostore.com\/wp-content\/uploads\/2025\/05\/AVANT-APRES-SONAX-100ml.png\" class=\"attachment-large size-large wp-image-18259\" alt=\"\" srcset=\"https:\/\/velumautostore.com\/wp-content\/uploads\/2025\/05\/AVANT-APRES-SONAX-100ml.png 800w, https:\/\/velumautostore.com\/wp-content\/uploads\/2025\/05\/AVANT-APRES-SONAX-100ml-300x150.png 300w, https:\/\/velumautostore.com\/wp-content\/uploads\/2025\/05\/AVANT-APRES-SONAX-100ml-768x384.png 768w, https:\/\/velumautostore.com\/wp-content\/uploads\/2025\/05\/AVANT-APRES-SONAX-100ml-600x300.png 600w, https:\/\/velumautostore.com\/wp-content\/uploads\/2025\/05\/AVANT-APRES-SONAX-100ml-1x1.png 1w, https:\/\/velumautostore.com\/wp-content\/uploads\/2025\/05\/AVANT-APRES-SONAX-100ml-10x5.png 10w\" sizes=\"(max-width: 800px) 100vw, 800px\" \/>\t\t\t\t\t\t\t\t\t\t\t\t\t\t\t<\/div>\n\t\t\t\t<\/div>\n\t\t\t\t<div class=\"elementor-element elementor-element-15718018 elementor-widget elementor-widget-text-editor\" data-id=\"15718018\" data-element_type=\"widget\" data-e-type=\"widget\" data-widget_type=\"text-editor.default\">\n\t\t\t\t<div class=\"elementor-widget-container\">\n\t\t\t\t\t\t\t\t\t<h3>Merkmale<\/h3><ul><li><strong>Formel<\/strong>: Auf Wasserbasis<\/li><li><strong>Effektivit\u00e4t<\/strong>: Sehr effektiv gegen extreme Temperaturen und UV-Strahlen<\/li><li><strong>Einfache Anwendung<\/strong>: Sauberes Auftragen ohne die Gefahr, dass etwas auf die Scheiben oder die Karosserie gelangt.<\/li><\/ul><h3>Vorteile<\/h3><ul><li>\ud83d\ude80 <strong>Langzeitschutz<\/strong>: Bietet einen dauerhaften Schutz vor Frost.<\/li><li>\ud83c\udf0d <strong>Vielseitigkeit<\/strong>: Geeignet f\u00fcr extreme Wetterbedingungen und UV-Strahlung.<\/li><li>\ud83d\udd12 <strong>Konformit\u00e4t<\/strong>: Auf Wasserbasis entwickelt, garantiert eine saubere und sichere Anwendung.<\/li><\/ul><h3>Nutzung<\/h3><p>Tragen Sie eine kleine Menge Rubber Care (Gummi Pflege) auf die Dichtungen Ihres Panorama-Schiebedachs auf, um die Elastizit\u00e4t zu erhalten und die urspr\u00fcngliche Farbe wiederherzustellen. Wiederholen Sie die Behandlung regelm\u00e4\u00dfig, um einen optimalen Schutz zu erhalten. <\/p><h3>Gefahrenhinweise<\/h3><ul><li><strong>\u26a0\ufe0f Verursacht schwere Augensch\u00e4den<\/strong>: Mit Vorsicht verwenden und Kontakt mit den Augen vermeiden.<\/li><\/ul><h3>Warum Rubber Care (Gummipflege)?<\/h3><p>Unser Produkt Rubber Care (Gummi Pflege) wurde speziell f\u00fcr die Anforderungen der Dichtungen von Panorama-Schiebed\u00e4chern entwickelt. Die wasserbasierte Formel erm\u00f6glicht eine saubere und sichere Anwendung und bietet gleichzeitig einen wirksamen Schutz vor extremen Wetterbedingungen und UV-Strahlung. <\/p>\t\t\t\t\t\t\t\t<\/div>\n\t\t\t\t<\/div>\n\t\t\t\t<div class=\"elementor-element elementor-element-f1f46f7 elementor-icon-list--layout-inline elementor-list-item-link-full_width elementor-widget elementor-widget-icon-list\" data-id=\"f1f46f7\" data-element_type=\"widget\" data-e-type=\"widget\" data-widget_type=\"icon-list.default\">\n\t\t\t\t<div class=\"elementor-widget-container\">\n\t\t\t\t\t\t\t<ul class=\"elementor-icon-list-items elementor-inline-items\">\n\t\t\t\t\t\t\t<li class=\"elementor-icon-list-item elementor-inline-item\">\n\t\t\t\t\t\t\t\t\t\t\t<span class=\"elementor-icon-list-icon\">\n\t\t\t\t\t\t\t<svg aria-hidden=\"true\" class=\"e-font-icon-svg e-fas-bookmark\" viewBox=\"0 0 384 512\" xmlns=\"http:\/\/www.w3.org\/2000\/svg\"><path d=\"M0 512V48C0 21.49 21.49 0 48 0h288c26.51 0 48 21.49 48 48v464L192 400 0 512z\"><\/path><\/svg>\t\t\t\t\t\t<\/span>\n\t\t\t\t\t\t\t\t\t\t<span class=\"elementor-icon-list-text\">Material: Kunststoff<\/span>\n\t\t\t\t\t\t\t\t\t<\/li>\n\t\t\t\t\t\t\t\t<li class=\"elementor-icon-list-item elementor-inline-item\">\n\t\t\t\t\t\t\t\t\t\t\t<span class=\"elementor-icon-list-icon\">\n\t\t\t\t\t\t\t<svg aria-hidden=\"true\" class=\"e-font-icon-svg e-fas-weight-hanging\" viewBox=\"0 0 512 512\" xmlns=\"http:\/\/www.w3.org\/2000\/svg\"><path d=\"M510.28 445.86l-73.03-292.13c-3.8-15.19-16.44-25.72-30.87-25.72h-60.25c3.57-10.05 5.88-20.72 5.88-32 0-53.02-42.98-96-96-96s-96 42.98-96 96c0 11.28 2.3 21.95 5.88 32h-60.25c-14.43 0-27.08 10.54-30.87 25.72L1.72 445.86C-6.61 479.17 16.38 512 48.03 512h415.95c31.64 0 54.63-32.83 46.3-66.14zM256 128c-17.64 0-32-14.36-32-32s14.36-32 32-32 32 14.36 32 32-14.36 32-32 32z\"><\/path><\/svg>\t\t\t\t\t\t<\/span>\n\t\t\t\t\t\t\t\t\t\t<span class=\"elementor-icon-list-text\">Inhalt: 20ml<\/span>\n\t\t\t\t\t\t\t\t\t<\/li>\n\t\t\t\t\t\t<\/ul>\n\t\t\t\t\t\t<\/div>\n\t\t\t\t<\/div>\n\t\t\t\t<div class=\"elementor-element elementor-element-8f5dc66 elementor-widget elementor-widget-heading\" data-id=\"8f5dc66\" data-element_type=\"widget\" data-e-type=\"widget\" data-widget_type=\"heading.default\">\n\t\t\t\t<div class=\"elementor-widget-container\">\n\t\t\t\t\t<h2 class=\"elementor-heading-title elementor-size-default\">Kann mit dem folgenden Fett verwendet werden:<\/h2>\t\t\t\t<\/div>\n\t\t\t\t<\/div>\n\t\t\t\t<section class=\"elementor-section elementor-inner-section elementor-element elementor-element-4771755 elementor-section-boxed elementor-section-height-default elementor-section-height-default\" data-id=\"4771755\" data-element_type=\"section\" data-e-type=\"section\">\n\t\t\t\t\t\t<div class=\"elementor-container elementor-column-gap-default\">\n\t\t\t\t\t<div class=\"elementor-column elementor-col-100 elementor-inner-column elementor-element elementor-element-2c9fda2\" data-id=\"2c9fda2\" data-element_type=\"column\" data-e-type=\"column\">\n\t\t\t<div class=\"elementor-widget-wrap elementor-element-populated\">\n\t\t\t\t\t\t\t<\/div>\n\t\t<\/div>\n\t\t\t\t\t<\/div>\n\t\t<\/section>\n\t\t\t\t<div class=\"elementor-element elementor-element-76e10d9 elementor-widget elementor-widget-heading\" data-id=\"76e10d9\" data-element_type=\"widget\" data-e-type=\"widget\" data-widget_type=\"heading.default\">\n\t\t\t\t<div class=\"elementor-widget-container\">\n\t\t\t\t\t<h2 class=\"elementor-heading-title elementor-size-default\">Tutorials<\/h2>\t\t\t\t<\/div>\n\t\t\t\t<\/div>\n\t\t\t\t\t<\/div>\n\t\t<\/div>\n\t\t\t\t\t<\/div>\n\t\t<\/section>\n\t\t\t\t<\/div>\n\t\t","protected":false},"excerpt":{"rendered":"<h4>SONAX GummiPfleger Rubber Schmierfett f\u00fcr die Pflege von Schiebedachdichtungen &#8211; 100ml<\/h4>\n<h4>Kompatibel mit allen Fahrzeugen, die mit einem Schiebedach ausgestattet sind<\/h4>\n<ul>\n<li>Inhalt: 100ml<\/li>\n<\/ul>\n","protected":false},"featured_media":16969,"comment_status":"open","ping_status":"closed","template":"","meta":[],"product_brand":[],"product_cat":[1145,1147,1070],"product_tag":[],"class_list":{"0":"post-16967","1":"product","2":"type-product","3":"status-publish","4":"has-post-thumbnail","6":"product_cat-gleitmittel-fur-schiebedach","7":"product_cat-pflegeprodukt-fur-schiebedach","8":"product_cat-store-velum","9":"pa_make-a5-8t3-06-2007-06-2016","10":"pa_make-alhambra-iii-06-2010-04-2015","11":"pa_make-alle-marken","12":"pa_make-ateca-phase-2-07-2020-heute","13":"pa_make-cayenne-92a-02-2010-05-2018","14":"pa_make-e-tron-suv-09-2018-heute","15":"pa_make-golf-v-sw-05-2007-07-2009","16":"pa_make-golf-vi-sw-07-2009-07-2013","17":"pa_make-golf-vii-sw-04-2013-10-2016","18":"pa_make-golf-viii-sw-variant-09-2020-heute","19":"pa_make-insignia-phase-1-01-2009-07-2013","20":"pa_make-insignia-phase-2-07-2013-04-2017","21":"pa_make-karoq-phase-i-07-2017-12-2021","22":"pa_make-kodiaq-phase-110-2016-04-2021","23":"pa_make-leon-kombi-iii-5f8-st-01-2013-10-2016","24":"pa_make-leon-kombi-iv-kl8-st-03-2020-heute","25":"pa_make-octavia-5e5-kombi-11-2012-01-2017","26":"pa_make-octavia-nx3-03-2020-heute","27":"pa_make-opel-de","28":"pa_make-passat-b6-sw-03-2005-11-2010","29":"pa_make-passat-b7-sw-08-2010-12-2014","30":"pa_make-passat-b8-sw-08-2014-07-2019","31":"pa_make-passat-cc-01-2014-12-2016","32":"pa_make-passat-cc-b6-05-2008-12-2013","33":"pa_make-porsche-de","34":"pa_make-q5-i-8rb-11-2008-09-2012","35":"pa_make-q5-i-8rb-phase-2-06-2012-04-2016","36":"pa_make-q7-serie-1-03-2006-06-2009","37":"pa_make-q7-serie-1-phase-2-06-2009-08-2015","38":"pa_make-r55-2-clubman-08-2007-06-2010","39":"pa_make-r55-2-clubman-lci-03-2010-05-2014","40":"pa_make-r56-2-11-2006-07-2010","41":"pa_make-r56-2-lci-08-2010-12-2013","42":"pa_make-r60-2-countryman-08-2010-07-2014","43":"pa_make-r60-2-countryman-lci-07-2014-09-2016","44":"pa_make-seat-de","45":"pa_make-sharan-iii-05-2010-12-2016","46":"pa_make-sharan-iii-phase-2-05-2015-heute","47":"pa_make-superb-kombi-ii-kombi-03-2008-05-2013","48":"pa_make-superb-kombi-ii-kombi-phase-2-05-2013-03-2015","49":"pa_make-superb-kombi-iii-kombi-03-2015-01-2020","50":"pa_make-tiguan-i-phase-1-11-2007-05-2011","51":"pa_make-tiguan-i-phase-2-05-2011-12-2015","52":"pa_make-tiguan-ii-01-2016-07-2020","53":"pa_make-tiguan-ii-phase-2-07-2020-heute","54":"pa_make-touareg-ii-01-2010-12-2014","55":"pa_make-touareg-ii-phase-2-07-2014-03-2018","56":"pa_make-touran-1t1-i-02-2003-11-2006","57":"pa_make-touran-1t2-i-phase-2-11-2006-05-2010","58":"pa_make-touran-1t3-i-phase-3-05-2010-05-2015","59":"pa_make-universell","60":"pa_make-yeti-phase-1-05-2009-11-2013","61":"pa_make-yeti-phase-2-11-2013-heute","62":"pa_year-attr-1130","63":"pa_year-attr-1131","64":"pa_year-attr-1132","65":"pa_year-attr-1133","66":"pa_year-attr-1134","67":"pa_year-attr-1135","68":"pa_year-attr-1091","69":"pa_year-attr-1074","70":"pa_year-attr-1061","71":"pa_year-attr-1062","72":"pa_year-attr-1063","73":"pa_year-attr-1064","74":"pa_year-attr-1065","75":"pa_year-attr-1066","76":"pa_year-attr-1067","77":"pa_year-attr-1068","78":"pa_year-attr-1069","79":"pa_year-attr-1136","80":"pa_year-attr-1137","81":"pa_year-attr-1138","82":"pa_year-attr-1139","83":"pa_year-attr-1140","84":"pa_year-attr-1141","86":"first","87":"outofstock","88":"sale","89":"shipping-taxable","90":"purchasable","91":"product-type-simple"},"etheme_brands":{"errors":{"invalid_taxonomy":["Die Taxonomie ist ung\u00fcltig."]},"error_data":[]},"yoast_head":"<!-- This site is optimized with the Yoast SEO Premium plugin v27.3 (Yoast SEO v27.5) - https:\/\/yoast.com\/product\/yoast-seo-premium-wordpress\/ -->\n<title>SONAX GummiPfleger Rubber f\u00fcr die Pflege von Schiebedachdichtungen - 100ml - Velum Auto Store<\/title>\n<meta name=\"description\" content=\"SONAX GummiPfleger pflegt Schiebedach-Dichtungen, 100ml Flasche. Verl\u00e4ngert Lebensdauer aller Autos professionell und zuverl\u00e4ssig!\" \/>\n<meta name=\"robots\" content=\"index, follow, max-snippet:-1, max-image-preview:large, max-video-preview:-1\" \/>\n<link rel=\"canonical\" href=\"https:\/\/velumautostore.com\/de\/produkt\/sonax-gummipfleger-rubber-fuer-die-pflege-von-schiebedachdichtungen-100ml\/\" \/>\n<meta property=\"og:locale\" content=\"de_DE\" \/>\n<meta property=\"og:type\" content=\"article\" \/>\n<meta property=\"og:title\" content=\"SONAX GummiPfleger Rubber f\u00fcr die Pflege von Schiebedachdichtungen - 100ml\" \/>\n<meta property=\"og:description\" content=\"SONAX GummiPfleger pflegt Schiebedach-Dichtungen, 100ml Flasche. Verl\u00e4ngert Lebensdauer aller Autos professionell und zuverl\u00e4ssig!\" \/>\n<meta property=\"og:url\" content=\"https:\/\/velumautostore.com\/de\/produkt\/sonax-gummipfleger-rubber-fuer-die-pflege-von-schiebedachdichtungen-100ml\/\" \/>\n<meta property=\"og:site_name\" content=\"Velum Auto Store\" \/>\n<meta property=\"article:publisher\" content=\"https:\/\/fr-fr.facebook.com\/Velumautostore\/\" \/>\n<meta property=\"article:modified_time\" content=\"2026-02-12T09:17:32+00:00\" \/>\n<meta property=\"og:image\" content=\"https:\/\/velumautostore.com\/wp-content\/uploads\/2025\/05\/kit-entretien_sonax_CONFORT.jpg\" \/>\n\t<meta property=\"og:image:width\" content=\"800\" \/>\n\t<meta property=\"og:image:height\" content=\"800\" \/>\n\t<meta property=\"og:image:type\" content=\"image\/jpeg\" \/>\n<meta name=\"twitter:card\" content=\"summary_large_image\" \/>\n<meta name=\"twitter:label1\" content=\"Preis\" \/>\n\t<meta name=\"twitter:data1\" content=\"15.90&euro;\" \/>\n\t<meta name=\"twitter:label2\" content=\"Verf\u00fcgbarkeit\" \/>\n\t<meta name=\"twitter:data2\" content=\"ausverkauft\" \/>\n<script type=\"application\/ld+json\" class=\"yoast-schema-graph\">{\"@context\":\"https:\\\/\\\/schema.org\",\"@graph\":[{\"@type\":\"WebPage\",\"@id\":\"https:\\\/\\\/velumautostore.com\\\/de\\\/produkt\\\/sonax-gummipfleger-rubber-fuer-die-pflege-von-schiebedachdichtungen-100ml\\\/\",\"url\":\"https:\\\/\\\/velumautostore.com\\\/de\\\/produkt\\\/sonax-gummipfleger-rubber-fuer-die-pflege-von-schiebedachdichtungen-100ml\\\/\",\"name\":\"SONAX GummiPfleger Rubber f\u00fcr die Pflege von Schiebedachdichtungen - 100ml - Velum Auto Store\",\"isPartOf\":{\"@id\":\"https:\\\/\\\/velumautostore.com\\\/#website\"},\"primaryImageOfPage\":{\"@id\":\"https:\\\/\\\/velumautostore.com\\\/de\\\/produkt\\\/sonax-gummipfleger-rubber-fuer-die-pflege-von-schiebedachdichtungen-100ml\\\/#primaryimage\"},\"image\":{\"@id\":\"https:\\\/\\\/velumautostore.com\\\/de\\\/produkt\\\/sonax-gummipfleger-rubber-fuer-die-pflege-von-schiebedachdichtungen-100ml\\\/#primaryimage\"},\"thumbnailUrl\":\"https:\\\/\\\/velumautostore.com\\\/wp-content\\\/uploads\\\/2025\\\/05\\\/kit-entretien_sonax_CONFORT.jpg\",\"datePublished\":\"2025-05-12T12:20:15+00:00\",\"dateModified\":\"2026-02-12T09:17:32+00:00\",\"description\":\"SONAX GummiPfleger pflegt Schiebedach-Dichtungen, 100ml Flasche. Verl\u00e4ngert Lebensdauer aller Autos professionell und zuverl\u00e4ssig!\",\"breadcrumb\":{\"@id\":\"https:\\\/\\\/velumautostore.com\\\/de\\\/produkt\\\/sonax-gummipfleger-rubber-fuer-die-pflege-von-schiebedachdichtungen-100ml\\\/#breadcrumb\"},\"inLanguage\":\"de\",\"potentialAction\":[{\"@type\":\"ReadAction\",\"target\":[\"https:\\\/\\\/velumautostore.com\\\/de\\\/produkt\\\/sonax-gummipfleger-rubber-fuer-die-pflege-von-schiebedachdichtungen-100ml\\\/\"]}]},{\"@type\":\"ImageObject\",\"inLanguage\":\"de\",\"@id\":\"https:\\\/\\\/velumautostore.com\\\/de\\\/produkt\\\/sonax-gummipfleger-rubber-fuer-die-pflege-von-schiebedachdichtungen-100ml\\\/#primaryimage\",\"url\":\"https:\\\/\\\/velumautostore.com\\\/wp-content\\\/uploads\\\/2025\\\/05\\\/kit-entretien_sonax_CONFORT.jpg\",\"contentUrl\":\"https:\\\/\\\/velumautostore.com\\\/wp-content\\\/uploads\\\/2025\\\/05\\\/kit-entretien_sonax_CONFORT.jpg\",\"width\":800,\"height\":800},{\"@type\":\"BreadcrumbList\",\"@id\":\"https:\\\/\\\/velumautostore.com\\\/de\\\/produkt\\\/sonax-gummipfleger-rubber-fuer-die-pflege-von-schiebedachdichtungen-100ml\\\/#breadcrumb\",\"itemListElement\":[{\"@type\":\"ListItem\",\"position\":1,\"name\":\"Accueil\",\"item\":\"https:\\\/\\\/velumautostore.com\\\/de\\\/home\\\/\"},{\"@type\":\"ListItem\",\"position\":2,\"name\":\"Shop\",\"item\":\"https:\\\/\\\/velumautostore.com\\\/de\\\/?page_id=19555\"},{\"@type\":\"ListItem\",\"position\":3,\"name\":\"SONAX GummiPfleger Rubber f\u00fcr die Pflege von Schiebedachdichtungen &#8211; 100ml\"}]},{\"@type\":\"WebSite\",\"@id\":\"https:\\\/\\\/velumautostore.com\\\/#website\",\"url\":\"https:\\\/\\\/velumautostore.com\\\/\",\"name\":\"Velum Auto Store\",\"description\":\"Store et toit panoramique\",\"publisher\":{\"@id\":\"https:\\\/\\\/velumautostore.com\\\/#organization\"},\"potentialAction\":[{\"@type\":\"SearchAction\",\"target\":{\"@type\":\"EntryPoint\",\"urlTemplate\":\"https:\\\/\\\/velumautostore.com\\\/?s={search_term_string}\"},\"query-input\":{\"@type\":\"PropertyValueSpecification\",\"valueRequired\":true,\"valueName\":\"search_term_string\"}}],\"inLanguage\":\"de\"},{\"@type\":\"Organization\",\"@id\":\"https:\\\/\\\/velumautostore.com\\\/#organization\",\"name\":\"Velum Auto Store\",\"url\":\"https:\\\/\\\/velumautostore.com\\\/\",\"logo\":{\"@type\":\"ImageObject\",\"inLanguage\":\"de\",\"@id\":\"https:\\\/\\\/velumautostore.com\\\/#\\\/schema\\\/logo\\\/image\\\/\",\"url\":\"https:\\\/\\\/velumautostore.com\\\/wp-content\\\/uploads\\\/2021\\\/09\\\/cropped-Velum_AutoStore_logo_3.png\",\"contentUrl\":\"https:\\\/\\\/velumautostore.com\\\/wp-content\\\/uploads\\\/2021\\\/09\\\/cropped-Velum_AutoStore_logo_3.png\",\"width\":321,\"height\":154,\"caption\":\"Velum Auto Store\"},\"image\":{\"@id\":\"https:\\\/\\\/velumautostore.com\\\/#\\\/schema\\\/logo\\\/image\\\/\"},\"sameAs\":[\"https:\\\/\\\/fr-fr.facebook.com\\\/Velumautostore\\\/\"]}]}<\/script>\n<meta property=\"product:price:amount\" content=\"15.90\" \/>\n<meta property=\"product:price:currency\" content=\"EUR\" \/>\n<meta property=\"og:availability\" content=\"out of stock\" \/>\n<meta property=\"product:availability\" content=\"out of stock\" \/>\n<meta property=\"product:condition\" content=\"new\" \/>\n<!-- \/ Yoast SEO Premium plugin. -->","yoast_head_json":{"title":"SONAX GummiPfleger Rubber f\u00fcr die Pflege von Schiebedachdichtungen - 100ml - Velum Auto Store","description":"SONAX GummiPfleger pflegt Schiebedach-Dichtungen, 100ml Flasche. Verl\u00e4ngert Lebensdauer aller Autos professionell und zuverl\u00e4ssig!","robots":{"index":"index","follow":"follow","max-snippet":"max-snippet:-1","max-image-preview":"max-image-preview:large","max-video-preview":"max-video-preview:-1"},"canonical":"https:\/\/velumautostore.com\/de\/produkt\/sonax-gummipfleger-rubber-fuer-die-pflege-von-schiebedachdichtungen-100ml\/","og_locale":"de_DE","og_type":"article","og_title":"SONAX GummiPfleger Rubber f\u00fcr die Pflege von Schiebedachdichtungen - 100ml","og_description":"SONAX GummiPfleger pflegt Schiebedach-Dichtungen, 100ml Flasche. Verl\u00e4ngert Lebensdauer aller Autos professionell und zuverl\u00e4ssig!","og_url":"https:\/\/velumautostore.com\/de\/produkt\/sonax-gummipfleger-rubber-fuer-die-pflege-von-schiebedachdichtungen-100ml\/","og_site_name":"Velum Auto Store","article_publisher":"https:\/\/fr-fr.facebook.com\/Velumautostore\/","article_modified_time":"2026-02-12T09:17:32+00:00","og_image":[{"width":800,"height":800,"url":"https:\/\/velumautostore.com\/wp-content\/uploads\/2025\/05\/kit-entretien_sonax_CONFORT.jpg","type":"image\/jpeg"}],"twitter_card":"summary_large_image","twitter_misc":{"Preis":"15.90&euro;","Verf\u00fcgbarkeit":"ausverkauft"},"schema":{"@context":"https:\/\/schema.org","@graph":[{"@type":"WebPage","@id":"https:\/\/velumautostore.com\/de\/produkt\/sonax-gummipfleger-rubber-fuer-die-pflege-von-schiebedachdichtungen-100ml\/","url":"https:\/\/velumautostore.com\/de\/produkt\/sonax-gummipfleger-rubber-fuer-die-pflege-von-schiebedachdichtungen-100ml\/","name":"SONAX GummiPfleger Rubber f\u00fcr die Pflege von Schiebedachdichtungen - 100ml - Velum Auto Store","isPartOf":{"@id":"https:\/\/velumautostore.com\/#website"},"primaryImageOfPage":{"@id":"https:\/\/velumautostore.com\/de\/produkt\/sonax-gummipfleger-rubber-fuer-die-pflege-von-schiebedachdichtungen-100ml\/#primaryimage"},"image":{"@id":"https:\/\/velumautostore.com\/de\/produkt\/sonax-gummipfleger-rubber-fuer-die-pflege-von-schiebedachdichtungen-100ml\/#primaryimage"},"thumbnailUrl":"https:\/\/velumautostore.com\/wp-content\/uploads\/2025\/05\/kit-entretien_sonax_CONFORT.jpg","datePublished":"2025-05-12T12:20:15+00:00","dateModified":"2026-02-12T09:17:32+00:00","description":"SONAX GummiPfleger pflegt Schiebedach-Dichtungen, 100ml Flasche. Verl\u00e4ngert Lebensdauer aller Autos professionell und zuverl\u00e4ssig!","breadcrumb":{"@id":"https:\/\/velumautostore.com\/de\/produkt\/sonax-gummipfleger-rubber-fuer-die-pflege-von-schiebedachdichtungen-100ml\/#breadcrumb"},"inLanguage":"de","potentialAction":[{"@type":"ReadAction","target":["https:\/\/velumautostore.com\/de\/produkt\/sonax-gummipfleger-rubber-fuer-die-pflege-von-schiebedachdichtungen-100ml\/"]}]},{"@type":"ImageObject","inLanguage":"de","@id":"https:\/\/velumautostore.com\/de\/produkt\/sonax-gummipfleger-rubber-fuer-die-pflege-von-schiebedachdichtungen-100ml\/#primaryimage","url":"https:\/\/velumautostore.com\/wp-content\/uploads\/2025\/05\/kit-entretien_sonax_CONFORT.jpg","contentUrl":"https:\/\/velumautostore.com\/wp-content\/uploads\/2025\/05\/kit-entretien_sonax_CONFORT.jpg","width":800,"height":800},{"@type":"BreadcrumbList","@id":"https:\/\/velumautostore.com\/de\/produkt\/sonax-gummipfleger-rubber-fuer-die-pflege-von-schiebedachdichtungen-100ml\/#breadcrumb","itemListElement":[{"@type":"ListItem","position":1,"name":"Accueil","item":"https:\/\/velumautostore.com\/de\/home\/"},{"@type":"ListItem","position":2,"name":"Shop","item":"https:\/\/velumautostore.com\/de\/?page_id=19555"},{"@type":"ListItem","position":3,"name":"SONAX GummiPfleger Rubber f\u00fcr die Pflege von Schiebedachdichtungen &#8211; 100ml"}]},{"@type":"WebSite","@id":"https:\/\/velumautostore.com\/#website","url":"https:\/\/velumautostore.com\/","name":"Velum Auto Store","description":"Store et toit panoramique","publisher":{"@id":"https:\/\/velumautostore.com\/#organization"},"potentialAction":[{"@type":"SearchAction","target":{"@type":"EntryPoint","urlTemplate":"https:\/\/velumautostore.com\/?s={search_term_string}"},"query-input":{"@type":"PropertyValueSpecification","valueRequired":true,"valueName":"search_term_string"}}],"inLanguage":"de"},{"@type":"Organization","@id":"https:\/\/velumautostore.com\/#organization","name":"Velum Auto Store","url":"https:\/\/velumautostore.com\/","logo":{"@type":"ImageObject","inLanguage":"de","@id":"https:\/\/velumautostore.com\/#\/schema\/logo\/image\/","url":"https:\/\/velumautostore.com\/wp-content\/uploads\/2021\/09\/cropped-Velum_AutoStore_logo_3.png","contentUrl":"https:\/\/velumautostore.com\/wp-content\/uploads\/2021\/09\/cropped-Velum_AutoStore_logo_3.png","width":321,"height":154,"caption":"Velum Auto Store"},"image":{"@id":"https:\/\/velumautostore.com\/#\/schema\/logo\/image\/"},"sameAs":["https:\/\/fr-fr.facebook.com\/Velumautostore\/"]}]},"product_price_amount":"15.90","product_price_currency":"EUR","og_availability":"out of stock","product_availability":"out of stock","product_condition":"new"},"_links":{"self":[{"href":"https:\/\/velumautostore.com\/de\/wp-json\/wp\/v2\/product\/16967","targetHints":{"allow":["GET"]}}],"collection":[{"href":"https:\/\/velumautostore.com\/de\/wp-json\/wp\/v2\/product"}],"about":[{"href":"https:\/\/velumautostore.com\/de\/wp-json\/wp\/v2\/types\/product"}],"replies":[{"embeddable":true,"href":"https:\/\/velumautostore.com\/de\/wp-json\/wp\/v2\/comments?post=16967"}],"version-history":[{"count":3,"href":"https:\/\/velumautostore.com\/de\/wp-json\/wp\/v2\/product\/16967\/revisions"}],"predecessor-version":[{"id":18743,"href":"https:\/\/velumautostore.com\/de\/wp-json\/wp\/v2\/product\/16967\/revisions\/18743"}],"wp:featuredmedia":[{"embeddable":true,"href":"https:\/\/velumautostore.com\/de\/wp-json\/wp\/v2\/media\/16969"}],"wp:attachment":[{"href":"https:\/\/velumautostore.com\/de\/wp-json\/wp\/v2\/media?parent=16967"}],"wp:term":[{"taxonomy":"product_brand","embeddable":true,"href":"https:\/\/velumautostore.com\/de\/wp-json\/wp\/v2\/product_brand?post=16967"},{"taxonomy":"product_cat","embeddable":true,"href":"https:\/\/velumautostore.com\/de\/wp-json\/wp\/v2\/product_cat?post=16967"},{"taxonomy":"product_tag","embeddable":true,"href":"https:\/\/velumautostore.com\/de\/wp-json\/wp\/v2\/product_tag?post=16967"}],"curies":[{"name":"wp","href":"https:\/\/api.w.org\/{rel}","templated":true}]}}