{"id":16961,"date":"2025-05-12T13:49:06","date_gmt":"2025-05-12T11:49:06","guid":{"rendered":"https:\/\/velumautostore.com\/produit\/start-und-stopptaste-5nb959839-5nc959839-vw-tiguan-ii\/"},"modified":"2025-05-12T13:49:06","modified_gmt":"2025-05-12T11:49:06","slug":"start-und-stopptaste-5nb959839-5nc959839-vw-tiguan-ii","status":"publish","type":"product","link":"https:\/\/velumautostore.com\/de\/produkt\/start-und-stopptaste-5nb959839-5nc959839-vw-tiguan-ii\/","title":{"rendered":"Start- und Stopptaste &#8211; 5NB959839 5NC959839- VW Tiguan II"},"content":{"rendered":"<h3 id=\"description\">Beschreibung<\/h3>\n<p>Ersetzen Sie Ihren defekten Knopf mit unserem Modell 5NB959839, 5NC959839, passend f\u00fcr VW Tiguan. Dieser hochwertige Knopf aus grauem Kunststoff ist so konzipiert, dass er eine \u00e4hnliche Leistung und Haltbarkeit wie das Original bietet. <\/p>\n<hr>\n<h3 id=\"caractristiques\">Merkmale<\/h3>\n<ul>\n<li><strong>Material<\/strong>: Kunststoff<\/li>\n<li><strong>Farbe<\/strong>: Grau<\/li>\n<li><strong>Garantie<\/strong>: 1 Jahr<\/li>\n<\/ul>\n<h3 id=\"compatibilit\">Kompatibilit\u00e4t<\/h3>\n<ul>\n<li><strong>VW<\/strong>:\n<ul>\n<li>Tiguan: ab 2017<\/li>\n<\/ul>\n<\/li>\n<\/ul>\n<h3 id=\"rfrencesquivalentes\">Gleichwertige Referenzen<\/h3>\n<ul>\n<li>5NB959839<\/li>\n<li>5NC959839<\/li>\n<\/ul>\n<hr>\n<h3 id=\"pourquoichoisirnotreboutonstartandstop\">Warum sollten Sie sich f\u00fcr unsere START- und STOPP-Taste entscheiden?<\/h3>\n<p>Dieser START- und STOP-Knopf ist der perfekte Ersatz f\u00fcr Ihren defekten Knopf. Seine Qualit\u00e4t entspricht der des Originals und garantiert eine zuverl\u00e4ssige und dauerhafte Leistung. Er ist mit verschiedenen Modellen von VW, Audi, Seat und Skoda kompatibel, einfach zu installieren und bietet eine einj\u00e4hrige Garantie f\u00fcr maximale Sicherheit.  <\/p>\n<p>&nbsp;<\/p>\n<p>1 Jahr Garantie, damit Sie mit einem ausgeruhten Geist fahren k\u00f6nnen<\/p>\n","protected":false},"excerpt":{"rendered":"<h3 id=\"description\">Beschreibung<\/h3>\n<p>Ersetzen Sie Ihren defekten Knopf mit unserem Modell 5NB959839, 5NC959839, passend f\u00fcr VW Tiguan. Dieser hochwertige Knopf aus grauem Kunststoff ist so konzipiert, dass er eine \u00e4hnliche Leistung und Haltbarkeit wie das Original bietet. <\/p>\n<hr>\n<h3 id=\"caractristiques\">Merkmale<\/h3>\n<ul>\n<li><strong>Material<\/strong>: Kunststoff<\/li>\n<li><strong>Farbe<\/strong>: Grau<\/li>\n<li><strong>Garantie<\/strong>: 1 Jahr<\/li>\n<\/ul>\n","protected":false},"featured_media":16962,"comment_status":"open","ping_status":"closed","template":"","meta":[],"product_brand":[],"product_cat":[1142,1070],"product_tag":[],"class_list":{"0":"post-16961","1":"product","2":"type-product","3":"status-publish","4":"has-post-thumbnail","6":"product_cat-ersatzteile","7":"product_cat-store-velum","8":"pa_make-alhambra-iii-06-2010-04-2015","9":"pa_make-alle-marken","10":"pa_make-golf-v-sw-05-2007-07-2009","11":"pa_make-golf-vi-sw-07-2009-07-2013","12":"pa_make-golf-vii-sw-04-2013-10-2016","13":"pa_make-leon-kombi-iii-5f8-st-01-2013-10-2016","14":"pa_make-octavia-5e5-kombi-11-2012-01-2017","15":"pa_make-passat-b6-sw-03-2005-11-2010","16":"pa_make-passat-b7-sw-08-2010-12-2014","17":"pa_make-q5-i-8rb-11-2008-09-2012","18":"pa_make-q5-i-8rb-phase-2-06-2012-04-2016","19":"pa_make-seat-de","20":"pa_make-sharan-iii-05-2010-12-2016","21":"pa_make-superb-kombi-ii-kombi-03-2008-05-2013","22":"pa_make-superb-kombi-ii-kombi-phase-2-05-2013-03-2015","23":"pa_make-tiguan-i-phase-1-11-2007-05-2011","24":"pa_make-tiguan-i-phase-2-05-2011-12-2015","25":"pa_make-tiguan-ii-01-2016-07-2020","26":"pa_make-tiguan-ii-phase-2-07-2020-heute","27":"pa_make-touran-1t1-i-02-2003-11-2006","28":"pa_make-touran-1t2-i-phase-2-11-2006-05-2010","29":"pa_make-touran-1t3-i-phase-3-05-2010-05-2015","30":"pa_make-universell","31":"pa_make-yeti-phase-1-05-2009-11-2013","32":"pa_make-yeti-phase-2-11-2013-heute","33":"pa_marque-audi","34":"pa_marque-seat","35":"pa_marque-skoda","36":"pa_marque-vag","37":"pa_marque-volkswagen","38":"pa_year-attr-1130","39":"pa_year-attr-1131","40":"pa_year-attr-1132","41":"pa_year-attr-1133","42":"pa_year-attr-1134","43":"pa_year-attr-1135","44":"pa_year-attr-1091","45":"pa_year-attr-1074","46":"pa_year-attr-1061","47":"pa_year-attr-1062","48":"pa_year-attr-1063","49":"pa_year-attr-1064","50":"pa_year-attr-1065","51":"pa_year-attr-1066","52":"pa_year-attr-1067","53":"pa_year-attr-1068","54":"pa_year-attr-1069","55":"pa_year-attr-1136","56":"pa_year-attr-1137","57":"pa_year-attr-1138","58":"pa_year-attr-1139","59":"pa_year-attr-1140","60":"pa_year-attr-1141","62":"first","63":"outofstock","64":"sale","65":"shipping-taxable","66":"purchasable","67":"product-type-simple"},"etheme_brands":{"errors":{"invalid_taxonomy":["Die Taxonomie ist ung\u00fcltig."]},"error_data":[]},"yoast_head":"<!-- This site is optimized with the Yoast SEO Premium plugin v27.3 (Yoast SEO v27.5) - https:\/\/yoast.com\/product\/yoast-seo-premium-wordpress\/ -->\n<title>Volkswagen Start- und Stopptaste - Velum Auto Store<\/title>\n<meta name=\"description\" content=\"Ersetzen Sie Ihren defekten START- und STOP-Knopf mit unserem Modell 3GD959839. Kompatibel mit VW, Audi, Seat und Skoda. Originalqualit\u00e4t garantiert.\" \/>\n<meta name=\"robots\" content=\"index, follow, max-snippet:-1, max-image-preview:large, max-video-preview:-1\" \/>\n<link rel=\"canonical\" href=\"https:\/\/velumautostore.com\/de\/produit\/start-und-stopptaste-5nb959839-5nc959839-vw-tiguan-ii\/\" \/>\n<meta property=\"og:locale\" content=\"de_DE\" \/>\n<meta property=\"og:type\" content=\"article\" \/>\n<meta property=\"og:title\" content=\"Start- und Stopptaste - 5NB959839 5NC959839- VW Tiguan II\" \/>\n<meta property=\"og:description\" content=\"Ersetzen Sie Ihren defekten START- und STOP-Knopf mit unserem Modell 3GD959839. Kompatibel mit VW, Audi, Seat und Skoda. Originalqualit\u00e4t garantiert.\" \/>\n<meta property=\"og:url\" content=\"https:\/\/velumautostore.com\/de\/produit\/start-und-stopptaste-5nb959839-5nc959839-vw-tiguan-ii\/\" \/>\n<meta property=\"og:site_name\" content=\"Velum Auto Store\" \/>\n<meta property=\"article:publisher\" content=\"https:\/\/fr-fr.facebook.com\/Velumautostore\/\" \/>\n<meta property=\"og:image\" content=\"https:\/\/velumautostore.com\/wp-content\/uploads\/2025\/05\/start-and-stop_5NB_1.jpg\" \/>\n\t<meta property=\"og:image:width\" content=\"800\" \/>\n\t<meta property=\"og:image:height\" content=\"800\" \/>\n\t<meta property=\"og:image:type\" content=\"image\/jpeg\" \/>\n<meta name=\"twitter:card\" content=\"summary_large_image\" \/>\n<meta name=\"twitter:label1\" content=\"Preis\" \/>\n\t<meta name=\"twitter:data1\" content=\"34.90&euro;\" \/>\n\t<meta name=\"twitter:label2\" content=\"Verf\u00fcgbarkeit\" \/>\n\t<meta name=\"twitter:data2\" content=\"ausverkauft\" \/>\n<script type=\"application\/ld+json\" class=\"yoast-schema-graph\">{\"@context\":\"https:\\\/\\\/schema.org\",\"@graph\":[{\"@type\":\"WebPage\",\"@id\":\"https:\\\/\\\/velumautostore.com\\\/de\\\/produit\\\/start-und-stopptaste-5nb959839-5nc959839-vw-tiguan-ii\\\/\",\"url\":\"https:\\\/\\\/velumautostore.com\\\/de\\\/produit\\\/start-und-stopptaste-5nb959839-5nc959839-vw-tiguan-ii\\\/\",\"name\":\"Volkswagen Start- und Stopptaste - Velum Auto Store\",\"isPartOf\":{\"@id\":\"https:\\\/\\\/velumautostore.com\\\/#website\"},\"primaryImageOfPage\":{\"@id\":\"https:\\\/\\\/velumautostore.com\\\/de\\\/produit\\\/start-und-stopptaste-5nb959839-5nc959839-vw-tiguan-ii\\\/#primaryimage\"},\"image\":{\"@id\":\"https:\\\/\\\/velumautostore.com\\\/de\\\/produit\\\/start-und-stopptaste-5nb959839-5nc959839-vw-tiguan-ii\\\/#primaryimage\"},\"thumbnailUrl\":\"https:\\\/\\\/velumautostore.com\\\/wp-content\\\/uploads\\\/2025\\\/05\\\/start-and-stop_5NB_1.jpg\",\"datePublished\":\"2025-05-12T11:49:06+00:00\",\"description\":\"Ersetzen Sie Ihren defekten START- und STOP-Knopf mit unserem Modell 3GD959839. Kompatibel mit VW, Audi, Seat und Skoda. Originalqualit\u00e4t garantiert.\",\"breadcrumb\":{\"@id\":\"https:\\\/\\\/velumautostore.com\\\/de\\\/produit\\\/start-und-stopptaste-5nb959839-5nc959839-vw-tiguan-ii\\\/#breadcrumb\"},\"inLanguage\":\"de\",\"potentialAction\":[{\"@type\":\"ReadAction\",\"target\":[\"https:\\\/\\\/velumautostore.com\\\/de\\\/produit\\\/start-und-stopptaste-5nb959839-5nc959839-vw-tiguan-ii\\\/\"]}]},{\"@type\":\"ImageObject\",\"inLanguage\":\"de\",\"@id\":\"https:\\\/\\\/velumautostore.com\\\/de\\\/produit\\\/start-und-stopptaste-5nb959839-5nc959839-vw-tiguan-ii\\\/#primaryimage\",\"url\":\"https:\\\/\\\/velumautostore.com\\\/wp-content\\\/uploads\\\/2025\\\/05\\\/start-and-stop_5NB_1.jpg\",\"contentUrl\":\"https:\\\/\\\/velumautostore.com\\\/wp-content\\\/uploads\\\/2025\\\/05\\\/start-and-stop_5NB_1.jpg\",\"width\":800,\"height\":800},{\"@type\":\"BreadcrumbList\",\"@id\":\"https:\\\/\\\/velumautostore.com\\\/de\\\/produit\\\/start-und-stopptaste-5nb959839-5nc959839-vw-tiguan-ii\\\/#breadcrumb\",\"itemListElement\":[{\"@type\":\"ListItem\",\"position\":1,\"name\":\"Accueil\",\"item\":\"https:\\\/\\\/velumautostore.com\\\/de\\\/home\\\/\"},{\"@type\":\"ListItem\",\"position\":2,\"name\":\"Shop\",\"item\":\"https:\\\/\\\/velumautostore.com\\\/de\\\/?page_id=19555\"},{\"@type\":\"ListItem\",\"position\":3,\"name\":\"Start- und Stopptaste &#8211; 5NB959839 5NC959839- VW Tiguan II\"}]},{\"@type\":\"WebSite\",\"@id\":\"https:\\\/\\\/velumautostore.com\\\/#website\",\"url\":\"https:\\\/\\\/velumautostore.com\\\/\",\"name\":\"Velum Auto Store\",\"description\":\"Store et toit panoramique\",\"publisher\":{\"@id\":\"https:\\\/\\\/velumautostore.com\\\/#organization\"},\"potentialAction\":[{\"@type\":\"SearchAction\",\"target\":{\"@type\":\"EntryPoint\",\"urlTemplate\":\"https:\\\/\\\/velumautostore.com\\\/?s={search_term_string}\"},\"query-input\":{\"@type\":\"PropertyValueSpecification\",\"valueRequired\":true,\"valueName\":\"search_term_string\"}}],\"inLanguage\":\"de\"},{\"@type\":\"Organization\",\"@id\":\"https:\\\/\\\/velumautostore.com\\\/#organization\",\"name\":\"Velum Auto Store\",\"url\":\"https:\\\/\\\/velumautostore.com\\\/\",\"logo\":{\"@type\":\"ImageObject\",\"inLanguage\":\"de\",\"@id\":\"https:\\\/\\\/velumautostore.com\\\/#\\\/schema\\\/logo\\\/image\\\/\",\"url\":\"https:\\\/\\\/velumautostore.com\\\/wp-content\\\/uploads\\\/2021\\\/09\\\/cropped-Velum_AutoStore_logo_3.png\",\"contentUrl\":\"https:\\\/\\\/velumautostore.com\\\/wp-content\\\/uploads\\\/2021\\\/09\\\/cropped-Velum_AutoStore_logo_3.png\",\"width\":321,\"height\":154,\"caption\":\"Velum Auto Store\"},\"image\":{\"@id\":\"https:\\\/\\\/velumautostore.com\\\/#\\\/schema\\\/logo\\\/image\\\/\"},\"sameAs\":[\"https:\\\/\\\/fr-fr.facebook.com\\\/Velumautostore\\\/\"]}]}<\/script>\n<meta property=\"product:price:amount\" content=\"34.90\" \/>\n<meta property=\"product:price:currency\" content=\"EUR\" \/>\n<meta property=\"og:availability\" content=\"out of stock\" \/>\n<meta property=\"product:availability\" content=\"out of stock\" \/>\n<meta property=\"product:condition\" content=\"new\" \/>\n<!-- \/ Yoast SEO Premium plugin. -->","yoast_head_json":{"title":"Volkswagen Start- und Stopptaste - Velum Auto Store","description":"Ersetzen Sie Ihren defekten START- und STOP-Knopf mit unserem Modell 3GD959839. Kompatibel mit VW, Audi, Seat und Skoda. Originalqualit\u00e4t garantiert.","robots":{"index":"index","follow":"follow","max-snippet":"max-snippet:-1","max-image-preview":"max-image-preview:large","max-video-preview":"max-video-preview:-1"},"canonical":"https:\/\/velumautostore.com\/de\/produit\/start-und-stopptaste-5nb959839-5nc959839-vw-tiguan-ii\/","og_locale":"de_DE","og_type":"article","og_title":"Start- und Stopptaste - 5NB959839 5NC959839- VW Tiguan II","og_description":"Ersetzen Sie Ihren defekten START- und STOP-Knopf mit unserem Modell 3GD959839. Kompatibel mit VW, Audi, Seat und Skoda. Originalqualit\u00e4t garantiert.","og_url":"https:\/\/velumautostore.com\/de\/produit\/start-und-stopptaste-5nb959839-5nc959839-vw-tiguan-ii\/","og_site_name":"Velum Auto Store","article_publisher":"https:\/\/fr-fr.facebook.com\/Velumautostore\/","og_image":[{"width":800,"height":800,"url":"https:\/\/velumautostore.com\/wp-content\/uploads\/2025\/05\/start-and-stop_5NB_1.jpg","type":"image\/jpeg"}],"twitter_card":"summary_large_image","twitter_misc":{"Preis":"34.90&euro;","Verf\u00fcgbarkeit":"ausverkauft"},"schema":{"@context":"https:\/\/schema.org","@graph":[{"@type":"WebPage","@id":"https:\/\/velumautostore.com\/de\/produit\/start-und-stopptaste-5nb959839-5nc959839-vw-tiguan-ii\/","url":"https:\/\/velumautostore.com\/de\/produit\/start-und-stopptaste-5nb959839-5nc959839-vw-tiguan-ii\/","name":"Volkswagen Start- und Stopptaste - Velum Auto Store","isPartOf":{"@id":"https:\/\/velumautostore.com\/#website"},"primaryImageOfPage":{"@id":"https:\/\/velumautostore.com\/de\/produit\/start-und-stopptaste-5nb959839-5nc959839-vw-tiguan-ii\/#primaryimage"},"image":{"@id":"https:\/\/velumautostore.com\/de\/produit\/start-und-stopptaste-5nb959839-5nc959839-vw-tiguan-ii\/#primaryimage"},"thumbnailUrl":"https:\/\/velumautostore.com\/wp-content\/uploads\/2025\/05\/start-and-stop_5NB_1.jpg","datePublished":"2025-05-12T11:49:06+00:00","description":"Ersetzen Sie Ihren defekten START- und STOP-Knopf mit unserem Modell 3GD959839. Kompatibel mit VW, Audi, Seat und Skoda. Originalqualit\u00e4t garantiert.","breadcrumb":{"@id":"https:\/\/velumautostore.com\/de\/produit\/start-und-stopptaste-5nb959839-5nc959839-vw-tiguan-ii\/#breadcrumb"},"inLanguage":"de","potentialAction":[{"@type":"ReadAction","target":["https:\/\/velumautostore.com\/de\/produit\/start-und-stopptaste-5nb959839-5nc959839-vw-tiguan-ii\/"]}]},{"@type":"ImageObject","inLanguage":"de","@id":"https:\/\/velumautostore.com\/de\/produit\/start-und-stopptaste-5nb959839-5nc959839-vw-tiguan-ii\/#primaryimage","url":"https:\/\/velumautostore.com\/wp-content\/uploads\/2025\/05\/start-and-stop_5NB_1.jpg","contentUrl":"https:\/\/velumautostore.com\/wp-content\/uploads\/2025\/05\/start-and-stop_5NB_1.jpg","width":800,"height":800},{"@type":"BreadcrumbList","@id":"https:\/\/velumautostore.com\/de\/produit\/start-und-stopptaste-5nb959839-5nc959839-vw-tiguan-ii\/#breadcrumb","itemListElement":[{"@type":"ListItem","position":1,"name":"Accueil","item":"https:\/\/velumautostore.com\/de\/home\/"},{"@type":"ListItem","position":2,"name":"Shop","item":"https:\/\/velumautostore.com\/de\/?page_id=19555"},{"@type":"ListItem","position":3,"name":"Start- und Stopptaste &#8211; 5NB959839 5NC959839- VW Tiguan II"}]},{"@type":"WebSite","@id":"https:\/\/velumautostore.com\/#website","url":"https:\/\/velumautostore.com\/","name":"Velum Auto Store","description":"Store et toit panoramique","publisher":{"@id":"https:\/\/velumautostore.com\/#organization"},"potentialAction":[{"@type":"SearchAction","target":{"@type":"EntryPoint","urlTemplate":"https:\/\/velumautostore.com\/?s={search_term_string}"},"query-input":{"@type":"PropertyValueSpecification","valueRequired":true,"valueName":"search_term_string"}}],"inLanguage":"de"},{"@type":"Organization","@id":"https:\/\/velumautostore.com\/#organization","name":"Velum Auto Store","url":"https:\/\/velumautostore.com\/","logo":{"@type":"ImageObject","inLanguage":"de","@id":"https:\/\/velumautostore.com\/#\/schema\/logo\/image\/","url":"https:\/\/velumautostore.com\/wp-content\/uploads\/2021\/09\/cropped-Velum_AutoStore_logo_3.png","contentUrl":"https:\/\/velumautostore.com\/wp-content\/uploads\/2021\/09\/cropped-Velum_AutoStore_logo_3.png","width":321,"height":154,"caption":"Velum Auto Store"},"image":{"@id":"https:\/\/velumautostore.com\/#\/schema\/logo\/image\/"},"sameAs":["https:\/\/fr-fr.facebook.com\/Velumautostore\/"]}]},"product_price_amount":"34.90","product_price_currency":"EUR","og_availability":"out of stock","product_availability":"out of stock","product_condition":"new"},"_links":{"self":[{"href":"https:\/\/velumautostore.com\/de\/wp-json\/wp\/v2\/product\/16961","targetHints":{"allow":["GET"]}}],"collection":[{"href":"https:\/\/velumautostore.com\/de\/wp-json\/wp\/v2\/product"}],"about":[{"href":"https:\/\/velumautostore.com\/de\/wp-json\/wp\/v2\/types\/product"}],"replies":[{"embeddable":true,"href":"https:\/\/velumautostore.com\/de\/wp-json\/wp\/v2\/comments?post=16961"}],"version-history":[{"count":0,"href":"https:\/\/velumautostore.com\/de\/wp-json\/wp\/v2\/product\/16961\/revisions"}],"wp:featuredmedia":[{"embeddable":true,"href":"https:\/\/velumautostore.com\/de\/wp-json\/wp\/v2\/media\/16962"}],"wp:attachment":[{"href":"https:\/\/velumautostore.com\/de\/wp-json\/wp\/v2\/media?parent=16961"}],"wp:term":[{"taxonomy":"product_brand","embeddable":true,"href":"https:\/\/velumautostore.com\/de\/wp-json\/wp\/v2\/product_brand?post=16961"},{"taxonomy":"product_cat","embeddable":true,"href":"https:\/\/velumautostore.com\/de\/wp-json\/wp\/v2\/product_cat?post=16961"},{"taxonomy":"product_tag","embeddable":true,"href":"https:\/\/velumautostore.com\/de\/wp-json\/wp\/v2\/product_tag?post=16961"}],"curies":[{"name":"wp","href":"https:\/\/api.w.org\/{rel}","templated":true}]}}