{"id":16950,"date":"2024-01-27T11:58:41","date_gmt":"2024-01-27T10:58:41","guid":{"rendered":"https:\/\/velumautostore.com\/produit\/kit-schiebedachrollo-grau-vw-tiguan-ii-passat-b8-skoda-superb-3g9-877-307-adaptierbar\/"},"modified":"2026-02-12T10:27:54","modified_gmt":"2026-02-12T09:27:54","slug":"kit-schiebedachrollo-grau-vw-tiguan-ii-passat-b8-skoda-superb-3g9-877-307-adaptierbar","status":"publish","type":"product","link":"https:\/\/velumautostore.com\/de\/produkt\/kit-schiebedachrollo-grau-vw-tiguan-ii-passat-b8-skoda-superb-3g9-877-307-adaptierbar\/","title":{"rendered":"KIT Schiebedachrollo GRAU | VW TIGUAN II | PASSAT B8 | SKODA SUPERB | 3G9 877 307 (Adaptierbar)"},"content":{"rendered":"\t\t<div data-elementor-type=\"wp-post\" data-elementor-id=\"16950\" class=\"elementor elementor-16950 elementor-5158\" data-elementor-post-type=\"product\">\n\t\t\t\t\t\t<section class=\"elementor-section elementor-top-section elementor-element elementor-element-3fbe652a elementor-section-boxed elementor-section-height-default elementor-section-height-default\" data-id=\"3fbe652a\" data-element_type=\"section\" data-e-type=\"section\">\n\t\t\t\t\t\t<div class=\"elementor-container elementor-column-gap-default\">\n\t\t\t\t\t<div class=\"elementor-column elementor-col-100 elementor-top-column elementor-element elementor-element-14134828\" data-id=\"14134828\" data-element_type=\"column\" data-e-type=\"column\">\n\t\t\t<div class=\"elementor-widget-wrap elementor-element-populated\">\n\t\t\t\t\t\t<div class=\"elementor-element elementor-element-5f1dc4ff elementor-widget elementor-widget-text-editor\" data-id=\"5f1dc4ff\" data-element_type=\"widget\" data-e-type=\"widget\" data-widget_type=\"text-editor.default\">\n\t\t\t\t<div class=\"elementor-widget-container\">\n\t\t\t\t\t\t\t\t\t<p>Vorhangrollo f\u00fcr Panorama-Schiebedach ( Velum ) ref :&nbsp;<\/p>\n<p><span style=\"box-sizing: inherit; font-weight: bold; margin-bottom: 1em;\">3G9 877 307 6Z0 ( adaptable ).<br style=\"box-sizing: inherit;\">3G9 877 307 T38 ( adaptable ).<br style=\"box-sizing: inherit; margin-bottom: 1em;\">3G9 877 307 6K8 ( adaptable ).<\/span><\/p>\t\t\t\t\t\t\t\t<\/div>\n\t\t\t\t<\/div>\n\t\t\t\t<div class=\"elementor-element elementor-element-2366bdb elementor-widget elementor-widget-heading\" data-id=\"2366bdb\" data-element_type=\"widget\" data-e-type=\"widget\" data-widget_type=\"heading.default\">\n\t\t\t\t<div class=\"elementor-widget-container\">\n\t\t\t\t\t<h2 class=\"elementor-heading-title elementor-size-default\"><p style=\"font-size: 15px;font-style: normal;font-weight: 400;white-space: normal\"><span style=\"font-weight: 700\">Kompatibel mit den folgenden Fahrzeugen:<\/span><span style=\"color: var(--ast-global-color-2);font-size: 1.5rem;font-style: inherit;font-weight: 700;white-space: pre-wrap\"><\/span><\/p><\/h2>\t\t\t\t<\/div>\n\t\t\t\t<\/div>\n\t\t\t\t<section class=\"elementor-section elementor-inner-section elementor-element elementor-element-9ed2f86 elementor-section-boxed elementor-section-height-default elementor-section-height-default\" data-id=\"9ed2f86\" data-element_type=\"section\" data-e-type=\"section\">\n\t\t\t\t\t\t<div class=\"elementor-container elementor-column-gap-default\">\n\t\t\t\t\t<div class=\"elementor-column elementor-col-50 elementor-inner-column elementor-element elementor-element-b3bd036\" data-id=\"b3bd036\" data-element_type=\"column\" data-e-type=\"column\">\n\t\t\t<div class=\"elementor-widget-wrap elementor-element-populated\">\n\t\t\t\t\t\t<div class=\"elementor-element elementor-element-4eb3ccc elementor-widget elementor-widget-text-editor\" data-id=\"4eb3ccc\" data-element_type=\"widget\" data-e-type=\"widget\" data-widget_type=\"text-editor.default\">\n\t\t\t\t<div class=\"elementor-widget-container\">\n\t\t\t\t\t\t\t\t\t<p><span style=\"font-weight: bold;\">VW :<\/span><\/p><ul><li>TIGUAN II: 2016 bis 2022<\/li><li><span style=\"color: var(--ast-global-color-3);\">PASSAT BREAK B8: ab 2015 -&gt; 2020<\/span><\/li><li>Golf Break: 2020 bis 2021<\/li><\/ul><p style=\"font-size: 15px; font-style: normal; font-weight: 400;\"><span style=\"font-weight: bold;\">SEAT :<\/span><\/p><ul style=\"font-size: 15px; font-style: normal; font-weight: 400;\"><li style=\"font-size: 15px;\">Tarraco ( zu best\u00e4tigen )<\/li><li style=\"font-size: 15px;\">Ateca: ab 2016<\/li><\/ul>\t\t\t\t\t\t\t\t<\/div>\n\t\t\t\t<\/div>\n\t\t\t\t\t<\/div>\n\t\t<\/div>\n\t\t\t\t<div class=\"elementor-column elementor-col-50 elementor-inner-column elementor-element elementor-element-0f43b7e\" data-id=\"0f43b7e\" data-element_type=\"column\" data-e-type=\"column\">\n\t\t\t<div class=\"elementor-widget-wrap elementor-element-populated\">\n\t\t\t\t\t\t<div class=\"elementor-element elementor-element-0a007c9 elementor-widget elementor-widget-text-editor\" data-id=\"0a007c9\" data-element_type=\"widget\" data-e-type=\"widget\" data-widget_type=\"text-editor.default\">\n\t\t\t\t<div class=\"elementor-widget-container\">\n\t\t\t\t\t\t\t\t\t<p><span style=\"font-weight: bold; color: var(--ast-global-color-3);\">SKODA :<\/span><\/p><ul style=\"font-size: 15px; font-style: normal; font-weight: 400;\"><li style=\"font-size: 15px;\"><span style=\"font-style: inherit; font-weight: inherit; color: var(--ast-global-color-3);\">SUPERB BREAK: <\/span>ab 2016<\/li><li style=\"font-size: 15px;\">Karoq: ab 2018<\/li><li style=\"font-size: 15px;\">Kodiaq: ab 2027<\/li><li style=\"font-size: 15px;\">Octavia: ab 2020<\/li><\/ul><div><div><strong>Audi :<\/strong><\/div><ul><li>e-tron GT: 2021 bis &#8230;<\/li><\/ul><\/div>\t\t\t\t\t\t\t\t<\/div>\n\t\t\t\t<\/div>\n\t\t\t\t\t<\/div>\n\t\t<\/div>\n\t\t\t\t\t<\/div>\n\t\t<\/section>\n\t\t\t\t<section class=\"elementor-section elementor-inner-section elementor-element elementor-element-399661a elementor-section-boxed elementor-section-height-default elementor-section-height-default\" data-id=\"399661a\" data-element_type=\"section\" data-e-type=\"section\">\n\t\t\t\t\t\t<div class=\"elementor-container elementor-column-gap-default\">\n\t\t\t\t\t<div class=\"elementor-column elementor-col-50 elementor-inner-column elementor-element elementor-element-47b4240\" data-id=\"47b4240\" data-element_type=\"column\" data-e-type=\"column\">\n\t\t\t<div class=\"elementor-widget-wrap elementor-element-populated\">\n\t\t\t\t\t\t<div class=\"elementor-element elementor-element-0931363 elementor-widget elementor-widget-text-editor\" data-id=\"0931363\" data-element_type=\"widget\" data-e-type=\"widget\" data-widget_type=\"text-editor.default\">\n\t\t\t\t<div class=\"elementor-widget-container\">\n\t\t\t\t\t\t\t\t\t<p><b>Material <\/b>: Leinwand<\/p><p style=\"font-size: 15px; font-style: normal; font-weight: 400;\"><span style=\"font-weight: bold;\">Montage :<\/span><\/p><p style=\"font-size: 15px; font-style: normal; font-weight: 400;\">\ud83d\udcc3PDF Montageprinzip kostenlos zur Verf\u00fcgung gestellt \ud83d\udcc3.<\/p>\t\t\t\t\t\t\t\t<\/div>\n\t\t\t\t<\/div>\n\t\t\t\t\t<\/div>\n\t\t<\/div>\n\t\t\t\t<div class=\"elementor-column elementor-col-50 elementor-inner-column elementor-element elementor-element-54ce0e5\" data-id=\"54ce0e5\" data-element_type=\"column\" data-e-type=\"column\">\n\t\t\t<div class=\"elementor-widget-wrap elementor-element-populated\">\n\t\t\t\t\t\t<div class=\"elementor-element elementor-element-7c52364 elementor-widget elementor-widget-text-editor\" data-id=\"7c52364\" data-element_type=\"widget\" data-e-type=\"widget\" data-widget_type=\"text-editor.default\">\n\t\t\t\t<div class=\"elementor-widget-container\">\n\t\t\t\t\t\t\t\t\t<p><b>Farbe <\/b>: GRAU<\/p><p><span style=\"font-weight: bold;\">1 Jahr Garantie<\/span><\/p><p style=\"font-size: 15px; font-style: normal; font-weight: 400;\">\ud83d\udcdeE-Mail-Support verf\u00fcgbar\ud83d\udcde.<\/p>\t\t\t\t\t\t\t\t<\/div>\n\t\t\t\t<\/div>\n\t\t\t\t\t<\/div>\n\t\t<\/div>\n\t\t\t\t\t<\/div>\n\t\t<\/section>\n\t\t\t\t<div class=\"elementor-element elementor-element-dc897f5 elementor-widget elementor-widget-text-editor\" data-id=\"dc897f5\" data-element_type=\"widget\" data-e-type=\"widget\" data-widget_type=\"text-editor.default\">\n\t\t\t\t<div class=\"elementor-widget-container\">\n\t\t\t\t\t\t\t\t\t<p style=\"font-size: 15px; font-style: normal; font-weight: 400; text-align: center;\">F\u00fcr weitere Informationen kontaktieren Sie uns bitte.<\/p>\t\t\t\t\t\t\t\t<\/div>\n\t\t\t\t<\/div>\n\t\t\t\t<div class=\"elementor-element elementor-element-1e51017 elementor-align-center elementor-widget elementor-widget-button\" data-id=\"1e51017\" data-element_type=\"widget\" data-e-type=\"widget\" data-widget_type=\"button.default\">\n\t\t\t\t<div class=\"elementor-widget-container\">\n\t\t\t\t\t\t\t\t\t<div class=\"elementor-button-wrapper\">\n\t\t\t\t\t<a class=\"elementor-button elementor-button-link elementor-size-sm\" href=\"https:\/\/velumautostore.com\/de\/kontakt-us\/\">\n\t\t\t\t\t\t<span class=\"elementor-button-content-wrapper\">\n\t\t\t\t\t\t\t\t\t<span class=\"elementor-button-text\">Bitte kontaktieren Sie uns bei Bedarf!<\/span>\n\t\t\t\t\t<\/span>\n\t\t\t\t\t<\/a>\n\t\t\t\t<\/div>\n\t\t\t\t\t\t\t\t<\/div>\n\t\t\t\t<\/div>\n\t\t\t\t\t<\/div>\n\t\t<\/div>\n\t\t\t\t\t<\/div>\n\t\t<\/section>\n\t\t\t\t<\/div>\n\t\t","protected":false},"excerpt":{"rendered":"<p>Kit Vorhangrollo f\u00fcr Panorama-Schiebedach (Velum) ref: <strong><br \/>\n3g9<\/strong> <strong>877 307 6Z0 ( adaptable ).<br \/>\n3g9 877 307 T38 ( adaptable ).<br \/>\n3g9 877 307 6K8<\/strong> ( adaptable ).<\/p>\n<p>Jalousie kaputt? zerrissen? entspannt? schimmelig??<\/p>\n<p>Dieses Rollo eignet sich perfekt als Ersatz f\u00fcr Ihr defektes Rollo. Die Farben sind originalgetreu, die Qualit\u00e4t ist gut und das Montagesystem ist vereinfacht und l\u00f6st die Probleme des Originalmodells.<\/p>\n<p>\ud83d\udce6 Mehrere Lieferarten verf\u00fcgbar:<\/p>\n<ul>\n<li>\ud83d\ude9a Lieferung an einen Relay-Punkt mit Chronopost ( 2 bis 4 Werktage )<\/li>\n<li>\ud83d\ude9a Lieferung nach Hause in Colissimo ( 2 bis 4 Werktage )<\/li>\n<li>\ud83d\ude80 Eilzustellung im Relay-Punkt mit Chronopost ( 1 bis 2 Werktage )<\/li>\n<\/ul>\n","protected":false},"featured_media":16952,"comment_status":"open","ping_status":"closed","template":"","meta":[],"product_brand":[],"product_cat":[1070,1071],"product_tag":[],"class_list":{"0":"post-16950","1":"product","2":"type-product","3":"status-publish","4":"has-post-thumbnail","6":"product_cat-store-velum","7":"product_cat-vw-audi-skoda-seat","8":"pa_make-ateca-phase-2-07-2020-heute","9":"pa_make-karoq-phase-i-07-2017-12-2021","10":"pa_make-kodiaq-phase-110-2016-04-2021","11":"pa_make-octavia-nx3-03-2020-heute","12":"pa_make-passat-b8-sw-08-2014-07-2019","13":"pa_make-superb-kombi-iii-kombi-03-2015-01-2020","14":"pa_make-tiguan-ii-01-2016-07-2020","15":"pa_make-tiguan-ii-phase-2-07-2020-heute","16":"pa_marque-audi","17":"pa_marque-seat","18":"pa_marque-skoda","19":"pa_marque-vag","20":"pa_marque-volkswagen","21":"pa_year-attr-1069","22":"pa_year-attr-1136","23":"pa_year-attr-1137","24":"pa_year-attr-1138","25":"pa_year-attr-1139","26":"pa_year-attr-1140","27":"pa_year-attr-1141","29":"first","30":"instock","31":"sale","32":"downloadable","33":"shipping-taxable","34":"purchasable","35":"product-type-simple"},"etheme_brands":{"errors":{"invalid_taxonomy":["Die Taxonomie ist ung\u00fcltig."]},"error_data":[]},"yoast_head":"<!-- This site is optimized with the Yoast SEO Premium plugin v27.3 (Yoast SEO v27.5) - https:\/\/yoast.com\/product\/yoast-seo-premium-wordpress\/ -->\n<title>KIT Schiebedachrollo GRAU | VW TIGUAN II | PASSAT B8 | SKODA SUPERB | 3G9 877 307 (Adaptierbar) - Velum Auto Store<\/title>\n<meta name=\"description\" content=\"KIT Store GRAU 3G9 877 307 f\u00fcr Tiguan II Passat B8 Superb. Premium OEM, 1 Jahr Garantie gegen Innenhitze effektiv sch\u00fctzen.\" \/>\n<meta name=\"robots\" content=\"index, follow, max-snippet:-1, max-image-preview:large, max-video-preview:-1\" \/>\n<link rel=\"canonical\" href=\"https:\/\/velumautostore.com\/de\/produkt\/kit-schiebedachrollo-grau-vw-tiguan-ii-passat-b8-skoda-superb-3g9-877-307-adaptierbar\/\" \/>\n<meta property=\"og:locale\" content=\"de_DE\" \/>\n<meta property=\"og:type\" content=\"article\" \/>\n<meta property=\"og:title\" content=\"KIT Schiebedachrollo GRAU | VW TIGUAN II | PASSAT B8 | SKODA SUPERB | 3G9 877 307 (Adaptierbar)\" \/>\n<meta property=\"og:description\" content=\"KIT Store GRAU 3G9 877 307 f\u00fcr Tiguan II Passat B8 Superb. Premium OEM, 1 Jahr Garantie gegen Innenhitze effektiv sch\u00fctzen.\" \/>\n<meta property=\"og:url\" content=\"https:\/\/velumautostore.com\/de\/produkt\/kit-schiebedachrollo-grau-vw-tiguan-ii-passat-b8-skoda-superb-3g9-877-307-adaptierbar\/\" \/>\n<meta property=\"og:site_name\" content=\"Velum Auto Store\" \/>\n<meta property=\"article:publisher\" content=\"https:\/\/fr-fr.facebook.com\/Velumautostore\/\" \/>\n<meta property=\"article:modified_time\" content=\"2026-02-12T09:27:54+00:00\" \/>\n<meta property=\"og:image\" content=\"https:\/\/velumautostore.com\/wp-content\/uploads\/2024\/01\/Store-tiguan-Gris_HD.jpg\" \/>\n\t<meta property=\"og:image:width\" content=\"2000\" \/>\n\t<meta property=\"og:image:height\" content=\"2423\" \/>\n\t<meta property=\"og:image:type\" content=\"image\/jpeg\" \/>\n<meta name=\"twitter:card\" content=\"summary_large_image\" \/>\n<meta name=\"twitter:label1\" content=\"Preis\" \/>\n\t<meta name=\"twitter:data1\" content=\"309.00&euro;\" \/>\n\t<meta name=\"twitter:label2\" content=\"Verf\u00fcgbarkeit\" \/>\n\t<meta name=\"twitter:data2\" content=\"Auf Lager\" \/>\n<script type=\"application\/ld+json\" class=\"yoast-schema-graph\">{\"@context\":\"https:\\\/\\\/schema.org\",\"@graph\":[{\"@type\":\"WebPage\",\"@id\":\"https:\\\/\\\/velumautostore.com\\\/de\\\/produkt\\\/kit-schiebedachrollo-grau-vw-tiguan-ii-passat-b8-skoda-superb-3g9-877-307-adaptierbar\\\/\",\"url\":\"https:\\\/\\\/velumautostore.com\\\/de\\\/produkt\\\/kit-schiebedachrollo-grau-vw-tiguan-ii-passat-b8-skoda-superb-3g9-877-307-adaptierbar\\\/\",\"name\":\"KIT Schiebedachrollo GRAU | VW TIGUAN II | PASSAT B8 | SKODA SUPERB | 3G9 877 307 (Adaptierbar) - Velum Auto Store\",\"isPartOf\":{\"@id\":\"https:\\\/\\\/velumautostore.com\\\/#website\"},\"primaryImageOfPage\":{\"@id\":\"https:\\\/\\\/velumautostore.com\\\/de\\\/produkt\\\/kit-schiebedachrollo-grau-vw-tiguan-ii-passat-b8-skoda-superb-3g9-877-307-adaptierbar\\\/#primaryimage\"},\"image\":{\"@id\":\"https:\\\/\\\/velumautostore.com\\\/de\\\/produkt\\\/kit-schiebedachrollo-grau-vw-tiguan-ii-passat-b8-skoda-superb-3g9-877-307-adaptierbar\\\/#primaryimage\"},\"thumbnailUrl\":\"https:\\\/\\\/velumautostore.com\\\/wp-content\\\/uploads\\\/2024\\\/01\\\/Store-tiguan-Gris_HD.jpg\",\"datePublished\":\"2024-01-27T10:58:41+00:00\",\"dateModified\":\"2026-02-12T09:27:54+00:00\",\"description\":\"KIT Store GRAU 3G9 877 307 f\u00fcr Tiguan II Passat B8 Superb. Premium OEM, 1 Jahr Garantie gegen Innenhitze effektiv sch\u00fctzen.\",\"breadcrumb\":{\"@id\":\"https:\\\/\\\/velumautostore.com\\\/de\\\/produkt\\\/kit-schiebedachrollo-grau-vw-tiguan-ii-passat-b8-skoda-superb-3g9-877-307-adaptierbar\\\/#breadcrumb\"},\"inLanguage\":\"de\",\"potentialAction\":[{\"@type\":\"ReadAction\",\"target\":[\"https:\\\/\\\/velumautostore.com\\\/de\\\/produkt\\\/kit-schiebedachrollo-grau-vw-tiguan-ii-passat-b8-skoda-superb-3g9-877-307-adaptierbar\\\/\"]}]},{\"@type\":\"ImageObject\",\"inLanguage\":\"de\",\"@id\":\"https:\\\/\\\/velumautostore.com\\\/de\\\/produkt\\\/kit-schiebedachrollo-grau-vw-tiguan-ii-passat-b8-skoda-superb-3g9-877-307-adaptierbar\\\/#primaryimage\",\"url\":\"https:\\\/\\\/velumautostore.com\\\/wp-content\\\/uploads\\\/2024\\\/01\\\/Store-tiguan-Gris_HD.jpg\",\"contentUrl\":\"https:\\\/\\\/velumautostore.com\\\/wp-content\\\/uploads\\\/2024\\\/01\\\/Store-tiguan-Gris_HD.jpg\",\"width\":2000,\"height\":2423},{\"@type\":\"BreadcrumbList\",\"@id\":\"https:\\\/\\\/velumautostore.com\\\/de\\\/produkt\\\/kit-schiebedachrollo-grau-vw-tiguan-ii-passat-b8-skoda-superb-3g9-877-307-adaptierbar\\\/#breadcrumb\",\"itemListElement\":[{\"@type\":\"ListItem\",\"position\":1,\"name\":\"Accueil\",\"item\":\"https:\\\/\\\/velumautostore.com\\\/de\\\/home\\\/\"},{\"@type\":\"ListItem\",\"position\":2,\"name\":\"Shop\",\"item\":\"https:\\\/\\\/velumautostore.com\\\/de\\\/?page_id=19555\"},{\"@type\":\"ListItem\",\"position\":3,\"name\":\"KIT Schiebedachrollo GRAU | VW TIGUAN II | PASSAT B8 | SKODA SUPERB | 3G9 877 307 (Adaptierbar)\"}]},{\"@type\":\"WebSite\",\"@id\":\"https:\\\/\\\/velumautostore.com\\\/#website\",\"url\":\"https:\\\/\\\/velumautostore.com\\\/\",\"name\":\"Velum Auto Store\",\"description\":\"Store et toit panoramique\",\"publisher\":{\"@id\":\"https:\\\/\\\/velumautostore.com\\\/#organization\"},\"potentialAction\":[{\"@type\":\"SearchAction\",\"target\":{\"@type\":\"EntryPoint\",\"urlTemplate\":\"https:\\\/\\\/velumautostore.com\\\/?s={search_term_string}\"},\"query-input\":{\"@type\":\"PropertyValueSpecification\",\"valueRequired\":true,\"valueName\":\"search_term_string\"}}],\"inLanguage\":\"de\"},{\"@type\":\"Organization\",\"@id\":\"https:\\\/\\\/velumautostore.com\\\/#organization\",\"name\":\"Velum Auto Store\",\"url\":\"https:\\\/\\\/velumautostore.com\\\/\",\"logo\":{\"@type\":\"ImageObject\",\"inLanguage\":\"de\",\"@id\":\"https:\\\/\\\/velumautostore.com\\\/#\\\/schema\\\/logo\\\/image\\\/\",\"url\":\"https:\\\/\\\/velumautostore.com\\\/wp-content\\\/uploads\\\/2021\\\/09\\\/cropped-Velum_AutoStore_logo_3.png\",\"contentUrl\":\"https:\\\/\\\/velumautostore.com\\\/wp-content\\\/uploads\\\/2021\\\/09\\\/cropped-Velum_AutoStore_logo_3.png\",\"width\":321,\"height\":154,\"caption\":\"Velum Auto Store\"},\"image\":{\"@id\":\"https:\\\/\\\/velumautostore.com\\\/#\\\/schema\\\/logo\\\/image\\\/\"},\"sameAs\":[\"https:\\\/\\\/fr-fr.facebook.com\\\/Velumautostore\\\/\"]}]}<\/script>\n<meta property=\"product:price:amount\" content=\"309.00\" \/>\n<meta property=\"product:price:currency\" content=\"EUR\" \/>\n<meta property=\"og:availability\" content=\"instock\" \/>\n<meta property=\"product:availability\" content=\"instock\" \/>\n<meta property=\"product:condition\" content=\"new\" \/>\n<!-- \/ Yoast SEO Premium plugin. -->","yoast_head_json":{"title":"KIT Schiebedachrollo GRAU | VW TIGUAN II | PASSAT B8 | SKODA SUPERB | 3G9 877 307 (Adaptierbar) - Velum Auto Store","description":"KIT Store GRAU 3G9 877 307 f\u00fcr Tiguan II Passat B8 Superb. Premium OEM, 1 Jahr Garantie gegen Innenhitze effektiv sch\u00fctzen.","robots":{"index":"index","follow":"follow","max-snippet":"max-snippet:-1","max-image-preview":"max-image-preview:large","max-video-preview":"max-video-preview:-1"},"canonical":"https:\/\/velumautostore.com\/de\/produkt\/kit-schiebedachrollo-grau-vw-tiguan-ii-passat-b8-skoda-superb-3g9-877-307-adaptierbar\/","og_locale":"de_DE","og_type":"article","og_title":"KIT Schiebedachrollo GRAU | VW TIGUAN II | PASSAT B8 | SKODA SUPERB | 3G9 877 307 (Adaptierbar)","og_description":"KIT Store GRAU 3G9 877 307 f\u00fcr Tiguan II Passat B8 Superb. Premium OEM, 1 Jahr Garantie gegen Innenhitze effektiv sch\u00fctzen.","og_url":"https:\/\/velumautostore.com\/de\/produkt\/kit-schiebedachrollo-grau-vw-tiguan-ii-passat-b8-skoda-superb-3g9-877-307-adaptierbar\/","og_site_name":"Velum Auto Store","article_publisher":"https:\/\/fr-fr.facebook.com\/Velumautostore\/","article_modified_time":"2026-02-12T09:27:54+00:00","og_image":[{"width":2000,"height":2423,"url":"https:\/\/velumautostore.com\/wp-content\/uploads\/2024\/01\/Store-tiguan-Gris_HD.jpg","type":"image\/jpeg"}],"twitter_card":"summary_large_image","twitter_misc":{"Preis":"309.00&euro;","Verf\u00fcgbarkeit":"Auf Lager"},"schema":{"@context":"https:\/\/schema.org","@graph":[{"@type":"WebPage","@id":"https:\/\/velumautostore.com\/de\/produkt\/kit-schiebedachrollo-grau-vw-tiguan-ii-passat-b8-skoda-superb-3g9-877-307-adaptierbar\/","url":"https:\/\/velumautostore.com\/de\/produkt\/kit-schiebedachrollo-grau-vw-tiguan-ii-passat-b8-skoda-superb-3g9-877-307-adaptierbar\/","name":"KIT Schiebedachrollo GRAU | VW TIGUAN II | PASSAT B8 | SKODA SUPERB | 3G9 877 307 (Adaptierbar) - Velum Auto Store","isPartOf":{"@id":"https:\/\/velumautostore.com\/#website"},"primaryImageOfPage":{"@id":"https:\/\/velumautostore.com\/de\/produkt\/kit-schiebedachrollo-grau-vw-tiguan-ii-passat-b8-skoda-superb-3g9-877-307-adaptierbar\/#primaryimage"},"image":{"@id":"https:\/\/velumautostore.com\/de\/produkt\/kit-schiebedachrollo-grau-vw-tiguan-ii-passat-b8-skoda-superb-3g9-877-307-adaptierbar\/#primaryimage"},"thumbnailUrl":"https:\/\/velumautostore.com\/wp-content\/uploads\/2024\/01\/Store-tiguan-Gris_HD.jpg","datePublished":"2024-01-27T10:58:41+00:00","dateModified":"2026-02-12T09:27:54+00:00","description":"KIT Store GRAU 3G9 877 307 f\u00fcr Tiguan II Passat B8 Superb. Premium OEM, 1 Jahr Garantie gegen Innenhitze effektiv sch\u00fctzen.","breadcrumb":{"@id":"https:\/\/velumautostore.com\/de\/produkt\/kit-schiebedachrollo-grau-vw-tiguan-ii-passat-b8-skoda-superb-3g9-877-307-adaptierbar\/#breadcrumb"},"inLanguage":"de","potentialAction":[{"@type":"ReadAction","target":["https:\/\/velumautostore.com\/de\/produkt\/kit-schiebedachrollo-grau-vw-tiguan-ii-passat-b8-skoda-superb-3g9-877-307-adaptierbar\/"]}]},{"@type":"ImageObject","inLanguage":"de","@id":"https:\/\/velumautostore.com\/de\/produkt\/kit-schiebedachrollo-grau-vw-tiguan-ii-passat-b8-skoda-superb-3g9-877-307-adaptierbar\/#primaryimage","url":"https:\/\/velumautostore.com\/wp-content\/uploads\/2024\/01\/Store-tiguan-Gris_HD.jpg","contentUrl":"https:\/\/velumautostore.com\/wp-content\/uploads\/2024\/01\/Store-tiguan-Gris_HD.jpg","width":2000,"height":2423},{"@type":"BreadcrumbList","@id":"https:\/\/velumautostore.com\/de\/produkt\/kit-schiebedachrollo-grau-vw-tiguan-ii-passat-b8-skoda-superb-3g9-877-307-adaptierbar\/#breadcrumb","itemListElement":[{"@type":"ListItem","position":1,"name":"Accueil","item":"https:\/\/velumautostore.com\/de\/home\/"},{"@type":"ListItem","position":2,"name":"Shop","item":"https:\/\/velumautostore.com\/de\/?page_id=19555"},{"@type":"ListItem","position":3,"name":"KIT Schiebedachrollo GRAU | VW TIGUAN II | PASSAT B8 | SKODA SUPERB | 3G9 877 307 (Adaptierbar)"}]},{"@type":"WebSite","@id":"https:\/\/velumautostore.com\/#website","url":"https:\/\/velumautostore.com\/","name":"Velum Auto Store","description":"Store et toit panoramique","publisher":{"@id":"https:\/\/velumautostore.com\/#organization"},"potentialAction":[{"@type":"SearchAction","target":{"@type":"EntryPoint","urlTemplate":"https:\/\/velumautostore.com\/?s={search_term_string}"},"query-input":{"@type":"PropertyValueSpecification","valueRequired":true,"valueName":"search_term_string"}}],"inLanguage":"de"},{"@type":"Organization","@id":"https:\/\/velumautostore.com\/#organization","name":"Velum Auto Store","url":"https:\/\/velumautostore.com\/","logo":{"@type":"ImageObject","inLanguage":"de","@id":"https:\/\/velumautostore.com\/#\/schema\/logo\/image\/","url":"https:\/\/velumautostore.com\/wp-content\/uploads\/2021\/09\/cropped-Velum_AutoStore_logo_3.png","contentUrl":"https:\/\/velumautostore.com\/wp-content\/uploads\/2021\/09\/cropped-Velum_AutoStore_logo_3.png","width":321,"height":154,"caption":"Velum Auto Store"},"image":{"@id":"https:\/\/velumautostore.com\/#\/schema\/logo\/image\/"},"sameAs":["https:\/\/fr-fr.facebook.com\/Velumautostore\/"]}]},"product_price_amount":"309.00","product_price_currency":"EUR","og_availability":"instock","product_availability":"instock","product_condition":"new"},"_links":{"self":[{"href":"https:\/\/velumautostore.com\/de\/wp-json\/wp\/v2\/product\/16950","targetHints":{"allow":["GET"]}}],"collection":[{"href":"https:\/\/velumautostore.com\/de\/wp-json\/wp\/v2\/product"}],"about":[{"href":"https:\/\/velumautostore.com\/de\/wp-json\/wp\/v2\/types\/product"}],"replies":[{"embeddable":true,"href":"https:\/\/velumautostore.com\/de\/wp-json\/wp\/v2\/comments?post=16950"}],"version-history":[{"count":2,"href":"https:\/\/velumautostore.com\/de\/wp-json\/wp\/v2\/product\/16950\/revisions"}],"predecessor-version":[{"id":18760,"href":"https:\/\/velumautostore.com\/de\/wp-json\/wp\/v2\/product\/16950\/revisions\/18760"}],"wp:featuredmedia":[{"embeddable":true,"href":"https:\/\/velumautostore.com\/de\/wp-json\/wp\/v2\/media\/16952"}],"wp:attachment":[{"href":"https:\/\/velumautostore.com\/de\/wp-json\/wp\/v2\/media?parent=16950"}],"wp:term":[{"taxonomy":"product_brand","embeddable":true,"href":"https:\/\/velumautostore.com\/de\/wp-json\/wp\/v2\/product_brand?post=16950"},{"taxonomy":"product_cat","embeddable":true,"href":"https:\/\/velumautostore.com\/de\/wp-json\/wp\/v2\/product_cat?post=16950"},{"taxonomy":"product_tag","embeddable":true,"href":"https:\/\/velumautostore.com\/de\/wp-json\/wp\/v2\/product_tag?post=16950"}],"curies":[{"name":"wp","href":"https:\/\/api.w.org\/{rel}","templated":true}]}}