{"id":16947,"date":"2025-05-05T14:36:24","date_gmt":"2025-05-05T12:36:24","guid":{"rendered":"https:\/\/velumautostore.com\/produit\/litium-weisse-fettspritze-fuer-schiebedach-20ml\/"},"modified":"2026-02-09T15:57:02","modified_gmt":"2026-02-09T14:57:02","slug":"litium-weisse-fettspritze-fuer-schiebedach-20ml","status":"publish","type":"product","link":"https:\/\/velumautostore.com\/de\/produkt\/litium-weisse-fettspritze-fuer-schiebedach-20ml\/","title":{"rendered":"Litium wei\u00dfe Fettspritze f\u00fcr Schiebedach &#8211; 20ml"},"content":{"rendered":"\t\t<div data-elementor-type=\"product-post\" data-elementor-id=\"16947\" class=\"elementor elementor-16947 elementor-13784\" data-elementor-post-type=\"product\">\n\t\t\t\t\t\t<section class=\"elementor-section elementor-top-section elementor-element elementor-element-40cdbec1 elementor-section-boxed elementor-section-height-default elementor-section-height-default\" data-id=\"40cdbec1\" data-element_type=\"section\" data-e-type=\"section\">\n\t\t\t\t\t\t<div class=\"elementor-container elementor-column-gap-default\">\n\t\t\t\t\t<div class=\"elementor-column elementor-col-100 elementor-top-column elementor-element elementor-element-4ae9f57\" data-id=\"4ae9f57\" data-element_type=\"column\" data-e-type=\"column\">\n\t\t\t<div class=\"elementor-widget-wrap elementor-element-populated\">\n\t\t\t\t\t\t<div class=\"elementor-element elementor-element-15718018 elementor-widget elementor-widget-text-editor\" data-id=\"15718018\" data-element_type=\"widget\" data-e-type=\"widget\" data-widget_type=\"text-editor.default\">\n\t\t\t\t<div class=\"elementor-widget-container\">\n\t\t\t\t\t\t\t\t\t<h3>Mechanisches Schmierfett f\u00fcr Schiebed\u00e4cher &#8211; Wei\u00dfe Lithium-Fettspritze &#8211; 20ml<\/h3><div><p> <\/p><p><strong>Beschreibung:<\/strong> Entdecken Sie unser hochwertiges Lithiumfett, das speziell f\u00fcr die Pflege von Panorama-Schiebed\u00e4chern entwickelt wurde. Dieses wei\u00dfe Fett sorgt f\u00fcr eine optimale Schmierung und einen dauerhaften Schutz vor Verschlei\u00df und Korrosion. <\/p><p><strong>Merkmale :<\/strong><\/p><ul><li><strong>Farbe:<\/strong> Wei\u00df<\/li><li><strong>\ud83c\udf21\ufe0f Anwendungstemperatur:<\/strong> -26\u00b0C bis 140\u00b0C<\/li><li>\ud83d\udcdc <strong>Zertifizierungen:<\/strong> REACH, ISO9001<\/li><li><strong>Gewicht:<\/strong> 20ml<\/li><li>\ud83d\udccf <strong>Gr\u00f6\u00dfe:<\/strong> 8 x 2.5 x 0.2 cm<\/li><\/ul><p><strong>Vorteile :<\/strong><\/p><ul><li>\ud83d\ude80 <strong>\u00dcberlegene Leistung:<\/strong> Fortschrittliche Formel f\u00fcr eine effektive und lang anhaltende Schmierung.<\/li><li>\ud83c\udf0d <strong>Vielseitigkeit:<\/strong> Geeignet f\u00fcr einen breiten Temperaturbereich, ideal f\u00fcr alle klimatischen Bedingungen.<\/li><li>\ud83d\udd12 <strong>Konformit\u00e4t:<\/strong> REACH- und ISO9001-zertifiziert, wodurch h\u00f6chste Qualit\u00e4t und Sicherheit gew\u00e4hrleistet werden.<\/li><\/ul><p><strong>Anwendung:<\/strong> Tragen Sie eine kleine Menge Fett auf die Schienen und Dichtungen Ihres Panorama-Schiebedachs auf, um einen reibungslosen und leisen Betrieb zu gew\u00e4hrleisten. Wiederholen Sie diesen Vorgang regelm\u00e4\u00dfig, um die optimale Leistung Ihres Schiebedachs zu erhalten. <\/p><p><strong>Warum sollten Sie sich f\u00fcr unser Lithiumfett entscheiden?<\/strong>  Unser Lithiumfett wurde speziell f\u00fcr die Anforderungen von Panorama-Schiebed\u00e4chern entwickelt. Die wei\u00dfe Farbe erm\u00f6glicht eine saubere und diskrete Anwendung, w\u00e4hrend die REACH- und ISO9001-Zertifizierungen eine einwandfreie Qualit\u00e4t gew\u00e4hrleisten. <\/p><hr><p>Kompatibel mit allen Fahrzeugen, die mit einem Schiebedach ausgestattet sind<\/p><\/div>\t\t\t\t\t\t\t\t<\/div>\n\t\t\t\t<\/div>\n\t\t\t\t<div class=\"elementor-element elementor-element-8f5dc66 elementor-widget elementor-widget-heading\" data-id=\"8f5dc66\" data-element_type=\"widget\" data-e-type=\"widget\" data-widget_type=\"heading.default\">\n\t\t\t\t<div class=\"elementor-widget-container\">\n\t\t\t\t\t<h2 class=\"elementor-heading-title elementor-size-default\">Kann mit dem folgenden Fett verwendet werden:<\/h2>\t\t\t\t<\/div>\n\t\t\t\t<\/div>\n\t\t\t\t<section class=\"elementor-section elementor-inner-section elementor-element elementor-element-4771755 elementor-section-boxed elementor-section-height-default elementor-section-height-default\" data-id=\"4771755\" data-element_type=\"section\" data-e-type=\"section\">\n\t\t\t\t\t\t<div class=\"elementor-container elementor-column-gap-default\">\n\t\t\t\t\t<div class=\"elementor-column elementor-col-100 elementor-inner-column elementor-element elementor-element-2c9fda2\" data-id=\"2c9fda2\" data-element_type=\"column\" data-e-type=\"column\">\n\t\t\t<div class=\"elementor-widget-wrap elementor-element-populated\">\n\t\t\t\t\t\t\t<\/div>\n\t\t<\/div>\n\t\t\t\t\t<\/div>\n\t\t<\/section>\n\t\t\t\t<div class=\"elementor-element elementor-element-76e10d9 elementor-widget elementor-widget-heading\" data-id=\"76e10d9\" data-element_type=\"widget\" data-e-type=\"widget\" data-widget_type=\"heading.default\">\n\t\t\t\t<div class=\"elementor-widget-container\">\n\t\t\t\t\t<h2 class=\"elementor-heading-title elementor-size-default\">Tutorials<\/h2>\t\t\t\t<\/div>\n\t\t\t\t<\/div>\n\t\t\t\t\t<\/div>\n\t\t<\/div>\n\t\t\t\t\t<\/div>\n\t\t<\/section>\n\t\t\t\t<\/div>\n\t\t","protected":false},"excerpt":{"rendered":"<p>&nbsp;<\/p>\n<p><strong>\ud83d\udee0\ufe0f Lithium-Schmierfett f\u00fcr Panorama-Schiebed\u00e4cher &#8211; 20ml Spritze<\/strong><\/p>\n<p><strong>Beschreibung:<\/strong> Entdecken Sie unser hochwertiges Lithiumfett, das speziell f\u00fcr die Pflege von Panorama-Schiebed\u00e4chern entwickelt wurde. Dieses wei\u00dfe Fett sorgt f\u00fcr eine optimale Schmierung und einen dauerhaften Schutz vor Verschlei\u00df und Korrosion. <\/p>\n<p><strong>Merkmale :<\/strong><\/p>\n<ul>\n<li><strong>Farbe:<\/strong> Wei\u00df<\/li>\n<li><strong>\ud83c\udf21\ufe0f Anwendungstemperatur:<\/strong> -26\u00b0C bis 140\u00b0C<\/li>\n<li>\ud83d\udcdc <strong>Zertifizierungen:<\/strong> REACH, ISO9001<\/li>\n<li><strong>Gewicht:<\/strong> 20ml<\/li>\n<li>\ud83d\udccf <strong>Gr\u00f6\u00dfe:<\/strong> 8 x 2.5 x 0.2 cm<\/li>\n<\/ul>\n<p><strong>Vorteile :<\/strong><\/p>\n<ul>\n<li>\ud83d\ude80 <strong>\u00dcberlegene Leistung:<\/strong> Fortschrittliche Formel f\u00fcr eine effektive und lang anhaltende Schmierung.<\/li>\n<li>\ud83c\udf0d <strong>Vielseitigkeit:<\/strong> Geeignet f\u00fcr einen breiten Temperaturbereich, ideal f\u00fcr alle klimatischen Bedingungen.<\/li>\n<li>\ud83d\udd12 <strong>Konformit\u00e4t:<\/strong> REACH- und ISO9001-zertifiziert, wodurch h\u00f6chste Qualit\u00e4t und Sicherheit gew\u00e4hrleistet werden.<\/li>\n<\/ul>\n<p><strong>Anwendung:<\/strong> Tragen Sie eine kleine Menge Fett auf die Schienen und Dichtungen Ihres Panorama-Schiebedachs auf, um einen reibungslosen und leisen Betrieb zu gew\u00e4hrleisten. Wiederholen Sie diesen Vorgang regelm\u00e4\u00dfig, um die optimale Leistung Ihres Schiebedachs zu erhalten. <\/p>\n<p><strong>Warum sollten Sie sich f\u00fcr unser Lithiumfett entscheiden?<\/strong>  Unser Lithiumfett wurde speziell f\u00fcr die Anforderungen von Panorama-Schiebed\u00e4chern entwickelt. Die wei\u00dfe Farbe erm\u00f6glicht eine saubere und unauff\u00e4llige Anwendung, w\u00e4hrend die REACH- und ISO9001-Zertifizierungen eine einwandfreie Qualit\u00e4t gew\u00e4hrleisten. <\/p>\n","protected":false},"featured_media":16870,"comment_status":"open","ping_status":"closed","template":"","meta":[],"product_brand":[],"product_cat":[1142,1145,1147,1070],"product_tag":[],"class_list":{"0":"post-16947","1":"product","2":"type-product","3":"status-publish","4":"has-post-thumbnail","6":"product_cat-ersatzteile","7":"product_cat-gleitmittel-fur-schiebedach","8":"product_cat-pflegeprodukt-fur-schiebedach","9":"product_cat-store-velum","10":"pa_make-a5-8t3-06-2007-06-2016","11":"pa_make-alhambra-iii-06-2010-04-2015","12":"pa_make-alle-marken","13":"pa_make-ateca-phase-2-07-2020-heute","14":"pa_make-cayenne-92a-02-2010-05-2018","15":"pa_make-e-tron-suv-09-2018-heute","16":"pa_make-golf-v-sw-05-2007-07-2009","17":"pa_make-golf-vi-sw-07-2009-07-2013","18":"pa_make-golf-vii-sw-04-2013-10-2016","19":"pa_make-golf-viii-sw-variant-09-2020-heute","20":"pa_make-insignia-phase-1-01-2009-07-2013","21":"pa_make-insignia-phase-2-07-2013-04-2017","22":"pa_make-karoq-phase-i-07-2017-12-2021","23":"pa_make-kodiaq-phase-110-2016-04-2021","24":"pa_make-leon-kombi-iii-5f8-st-01-2013-10-2016","25":"pa_make-leon-kombi-iv-kl8-st-03-2020-heute","26":"pa_make-octavia-5e5-kombi-11-2012-01-2017","27":"pa_make-octavia-nx3-03-2020-heute","28":"pa_make-opel-de","29":"pa_make-passat-b6-sw-03-2005-11-2010","30":"pa_make-passat-b7-sw-08-2010-12-2014","31":"pa_make-passat-b8-sw-08-2014-07-2019","32":"pa_make-passat-cc-01-2014-12-2016","33":"pa_make-passat-cc-b6-05-2008-12-2013","34":"pa_make-porsche-de","35":"pa_make-q5-i-8rb-11-2008-09-2012","36":"pa_make-q5-i-8rb-phase-2-06-2012-04-2016","37":"pa_make-q7-serie-1-03-2006-06-2009","38":"pa_make-q7-serie-1-phase-2-06-2009-08-2015","39":"pa_make-r55-2-clubman-08-2007-06-2010","40":"pa_make-r55-2-clubman-lci-03-2010-05-2014","41":"pa_make-r56-2-11-2006-07-2010","42":"pa_make-r56-2-lci-08-2010-12-2013","43":"pa_make-r60-2-countryman-08-2010-07-2014","44":"pa_make-r60-2-countryman-lci-07-2014-09-2016","45":"pa_make-seat-de","46":"pa_make-sharan-iii-05-2010-12-2016","47":"pa_make-sharan-iii-phase-2-05-2015-heute","48":"pa_make-superb-kombi-ii-kombi-03-2008-05-2013","49":"pa_make-superb-kombi-ii-kombi-phase-2-05-2013-03-2015","50":"pa_make-superb-kombi-iii-kombi-03-2015-01-2020","51":"pa_make-tiguan-i-phase-1-11-2007-05-2011","52":"pa_make-tiguan-i-phase-2-05-2011-12-2015","53":"pa_make-tiguan-ii-01-2016-07-2020","54":"pa_make-tiguan-ii-phase-2-07-2020-heute","55":"pa_make-touareg-ii-01-2010-12-2014","56":"pa_make-touareg-ii-phase-2-07-2014-03-2018","57":"pa_make-touran-1t1-i-02-2003-11-2006","58":"pa_make-touran-1t2-i-phase-2-11-2006-05-2010","59":"pa_make-touran-1t3-i-phase-3-05-2010-05-2015","60":"pa_make-universell","61":"pa_make-yeti-phase-1-05-2009-11-2013","62":"pa_make-yeti-phase-2-11-2013-heute","63":"pa_marque-audi","64":"pa_marque-bmw","65":"pa_marque-mini","66":"pa_marque-porsche","67":"pa_marque-seat","68":"pa_marque-skoda","69":"pa_marque-vag","70":"pa_marque-volkswagen","71":"pa_year-attr-1130","72":"pa_year-attr-1131","73":"pa_year-attr-1132","74":"pa_year-attr-1133","75":"pa_year-attr-1134","76":"pa_year-attr-1135","77":"pa_year-attr-1091","78":"pa_year-attr-1074","79":"pa_year-attr-1061","80":"pa_year-attr-1062","81":"pa_year-attr-1063","82":"pa_year-attr-1064","83":"pa_year-attr-1065","84":"pa_year-attr-1066","85":"pa_year-attr-1067","86":"pa_year-attr-1068","87":"pa_year-attr-1069","88":"pa_year-attr-1136","89":"pa_year-attr-1137","90":"pa_year-attr-1138","91":"pa_year-attr-1139","92":"pa_year-attr-1140","93":"pa_year-attr-1141","95":"first","96":"instock","97":"sale","98":"shipping-taxable","99":"purchasable","100":"product-type-simple"},"etheme_brands":{"errors":{"invalid_taxonomy":["Die Taxonomie ist ung\u00fcltig."]},"error_data":[]},"yoast_head":"<!-- This site is optimized with the Yoast SEO Premium plugin v27.3 (Yoast SEO v27.5) - https:\/\/yoast.com\/product\/yoast-seo-premium-wordpress\/ -->\n<title>Litium wei\u00dfe Fettspritze f\u00fcr Schiebedach - 20ml - Velum Auto Store<\/title>\n<meta name=\"description\" content=\"Eine Spritze, die verwendet wird, um schwer zug\u00e4ngliche Stellen zu erreichen. Erm\u00f6glicht ein besseres Auftragen von Fett.\" \/>\n<meta name=\"robots\" content=\"index, follow, max-snippet:-1, max-image-preview:large, max-video-preview:-1\" \/>\n<link rel=\"canonical\" href=\"https:\/\/velumautostore.com\/de\/produit\/litium-weisse-fettspritze-fuer-schiebedach-20ml\/\" \/>\n<meta property=\"og:locale\" content=\"de_DE\" \/>\n<meta property=\"og:type\" content=\"article\" \/>\n<meta property=\"og:title\" content=\"Litium wei\u00dfe Fettspritze f\u00fcr Schiebedach - 20ml\" \/>\n<meta property=\"og:description\" content=\"Eine Spritze, die verwendet wird, um schwer zug\u00e4ngliche Stellen zu erreichen. Erm\u00f6glicht ein besseres Auftragen von Fett.\" \/>\n<meta property=\"og:url\" content=\"https:\/\/velumautostore.com\/de\/produit\/litium-weisse-fettspritze-fuer-schiebedach-20ml\/\" \/>\n<meta property=\"og:site_name\" content=\"Velum Auto Store\" \/>\n<meta property=\"article:publisher\" content=\"https:\/\/fr-fr.facebook.com\/Velumautostore\/\" \/>\n<meta property=\"article:modified_time\" content=\"2026-02-09T14:57:02+00:00\" \/>\n<meta property=\"og:image\" content=\"https:\/\/velumautostore.com\/wp-content\/uploads\/2025\/05\/1000062147-removebg-preview.png\" \/>\n\t<meta property=\"og:image:width\" content=\"576\" \/>\n\t<meta property=\"og:image:height\" content=\"433\" \/>\n\t<meta property=\"og:image:type\" content=\"image\/png\" \/>\n<meta name=\"twitter:card\" content=\"summary_large_image\" \/>\n<meta name=\"twitter:label1\" content=\"Preis\" \/>\n\t<meta name=\"twitter:data1\" content=\"15.90&euro;\" \/>\n\t<meta name=\"twitter:label2\" content=\"Verf\u00fcgbarkeit\" \/>\n\t<meta name=\"twitter:data2\" content=\"Auf Lager\" \/>\n<script type=\"application\/ld+json\" class=\"yoast-schema-graph\">{\"@context\":\"https:\\\/\\\/schema.org\",\"@graph\":[{\"@type\":\"WebPage\",\"@id\":\"https:\\\/\\\/velumautostore.com\\\/de\\\/produit\\\/litium-weisse-fettspritze-fuer-schiebedach-20ml\\\/\",\"url\":\"https:\\\/\\\/velumautostore.com\\\/de\\\/produit\\\/litium-weisse-fettspritze-fuer-schiebedach-20ml\\\/\",\"name\":\"Litium wei\u00dfe Fettspritze f\u00fcr Schiebedach - 20ml - Velum Auto Store\",\"isPartOf\":{\"@id\":\"https:\\\/\\\/velumautostore.com\\\/#website\"},\"primaryImageOfPage\":{\"@id\":\"https:\\\/\\\/velumautostore.com\\\/de\\\/produit\\\/litium-weisse-fettspritze-fuer-schiebedach-20ml\\\/#primaryimage\"},\"image\":{\"@id\":\"https:\\\/\\\/velumautostore.com\\\/de\\\/produit\\\/litium-weisse-fettspritze-fuer-schiebedach-20ml\\\/#primaryimage\"},\"thumbnailUrl\":\"https:\\\/\\\/velumautostore.com\\\/wp-content\\\/uploads\\\/2025\\\/05\\\/1000062147-removebg-preview.png\",\"datePublished\":\"2025-05-05T12:36:24+00:00\",\"dateModified\":\"2026-02-09T14:57:02+00:00\",\"description\":\"Eine Spritze, die verwendet wird, um schwer zug\u00e4ngliche Stellen zu erreichen. Erm\u00f6glicht ein besseres Auftragen von Fett.\",\"breadcrumb\":{\"@id\":\"https:\\\/\\\/velumautostore.com\\\/de\\\/produit\\\/litium-weisse-fettspritze-fuer-schiebedach-20ml\\\/#breadcrumb\"},\"inLanguage\":\"de\",\"potentialAction\":[{\"@type\":\"ReadAction\",\"target\":[\"https:\\\/\\\/velumautostore.com\\\/de\\\/produit\\\/litium-weisse-fettspritze-fuer-schiebedach-20ml\\\/\"]}]},{\"@type\":\"ImageObject\",\"inLanguage\":\"de\",\"@id\":\"https:\\\/\\\/velumautostore.com\\\/de\\\/produit\\\/litium-weisse-fettspritze-fuer-schiebedach-20ml\\\/#primaryimage\",\"url\":\"https:\\\/\\\/velumautostore.com\\\/wp-content\\\/uploads\\\/2025\\\/05\\\/1000062147-removebg-preview.png\",\"contentUrl\":\"https:\\\/\\\/velumautostore.com\\\/wp-content\\\/uploads\\\/2025\\\/05\\\/1000062147-removebg-preview.png\",\"width\":576,\"height\":433,\"caption\":\"Lithiumfett f\u00fcr das Schiebedach\"},{\"@type\":\"BreadcrumbList\",\"@id\":\"https:\\\/\\\/velumautostore.com\\\/de\\\/produit\\\/litium-weisse-fettspritze-fuer-schiebedach-20ml\\\/#breadcrumb\",\"itemListElement\":[{\"@type\":\"ListItem\",\"position\":1,\"name\":\"Accueil\",\"item\":\"https:\\\/\\\/velumautostore.com\\\/de\\\/home\\\/\"},{\"@type\":\"ListItem\",\"position\":2,\"name\":\"Shop\",\"item\":\"https:\\\/\\\/velumautostore.com\\\/de\\\/?page_id=19555\"},{\"@type\":\"ListItem\",\"position\":3,\"name\":\"Litium wei\u00dfe Fettspritze f\u00fcr Schiebedach &#8211; 20ml\"}]},{\"@type\":\"WebSite\",\"@id\":\"https:\\\/\\\/velumautostore.com\\\/#website\",\"url\":\"https:\\\/\\\/velumautostore.com\\\/\",\"name\":\"Velum Auto Store\",\"description\":\"Store et toit panoramique\",\"publisher\":{\"@id\":\"https:\\\/\\\/velumautostore.com\\\/#organization\"},\"potentialAction\":[{\"@type\":\"SearchAction\",\"target\":{\"@type\":\"EntryPoint\",\"urlTemplate\":\"https:\\\/\\\/velumautostore.com\\\/?s={search_term_string}\"},\"query-input\":{\"@type\":\"PropertyValueSpecification\",\"valueRequired\":true,\"valueName\":\"search_term_string\"}}],\"inLanguage\":\"de\"},{\"@type\":\"Organization\",\"@id\":\"https:\\\/\\\/velumautostore.com\\\/#organization\",\"name\":\"Velum Auto Store\",\"url\":\"https:\\\/\\\/velumautostore.com\\\/\",\"logo\":{\"@type\":\"ImageObject\",\"inLanguage\":\"de\",\"@id\":\"https:\\\/\\\/velumautostore.com\\\/#\\\/schema\\\/logo\\\/image\\\/\",\"url\":\"https:\\\/\\\/velumautostore.com\\\/wp-content\\\/uploads\\\/2021\\\/09\\\/cropped-Velum_AutoStore_logo_3.png\",\"contentUrl\":\"https:\\\/\\\/velumautostore.com\\\/wp-content\\\/uploads\\\/2021\\\/09\\\/cropped-Velum_AutoStore_logo_3.png\",\"width\":321,\"height\":154,\"caption\":\"Velum Auto Store\"},\"image\":{\"@id\":\"https:\\\/\\\/velumautostore.com\\\/#\\\/schema\\\/logo\\\/image\\\/\"},\"sameAs\":[\"https:\\\/\\\/fr-fr.facebook.com\\\/Velumautostore\\\/\"]}]}<\/script>\n<meta property=\"product:price:amount\" content=\"15.90\" \/>\n<meta property=\"product:price:currency\" content=\"EUR\" \/>\n<meta property=\"og:availability\" content=\"instock\" \/>\n<meta property=\"product:availability\" content=\"instock\" \/>\n<meta property=\"product:condition\" content=\"new\" \/>\n<!-- \/ Yoast SEO Premium plugin. -->","yoast_head_json":{"title":"Litium wei\u00dfe Fettspritze f\u00fcr Schiebedach - 20ml - Velum Auto Store","description":"Eine Spritze, die verwendet wird, um schwer zug\u00e4ngliche Stellen zu erreichen. Erm\u00f6glicht ein besseres Auftragen von Fett.","robots":{"index":"index","follow":"follow","max-snippet":"max-snippet:-1","max-image-preview":"max-image-preview:large","max-video-preview":"max-video-preview:-1"},"canonical":"https:\/\/velumautostore.com\/de\/produit\/litium-weisse-fettspritze-fuer-schiebedach-20ml\/","og_locale":"de_DE","og_type":"article","og_title":"Litium wei\u00dfe Fettspritze f\u00fcr Schiebedach - 20ml","og_description":"Eine Spritze, die verwendet wird, um schwer zug\u00e4ngliche Stellen zu erreichen. Erm\u00f6glicht ein besseres Auftragen von Fett.","og_url":"https:\/\/velumautostore.com\/de\/produit\/litium-weisse-fettspritze-fuer-schiebedach-20ml\/","og_site_name":"Velum Auto Store","article_publisher":"https:\/\/fr-fr.facebook.com\/Velumautostore\/","article_modified_time":"2026-02-09T14:57:02+00:00","og_image":[{"width":576,"height":433,"url":"https:\/\/velumautostore.com\/wp-content\/uploads\/2025\/05\/1000062147-removebg-preview.png","type":"image\/png"}],"twitter_card":"summary_large_image","twitter_misc":{"Preis":"15.90&euro;","Verf\u00fcgbarkeit":"Auf Lager"},"schema":{"@context":"https:\/\/schema.org","@graph":[{"@type":"WebPage","@id":"https:\/\/velumautostore.com\/de\/produit\/litium-weisse-fettspritze-fuer-schiebedach-20ml\/","url":"https:\/\/velumautostore.com\/de\/produit\/litium-weisse-fettspritze-fuer-schiebedach-20ml\/","name":"Litium wei\u00dfe Fettspritze f\u00fcr Schiebedach - 20ml - Velum Auto Store","isPartOf":{"@id":"https:\/\/velumautostore.com\/#website"},"primaryImageOfPage":{"@id":"https:\/\/velumautostore.com\/de\/produit\/litium-weisse-fettspritze-fuer-schiebedach-20ml\/#primaryimage"},"image":{"@id":"https:\/\/velumautostore.com\/de\/produit\/litium-weisse-fettspritze-fuer-schiebedach-20ml\/#primaryimage"},"thumbnailUrl":"https:\/\/velumautostore.com\/wp-content\/uploads\/2025\/05\/1000062147-removebg-preview.png","datePublished":"2025-05-05T12:36:24+00:00","dateModified":"2026-02-09T14:57:02+00:00","description":"Eine Spritze, die verwendet wird, um schwer zug\u00e4ngliche Stellen zu erreichen. Erm\u00f6glicht ein besseres Auftragen von Fett.","breadcrumb":{"@id":"https:\/\/velumautostore.com\/de\/produit\/litium-weisse-fettspritze-fuer-schiebedach-20ml\/#breadcrumb"},"inLanguage":"de","potentialAction":[{"@type":"ReadAction","target":["https:\/\/velumautostore.com\/de\/produit\/litium-weisse-fettspritze-fuer-schiebedach-20ml\/"]}]},{"@type":"ImageObject","inLanguage":"de","@id":"https:\/\/velumautostore.com\/de\/produit\/litium-weisse-fettspritze-fuer-schiebedach-20ml\/#primaryimage","url":"https:\/\/velumautostore.com\/wp-content\/uploads\/2025\/05\/1000062147-removebg-preview.png","contentUrl":"https:\/\/velumautostore.com\/wp-content\/uploads\/2025\/05\/1000062147-removebg-preview.png","width":576,"height":433,"caption":"Lithiumfett f\u00fcr das Schiebedach"},{"@type":"BreadcrumbList","@id":"https:\/\/velumautostore.com\/de\/produit\/litium-weisse-fettspritze-fuer-schiebedach-20ml\/#breadcrumb","itemListElement":[{"@type":"ListItem","position":1,"name":"Accueil","item":"https:\/\/velumautostore.com\/de\/home\/"},{"@type":"ListItem","position":2,"name":"Shop","item":"https:\/\/velumautostore.com\/de\/?page_id=19555"},{"@type":"ListItem","position":3,"name":"Litium wei\u00dfe Fettspritze f\u00fcr Schiebedach &#8211; 20ml"}]},{"@type":"WebSite","@id":"https:\/\/velumautostore.com\/#website","url":"https:\/\/velumautostore.com\/","name":"Velum Auto Store","description":"Store et toit panoramique","publisher":{"@id":"https:\/\/velumautostore.com\/#organization"},"potentialAction":[{"@type":"SearchAction","target":{"@type":"EntryPoint","urlTemplate":"https:\/\/velumautostore.com\/?s={search_term_string}"},"query-input":{"@type":"PropertyValueSpecification","valueRequired":true,"valueName":"search_term_string"}}],"inLanguage":"de"},{"@type":"Organization","@id":"https:\/\/velumautostore.com\/#organization","name":"Velum Auto Store","url":"https:\/\/velumautostore.com\/","logo":{"@type":"ImageObject","inLanguage":"de","@id":"https:\/\/velumautostore.com\/#\/schema\/logo\/image\/","url":"https:\/\/velumautostore.com\/wp-content\/uploads\/2021\/09\/cropped-Velum_AutoStore_logo_3.png","contentUrl":"https:\/\/velumautostore.com\/wp-content\/uploads\/2021\/09\/cropped-Velum_AutoStore_logo_3.png","width":321,"height":154,"caption":"Velum Auto Store"},"image":{"@id":"https:\/\/velumautostore.com\/#\/schema\/logo\/image\/"},"sameAs":["https:\/\/fr-fr.facebook.com\/Velumautostore\/"]}]},"product_price_amount":"15.90","product_price_currency":"EUR","og_availability":"instock","product_availability":"instock","product_condition":"new"},"_links":{"self":[{"href":"https:\/\/velumautostore.com\/de\/wp-json\/wp\/v2\/product\/16947","targetHints":{"allow":["GET"]}}],"collection":[{"href":"https:\/\/velumautostore.com\/de\/wp-json\/wp\/v2\/product"}],"about":[{"href":"https:\/\/velumautostore.com\/de\/wp-json\/wp\/v2\/types\/product"}],"replies":[{"embeddable":true,"href":"https:\/\/velumautostore.com\/de\/wp-json\/wp\/v2\/comments?post=16947"}],"version-history":[{"count":1,"href":"https:\/\/velumautostore.com\/de\/wp-json\/wp\/v2\/product\/16947\/revisions"}],"predecessor-version":[{"id":16955,"href":"https:\/\/velumautostore.com\/de\/wp-json\/wp\/v2\/product\/16947\/revisions\/16955"}],"wp:featuredmedia":[{"embeddable":true,"href":"https:\/\/velumautostore.com\/de\/wp-json\/wp\/v2\/media\/16870"}],"wp:attachment":[{"href":"https:\/\/velumautostore.com\/de\/wp-json\/wp\/v2\/media?parent=16947"}],"wp:term":[{"taxonomy":"product_brand","embeddable":true,"href":"https:\/\/velumautostore.com\/de\/wp-json\/wp\/v2\/product_brand?post=16947"},{"taxonomy":"product_cat","embeddable":true,"href":"https:\/\/velumautostore.com\/de\/wp-json\/wp\/v2\/product_cat?post=16947"},{"taxonomy":"product_tag","embeddable":true,"href":"https:\/\/velumautostore.com\/de\/wp-json\/wp\/v2\/product_tag?post=16947"}],"curies":[{"name":"wp","href":"https:\/\/api.w.org\/{rel}","templated":true}]}}