{"id":16714,"date":"2020-11-07T12:13:09","date_gmt":"2020-11-07T11:13:09","guid":{"rendered":"https:\/\/velumautostore.com\/produit\/motorritzel-panorama-schiebedach-19-zaehne-bmw-mini-mercedes\/"},"modified":"2026-02-09T15:06:23","modified_gmt":"2026-02-09T14:06:23","slug":"motorritzel-panorama-schiebedach-19-zaehne-bmw-mini-mercedes","status":"publish","type":"product","link":"https:\/\/velumautostore.com\/de\/produkt\/motorritzel-panorama-schiebedach-19-zaehne-bmw-mini-mercedes\/","title":{"rendered":"Motorritzel Panorama-Schiebedach 19 Z\u00e4hne | BMW | MINI | MERCEDES"},"content":{"rendered":"<p>Motorritzel Panorama-Schiebedach 19 Z\u00e4hne | BMW | MINI | MERCEDES<\/p>\n<hr>\n<p><strong>OEM-Referenz :<\/strong><\/p>\n<p>BMW: 1548201432<\/p>\n<p>MINI: 54103448675<\/p>\n<p>MERCEDES: 2048201442 &#8211; A2048201442 &#8211; 2079060900<\/p>\n<p>&#8211; A2079060900 &#8211; 2128200008 &#8211; A2128200008<\/p>\n<p>&nbsp;<\/p>\n<p><strong>Merkmale :<\/strong><\/p>\n<p>Material: Stahl<\/p>\n<p>Anzahl der Z\u00e4hne: 19 Z\u00e4hne<\/p>\n<p>Dicke: 4 mm<\/p>\n<p>\u00c4u\u00dferer Durchmesser: 16,4 mm<\/p>\n","protected":false},"excerpt":{"rendered":"<p>Motorritzel Panorama-Schiebedach 19 Z\u00e4hne | BMW | MINI | MERCEDES<\/p>\n<hr>\n<p><strong>OEM-Referenz :<\/strong><\/p>\n<p>BMW: 1548201432<\/p>\n<p>MINI: 54103448675<\/p>\n<p>MERCEDES: 2048201442 &#8211; A2048201442 &#8211; 2079060900<\/p>\n<p>&#8211; A2079060900 &#8211; 2128200008 &#8211; A2128200008<\/p>\n<p><strong>Merkmale :<\/strong><\/p>\n<p>Material: Stahl<\/p>\n<p>Anzahl der Z\u00e4hne: 19 Z\u00e4hne<\/p>\n<p>Dicke: 4 mm<\/p>\n<p>\u00c4u\u00dferer Durchmesser: 16,4 mm<\/p>\n","protected":false},"featured_media":16715,"comment_status":"open","ping_status":"closed","template":"","meta":[],"product_brand":[],"product_cat":[1142,1070],"product_tag":[],"class_list":{"0":"post-16714","1":"product","2":"type-product","3":"status-publish","4":"has-post-thumbnail","6":"product_cat-ersatzteile","7":"product_cat-store-velum","8":"product_shipping_class-verfolgter-brief","9":"pa_make-a5-8t3-06-2007-06-2016","10":"pa_make-alhambra-iii-06-2010-04-2015","11":"pa_make-alle-marken","12":"pa_make-ateca-phase-2-07-2020-heute","13":"pa_make-cayenne-92a-02-2010-05-2018","14":"pa_make-e-tron-suv-09-2018-heute","15":"pa_make-golf-v-sw-05-2007-07-2009","16":"pa_make-golf-vi-sw-07-2009-07-2013","17":"pa_make-golf-vii-sw-04-2013-10-2016","18":"pa_make-golf-viii-sw-variant-09-2020-heute","19":"pa_make-insignia-phase-1-01-2009-07-2013","20":"pa_make-insignia-phase-2-07-2013-04-2017","21":"pa_make-karoq-phase-i-07-2017-12-2021","22":"pa_make-kodiaq-phase-110-2016-04-2021","23":"pa_make-leon-kombi-iii-5f8-st-01-2013-10-2016","24":"pa_make-leon-kombi-iv-kl8-st-03-2020-heute","25":"pa_make-octavia-5e5-kombi-11-2012-01-2017","26":"pa_make-octavia-nx3-03-2020-heute","27":"pa_make-opel-de","28":"pa_make-passat-b6-sw-03-2005-11-2010","29":"pa_make-passat-b7-sw-08-2010-12-2014","30":"pa_make-passat-b8-sw-08-2014-07-2019","31":"pa_make-passat-cc-01-2014-12-2016","32":"pa_make-passat-cc-b6-05-2008-12-2013","33":"pa_make-porsche-de","34":"pa_make-q5-i-8rb-11-2008-09-2012","35":"pa_make-q5-i-8rb-phase-2-06-2012-04-2016","36":"pa_make-q7-serie-1-03-2006-06-2009","37":"pa_make-q7-serie-1-phase-2-06-2009-08-2015","38":"pa_make-r55-2-clubman-08-2007-06-2010","39":"pa_make-r55-2-clubman-lci-03-2010-05-2014","40":"pa_make-r56-2-11-2006-07-2010","41":"pa_make-r56-2-lci-08-2010-12-2013","42":"pa_make-r60-2-countryman-08-2010-07-2014","43":"pa_make-r60-2-countryman-lci-07-2014-09-2016","44":"pa_make-seat-de","45":"pa_make-sharan-iii-05-2010-12-2016","46":"pa_make-sharan-iii-phase-2-05-2015-heute","47":"pa_make-superb-kombi-ii-kombi-03-2008-05-2013","48":"pa_make-superb-kombi-ii-kombi-phase-2-05-2013-03-2015","49":"pa_make-superb-kombi-iii-kombi-03-2015-01-2020","50":"pa_make-tiguan-i-phase-1-11-2007-05-2011","51":"pa_make-tiguan-i-phase-2-05-2011-12-2015","52":"pa_make-tiguan-ii-01-2016-07-2020","53":"pa_make-tiguan-ii-phase-2-07-2020-heute","54":"pa_make-touareg-ii-01-2010-12-2014","55":"pa_make-touareg-ii-phase-2-07-2014-03-2018","56":"pa_make-touran-1t1-i-02-2003-11-2006","57":"pa_make-touran-1t2-i-phase-2-11-2006-05-2010","58":"pa_make-touran-1t3-i-phase-3-05-2010-05-2015","59":"pa_make-universell","60":"pa_make-yeti-phase-1-05-2009-11-2013","61":"pa_make-yeti-phase-2-11-2013-heute","62":"pa_year-attr-1130","63":"pa_year-attr-1131","64":"pa_year-attr-1132","65":"pa_year-attr-1133","66":"pa_year-attr-1134","67":"pa_year-attr-1135","68":"pa_year-attr-1091","69":"pa_year-attr-1074","70":"pa_year-attr-1061","71":"pa_year-attr-1062","72":"pa_year-attr-1063","73":"pa_year-attr-1064","74":"pa_year-attr-1065","75":"pa_year-attr-1066","76":"pa_year-attr-1067","77":"pa_year-attr-1068","78":"pa_year-attr-1069","79":"pa_year-attr-1136","80":"pa_year-attr-1137","81":"pa_year-attr-1138","82":"pa_year-attr-1139","83":"pa_year-attr-1140","84":"pa_year-attr-1141","86":"first","87":"instock","88":"shipping-taxable","89":"purchasable","90":"product-type-simple"},"etheme_brands":{"errors":{"invalid_taxonomy":["Die Taxonomie ist ung\u00fcltig."]},"error_data":[]},"yoast_head":"<!-- This site is optimized with the Yoast SEO Premium plugin v27.3 (Yoast SEO v27.5) - https:\/\/yoast.com\/product\/yoast-seo-premium-wordpress\/ -->\n<title>Motorritzel Panorama-Schiebedach 19 Z\u00e4hne | BMW | MINI | MERCEDES - Velum Auto Store<\/title>\n<meta name=\"robots\" content=\"index, follow, max-snippet:-1, max-image-preview:large, max-video-preview:-1\" \/>\n<link rel=\"canonical\" href=\"https:\/\/velumautostore.com\/de\/produit\/motorritzel-panorama-schiebedach-19-zaehne-bmw-mini-mercedes\/\" \/>\n<meta property=\"og:locale\" content=\"de_DE\" \/>\n<meta property=\"og:type\" content=\"article\" \/>\n<meta property=\"og:title\" content=\"Motorritzel Panorama-Schiebedach 19 Z\u00e4hne | BMW | MINI | MERCEDES\" \/>\n<meta property=\"og:description\" content=\"Motorritzel Panorama-Schiebedach 19 Z\u00e4hne | BMW | MINI | MERCEDES  OEM-Referenz : BMW: 1548201432 MINI: 54103448675 MERCEDES: 2048201442 - A2048201442 - 2079060900 - A2079060900 - 2128200008 - A2128200008 Merkmale : Material: Stahl Anzahl der Z\u00e4hne: 19 Z\u00e4hne Dicke: 4 mm \u00c4u\u00dferer Durchmesser: 16,4 mm\" \/>\n<meta property=\"og:url\" content=\"https:\/\/velumautostore.com\/de\/produit\/motorritzel-panorama-schiebedach-19-zaehne-bmw-mini-mercedes\/\" \/>\n<meta property=\"og:site_name\" content=\"Velum Auto Store\" \/>\n<meta property=\"article:publisher\" content=\"https:\/\/fr-fr.facebook.com\/Velumautostore\/\" \/>\n<meta property=\"article:modified_time\" content=\"2026-02-09T14:06:23+00:00\" \/>\n<meta property=\"og:image\" content=\"https:\/\/velumautostore.com\/wp-content\/uploads\/2020\/11\/Pignon_19_detail_HD.jpg\" \/>\n\t<meta property=\"og:image:width\" content=\"2000\" \/>\n\t<meta property=\"og:image:height\" content=\"2423\" \/>\n\t<meta property=\"og:image:type\" content=\"image\/jpeg\" \/>\n<meta name=\"twitter:card\" content=\"summary_large_image\" \/>\n<meta name=\"twitter:label1\" content=\"Preis\" \/>\n\t<meta name=\"twitter:data1\" content=\"25.90&euro;\" \/>\n\t<meta name=\"twitter:label2\" content=\"Verf\u00fcgbarkeit\" \/>\n\t<meta name=\"twitter:data2\" content=\"Auf Lager\" \/>\n<script type=\"application\/ld+json\" class=\"yoast-schema-graph\">{\"@context\":\"https:\\\/\\\/schema.org\",\"@graph\":[{\"@type\":\"WebPage\",\"@id\":\"https:\\\/\\\/velumautostore.com\\\/de\\\/produit\\\/motorritzel-panorama-schiebedach-19-zaehne-bmw-mini-mercedes\\\/\",\"url\":\"https:\\\/\\\/velumautostore.com\\\/de\\\/produit\\\/motorritzel-panorama-schiebedach-19-zaehne-bmw-mini-mercedes\\\/\",\"name\":\"Motorritzel Panorama-Schiebedach 19 Z\u00e4hne | BMW | MINI | MERCEDES - Velum Auto Store\",\"isPartOf\":{\"@id\":\"https:\\\/\\\/velumautostore.com\\\/#website\"},\"primaryImageOfPage\":{\"@id\":\"https:\\\/\\\/velumautostore.com\\\/de\\\/produit\\\/motorritzel-panorama-schiebedach-19-zaehne-bmw-mini-mercedes\\\/#primaryimage\"},\"image\":{\"@id\":\"https:\\\/\\\/velumautostore.com\\\/de\\\/produit\\\/motorritzel-panorama-schiebedach-19-zaehne-bmw-mini-mercedes\\\/#primaryimage\"},\"thumbnailUrl\":\"https:\\\/\\\/velumautostore.com\\\/wp-content\\\/uploads\\\/2020\\\/11\\\/Pignon_19_detail_HD.jpg\",\"datePublished\":\"2020-11-07T11:13:09+00:00\",\"dateModified\":\"2026-02-09T14:06:23+00:00\",\"breadcrumb\":{\"@id\":\"https:\\\/\\\/velumautostore.com\\\/de\\\/produit\\\/motorritzel-panorama-schiebedach-19-zaehne-bmw-mini-mercedes\\\/#breadcrumb\"},\"inLanguage\":\"de\",\"potentialAction\":[{\"@type\":\"ReadAction\",\"target\":[\"https:\\\/\\\/velumautostore.com\\\/de\\\/produit\\\/motorritzel-panorama-schiebedach-19-zaehne-bmw-mini-mercedes\\\/\"]}]},{\"@type\":\"ImageObject\",\"inLanguage\":\"de\",\"@id\":\"https:\\\/\\\/velumautostore.com\\\/de\\\/produit\\\/motorritzel-panorama-schiebedach-19-zaehne-bmw-mini-mercedes\\\/#primaryimage\",\"url\":\"https:\\\/\\\/velumautostore.com\\\/wp-content\\\/uploads\\\/2020\\\/11\\\/Pignon_19_detail_HD.jpg\",\"contentUrl\":\"https:\\\/\\\/velumautostore.com\\\/wp-content\\\/uploads\\\/2020\\\/11\\\/Pignon_19_detail_HD.jpg\",\"width\":2000,\"height\":2423},{\"@type\":\"BreadcrumbList\",\"@id\":\"https:\\\/\\\/velumautostore.com\\\/de\\\/produit\\\/motorritzel-panorama-schiebedach-19-zaehne-bmw-mini-mercedes\\\/#breadcrumb\",\"itemListElement\":[{\"@type\":\"ListItem\",\"position\":1,\"name\":\"Accueil\",\"item\":\"https:\\\/\\\/velumautostore.com\\\/de\\\/home\\\/\"},{\"@type\":\"ListItem\",\"position\":2,\"name\":\"Shop\",\"item\":\"https:\\\/\\\/velumautostore.com\\\/de\\\/?page_id=19555\"},{\"@type\":\"ListItem\",\"position\":3,\"name\":\"Motorritzel Panorama-Schiebedach 19 Z\u00e4hne | BMW | MINI | MERCEDES\"}]},{\"@type\":\"WebSite\",\"@id\":\"https:\\\/\\\/velumautostore.com\\\/#website\",\"url\":\"https:\\\/\\\/velumautostore.com\\\/\",\"name\":\"Velum Auto Store\",\"description\":\"Store et toit panoramique\",\"publisher\":{\"@id\":\"https:\\\/\\\/velumautostore.com\\\/#organization\"},\"potentialAction\":[{\"@type\":\"SearchAction\",\"target\":{\"@type\":\"EntryPoint\",\"urlTemplate\":\"https:\\\/\\\/velumautostore.com\\\/?s={search_term_string}\"},\"query-input\":{\"@type\":\"PropertyValueSpecification\",\"valueRequired\":true,\"valueName\":\"search_term_string\"}}],\"inLanguage\":\"de\"},{\"@type\":\"Organization\",\"@id\":\"https:\\\/\\\/velumautostore.com\\\/#organization\",\"name\":\"Velum Auto Store\",\"url\":\"https:\\\/\\\/velumautostore.com\\\/\",\"logo\":{\"@type\":\"ImageObject\",\"inLanguage\":\"de\",\"@id\":\"https:\\\/\\\/velumautostore.com\\\/#\\\/schema\\\/logo\\\/image\\\/\",\"url\":\"https:\\\/\\\/velumautostore.com\\\/wp-content\\\/uploads\\\/2021\\\/09\\\/cropped-Velum_AutoStore_logo_3.png\",\"contentUrl\":\"https:\\\/\\\/velumautostore.com\\\/wp-content\\\/uploads\\\/2021\\\/09\\\/cropped-Velum_AutoStore_logo_3.png\",\"width\":321,\"height\":154,\"caption\":\"Velum Auto Store\"},\"image\":{\"@id\":\"https:\\\/\\\/velumautostore.com\\\/#\\\/schema\\\/logo\\\/image\\\/\"},\"sameAs\":[\"https:\\\/\\\/fr-fr.facebook.com\\\/Velumautostore\\\/\"]}]}<\/script>\n<meta property=\"product:price:amount\" content=\"25.90\" \/>\n<meta property=\"product:price:currency\" content=\"EUR\" \/>\n<meta property=\"og:availability\" content=\"instock\" \/>\n<meta property=\"product:availability\" content=\"instock\" \/>\n<meta property=\"product:condition\" content=\"new\" \/>\n<!-- \/ Yoast SEO Premium plugin. -->","yoast_head_json":{"title":"Motorritzel Panorama-Schiebedach 19 Z\u00e4hne | BMW | MINI | MERCEDES - Velum Auto Store","robots":{"index":"index","follow":"follow","max-snippet":"max-snippet:-1","max-image-preview":"max-image-preview:large","max-video-preview":"max-video-preview:-1"},"canonical":"https:\/\/velumautostore.com\/de\/produit\/motorritzel-panorama-schiebedach-19-zaehne-bmw-mini-mercedes\/","og_locale":"de_DE","og_type":"article","og_title":"Motorritzel Panorama-Schiebedach 19 Z\u00e4hne | BMW | MINI | MERCEDES","og_description":"Motorritzel Panorama-Schiebedach 19 Z\u00e4hne | BMW | MINI | MERCEDES  OEM-Referenz : BMW: 1548201432 MINI: 54103448675 MERCEDES: 2048201442 - A2048201442 - 2079060900 - A2079060900 - 2128200008 - A2128200008 Merkmale : Material: Stahl Anzahl der Z\u00e4hne: 19 Z\u00e4hne Dicke: 4 mm \u00c4u\u00dferer Durchmesser: 16,4 mm","og_url":"https:\/\/velumautostore.com\/de\/produit\/motorritzel-panorama-schiebedach-19-zaehne-bmw-mini-mercedes\/","og_site_name":"Velum Auto Store","article_publisher":"https:\/\/fr-fr.facebook.com\/Velumautostore\/","article_modified_time":"2026-02-09T14:06:23+00:00","og_image":[{"width":2000,"height":2423,"url":"https:\/\/velumautostore.com\/wp-content\/uploads\/2020\/11\/Pignon_19_detail_HD.jpg","type":"image\/jpeg"}],"twitter_card":"summary_large_image","twitter_misc":{"Preis":"25.90&euro;","Verf\u00fcgbarkeit":"Auf Lager"},"schema":{"@context":"https:\/\/schema.org","@graph":[{"@type":"WebPage","@id":"https:\/\/velumautostore.com\/de\/produit\/motorritzel-panorama-schiebedach-19-zaehne-bmw-mini-mercedes\/","url":"https:\/\/velumautostore.com\/de\/produit\/motorritzel-panorama-schiebedach-19-zaehne-bmw-mini-mercedes\/","name":"Motorritzel Panorama-Schiebedach 19 Z\u00e4hne | BMW | MINI | MERCEDES - Velum Auto Store","isPartOf":{"@id":"https:\/\/velumautostore.com\/#website"},"primaryImageOfPage":{"@id":"https:\/\/velumautostore.com\/de\/produit\/motorritzel-panorama-schiebedach-19-zaehne-bmw-mini-mercedes\/#primaryimage"},"image":{"@id":"https:\/\/velumautostore.com\/de\/produit\/motorritzel-panorama-schiebedach-19-zaehne-bmw-mini-mercedes\/#primaryimage"},"thumbnailUrl":"https:\/\/velumautostore.com\/wp-content\/uploads\/2020\/11\/Pignon_19_detail_HD.jpg","datePublished":"2020-11-07T11:13:09+00:00","dateModified":"2026-02-09T14:06:23+00:00","breadcrumb":{"@id":"https:\/\/velumautostore.com\/de\/produit\/motorritzel-panorama-schiebedach-19-zaehne-bmw-mini-mercedes\/#breadcrumb"},"inLanguage":"de","potentialAction":[{"@type":"ReadAction","target":["https:\/\/velumautostore.com\/de\/produit\/motorritzel-panorama-schiebedach-19-zaehne-bmw-mini-mercedes\/"]}]},{"@type":"ImageObject","inLanguage":"de","@id":"https:\/\/velumautostore.com\/de\/produit\/motorritzel-panorama-schiebedach-19-zaehne-bmw-mini-mercedes\/#primaryimage","url":"https:\/\/velumautostore.com\/wp-content\/uploads\/2020\/11\/Pignon_19_detail_HD.jpg","contentUrl":"https:\/\/velumautostore.com\/wp-content\/uploads\/2020\/11\/Pignon_19_detail_HD.jpg","width":2000,"height":2423},{"@type":"BreadcrumbList","@id":"https:\/\/velumautostore.com\/de\/produit\/motorritzel-panorama-schiebedach-19-zaehne-bmw-mini-mercedes\/#breadcrumb","itemListElement":[{"@type":"ListItem","position":1,"name":"Accueil","item":"https:\/\/velumautostore.com\/de\/home\/"},{"@type":"ListItem","position":2,"name":"Shop","item":"https:\/\/velumautostore.com\/de\/?page_id=19555"},{"@type":"ListItem","position":3,"name":"Motorritzel Panorama-Schiebedach 19 Z\u00e4hne | BMW | MINI | MERCEDES"}]},{"@type":"WebSite","@id":"https:\/\/velumautostore.com\/#website","url":"https:\/\/velumautostore.com\/","name":"Velum Auto Store","description":"Store et toit panoramique","publisher":{"@id":"https:\/\/velumautostore.com\/#organization"},"potentialAction":[{"@type":"SearchAction","target":{"@type":"EntryPoint","urlTemplate":"https:\/\/velumautostore.com\/?s={search_term_string}"},"query-input":{"@type":"PropertyValueSpecification","valueRequired":true,"valueName":"search_term_string"}}],"inLanguage":"de"},{"@type":"Organization","@id":"https:\/\/velumautostore.com\/#organization","name":"Velum Auto Store","url":"https:\/\/velumautostore.com\/","logo":{"@type":"ImageObject","inLanguage":"de","@id":"https:\/\/velumautostore.com\/#\/schema\/logo\/image\/","url":"https:\/\/velumautostore.com\/wp-content\/uploads\/2021\/09\/cropped-Velum_AutoStore_logo_3.png","contentUrl":"https:\/\/velumautostore.com\/wp-content\/uploads\/2021\/09\/cropped-Velum_AutoStore_logo_3.png","width":321,"height":154,"caption":"Velum Auto Store"},"image":{"@id":"https:\/\/velumautostore.com\/#\/schema\/logo\/image\/"},"sameAs":["https:\/\/fr-fr.facebook.com\/Velumautostore\/"]}]},"product_price_amount":"25.90","product_price_currency":"EUR","og_availability":"instock","product_availability":"instock","product_condition":"new"},"_links":{"self":[{"href":"https:\/\/velumautostore.com\/de\/wp-json\/wp\/v2\/product\/16714","targetHints":{"allow":["GET"]}}],"collection":[{"href":"https:\/\/velumautostore.com\/de\/wp-json\/wp\/v2\/product"}],"about":[{"href":"https:\/\/velumautostore.com\/de\/wp-json\/wp\/v2\/types\/product"}],"replies":[{"embeddable":true,"href":"https:\/\/velumautostore.com\/de\/wp-json\/wp\/v2\/comments?post=16714"}],"version-history":[{"count":0,"href":"https:\/\/velumautostore.com\/de\/wp-json\/wp\/v2\/product\/16714\/revisions"}],"wp:featuredmedia":[{"embeddable":true,"href":"https:\/\/velumautostore.com\/de\/wp-json\/wp\/v2\/media\/16715"}],"wp:attachment":[{"href":"https:\/\/velumautostore.com\/de\/wp-json\/wp\/v2\/media?parent=16714"}],"wp:term":[{"taxonomy":"product_brand","embeddable":true,"href":"https:\/\/velumautostore.com\/de\/wp-json\/wp\/v2\/product_brand?post=16714"},{"taxonomy":"product_cat","embeddable":true,"href":"https:\/\/velumautostore.com\/de\/wp-json\/wp\/v2\/product_cat?post=16714"},{"taxonomy":"product_tag","embeddable":true,"href":"https:\/\/velumautostore.com\/de\/wp-json\/wp\/v2\/product_tag?post=16714"}],"curies":[{"name":"wp","href":"https:\/\/api.w.org\/{rel}","templated":true}]}}