{"id":16708,"date":"2020-12-24T10:56:02","date_gmt":"2020-12-24T09:56:02","guid":{"rendered":"https:\/\/velumautostore.com\/produit\/vorderes-rohr-fuer-schiebedachentlueftung-vw-tiguan-audi-q5-5n0-877-231-passend\/"},"modified":"2026-02-12T10:35:40","modified_gmt":"2026-02-12T09:35:40","slug":"vorderes-rohr-fuer-schiebedachentlueftung-vw-tiguan-audi-q5-5n0-877-231-passend","status":"publish","type":"product","link":"https:\/\/velumautostore.com\/de\/produkt\/vorderes-rohr-fuer-schiebedachentlueftung-vw-tiguan-audi-q5-5n0-877-231-passend\/","title":{"rendered":"Vorderes Rohr f\u00fcr Schiebedachentl\u00fcftung &#8211; VW Tiguan | Audi Q5 &#8211; 5N0 877 231 ( passend )"},"content":{"rendered":"<h3>Entl\u00fcftungsrohr vor dem Schiebedach &#8211; VW TIGUAN | Audi Q5 &#8211; 5N0 877 231 ( passend f\u00fcr ).<\/h3>\n<p>\ud83d\udcc3 <strong>Beim Kauf der Abflussrohre<\/strong> f\u00fcr das Panorama-Schiebedach ist die Montage-PDF <strong>ANGEBOTEN\ud83d\udcc3<\/strong>.<\/p>\n<p>Sie k\u00f6nnen sich auch den Artikel im Blog ansehen.<\/p>\n<p>Dieser Abflussschlauch ist perfekt, um Ihre defekte Jalousie zu ersetzen. Die Qualit\u00e4t ist \u00e4hnlich wie beim Original.<\/p>\n<hr \/>\n<p>Material: Kunststoff<\/p>\n<p>L\u00e4nge: 1000mm +\/-20mm<\/p>\n<hr \/>\n<h4><strong>Kompatibel mit den folgenden Fahrzeugen:<\/strong><\/h4>\n<p><strong>VW :<\/strong><\/p>\n<ul>\n<li>TIGUAN: bis 2017<\/li>\n<li>SHARAN: bis 2017<\/li>\n<\/ul>\n<p><strong>AUDI :<\/strong><\/p>\n<ul>\n<li>Q5: bis 2017<\/li>\n<\/ul>\n<hr \/>\n<h4><strong>Montage :<\/strong><\/h4>\n<p>\ud83d\udcc3Pdf Montageprinzip kostenlos zur Verf\u00fcgung gestellt \ud83d\udcc3.<\/p>\n<p>\ud83d\udcdeE-Mail-Unterst\u00fctzung verf\u00fcgbar\ud83d\udcde.<\/p>\n<hr \/>\n<h4><strong>1 Jahr Garantie<\/strong><\/h4>\n","protected":false},"excerpt":{"rendered":"<h3>Vordere Schiebedachentl\u00fcftung &#8211; VW TIGUAN | Audi Q5 &#8211; 5N0 877 231 ( anpassungsf\u00e4hig ).<\/h3>\n<p>\ud83d\udcc3 <strong>Beim Kauf der Abflussrohre<\/strong> f\u00fcr das Panorama-Schiebedach ist die Montage-PDF <strong>ANGEBOTEN\ud83d\udcc3<\/strong>. <\/p>\n<p>Sie k\u00f6nnen sich auch den Artikel im Blog ansehen.<\/p>\n<p>Dieser Abflussschlauch ist perfekt, um Ihre defekte Jalousie zu ersetzen. Die Qualit\u00e4t ist \u00e4hnlich wie beim Original.<\/p>\n","protected":false},"featured_media":16711,"comment_status":"open","ping_status":"closed","template":"","meta":[],"product_brand":[],"product_cat":[1142,1070],"product_tag":[],"class_list":{"0":"post-16708","1":"product","2":"type-product","3":"status-publish","4":"has-post-thumbnail","6":"product_cat-ersatzteile","7":"product_cat-store-velum","8":"pa_make-q5-i-8rb-11-2008-09-2012","9":"pa_make-q5-i-8rb-phase-2-06-2012-04-2016","10":"pa_make-sharan-iii-05-2010-12-2016","11":"pa_make-tiguan-i-phase-1-11-2007-05-2011","12":"pa_make-tiguan-i-phase-2-05-2011-12-2015","13":"pa_year-attr-1074","14":"pa_year-attr-1061","15":"pa_year-attr-1062","16":"pa_year-attr-1063","17":"pa_year-attr-1064","18":"pa_year-attr-1065","19":"pa_year-attr-1066","20":"pa_year-attr-1067","21":"pa_year-attr-1068","22":"pa_year-attr-1069","23":"pa_year-attr-1136","25":"first","26":"instock","27":"shipping-taxable","28":"purchasable","29":"product-type-simple"},"etheme_brands":{"errors":{"invalid_taxonomy":["Die Taxonomie ist ung\u00fcltig."]},"error_data":[]},"yoast_head":"<!-- This site is optimized with the Yoast SEO Premium plugin v27.3 (Yoast SEO v27.5) - https:\/\/yoast.com\/product\/yoast-seo-premium-wordpress\/ -->\n<title>Vorderes Rohr f\u00fcr Schiebedachentl\u00fcftung - VW Tiguan | Audi Q5 - 5N0 877 231 ( passend ) - Velum Auto Store<\/title>\n<meta name=\"description\" content=\"Vorderer Ablauf 5N0 877 231 Tiguan Q5. Perfekte Wasserentleerung, Lecks verhindern, passend &amp; garantiert hochwertig.\" \/>\n<meta name=\"robots\" content=\"index, follow, max-snippet:-1, max-image-preview:large, max-video-preview:-1\" \/>\n<link rel=\"canonical\" href=\"https:\/\/velumautostore.com\/de\/produkt\/vorderes-rohr-fuer-schiebedachentlueftung-vw-tiguan-audi-q5-5n0-877-231-passend\/\" \/>\n<meta property=\"og:locale\" content=\"de_DE\" \/>\n<meta property=\"og:type\" content=\"article\" \/>\n<meta property=\"og:title\" content=\"Vorderes Rohr f\u00fcr Schiebedachentl\u00fcftung - VW Tiguan | Audi Q5 - 5N0 877 231 ( passend )\" \/>\n<meta property=\"og:description\" content=\"Vorderer Ablauf 5N0 877 231 Tiguan Q5. Perfekte Wasserentleerung, Lecks verhindern, passend &amp; garantiert hochwertig.\" \/>\n<meta property=\"og:url\" content=\"https:\/\/velumautostore.com\/de\/produkt\/vorderes-rohr-fuer-schiebedachentlueftung-vw-tiguan-audi-q5-5n0-877-231-passend\/\" \/>\n<meta property=\"og:site_name\" content=\"Velum Auto Store\" \/>\n<meta property=\"article:publisher\" content=\"https:\/\/fr-fr.facebook.com\/Velumautostore\/\" \/>\n<meta property=\"article:modified_time\" content=\"2026-02-12T09:35:40+00:00\" \/>\n<meta property=\"og:image\" content=\"https:\/\/velumautostore.com\/wp-content\/uploads\/2021\/07\/5N0-877-231-Tiguan-2010-2017-toit-ouvrant-drain-avant-arriere-tuyaux_31.jpg\" \/>\n\t<meta property=\"og:image:width\" content=\"2000\" \/>\n\t<meta property=\"og:image:height\" content=\"2423\" \/>\n\t<meta property=\"og:image:type\" content=\"image\/jpeg\" \/>\n<meta name=\"twitter:card\" content=\"summary_large_image\" \/>\n<meta name=\"twitter:label1\" content=\"Preis\" \/>\n\t<meta name=\"twitter:data1\" content=\"26.00&euro;\" \/>\n\t<meta name=\"twitter:label2\" content=\"Verf\u00fcgbarkeit\" \/>\n\t<meta name=\"twitter:data2\" content=\"Auf Lager\" \/>\n<script type=\"application\/ld+json\" class=\"yoast-schema-graph\">{\"@context\":\"https:\\\/\\\/schema.org\",\"@graph\":[{\"@type\":\"WebPage\",\"@id\":\"https:\\\/\\\/velumautostore.com\\\/de\\\/produkt\\\/vorderes-rohr-fuer-schiebedachentlueftung-vw-tiguan-audi-q5-5n0-877-231-passend\\\/\",\"url\":\"https:\\\/\\\/velumautostore.com\\\/de\\\/produkt\\\/vorderes-rohr-fuer-schiebedachentlueftung-vw-tiguan-audi-q5-5n0-877-231-passend\\\/\",\"name\":\"Vorderes Rohr f\u00fcr Schiebedachentl\u00fcftung - VW Tiguan | Audi Q5 - 5N0 877 231 ( passend ) - Velum Auto Store\",\"isPartOf\":{\"@id\":\"https:\\\/\\\/velumautostore.com\\\/#website\"},\"primaryImageOfPage\":{\"@id\":\"https:\\\/\\\/velumautostore.com\\\/de\\\/produkt\\\/vorderes-rohr-fuer-schiebedachentlueftung-vw-tiguan-audi-q5-5n0-877-231-passend\\\/#primaryimage\"},\"image\":{\"@id\":\"https:\\\/\\\/velumautostore.com\\\/de\\\/produkt\\\/vorderes-rohr-fuer-schiebedachentlueftung-vw-tiguan-audi-q5-5n0-877-231-passend\\\/#primaryimage\"},\"thumbnailUrl\":\"https:\\\/\\\/velumautostore.com\\\/wp-content\\\/uploads\\\/2021\\\/07\\\/5N0-877-231-Tiguan-2010-2017-toit-ouvrant-drain-avant-arriere-tuyaux_31.jpg\",\"datePublished\":\"2020-12-24T09:56:02+00:00\",\"dateModified\":\"2026-02-12T09:35:40+00:00\",\"description\":\"Vorderer Ablauf 5N0 877 231 Tiguan Q5. Perfekte Wasserentleerung, Lecks verhindern, passend & garantiert hochwertig.\",\"breadcrumb\":{\"@id\":\"https:\\\/\\\/velumautostore.com\\\/de\\\/produkt\\\/vorderes-rohr-fuer-schiebedachentlueftung-vw-tiguan-audi-q5-5n0-877-231-passend\\\/#breadcrumb\"},\"inLanguage\":\"de\",\"potentialAction\":[{\"@type\":\"ReadAction\",\"target\":[\"https:\\\/\\\/velumautostore.com\\\/de\\\/produkt\\\/vorderes-rohr-fuer-schiebedachentlueftung-vw-tiguan-audi-q5-5n0-877-231-passend\\\/\"]}]},{\"@type\":\"ImageObject\",\"inLanguage\":\"de\",\"@id\":\"https:\\\/\\\/velumautostore.com\\\/de\\\/produkt\\\/vorderes-rohr-fuer-schiebedachentlueftung-vw-tiguan-audi-q5-5n0-877-231-passend\\\/#primaryimage\",\"url\":\"https:\\\/\\\/velumautostore.com\\\/wp-content\\\/uploads\\\/2021\\\/07\\\/5N0-877-231-Tiguan-2010-2017-toit-ouvrant-drain-avant-arriere-tuyaux_31.jpg\",\"contentUrl\":\"https:\\\/\\\/velumautostore.com\\\/wp-content\\\/uploads\\\/2021\\\/07\\\/5N0-877-231-Tiguan-2010-2017-toit-ouvrant-drain-avant-arriere-tuyaux_31.jpg\",\"width\":2000,\"height\":2423},{\"@type\":\"BreadcrumbList\",\"@id\":\"https:\\\/\\\/velumautostore.com\\\/de\\\/produkt\\\/vorderes-rohr-fuer-schiebedachentlueftung-vw-tiguan-audi-q5-5n0-877-231-passend\\\/#breadcrumb\",\"itemListElement\":[{\"@type\":\"ListItem\",\"position\":1,\"name\":\"Accueil\",\"item\":\"https:\\\/\\\/velumautostore.com\\\/de\\\/home\\\/\"},{\"@type\":\"ListItem\",\"position\":2,\"name\":\"Shop\",\"item\":\"https:\\\/\\\/velumautostore.com\\\/de\\\/?page_id=19555\"},{\"@type\":\"ListItem\",\"position\":3,\"name\":\"Vorderes Rohr f\u00fcr Schiebedachentl\u00fcftung &#8211; VW Tiguan | Audi Q5 &#8211; 5N0 877 231 ( passend )\"}]},{\"@type\":\"WebSite\",\"@id\":\"https:\\\/\\\/velumautostore.com\\\/#website\",\"url\":\"https:\\\/\\\/velumautostore.com\\\/\",\"name\":\"Velum Auto Store\",\"description\":\"Store et toit panoramique\",\"publisher\":{\"@id\":\"https:\\\/\\\/velumautostore.com\\\/#organization\"},\"potentialAction\":[{\"@type\":\"SearchAction\",\"target\":{\"@type\":\"EntryPoint\",\"urlTemplate\":\"https:\\\/\\\/velumautostore.com\\\/?s={search_term_string}\"},\"query-input\":{\"@type\":\"PropertyValueSpecification\",\"valueRequired\":true,\"valueName\":\"search_term_string\"}}],\"inLanguage\":\"de\"},{\"@type\":\"Organization\",\"@id\":\"https:\\\/\\\/velumautostore.com\\\/#organization\",\"name\":\"Velum Auto Store\",\"url\":\"https:\\\/\\\/velumautostore.com\\\/\",\"logo\":{\"@type\":\"ImageObject\",\"inLanguage\":\"de\",\"@id\":\"https:\\\/\\\/velumautostore.com\\\/#\\\/schema\\\/logo\\\/image\\\/\",\"url\":\"https:\\\/\\\/velumautostore.com\\\/wp-content\\\/uploads\\\/2021\\\/09\\\/cropped-Velum_AutoStore_logo_3.png\",\"contentUrl\":\"https:\\\/\\\/velumautostore.com\\\/wp-content\\\/uploads\\\/2021\\\/09\\\/cropped-Velum_AutoStore_logo_3.png\",\"width\":321,\"height\":154,\"caption\":\"Velum Auto Store\"},\"image\":{\"@id\":\"https:\\\/\\\/velumautostore.com\\\/#\\\/schema\\\/logo\\\/image\\\/\"},\"sameAs\":[\"https:\\\/\\\/fr-fr.facebook.com\\\/Velumautostore\\\/\"]}]}<\/script>\n<meta property=\"product:price:amount\" content=\"26.00\" \/>\n<meta property=\"product:price:currency\" content=\"EUR\" \/>\n<meta property=\"og:availability\" content=\"instock\" \/>\n<meta property=\"product:availability\" content=\"instock\" \/>\n<meta property=\"product:condition\" content=\"new\" \/>\n<!-- \/ Yoast SEO Premium plugin. -->","yoast_head_json":{"title":"Vorderes Rohr f\u00fcr Schiebedachentl\u00fcftung - VW Tiguan | Audi Q5 - 5N0 877 231 ( passend ) - Velum Auto Store","description":"Vorderer Ablauf 5N0 877 231 Tiguan Q5. Perfekte Wasserentleerung, Lecks verhindern, passend & garantiert hochwertig.","robots":{"index":"index","follow":"follow","max-snippet":"max-snippet:-1","max-image-preview":"max-image-preview:large","max-video-preview":"max-video-preview:-1"},"canonical":"https:\/\/velumautostore.com\/de\/produkt\/vorderes-rohr-fuer-schiebedachentlueftung-vw-tiguan-audi-q5-5n0-877-231-passend\/","og_locale":"de_DE","og_type":"article","og_title":"Vorderes Rohr f\u00fcr Schiebedachentl\u00fcftung - VW Tiguan | Audi Q5 - 5N0 877 231 ( passend )","og_description":"Vorderer Ablauf 5N0 877 231 Tiguan Q5. Perfekte Wasserentleerung, Lecks verhindern, passend & garantiert hochwertig.","og_url":"https:\/\/velumautostore.com\/de\/produkt\/vorderes-rohr-fuer-schiebedachentlueftung-vw-tiguan-audi-q5-5n0-877-231-passend\/","og_site_name":"Velum Auto Store","article_publisher":"https:\/\/fr-fr.facebook.com\/Velumautostore\/","article_modified_time":"2026-02-12T09:35:40+00:00","og_image":[{"width":2000,"height":2423,"url":"https:\/\/velumautostore.com\/wp-content\/uploads\/2021\/07\/5N0-877-231-Tiguan-2010-2017-toit-ouvrant-drain-avant-arriere-tuyaux_31.jpg","type":"image\/jpeg"}],"twitter_card":"summary_large_image","twitter_misc":{"Preis":"26.00&euro;","Verf\u00fcgbarkeit":"Auf Lager"},"schema":{"@context":"https:\/\/schema.org","@graph":[{"@type":"WebPage","@id":"https:\/\/velumautostore.com\/de\/produkt\/vorderes-rohr-fuer-schiebedachentlueftung-vw-tiguan-audi-q5-5n0-877-231-passend\/","url":"https:\/\/velumautostore.com\/de\/produkt\/vorderes-rohr-fuer-schiebedachentlueftung-vw-tiguan-audi-q5-5n0-877-231-passend\/","name":"Vorderes Rohr f\u00fcr Schiebedachentl\u00fcftung - VW Tiguan | Audi Q5 - 5N0 877 231 ( passend ) - Velum Auto Store","isPartOf":{"@id":"https:\/\/velumautostore.com\/#website"},"primaryImageOfPage":{"@id":"https:\/\/velumautostore.com\/de\/produkt\/vorderes-rohr-fuer-schiebedachentlueftung-vw-tiguan-audi-q5-5n0-877-231-passend\/#primaryimage"},"image":{"@id":"https:\/\/velumautostore.com\/de\/produkt\/vorderes-rohr-fuer-schiebedachentlueftung-vw-tiguan-audi-q5-5n0-877-231-passend\/#primaryimage"},"thumbnailUrl":"https:\/\/velumautostore.com\/wp-content\/uploads\/2021\/07\/5N0-877-231-Tiguan-2010-2017-toit-ouvrant-drain-avant-arriere-tuyaux_31.jpg","datePublished":"2020-12-24T09:56:02+00:00","dateModified":"2026-02-12T09:35:40+00:00","description":"Vorderer Ablauf 5N0 877 231 Tiguan Q5. Perfekte Wasserentleerung, Lecks verhindern, passend & garantiert hochwertig.","breadcrumb":{"@id":"https:\/\/velumautostore.com\/de\/produkt\/vorderes-rohr-fuer-schiebedachentlueftung-vw-tiguan-audi-q5-5n0-877-231-passend\/#breadcrumb"},"inLanguage":"de","potentialAction":[{"@type":"ReadAction","target":["https:\/\/velumautostore.com\/de\/produkt\/vorderes-rohr-fuer-schiebedachentlueftung-vw-tiguan-audi-q5-5n0-877-231-passend\/"]}]},{"@type":"ImageObject","inLanguage":"de","@id":"https:\/\/velumautostore.com\/de\/produkt\/vorderes-rohr-fuer-schiebedachentlueftung-vw-tiguan-audi-q5-5n0-877-231-passend\/#primaryimage","url":"https:\/\/velumautostore.com\/wp-content\/uploads\/2021\/07\/5N0-877-231-Tiguan-2010-2017-toit-ouvrant-drain-avant-arriere-tuyaux_31.jpg","contentUrl":"https:\/\/velumautostore.com\/wp-content\/uploads\/2021\/07\/5N0-877-231-Tiguan-2010-2017-toit-ouvrant-drain-avant-arriere-tuyaux_31.jpg","width":2000,"height":2423},{"@type":"BreadcrumbList","@id":"https:\/\/velumautostore.com\/de\/produkt\/vorderes-rohr-fuer-schiebedachentlueftung-vw-tiguan-audi-q5-5n0-877-231-passend\/#breadcrumb","itemListElement":[{"@type":"ListItem","position":1,"name":"Accueil","item":"https:\/\/velumautostore.com\/de\/home\/"},{"@type":"ListItem","position":2,"name":"Shop","item":"https:\/\/velumautostore.com\/de\/?page_id=19555"},{"@type":"ListItem","position":3,"name":"Vorderes Rohr f\u00fcr Schiebedachentl\u00fcftung &#8211; VW Tiguan | Audi Q5 &#8211; 5N0 877 231 ( passend )"}]},{"@type":"WebSite","@id":"https:\/\/velumautostore.com\/#website","url":"https:\/\/velumautostore.com\/","name":"Velum Auto Store","description":"Store et toit panoramique","publisher":{"@id":"https:\/\/velumautostore.com\/#organization"},"potentialAction":[{"@type":"SearchAction","target":{"@type":"EntryPoint","urlTemplate":"https:\/\/velumautostore.com\/?s={search_term_string}"},"query-input":{"@type":"PropertyValueSpecification","valueRequired":true,"valueName":"search_term_string"}}],"inLanguage":"de"},{"@type":"Organization","@id":"https:\/\/velumautostore.com\/#organization","name":"Velum Auto Store","url":"https:\/\/velumautostore.com\/","logo":{"@type":"ImageObject","inLanguage":"de","@id":"https:\/\/velumautostore.com\/#\/schema\/logo\/image\/","url":"https:\/\/velumautostore.com\/wp-content\/uploads\/2021\/09\/cropped-Velum_AutoStore_logo_3.png","contentUrl":"https:\/\/velumautostore.com\/wp-content\/uploads\/2021\/09\/cropped-Velum_AutoStore_logo_3.png","width":321,"height":154,"caption":"Velum Auto Store"},"image":{"@id":"https:\/\/velumautostore.com\/#\/schema\/logo\/image\/"},"sameAs":["https:\/\/fr-fr.facebook.com\/Velumautostore\/"]}]},"product_price_amount":"26.00","product_price_currency":"EUR","og_availability":"instock","product_availability":"instock","product_condition":"new"},"_links":{"self":[{"href":"https:\/\/velumautostore.com\/de\/wp-json\/wp\/v2\/product\/16708","targetHints":{"allow":["GET"]}}],"collection":[{"href":"https:\/\/velumautostore.com\/de\/wp-json\/wp\/v2\/product"}],"about":[{"href":"https:\/\/velumautostore.com\/de\/wp-json\/wp\/v2\/types\/product"}],"replies":[{"embeddable":true,"href":"https:\/\/velumautostore.com\/de\/wp-json\/wp\/v2\/comments?post=16708"}],"version-history":[{"count":1,"href":"https:\/\/velumautostore.com\/de\/wp-json\/wp\/v2\/product\/16708\/revisions"}],"predecessor-version":[{"id":18767,"href":"https:\/\/velumautostore.com\/de\/wp-json\/wp\/v2\/product\/16708\/revisions\/18767"}],"wp:featuredmedia":[{"embeddable":true,"href":"https:\/\/velumautostore.com\/de\/wp-json\/wp\/v2\/media\/16711"}],"wp:attachment":[{"href":"https:\/\/velumautostore.com\/de\/wp-json\/wp\/v2\/media?parent=16708"}],"wp:term":[{"taxonomy":"product_brand","embeddable":true,"href":"https:\/\/velumautostore.com\/de\/wp-json\/wp\/v2\/product_brand?post=16708"},{"taxonomy":"product_cat","embeddable":true,"href":"https:\/\/velumautostore.com\/de\/wp-json\/wp\/v2\/product_cat?post=16708"},{"taxonomy":"product_tag","embeddable":true,"href":"https:\/\/velumautostore.com\/de\/wp-json\/wp\/v2\/product_tag?post=16708"}],"curies":[{"name":"wp","href":"https:\/\/api.w.org\/{rel}","templated":true}]}}