{"id":18428,"date":"2026-02-10T11:25:13","date_gmt":"2026-02-10T10:25:13","guid":{"rendered":"https:\/\/velumautostore.com\/rechtliche-hinweise\/"},"modified":"2026-02-10T11:26:36","modified_gmt":"2026-02-10T10:26:36","slug":"rechtliche-hinweise","status":"publish","type":"page","link":"https:\/\/velumautostore.com\/de\/rechtliche-hinweise\/","title":{"rendered":"Rechtliche Hinweise"},"content":{"rendered":"\n<p>Letzte Aktualisierung: 10\/02\/2026<\/p>\n\n<p>Gem\u00e4\u00df den Bestimmungen des Gesetzes \u00fcber das Vertrauen in die digitale Wirtschaft (LCEN) wird den Nutzern der Website die Identit\u00e4t der verschiedenen Akteure im Rahmen der Erstellung und \u00dcberwachung der Website mitgeteilt.<\/p>\n\n<hr class=\"wp-block-separator has-alpha-channel-opacity\"\/>\n\n<h2 class=\"wp-block-heading\">1. Herausgeber der Website<\/h2>\n\n<p><strong>Velum Auto Store<\/strong><br\/>Einzelunternehmen &#8211; Auto-entrepreneur<\/p>\n\n<p>Verantwortlich: <strong>ROMIAN HANNANE<\/strong><\/p>\n\n<p>Adresse:<br\/>3 impasse de l&#8217;Azur, appart 126<br\/>31100 Toulouse<br\/>Frankreich<\/p>\n\n<p>SIRET: <strong>880 194 329 00012<\/strong><\/p>\n\n<p>E-Mail: <a>contact@velumautostore.com<\/a><\/p>\n\n<hr class=\"wp-block-separator has-alpha-channel-opacity\"\/>\n\n<h2 class=\"wp-block-heading\">2. Direktor der Ver\u00f6ffentlichung<\/h2>\n\n<p>Der Direktor der Ver\u00f6ffentlichung ist:<br\/> ROMIAN<strong>HANNANE<\/strong><\/p>\n\n<hr class=\"wp-block-separator has-alpha-channel-opacity\"\/>\n\n<h2 class=\"wp-block-heading\">3. Unterkunft<\/h2>\n\n<p>Die Website wird gehostet von:<\/p>\n\n<p><strong>O2Switch<\/strong><br\/>Chemin des Pardiaux<br\/>63000 Clermont-Ferrand<br\/>Frankreich<br\/><a href=\"https:\/\/www.o2switch.fr\">https:\/\/www.o2switch.fr<\/a><\/p>\n\n<hr class=\"wp-block-separator has-alpha-channel-opacity\"\/>\n\n<h2 class=\"wp-block-heading\">4. Geistiges Eigentum<\/h2>\n\n<p>Der gesamte Inhalt der Website (Texte, Bilder, Grafiken, Logo, Videos, Struktur, Datenbank usw.) ist das ausschlie\u00dfliche Eigentum von <strong>Velum Auto Store<\/strong>, sofern nicht anders angegeben.<\/p>\n\n<p>Die Vervielf\u00e4ltigung, Darstellung, \u00c4nderung, Ver\u00f6ffentlichung oder Anpassung aller oder eines Teils der Elemente der Website, unabh\u00e4ngig von den verwendeten Mitteln oder Verfahren, ist ohne vorherige schriftliche Genehmigung untersagt.<\/p>\n\n<hr class=\"wp-block-separator has-alpha-channel-opacity\"\/>\n\n<h2 class=\"wp-block-heading\">5. Verantwortung<\/h2>\n\n<p><strong>Velum Auto Store<\/strong> bem\u00fcht sich, die Informationen auf der Website so genau wie m\u00f6glich zu gestalten.<br\/>Der Herausgeber kann jedoch nicht f\u00fcr Auslassungen, Ungenauigkeiten oder M\u00e4ngel in der Aktualisierung haftbar gemacht werden.<\/p>\n\n<p>Der Nutzer bleibt f\u00fcr die Nutzung der bereitgestellten Informationen verantwortlich.<\/p>\n\n<hr class=\"wp-block-separator has-alpha-channel-opacity\"\/>\n\n<h2 class=\"wp-block-heading\">6. Pers\u00f6nliche Daten<\/h2>\n\n<p>Die Verarbeitung personenbezogener Daten unterliegt unserer Datenschutzrichtlinie, die auf der Website zug\u00e4nglich ist.<\/p>\n\n<hr class=\"wp-block-separator has-alpha-channel-opacity\"\/>\n\n<h2 class=\"wp-block-heading\">7. Kontakt<\/h2>\n\n<p>Bei Fragen k\u00f6nnen Sie uns schreiben an:<br\/>\ud83d\udce9 contact@velumautostore <a>.com<\/a><\/p>\n","protected":false},"excerpt":{"rendered":"<p>Letzte Aktualisierung: 10\/02\/2026 Gem\u00e4\u00df den Bestimmungen des Gesetzes \u00fcber das Vertrauen in die digitale Wirtschaft (LCEN) wird den Nutzern der Website die Identit\u00e4t der verschiedenen&#8230;<\/p>\n","protected":false},"author":139,"featured_media":0,"parent":0,"menu_order":0,"comment_status":"closed","ping_status":"closed","template":"","meta":{"footnotes":""},"class_list":["post-18428","page","type-page","status-publish","hentry"],"yoast_head":"<!-- This site is optimized with the Yoast SEO Premium plugin v27.3 (Yoast SEO v27.5) - https:\/\/yoast.com\/product\/yoast-seo-premium-wordpress\/ -->\n<title>Rechtliche Hinweise | Velum Auto Store<\/title>\n<meta name=\"description\" content=\"Rechtliche Informationen, Verantwortlichkeiten und Nutzungsbedingungen.\" \/>\n<meta name=\"robots\" content=\"index, follow, max-snippet:-1, max-image-preview:large, max-video-preview:-1\" \/>\n<link rel=\"canonical\" href=\"https:\/\/velumautostore.com\/mentions-legales\/\" \/>\n<meta property=\"og:locale\" content=\"de_DE\" \/>\n<meta property=\"og:type\" content=\"article\" \/>\n<meta property=\"og:title\" content=\"Rechtliche Hinweise\" \/>\n<meta property=\"og:description\" content=\"Rechtliche Informationen, Verantwortlichkeiten und Nutzungsbedingungen.\" \/>\n<meta property=\"og:url\" content=\"https:\/\/velumautostore.com\/mentions-legales\/\" \/>\n<meta property=\"og:site_name\" content=\"Velum Auto Store\" \/>\n<meta property=\"article:publisher\" content=\"https:\/\/fr-fr.facebook.com\/Velumautostore\/\" \/>\n<meta property=\"article:modified_time\" content=\"2026-02-10T10:26:36+00:00\" \/>\n<meta name=\"twitter:card\" content=\"summary_large_image\" \/>\n<meta name=\"twitter:label1\" content=\"Gesch\u00e4tzte Lesezeit\" \/>\n\t<meta name=\"twitter:data1\" content=\"1\u00a0Minute\" \/>\n<script type=\"application\/ld+json\" class=\"yoast-schema-graph\">{\"@context\":\"https:\\\/\\\/schema.org\",\"@graph\":[{\"@type\":\"WebPage\",\"@id\":\"https:\\\/\\\/velumautostore.com\\\/mentions-legales\\\/\",\"url\":\"https:\\\/\\\/velumautostore.com\\\/mentions-legales\\\/\",\"name\":\"Rechtliche Hinweise | Velum Auto Store\",\"isPartOf\":{\"@id\":\"https:\\\/\\\/velumautostore.com\\\/#website\"},\"datePublished\":\"2026-02-10T10:25:13+00:00\",\"dateModified\":\"2026-02-10T10:26:36+00:00\",\"description\":\"Rechtliche Informationen, Verantwortlichkeiten und Nutzungsbedingungen.\",\"breadcrumb\":{\"@id\":\"https:\\\/\\\/velumautostore.com\\\/mentions-legales\\\/#breadcrumb\"},\"inLanguage\":\"de\",\"potentialAction\":[{\"@type\":\"ReadAction\",\"target\":[\"https:\\\/\\\/velumautostore.com\\\/mentions-legales\\\/\"]}]},{\"@type\":\"BreadcrumbList\",\"@id\":\"https:\\\/\\\/velumautostore.com\\\/mentions-legales\\\/#breadcrumb\",\"itemListElement\":[{\"@type\":\"ListItem\",\"position\":1,\"name\":\"Accueil\",\"item\":\"https:\\\/\\\/velumautostore.com\\\/de\\\/home\\\/\"},{\"@type\":\"ListItem\",\"position\":2,\"name\":\"Rechtliche Hinweise\"}]},{\"@type\":\"WebSite\",\"@id\":\"https:\\\/\\\/velumautostore.com\\\/#website\",\"url\":\"https:\\\/\\\/velumautostore.com\\\/\",\"name\":\"Velum Auto Store\",\"description\":\"Store et toit panoramique\",\"publisher\":{\"@id\":\"https:\\\/\\\/velumautostore.com\\\/#organization\"},\"potentialAction\":[{\"@type\":\"SearchAction\",\"target\":{\"@type\":\"EntryPoint\",\"urlTemplate\":\"https:\\\/\\\/velumautostore.com\\\/?s={search_term_string}\"},\"query-input\":{\"@type\":\"PropertyValueSpecification\",\"valueRequired\":true,\"valueName\":\"search_term_string\"}}],\"inLanguage\":\"de\"},{\"@type\":\"Organization\",\"@id\":\"https:\\\/\\\/velumautostore.com\\\/#organization\",\"name\":\"Velum Auto Store\",\"url\":\"https:\\\/\\\/velumautostore.com\\\/\",\"logo\":{\"@type\":\"ImageObject\",\"inLanguage\":\"de\",\"@id\":\"https:\\\/\\\/velumautostore.com\\\/#\\\/schema\\\/logo\\\/image\\\/\",\"url\":\"https:\\\/\\\/velumautostore.com\\\/wp-content\\\/uploads\\\/2021\\\/09\\\/cropped-Velum_AutoStore_logo_3.png\",\"contentUrl\":\"https:\\\/\\\/velumautostore.com\\\/wp-content\\\/uploads\\\/2021\\\/09\\\/cropped-Velum_AutoStore_logo_3.png\",\"width\":321,\"height\":154,\"caption\":\"Velum Auto Store\"},\"image\":{\"@id\":\"https:\\\/\\\/velumautostore.com\\\/#\\\/schema\\\/logo\\\/image\\\/\"},\"sameAs\":[\"https:\\\/\\\/fr-fr.facebook.com\\\/Velumautostore\\\/\"]}]}<\/script>\n<!-- \/ Yoast SEO Premium plugin. -->","yoast_head_json":{"title":"Rechtliche Hinweise | Velum Auto Store","description":"Rechtliche Informationen, Verantwortlichkeiten und Nutzungsbedingungen.","robots":{"index":"index","follow":"follow","max-snippet":"max-snippet:-1","max-image-preview":"max-image-preview:large","max-video-preview":"max-video-preview:-1"},"canonical":"https:\/\/velumautostore.com\/mentions-legales\/","og_locale":"de_DE","og_type":"article","og_title":"Rechtliche Hinweise","og_description":"Rechtliche Informationen, Verantwortlichkeiten und Nutzungsbedingungen.","og_url":"https:\/\/velumautostore.com\/mentions-legales\/","og_site_name":"Velum Auto Store","article_publisher":"https:\/\/fr-fr.facebook.com\/Velumautostore\/","article_modified_time":"2026-02-10T10:26:36+00:00","twitter_card":"summary_large_image","twitter_misc":{"Gesch\u00e4tzte Lesezeit":"1\u00a0Minute"},"schema":{"@context":"https:\/\/schema.org","@graph":[{"@type":"WebPage","@id":"https:\/\/velumautostore.com\/mentions-legales\/","url":"https:\/\/velumautostore.com\/mentions-legales\/","name":"Rechtliche Hinweise | Velum Auto Store","isPartOf":{"@id":"https:\/\/velumautostore.com\/#website"},"datePublished":"2026-02-10T10:25:13+00:00","dateModified":"2026-02-10T10:26:36+00:00","description":"Rechtliche Informationen, Verantwortlichkeiten und Nutzungsbedingungen.","breadcrumb":{"@id":"https:\/\/velumautostore.com\/mentions-legales\/#breadcrumb"},"inLanguage":"de","potentialAction":[{"@type":"ReadAction","target":["https:\/\/velumautostore.com\/mentions-legales\/"]}]},{"@type":"BreadcrumbList","@id":"https:\/\/velumautostore.com\/mentions-legales\/#breadcrumb","itemListElement":[{"@type":"ListItem","position":1,"name":"Accueil","item":"https:\/\/velumautostore.com\/de\/home\/"},{"@type":"ListItem","position":2,"name":"Rechtliche Hinweise"}]},{"@type":"WebSite","@id":"https:\/\/velumautostore.com\/#website","url":"https:\/\/velumautostore.com\/","name":"Velum Auto Store","description":"Store et toit panoramique","publisher":{"@id":"https:\/\/velumautostore.com\/#organization"},"potentialAction":[{"@type":"SearchAction","target":{"@type":"EntryPoint","urlTemplate":"https:\/\/velumautostore.com\/?s={search_term_string}"},"query-input":{"@type":"PropertyValueSpecification","valueRequired":true,"valueName":"search_term_string"}}],"inLanguage":"de"},{"@type":"Organization","@id":"https:\/\/velumautostore.com\/#organization","name":"Velum Auto Store","url":"https:\/\/velumautostore.com\/","logo":{"@type":"ImageObject","inLanguage":"de","@id":"https:\/\/velumautostore.com\/#\/schema\/logo\/image\/","url":"https:\/\/velumautostore.com\/wp-content\/uploads\/2021\/09\/cropped-Velum_AutoStore_logo_3.png","contentUrl":"https:\/\/velumautostore.com\/wp-content\/uploads\/2021\/09\/cropped-Velum_AutoStore_logo_3.png","width":321,"height":154,"caption":"Velum Auto Store"},"image":{"@id":"https:\/\/velumautostore.com\/#\/schema\/logo\/image\/"},"sameAs":["https:\/\/fr-fr.facebook.com\/Velumautostore\/"]}]}},"_links":{"self":[{"href":"https:\/\/velumautostore.com\/de\/wp-json\/wp\/v2\/pages\/18428","targetHints":{"allow":["GET"]}}],"collection":[{"href":"https:\/\/velumautostore.com\/de\/wp-json\/wp\/v2\/pages"}],"about":[{"href":"https:\/\/velumautostore.com\/de\/wp-json\/wp\/v2\/types\/page"}],"author":[{"embeddable":true,"href":"https:\/\/velumautostore.com\/de\/wp-json\/wp\/v2\/users\/139"}],"replies":[{"embeddable":true,"href":"https:\/\/velumautostore.com\/de\/wp-json\/wp\/v2\/comments?post=18428"}],"version-history":[{"count":1,"href":"https:\/\/velumautostore.com\/de\/wp-json\/wp\/v2\/pages\/18428\/revisions"}],"predecessor-version":[{"id":18429,"href":"https:\/\/velumautostore.com\/de\/wp-json\/wp\/v2\/pages\/18428\/revisions\/18429"}],"wp:attachment":[{"href":"https:\/\/velumautostore.com\/de\/wp-json\/wp\/v2\/media?parent=18428"}],"curies":[{"name":"wp","href":"https:\/\/api.w.org\/{rel}","templated":true}]}}