{"id":18412,"date":"2026-02-10T11:16:16","date_gmt":"2026-02-10T10:16:16","guid":{"rendered":"https:\/\/velumautostore.com\/allgemeine-geschaeftsbedingungen\/"},"modified":"2026-02-10T11:18:06","modified_gmt":"2026-02-10T10:18:06","slug":"allgemeine-geschaeftsbedingungen","status":"publish","type":"page","link":"https:\/\/velumautostore.com\/de\/allgemeine-geschaeftsbedingungen\/","title":{"rendered":"Allgemeine Gesch\u00e4ftsbedingungen"},"content":{"rendered":"\n<h3 class=\"wp-block-heading\">DEFINITION DER PARTEIEN<\/h3>\n\n<p>Zwischen der Gesellschaft VELUM AUTO STORE,<br\/>3 IMPASSE DE L&#8217;AZUR, appart 126, 31100, TOULOUSE<br\/>mit einem Stammkapital von \u20ac,<br\/>eingetragen im Handels- und Gesellschaftsregister von TOULOUSE,<br\/>unter der SIRET-Nummer 88019432900012,<br\/>vertreten durch ROMIAN HANNANE ordnungsgem\u00e4\u00df bevollm\u00e4chtigt f\u00fcr die Zwecke des vorliegenden Dokuments.<br\/>Das Unternehmen kann per E-Mail erreicht werden, indem Sie auf das Kontaktformular klicken, das \u00fcber die Startseite der Website zug\u00e4nglich ist.<br\/>Nachfolgend der &#8222;Verk\u00e4ufer&#8220; oder die &#8222;Gesellschaft&#8220;.<br\/>Einerseits und der nat\u00fcrlichen oder juristischen Person, die Produkte oder Dienstleistungen des Unternehmens kauft, im Folgenden &#8222;der K\u00e4ufer&#8220; oder &#8222;der Kunde&#8220; genannt.<br\/>Andererseits,<\/p>\n\n<h3 class=\"wp-block-heading\">PREAMBULE<\/h3>\n\n<p>Der Verk\u00e4ufer ist Herausgeber von Produkten und Dienstleistungen f\u00fcr den Online-Verkauf von Autoteilen, die \u00fcber seine Website (https:\/\/velumautostore.com) vertrieben werden.<\/p>\n\n<p>Die Liste und die Beschreibung der von der Gesellschaft angebotenen Waren und Dienstleistungen k\u00f6nnen auf der oben genannten Website und ihren Verkaufsseiten eingesehen werden.<\/p>\n\n<h3 class=\"wp-block-heading\">ARTIKEL 1 &#8211; GEGENSTAND<\/h3>\n\n<p>Die vorliegenden Allgemeinen Gesch\u00e4ftsbedingungen legen die Rechte und Pflichten der Parteien im Rahmen des Online-Verkaufs von Produkten und Dienstleistungen fest, die vom Verk\u00e4ufer angeboten werden.<\/p>\n\n<h3 class=\"wp-block-heading\">ARTIKEL 2 &#8211; ALLGEMEINE BESTIMMUNGEN<\/h3>\n\n<p>Diese Allgemeinen Gesch\u00e4ftsbedingungen (AGB) gelten f\u00fcr alle Verk\u00e4ufe von Produkten oder Dienstleistungen, die \u00fcber die Webseite des Unternehmens get\u00e4tigt werden und sind Bestandteil des Vertrages zwischen dem K\u00e4ufer und dem Verk\u00e4ufer.<\/p>\n\n<p>Der Verk\u00e4ufer beh\u00e4lt sich die M\u00f6glichkeit vor, die vorliegenden Bedingungen jederzeit durch die Ver\u00f6ffentlichung einer neuen Version auf seiner Website zu \u00e4ndern. Die dann geltenden AGB sind diejenigen, die zum Zeitpunkt der Zahlung (oder der ersten Zahlung im Falle von Mehrfachzahlungen) der Bestellung g\u00fcltig waren. Diese AGB sind auf der Website des Unternehmens unter folgender Adresse abrufbar: https:\/\/velumautostore.com\/legal .  <\/p>\n\n<p>Das Unternehmen stellt au\u00dferdem sicher, dass diese zum Zeitpunkt des Kaufs klar und vorbehaltlos akzeptiert werden. Der Kunde erkl\u00e4rt, dass er alle diese Allgemeinen Gesch\u00e4ftsbedingungen und gegebenenfalls die Besonderen Gesch\u00e4ftsbedingungen f\u00fcr ein Produkt oder eine Dienstleistung gelesen hat und sie ohne Einschr\u00e4nkung oder Vorbehalt akzeptiert. <\/p>\n\n<p>Der Kunde best\u00e4tigt, dass er die notwendigen Ratschl\u00e4ge und Informationen erhalten hat, um sich zu vergewissern, dass das Angebot seinen Bed\u00fcrfnissen entspricht.<\/p>\n\n<p>Der Kunde erkl\u00e4rt, dass er nach franz\u00f6sischem Recht in der Lage ist, rechtm\u00e4\u00dfig zu kontrahieren, oder dass er die nat\u00fcrliche oder juristische Person, f\u00fcr die er sich verpflichtet, rechtsg\u00fcltig vertritt. Sofern nicht anders bewiesen, stellen die von der Gesellschaft gespeicherten Informationen den Beweis f\u00fcr alle Transaktionen dar. <\/p>\n\n<h3 class=\"wp-block-heading\">ARTIKEL 3 &#8211; PREIS<\/h3>\n\n<p>Die Preise der \u00fcber die Websites verkauften Produkte sind in Euro ohne Steuern angegeben und werden auf den Seiten mit den Produktbeschreibungen genau festgelegt. Sie werden auch auf der Bestellseite der Produkte in Euro inklusive aller Steuern (MwSt. + eventuelle andere Steuern) und ohne spezifische Versandkosten angegeben. F\u00fcr alle Produkte, die au\u00dferhalb der Europ\u00e4ischen Union und\/oder der franz\u00f6sischen \u00dcberseegebiete versendet werden, wird der Preis ohne Steuern automatisch auf der Rechnung berechnet.  <\/p>\n\n<p>In einigen F\u00e4llen k\u00f6nnen Zollgeb\u00fchren oder andere lokale Steuern, Importgeb\u00fchren oder staatliche Abgaben anfallen. Diese Rechte und Summen fallen nicht in den Zust\u00e4ndigkeitsbereich des Verk\u00e4ufers. Sie gehen zu Lasten des K\u00e4ufers und fallen unter seine Verantwortung (Erkl\u00e4rungen, Zahlung an die zust\u00e4ndigen Beh\u00f6rden usw.). Der Verk\u00e4ufer fordert den K\u00e4ufer in diesem Zusammenhang auf, sich bei den entsprechenden lokalen Beh\u00f6rden \u00fcber diese Aspekte zu informieren.   <\/p>\n\n<p>Das Unternehmen beh\u00e4lt sich das Recht vor, seine Preise jederzeit mit Wirkung f\u00fcr die Zukunft zu \u00e4ndern. Die Telekommunikationskosten, die f\u00fcr den Zugang zu den Internetseiten des Unternehmens erforderlich sind, gehen zu Lasten des Kunden. Gegebenenfalls auch die Lieferkosten.  <\/p>\n\n<h3 class=\"wp-block-heading\">ARTIKEL 4 &#8211; ONLINE-VERTRAGSABSCHLUSS<\/h3>\n\n<p>Der Kunde muss eine Reihe von Schritten befolgen, die f\u00fcr jedes Produkt oder jede Dienstleistung, die der Verk\u00e4ufer zum Verkauf anbietet, spezifisch sind, um seine Bestellung abzuschlie\u00dfen. Die nachstehend beschriebenen Schritte sind jedoch systematisch: <\/p>\n\n<p>&#8211; Informationen \u00fcber die wesentlichen Merkmale des Produkts ;<\/p>\n\n<p>&#8211; Auswahl des Produkts, ggf. seiner Optionen und Angabe der wesentlichen Daten des Kunden (Identifikation, Adresse&#8230;);<\/p>\n\n<p>&#8211; Annahme der vorliegenden Allgemeinen Gesch\u00e4ftsbedingungen.<\/p>\n\n<p>&#8211; \u00dcberpr\u00fcfung der Elemente des Auftrags und ggf. Korrektur von Fehlern.<\/p>\n\n<p>&#8211; Befolgung der Zahlungsanweisungen und Bezahlung der Produkte.<\/p>\n\n<p>&#8211; Lieferung der Produkte.<\/p>\n\n<p>Der Kunde erh\u00e4lt dann per E-Mail eine Best\u00e4tigung der Zahlung der Bestellung sowie eine Best\u00e4tigung des Eingangs der Bestellung, die diese best\u00e4tigt. Der Kunde erh\u00e4lt eine PDF-Datei der vorliegenden Allgemeinen Gesch\u00e4ftsbedingungen. <\/p>\n\n<p>Bei gelieferten Produkten erfolgt die Lieferung an die vom Kunden angegebene Adresse. Der Kunde verpflichtet sich, seine Identifikationsdaten wahrheitsgem\u00e4\u00df anzugeben, damit die Bestellung ordnungsgem\u00e4\u00df ausgef\u00fchrt werden kann. Der Verk\u00e4ufer beh\u00e4lt sich das Recht vor, die Bestellung abzulehnen, z.B. bei anormalen Anfragen, b\u00f6swilligen Anfragen oder aus jedem anderen legitimen Grund.  <\/p>\n\n<h3 class=\"wp-block-heading\">ARTIKEL 5 &#8211; PRODUKTE UND DIENSTLEISTUNGEN<\/h3>\n\n<p>Die wesentlichen Merkmale der Waren, Dienstleistungen und die entsprechenden Preise werden dem K\u00e4ufer auf den Internetseiten des Unternehmens zur Verf\u00fcgung gestellt. Der Kunde best\u00e4tigt, dass er eine detaillierte Aufstellung der Lieferkosten sowie der Zahlungs-, Liefer- und Ausf\u00fchrungsmodalit\u00e4ten des Vertrages erhalten hat. <\/p>\n\n<p>Der Verk\u00e4ufer verpflichtet sich, die Bestellung des Kunden nur im Rahmen der verf\u00fcgbaren Best\u00e4nde zu erf\u00fcllen. Ist dies nicht der Fall, informiert der Verk\u00e4ufer den Kunden dar\u00fcber. Diese vertraglichen Informationen werden ausf\u00fchrlich und in franz\u00f6sischer Sprache dargestellt. Gem\u00e4\u00df dem franz\u00f6sischen Gesetz werden sie bei der Best\u00e4tigung der Bestellung zusammengefasst und best\u00e4tigt. Die Parteien stimmen zu, dass die Abbildungen oder Fotos der zum Verkauf angebotenen Produkte nicht vertraglich bindend sind.    <\/p>\n\n<p>Die G\u00fcltigkeitsdauer des Produktangebots und der Preise ist auf den Verkaufsseiten der Produkte angegeben, ebenso wie die Mindestdauer der angebotenen Vertr\u00e4ge, wenn diese sich auf eine kontinuierliche oder periodische Lieferung von Produkten oder Dienstleistungen beziehen. Vorbehaltlich besonderer Bedingungen werden die hierin gew\u00e4hrten Rechte nur der nat\u00fcrlichen Person gew\u00e4hrt, die die Bestellung unterzeichnet hat (oder der Person, die die angegebene E-Mail-Adresse besitzt). <\/p>\n\n<p>In \u00dcbereinstimmung mit den gesetzlichen Bestimmungen \u00fcber Konformit\u00e4t und versteckte M\u00e4ngel erstattet der Verk\u00e4ufer das Geld zur\u00fcck oder tauscht fehlerhafte oder nicht der Bestellung entsprechende Produkte um. Die R\u00fcckerstattung kann durch Kontaktaufnahme mit dem Verk\u00e4ufer per E-Mail oder einfachem Brief beantragt werden. <\/p>\n\n<h3 class=\"wp-block-heading\">ARTIKEL 6 &#8211; EIGENTUMSVORBEHALTSKLAUSEL<\/h3>\n\n<p>Die Produkte bleiben bis zur vollst\u00e4ndigen Bezahlung des Preises Eigentum des Unternehmens.<\/p>\n\n<h3 class=\"wp-block-heading\">ARTIKEL 7 &#8211; LIEFERBEDINGUNGEN<\/h3>\n\n<p>Die Produkte werden an die Lieferadresse, die bei der Bestellung angegeben wurde, und innerhalb der angegebenen Frist geliefert.<\/p>\n\n<p>Diese Frist umfasst nicht die Zeit f\u00fcr die Vorbereitung der Bestellung. Wenn der Kunde mehrere Produkte gleichzeitig bestellt, k\u00f6nnen diese unterschiedliche Lieferzeiten haben und auf unterschiedliche Weise geliefert werden. <\/p>\n\n<p>Der Verk\u00e4ufer stellt eine telefonische Kontaktstelle zur Verf\u00fcgung (Kosten f\u00fcr einen Ortsgespr\u00e4ch aus dem Festnetz), die in der E-Mail zur Best\u00e4tigung der Bestellung angegeben ist, um die Bestellung zu verfolgen.<\/p>\n\n<p>Der Verk\u00e4ufer erinnert daran, dass in dem Moment, in dem der Kunde die Produkte physisch in Besitz nimmt, die Gefahr des Verlustes oder der Besch\u00e4digung der Produkte auf den Kunden \u00fcbergeht.<\/p>\n\n<h3 class=\"wp-block-heading\">ARTIKEL 8 &#8211; VERF\u00dcGBARKEIT UND PR\u00c4SENTATION<\/h3>\n\n<p>Die Bestellungen werden bearbeitet, solange der Vorrat reicht oder unsere Lieferanten noch Vorr\u00e4te haben.<\/p>\n\n<h3 class=\"wp-block-heading\">ARTIKEL 9 &#8211; ZAHLUNG<\/h3>\n\n<p>Die Zahlung ist sofort bei der Bestellung f\u00e4llig, auch f\u00fcr Produkte, die vorbestellt werden.<\/p>\n\n<p>Der Kunde kann die Zahlung per Kreditkarte oder Scheck vornehmen.<\/p>\n\n<p>Die sichere Online-Zahlung per Kreditkarte wird von unserem Zahlungsdienstleister durchgef\u00fchrt. Die \u00fcbermittelten Informationen werden nach den Regeln der Kunst verschl\u00fcsselt und k\u00f6nnen w\u00e4hrend des Transports \u00fcber das Netz nicht gelesen werden. <\/p>\n\n<p>Sobald die Zahlung durch den Kunden erfolgt ist, wird die Transaktion nach \u00dcberpr\u00fcfung der Informationen sofort belastet. Gem\u00e4\u00df den Bestimmungen des W\u00e4hrungs- und Finanzgesetzes ist die mit der Karte eingegangene Zahlungsverpflichtung unwiderruflich. <\/p>\n\n<p>Durch die Angabe seiner Bankdaten im Rahmen des Kaufvorgangs erm\u00e4chtigt der Kunde den Verk\u00e4ufer, seine Karte mit dem Betrag f\u00fcr den angegebenen Preis zu belasten. Der Kunde best\u00e4tigt, dass er der rechtm\u00e4\u00dfige Inhaber der zu belastenden Karte ist und dass er rechtlich berechtigt ist, diese Karte zu benutzen. Im Falle eines Fehlers oder der Unm\u00f6glichkeit, die Karte zu belasten, wird der Verkauf sofort von Rechts wegen aufgel\u00f6st und die Bestellung storniert.  <\/p>\n\n<h3 class=\"wp-block-heading\">ARTIKEL 10 &#8211; WIDERRUFSFRIST<\/h3>\n\n<p>Gem\u00e4\u00df Artikel L. 121-20 des Verbraucherschutzgesetzes &#8222;kann der Verbraucher innerhalb von vierzehn Tagen sein Widerrufsrecht aus\u00fcben, ohne Gr\u00fcnde angeben oder eine Strafe zahlen zu m\u00fcssen, mit Ausnahme der Kosten f\u00fcr die R\u00fccksendung des Produkts.<\/p>\n\n<p>&#8222;Die im vorstehenden Absatz genannte Frist beginnt bei Waren mit dem Erhalt oder bei Dienstleistungen mit der Annahme des Angebots&#8220;. Das Widerrufsrecht kann durch Kontaktaufnahme mit der Gesellschaft per E-Mail oder Telefon ausge\u00fcbt werden. <\/p>\n\n<p>Bei Aus\u00fcbung des Widerrufsrechts innerhalb der vorgenannten Frist werden nur der Preis des\/der gekauften Produkts\/Produkte und die Versandkosten erstattet, die Kosten f\u00fcr die R\u00fccksendung gehen zu Lasten des Kunden. Die R\u00fccksendung der Produkte muss in ihrem urspr\u00fcnglichen Zustand und vollst\u00e4ndig (Verpackung, Zubeh\u00f6r, Gebrauchsanweisung&#8230;) erfolgen, so dass sie als neu vermarktet werden k\u00f6nnen; wenn m\u00f6glich muss eine Kopie des Kaufbelegs beigef\u00fcgt werden. <\/p>\n\n<h3 class=\"wp-block-heading\">ARTIKEL 11 &#8211; GARANTIEN<\/h3>\n\n<p>Gem\u00e4\u00df dem Gesetz \u00fcbernimmt der Verk\u00e4ufer zwei Garantien: die Konformit\u00e4tsgarantie und die Garantie f\u00fcr verborgene M\u00e4ngel der Produkte. Der Verk\u00e4ufer erstattet dem K\u00e4ufer den Kaufpreis zur\u00fcck oder tauscht die Produkte um, die offensichtlich defekt sind oder nicht der Bestellung entsprechen. <\/p>\n\n<p>Der Antrag auf R\u00fcckerstattung muss durch Kontaktaufnahme mit dem Veneur per E-Mail oder einfachem Brief erfolgen.<\/p>\n\n<p>Der Verk\u00e4ufer erinnert daran, dass der Verbraucher :<\/p>\n\n<p>&#8211; dass er zwischen dem Ersatz und der Reparatur des Gutes w\u00e4hlen kann, vorbehaltlich der Bedingungen, die in den oben genannten Bestimmungen vorgesehen sind. scheinbar fehlerhaft ist oder nicht entspricht &#8211; dass er w\u00e4hrend der sechs Monate nach der Lieferung des Gutes von der Beweispflicht f\u00fcr das Vorliegen der Vertragswidrigkeit des Gutes befreit ist. &#8211; dass der Verbraucher auch die Garantie gegen versteckte M\u00e4ngel der verkauften Sache im Sinne von Artikel 1641 des Zivilgesetzbuches geltend machen kann und in diesem Fall zwischen der Aufl\u00f6sung des Kaufs oder einer Reduzierung des Kaufpreises w\u00e4hlen kann (Bestimmungen von Artikel 1644 des Zivilgesetzbuches).  <\/p>\n\n<h3 class=\"wp-block-heading\">ARTIKEL 12 &#8211; REKLAMATIONEN<\/h3>\n\n<p>In diesem Fall kann der K\u00e4ufer eine Beschwerde einreichen, indem er sich per E-Mail oder einfachem Brief an das Unternehmen wendet.<\/p>\n\n<h3 class=\"wp-block-heading\">ARTIKEL 13 &#8211; RECHTE AN GEISTIGEM EIGENTUM<\/h3>\n\n<p>Die Marken, Domainnamen, Produkte, Software, Bilder, Videos, Texte oder ganz allgemein alle Informationen, die Gegenstand von Rechten des geistigen Eigentums sind, sind und bleiben das ausschlie\u00dfliche Eigentum des Verk\u00e4ufers. Es erfolgt keine Abtretung von Rechten an geistigem Eigentum durch die vorliegenden AGB. Jede vollst\u00e4ndige oder teilweise Vervielf\u00e4ltigung, \u00c4nderung oder Nutzung dieser G\u00fcter aus welchem Grund auch immer ist strengstens untersagt.  <\/p>\n\n<h3 class=\"wp-block-heading\">ARTIKEL 14 &#8211; H\u00d6HERE GEWALT<\/h3>\n\n<p>Die Erf\u00fcllung der Verpflichtungen des Verk\u00e4ufers im Rahmen der vorliegenden Bedingungen wird bei Eintritt eines zuf\u00e4lligen Ereignisses oder h\u00f6herer Gewalt, die die Erf\u00fcllung verhindern, ausgesetzt. Der Verk\u00e4ufer wird den Kunden so schnell wie m\u00f6glich \u00fcber das Eintreten eines solchen Ereignisses informieren. <\/p>\n\n<h3 class=\"wp-block-heading\">ARTIKEL 15 &#8211; NICHTIGKEIT UND \u00c4NDERUNG DES VERTRAGS<\/h3>\n\n<p>Sollte eine Bestimmung dieses Vertrages ung\u00fcltig sein, so hat dies nicht die Ung\u00fcltigkeit der \u00fcbrigen Bestimmungen zur Folge, die weiterhin zwischen den Parteien in Kraft bleiben. Vertrags\u00e4nderungen sind nur g\u00fcltig, wenn sie von den Parteien schriftlich vereinbart und unterzeichnet wurden. <\/p>\n\n<h3 class=\"wp-block-heading\">ARTIKEL 16 &#8211; RGPD UND SCHUTZ VON PERS\u00d6NLICHEN DATEN<\/h3>\n\n<p>Gem\u00e4\u00df der EU-Verordnung \u00fcber den Schutz personenbezogener Daten haben Sie das Recht auf Auskunft, Zugang, \u00c4nderung, Widerspruch und Berichtigung der Sie betreffenden personenbezogenen Daten. Mit der Annahme dieser Allgemeinen Gesch\u00e4ftsbedingungen erkl\u00e4ren Sie sich damit einverstanden, dass wir diese Daten zur Erf\u00fcllung dieses Vertrages sammeln und verwenden. <\/p>\n\n<h3 class=\"wp-block-heading\">ARTIKEL 17 &#8211; ANWENDBARES RECHT<\/h3>\n\n<p>Alle Klauseln in diesen Allgemeinen Gesch\u00e4ftsbedingungen sowie alle darin genannten Kauf- und Verkaufstransaktionen unterliegen dem franz\u00f6sischen Recht.<\/p>\n","protected":false},"excerpt":{"rendered":"<p>DEFINITION DER PARTEIEN Zwischen der Gesellschaft VELUM AUTO STORE,3 IMPASSE DE L&#8217;AZUR, appart 126, 31100, TOULOUSEmit einem Stammkapital von \u20ac,eingetragen im Handels- und Gesellschaftsregister von&#8230;<\/p>\n","protected":false},"author":139,"featured_media":0,"parent":0,"menu_order":0,"comment_status":"closed","ping_status":"closed","template":"","meta":{"footnotes":""},"class_list":["post-18412","page","type-page","status-publish","hentry"],"yoast_head":"<!-- This site is optimized with the Yoast SEO Premium plugin v27.3 (Yoast SEO v27.5) - https:\/\/yoast.com\/product\/yoast-seo-premium-wordpress\/ -->\n<title>Allgemeine Gesch\u00e4ftsbedingungen | Velum Auto Store<\/title>\n<meta name=\"description\" content=\"Lesen Sie unsere Verkaufsbedingungen, Garantien, R\u00fcckgaben und Kundenservice-Richtlinien.\" \/>\n<meta name=\"robots\" content=\"index, follow, max-snippet:-1, max-image-preview:large, max-video-preview:-1\" \/>\n<link rel=\"canonical\" href=\"https:\/\/velumautostore.com\/legal\/\" \/>\n<meta property=\"og:locale\" content=\"de_DE\" \/>\n<meta property=\"og:type\" content=\"article\" \/>\n<meta property=\"og:title\" content=\"Allgemeine Gesch\u00e4ftsbedingungen\" \/>\n<meta property=\"og:description\" content=\"Lesen Sie unsere Verkaufsbedingungen, Garantien, R\u00fcckgaben und Kundenservice-Richtlinien.\" \/>\n<meta property=\"og:url\" content=\"https:\/\/velumautostore.com\/legal\/\" \/>\n<meta property=\"og:site_name\" content=\"Velum Auto Store\" \/>\n<meta property=\"article:publisher\" content=\"https:\/\/fr-fr.facebook.com\/Velumautostore\/\" \/>\n<meta property=\"article:modified_time\" content=\"2026-02-10T10:18:06+00:00\" \/>\n<meta name=\"twitter:card\" content=\"summary_large_image\" \/>\n<meta name=\"twitter:label1\" content=\"Gesch\u00e4tzte Lesezeit\" \/>\n\t<meta name=\"twitter:data1\" content=\"10\u00a0Minuten\" \/>\n<script type=\"application\/ld+json\" class=\"yoast-schema-graph\">{\"@context\":\"https:\\\/\\\/schema.org\",\"@graph\":[{\"@type\":\"WebPage\",\"@id\":\"https:\\\/\\\/velumautostore.com\\\/legal\\\/\",\"url\":\"https:\\\/\\\/velumautostore.com\\\/legal\\\/\",\"name\":\"Allgemeine Gesch\u00e4ftsbedingungen | Velum Auto Store\",\"isPartOf\":{\"@id\":\"https:\\\/\\\/velumautostore.com\\\/#website\"},\"datePublished\":\"2026-02-10T10:16:16+00:00\",\"dateModified\":\"2026-02-10T10:18:06+00:00\",\"description\":\"Lesen Sie unsere Verkaufsbedingungen, Garantien, R\u00fcckgaben und Kundenservice-Richtlinien.\",\"breadcrumb\":{\"@id\":\"https:\\\/\\\/velumautostore.com\\\/legal\\\/#breadcrumb\"},\"inLanguage\":\"de\",\"potentialAction\":[{\"@type\":\"ReadAction\",\"target\":[\"https:\\\/\\\/velumautostore.com\\\/legal\\\/\"]}]},{\"@type\":\"BreadcrumbList\",\"@id\":\"https:\\\/\\\/velumautostore.com\\\/legal\\\/#breadcrumb\",\"itemListElement\":[{\"@type\":\"ListItem\",\"position\":1,\"name\":\"Accueil\",\"item\":\"https:\\\/\\\/velumautostore.com\\\/de\\\/home\\\/\"},{\"@type\":\"ListItem\",\"position\":2,\"name\":\"Allgemeine Gesch\u00e4ftsbedingungen\"}]},{\"@type\":\"WebSite\",\"@id\":\"https:\\\/\\\/velumautostore.com\\\/#website\",\"url\":\"https:\\\/\\\/velumautostore.com\\\/\",\"name\":\"Velum Auto Store\",\"description\":\"Store et toit panoramique\",\"publisher\":{\"@id\":\"https:\\\/\\\/velumautostore.com\\\/#organization\"},\"potentialAction\":[{\"@type\":\"SearchAction\",\"target\":{\"@type\":\"EntryPoint\",\"urlTemplate\":\"https:\\\/\\\/velumautostore.com\\\/?s={search_term_string}\"},\"query-input\":{\"@type\":\"PropertyValueSpecification\",\"valueRequired\":true,\"valueName\":\"search_term_string\"}}],\"inLanguage\":\"de\"},{\"@type\":\"Organization\",\"@id\":\"https:\\\/\\\/velumautostore.com\\\/#organization\",\"name\":\"Velum Auto Store\",\"url\":\"https:\\\/\\\/velumautostore.com\\\/\",\"logo\":{\"@type\":\"ImageObject\",\"inLanguage\":\"de\",\"@id\":\"https:\\\/\\\/velumautostore.com\\\/#\\\/schema\\\/logo\\\/image\\\/\",\"url\":\"https:\\\/\\\/velumautostore.com\\\/wp-content\\\/uploads\\\/2021\\\/09\\\/cropped-Velum_AutoStore_logo_3.png\",\"contentUrl\":\"https:\\\/\\\/velumautostore.com\\\/wp-content\\\/uploads\\\/2021\\\/09\\\/cropped-Velum_AutoStore_logo_3.png\",\"width\":321,\"height\":154,\"caption\":\"Velum Auto Store\"},\"image\":{\"@id\":\"https:\\\/\\\/velumautostore.com\\\/#\\\/schema\\\/logo\\\/image\\\/\"},\"sameAs\":[\"https:\\\/\\\/fr-fr.facebook.com\\\/Velumautostore\\\/\"]}]}<\/script>\n<!-- \/ Yoast SEO Premium plugin. -->","yoast_head_json":{"title":"Allgemeine Gesch\u00e4ftsbedingungen | Velum Auto Store","description":"Lesen Sie unsere Verkaufsbedingungen, Garantien, R\u00fcckgaben und Kundenservice-Richtlinien.","robots":{"index":"index","follow":"follow","max-snippet":"max-snippet:-1","max-image-preview":"max-image-preview:large","max-video-preview":"max-video-preview:-1"},"canonical":"https:\/\/velumautostore.com\/legal\/","og_locale":"de_DE","og_type":"article","og_title":"Allgemeine Gesch\u00e4ftsbedingungen","og_description":"Lesen Sie unsere Verkaufsbedingungen, Garantien, R\u00fcckgaben und Kundenservice-Richtlinien.","og_url":"https:\/\/velumautostore.com\/legal\/","og_site_name":"Velum Auto Store","article_publisher":"https:\/\/fr-fr.facebook.com\/Velumautostore\/","article_modified_time":"2026-02-10T10:18:06+00:00","twitter_card":"summary_large_image","twitter_misc":{"Gesch\u00e4tzte Lesezeit":"10\u00a0Minuten"},"schema":{"@context":"https:\/\/schema.org","@graph":[{"@type":"WebPage","@id":"https:\/\/velumautostore.com\/legal\/","url":"https:\/\/velumautostore.com\/legal\/","name":"Allgemeine Gesch\u00e4ftsbedingungen | Velum Auto Store","isPartOf":{"@id":"https:\/\/velumautostore.com\/#website"},"datePublished":"2026-02-10T10:16:16+00:00","dateModified":"2026-02-10T10:18:06+00:00","description":"Lesen Sie unsere Verkaufsbedingungen, Garantien, R\u00fcckgaben und Kundenservice-Richtlinien.","breadcrumb":{"@id":"https:\/\/velumautostore.com\/legal\/#breadcrumb"},"inLanguage":"de","potentialAction":[{"@type":"ReadAction","target":["https:\/\/velumautostore.com\/legal\/"]}]},{"@type":"BreadcrumbList","@id":"https:\/\/velumautostore.com\/legal\/#breadcrumb","itemListElement":[{"@type":"ListItem","position":1,"name":"Accueil","item":"https:\/\/velumautostore.com\/de\/home\/"},{"@type":"ListItem","position":2,"name":"Allgemeine Gesch\u00e4ftsbedingungen"}]},{"@type":"WebSite","@id":"https:\/\/velumautostore.com\/#website","url":"https:\/\/velumautostore.com\/","name":"Velum Auto Store","description":"Store et toit panoramique","publisher":{"@id":"https:\/\/velumautostore.com\/#organization"},"potentialAction":[{"@type":"SearchAction","target":{"@type":"EntryPoint","urlTemplate":"https:\/\/velumautostore.com\/?s={search_term_string}"},"query-input":{"@type":"PropertyValueSpecification","valueRequired":true,"valueName":"search_term_string"}}],"inLanguage":"de"},{"@type":"Organization","@id":"https:\/\/velumautostore.com\/#organization","name":"Velum Auto Store","url":"https:\/\/velumautostore.com\/","logo":{"@type":"ImageObject","inLanguage":"de","@id":"https:\/\/velumautostore.com\/#\/schema\/logo\/image\/","url":"https:\/\/velumautostore.com\/wp-content\/uploads\/2021\/09\/cropped-Velum_AutoStore_logo_3.png","contentUrl":"https:\/\/velumautostore.com\/wp-content\/uploads\/2021\/09\/cropped-Velum_AutoStore_logo_3.png","width":321,"height":154,"caption":"Velum Auto Store"},"image":{"@id":"https:\/\/velumautostore.com\/#\/schema\/logo\/image\/"},"sameAs":["https:\/\/fr-fr.facebook.com\/Velumautostore\/"]}]}},"_links":{"self":[{"href":"https:\/\/velumautostore.com\/de\/wp-json\/wp\/v2\/pages\/18412","targetHints":{"allow":["GET"]}}],"collection":[{"href":"https:\/\/velumautostore.com\/de\/wp-json\/wp\/v2\/pages"}],"about":[{"href":"https:\/\/velumautostore.com\/de\/wp-json\/wp\/v2\/types\/page"}],"author":[{"embeddable":true,"href":"https:\/\/velumautostore.com\/de\/wp-json\/wp\/v2\/users\/139"}],"replies":[{"embeddable":true,"href":"https:\/\/velumautostore.com\/de\/wp-json\/wp\/v2\/comments?post=18412"}],"version-history":[{"count":1,"href":"https:\/\/velumautostore.com\/de\/wp-json\/wp\/v2\/pages\/18412\/revisions"}],"predecessor-version":[{"id":18413,"href":"https:\/\/velumautostore.com\/de\/wp-json\/wp\/v2\/pages\/18412\/revisions\/18413"}],"wp:attachment":[{"href":"https:\/\/velumautostore.com\/de\/wp-json\/wp\/v2\/media?parent=18412"}],"curies":[{"name":"wp","href":"https:\/\/api.w.org\/{rel}","templated":true}]}}