{"id":16760,"date":"2017-12-21T09:00:47","date_gmt":"2017-12-21T08:00:47","guid":{"rendered":"https:\/\/velumautostore.com\/kontakt-us\/"},"modified":"2026-02-09T15:29:54","modified_gmt":"2026-02-09T14:29:54","slug":"kontakt-us","status":"publish","type":"page","link":"https:\/\/velumautostore.com\/de\/kontakt-us\/","title":{"rendered":"Kontakt Us"},"content":{"rendered":"\t\t<div data-elementor-type=\"wp-post\" data-elementor-id=\"16760\" class=\"elementor elementor-16760 elementor-414\" data-elementor-post-type=\"page\">\n\t\t\t\t\t\t<section class=\"elementor-section elementor-top-section elementor-element elementor-element-1af1f79 elementor-section-content-middle elementor-section-boxed elementor-section-height-default elementor-section-height-default\" data-id=\"1af1f79\" data-element_type=\"section\" data-e-type=\"section\" data-settings=\"{&quot;background_background&quot;:&quot;classic&quot;}\">\n\t\t\t\t\t\t\t<div class=\"elementor-background-overlay\"><\/div>\n\t\t\t\t\t\t\t<div class=\"elementor-container elementor-column-gap-no\">\n\t\t\t\t\t<div class=\"elementor-column elementor-col-100 elementor-top-column elementor-element elementor-element-8d092b6\" data-id=\"8d092b6\" data-element_type=\"column\" data-e-type=\"column\">\n\t\t\t<div class=\"elementor-widget-wrap elementor-element-populated\">\n\t\t\t\t\t\t<div class=\"elementor-element elementor-element-2f510d4 elementor-widget elementor-widget-heading\" data-id=\"2f510d4\" data-element_type=\"widget\" data-e-type=\"widget\" data-widget_type=\"heading.default\">\n\t\t\t\t<div class=\"elementor-widget-container\">\n\t\t\t\t\t<h1 class=\"elementor-heading-title elementor-size-default\">Kontaktieren Sie uns<\/h1>\t\t\t\t<\/div>\n\t\t\t\t<\/div>\n\t\t\t\t\t<\/div>\n\t\t<\/div>\n\t\t\t\t\t<\/div>\n\t\t<\/section>\n\t\t\t\t<section class=\"elementor-section elementor-top-section elementor-element elementor-element-adcc176 elementor-section-content-middle elementor-section-boxed elementor-section-height-default elementor-section-height-default\" data-id=\"adcc176\" data-element_type=\"section\" data-e-type=\"section\">\n\t\t\t\t\t\t<div class=\"elementor-container elementor-column-gap-default\">\n\t\t\t\t\t<div class=\"elementor-column elementor-col-33 elementor-top-column elementor-element elementor-element-a91ad32\" data-id=\"a91ad32\" data-element_type=\"column\" data-e-type=\"column\">\n\t\t\t<div class=\"elementor-widget-wrap elementor-element-populated\">\n\t\t\t\t\t\t<div class=\"elementor-element elementor-element-b5a2814 elementor-widget elementor-widget-heading\" data-id=\"b5a2814\" data-element_type=\"widget\" data-e-type=\"widget\" data-widget_type=\"heading.default\">\n\t\t\t\t<div class=\"elementor-widget-container\">\n\t\t\t\t\t<h3 class=\"elementor-heading-title elementor-size-default\">M\u00f6chten Sie die Kompatibilit\u00e4t pr\u00fcfen? Haben Sie Fragen? <\/h3>\t\t\t\t<\/div>\n\t\t\t\t<\/div>\n\t\t\t\t<div class=\"elementor-element elementor-element-6c2999c elementor-widget elementor-widget-text-editor\" data-id=\"6c2999c\" data-element_type=\"widget\" data-e-type=\"widget\" data-widget_type=\"text-editor.default\">\n\t\t\t\t<div class=\"elementor-widget-container\">\n\t\t\t\t\t\t\t\t\t<p>E-Mail: contact@velumautostore.com<\/p>\n<p>Nummer: +33 07 82 16 56 29,<br>Montag bis Freitag &#8211; 9:00 &#8211; 17:00 Uhr <br>Samstag &#8211; 10:00 &#8211; 12:00 Uhr<\/p>\t\t\t\t\t\t\t\t<\/div>\n\t\t\t\t<\/div>\n\t\t\t\t<div class=\"elementor-element elementor-element-6c45b9c elementor-widget elementor-widget-heading\" data-id=\"6c45b9c\" data-element_type=\"widget\" data-e-type=\"widget\" data-widget_type=\"heading.default\">\n\t\t\t\t<div class=\"elementor-widget-container\">\n\t\t\t\t\t<h4 class=\"elementor-heading-title elementor-size-default\">Brauchen Sie uns?<\/h4>\t\t\t\t<\/div>\n\t\t\t\t<\/div>\n\t\t\t\t<div class=\"elementor-element elementor-element-8a1896e elementor-widget elementor-widget-text-editor\" data-id=\"8a1896e\" data-element_type=\"widget\" data-e-type=\"widget\" data-widget_type=\"text-editor.default\">\n\t\t\t\t<div class=\"elementor-widget-container\">\n\t\t\t\t\t\t\t\t\t<p>Eine Nachricht auf dem Anrufbeantworter hinterlassen<\/p>\t\t\t\t\t\t\t\t<\/div>\n\t\t\t\t<\/div>\n\t\t\t\t<div class=\"elementor-element elementor-element-328a95d elementor-widget elementor-widget-heading\" data-id=\"328a95d\" data-element_type=\"widget\" data-e-type=\"widget\" data-widget_type=\"heading.default\">\n\t\t\t\t<div class=\"elementor-widget-container\">\n\t\t\t\t\t<h3 class=\"elementor-heading-title elementor-size-default\">+33 07 82 16 56 29<\/h3>\t\t\t\t<\/div>\n\t\t\t\t<\/div>\n\t\t\t\t\t<\/div>\n\t\t<\/div>\n\t\t\t\t<div class=\"elementor-column elementor-col-66 elementor-top-column elementor-element elementor-element-063df41\" data-id=\"063df41\" data-element_type=\"column\" data-e-type=\"column\" data-settings=\"{&quot;background_background&quot;:&quot;classic&quot;}\">\n\t\t\t<div class=\"elementor-widget-wrap elementor-element-populated\">\n\t\t\t\t\t\t<div class=\"elementor-element elementor-element-be7c042 elementor-widget elementor-widget-shortcode\" data-id=\"be7c042\" data-element_type=\"widget\" data-e-type=\"widget\" data-widget_type=\"shortcode.default\">\n\t\t\t\t<div class=\"elementor-widget-container\">\n\t\t\t\t\t\t\t<div class=\"elementor-shortcode\"><div class=\"wpforms-container \" id=\"wpforms-3175\"><form id=\"wpforms-form-3175\" class=\"wpforms-validate wpforms-form wpforms-ajax-form\" data-formid=\"3175\" method=\"post\" enctype=\"multipart\/form-data\" action=\"\/de\/wp-json\/wp\/v2\/pages\/16760\" data-token=\"fea9243e1e00fde651aebab752d71ce8\" data-token-time=\"1778586669\"><noscript class=\"wpforms-error-noscript\">Bitte aktiviere JavaScript in deinem Browser, um dieses Formular fertigzustellen.<\/noscript><div class=\"wpforms-field-container\"><div id=\"wpforms-3175-field_0-container\" class=\"wpforms-field wpforms-field-name\" data-field-id=\"0\"><label class=\"wpforms-field-label\">Name <span class=\"wpforms-required-label\">*<\/span><\/label><div class=\"wpforms-field-row wpforms-field-medium\"><div class=\"wpforms-field-row-block wpforms-first wpforms-one-half\"><input type=\"text\" id=\"wpforms-3175-field_0\" class=\"wpforms-field-name-first wpforms-field-required\" name=\"wpforms[fields][0][first]\" required><label for=\"wpforms-3175-field_0\" class=\"wpforms-field-sublabel after\">Vorname<\/label><\/div><div class=\"wpforms-field-row-block wpforms-one-half\"><input type=\"text\" id=\"wpforms-3175-field_0-last\" class=\"wpforms-field-name-last wpforms-field-required\" name=\"wpforms[fields][0][last]\" required><label for=\"wpforms-3175-field_0-last\" class=\"wpforms-field-sublabel after\">Nachname<\/label><\/div><\/div><\/div><div id=\"wpforms-3175-field_1-container\" class=\"wpforms-field wpforms-field-email\" data-field-id=\"1\"><label class=\"wpforms-field-label\" for=\"wpforms-3175-field_1\">Email <span class=\"wpforms-required-label\">*<\/span><\/label><input type=\"email\" id=\"wpforms-3175-field_1\" class=\"wpforms-field-medium wpforms-field-required\" name=\"wpforms[fields][1]\" spellcheck=\"false\" required><\/div><div id=\"wpforms-3175-field_2-container\" class=\"wpforms-field wpforms-field-textarea\" data-field-id=\"2\"><label class=\"wpforms-field-label\" for=\"wpforms-3175-field_2\">Message <span class=\"wpforms-required-label\">*<\/span><\/label><textarea id=\"wpforms-3175-field_2\" class=\"wpforms-field-medium wpforms-field-required\" name=\"wpforms[fields][2]\" required><\/textarea><div class=\"wpforms-field-description\">Vehicule, Ann\u00e9e, numero d'identification<\/div><\/div><\/div><!-- .wpforms-field-container --><div class=\"wpforms-submit-container\" ><input type=\"hidden\" name=\"wpforms[id]\" value=\"3175\"><input type=\"hidden\" name=\"page_title\" value=\"\"><input type=\"hidden\" name=\"page_url\" value=\"https:\/\/velumautostore.com\/de\/wp-json\/wp\/v2\/pages\/16760\"><button type=\"submit\" name=\"wpforms[submit]\" id=\"wpforms-submit-3175\" class=\"wpforms-submit\" data-alt-text=\"Envoi...\" data-submit-text=\"Envoyer \" aria-live=\"assertive\" value=\"wpforms-submit\">Envoyer <\/button><img decoding=\"async\" src=\"https:\/\/velumautostore.com\/wp-content\/plugins\/wpforms\/assets\/images\/submit-spin.svg\" class=\"wpforms-submit-spinner\" style=\"display: none;\" width=\"26\" height=\"26\" alt=\"Wird geladen\"><\/div><\/form><\/div>  <!-- .wpforms-container --><\/div>\n\t\t\t\t\t\t<\/div>\n\t\t\t\t<\/div>\n\t\t\t\t\t<\/div>\n\t\t<\/div>\n\t\t\t\t\t<\/div>\n\t\t<\/section>\n\t\t\t\t<section class=\"elementor-section elementor-top-section elementor-element elementor-element-ab2ace3 elementor-section-boxed elementor-section-height-default elementor-section-height-default\" data-id=\"ab2ace3\" data-element_type=\"section\" data-e-type=\"section\" data-settings=\"{&quot;background_background&quot;:&quot;classic&quot;}\">\n\t\t\t\t\t\t<div class=\"elementor-container elementor-column-gap-default\">\n\t\t\t\t\t<div class=\"elementor-column elementor-col-100 elementor-top-column elementor-element elementor-element-bc8967b\" data-id=\"bc8967b\" data-element_type=\"column\" data-e-type=\"column\">\n\t\t\t<div class=\"elementor-widget-wrap elementor-element-populated\">\n\t\t\t\t\t\t<section class=\"elementor-section elementor-inner-section elementor-element elementor-element-935fef0 elementor-section-boxed elementor-section-height-default elementor-section-height-default\" data-id=\"935fef0\" data-element_type=\"section\" data-e-type=\"section\">\n\t\t\t\t\t\t<div class=\"elementor-container elementor-column-gap-default\">\n\t\t\t\t\t<div class=\"elementor-column elementor-col-25 elementor-inner-column elementor-element elementor-element-bb2875c\" data-id=\"bb2875c\" data-element_type=\"column\" data-e-type=\"column\">\n\t\t\t<div class=\"elementor-widget-wrap elementor-element-populated\">\n\t\t\t\t\t\t<div class=\"elementor-element elementor-element-371f8e9 elementor-position-top elementor-widget elementor-widget-image-box\" data-id=\"371f8e9\" data-element_type=\"widget\" data-e-type=\"widget\" data-widget_type=\"image-box.default\">\n\t\t\t\t<div class=\"elementor-widget-container\">\n\t\t\t\t\t<div class=\"elementor-image-box-wrapper\"><figure class=\"elementor-image-box-img\"><img decoding=\"async\" src=\"https:\/\/velumautostore.com\/wp-content\/uploads\/2025\/05\/livraison.png\" title=\"\" alt=\"\" loading=\"lazy\" \/><\/figure><div class=\"elementor-image-box-content\"><h5 class=\"elementor-image-box-title\">Lieferung in Frankreich und international<\/h5><\/div><\/div>\t\t\t\t<\/div>\n\t\t\t\t<\/div>\n\t\t\t\t\t<\/div>\n\t\t<\/div>\n\t\t\t\t<div class=\"elementor-column elementor-col-25 elementor-inner-column elementor-element elementor-element-318679f\" data-id=\"318679f\" data-element_type=\"column\" data-e-type=\"column\">\n\t\t\t<div class=\"elementor-widget-wrap elementor-element-populated\">\n\t\t\t\t\t\t<div class=\"elementor-element elementor-element-f719b06 elementor-position-top elementor-widget elementor-widget-image-box\" data-id=\"f719b06\" data-element_type=\"widget\" data-e-type=\"widget\" data-widget_type=\"image-box.default\">\n\t\t\t\t<div class=\"elementor-widget-container\">\n\t\t\t\t\t<div class=\"elementor-image-box-wrapper\"><figure class=\"elementor-image-box-img\"><img decoding=\"async\" src=\"https:\/\/velumautostore.com\/wp-content\/uploads\/2025\/05\/globe-free-img.png\" title=\"\" alt=\"\" loading=\"lazy\" \/><\/figure><div class=\"elementor-image-box-content\"><h5 class=\"elementor-image-box-title\">H\u00f6here Qualit\u00e4t<\/h5><\/div><\/div>\t\t\t\t<\/div>\n\t\t\t\t<\/div>\n\t\t\t\t\t<\/div>\n\t\t<\/div>\n\t\t\t\t<div class=\"elementor-column elementor-col-25 elementor-inner-column elementor-element elementor-element-bf54c89\" data-id=\"bf54c89\" data-element_type=\"column\" data-e-type=\"column\">\n\t\t\t<div class=\"elementor-widget-wrap elementor-element-populated\">\n\t\t\t\t\t\t<div class=\"elementor-element elementor-element-5ad4f09 elementor-position-top elementor-widget elementor-widget-image-box\" data-id=\"5ad4f09\" data-element_type=\"widget\" data-e-type=\"widget\" data-widget_type=\"image-box.default\">\n\t\t\t\t<div class=\"elementor-widget-container\">\n\t\t\t\t\t<div class=\"elementor-image-box-wrapper\"><figure class=\"elementor-image-box-img\"><img decoding=\"async\" src=\"https:\/\/velumautostore.com\/wp-content\/uploads\/2025\/05\/prix.png\" title=\"\" alt=\"\" loading=\"lazy\" \/><\/figure><div class=\"elementor-image-box-content\"><h5 class=\"elementor-image-box-title\">Beste Angebote<\/h5><\/div><\/div>\t\t\t\t<\/div>\n\t\t\t\t<\/div>\n\t\t\t\t\t<\/div>\n\t\t<\/div>\n\t\t\t\t<div class=\"elementor-column elementor-col-25 elementor-inner-column elementor-element elementor-element-c20f7ce\" data-id=\"c20f7ce\" data-element_type=\"column\" data-e-type=\"column\">\n\t\t\t<div class=\"elementor-widget-wrap elementor-element-populated\">\n\t\t\t\t\t\t<div class=\"elementor-element elementor-element-722efdc elementor-position-top elementor-widget elementor-widget-image-box\" data-id=\"722efdc\" data-element_type=\"widget\" data-e-type=\"widget\" data-widget_type=\"image-box.default\">\n\t\t\t\t<div class=\"elementor-widget-container\">\n\t\t\t\t\t<div class=\"elementor-image-box-wrapper\"><figure class=\"elementor-image-box-img\"><img decoding=\"async\" src=\"https:\/\/velumautostore.com\/wp-content\/uploads\/2025\/05\/lock-free-img.png\" title=\"\" alt=\"\" loading=\"lazy\" \/><\/figure><div class=\"elementor-image-box-content\"><h5 class=\"elementor-image-box-title\">Sichere Zahlung<\/h5><\/div><\/div>\t\t\t\t<\/div>\n\t\t\t\t<\/div>\n\t\t\t\t\t<\/div>\n\t\t<\/div>\n\t\t\t\t\t<\/div>\n\t\t<\/section>\n\t\t\t\t\t<\/div>\n\t\t<\/div>\n\t\t\t\t\t<\/div>\n\t\t<\/section>\n\t\t\t\t<\/div>\n\t\t","protected":false},"excerpt":{"rendered":"<p>Kontaktieren Sie uns M\u00f6chten Sie die Kompatibilit\u00e4t pr\u00fcfen? Haben Sie Fragen? E-Mail: contact@velumautostore.com Nummer: +33 07 82 16 56 29,Montag bis Freitag &#8211; 9:00 &#8211;&#8230;<\/p>\n","protected":false},"author":2,"featured_media":0,"parent":0,"menu_order":0,"comment_status":"closed","ping_status":"closed","template":"","meta":{"footnotes":""},"class_list":["post-16760","page","type-page","status-publish","hentry"],"yoast_head":"<!-- This site is optimized with the Yoast SEO Premium plugin v27.3 (Yoast SEO v27.5) - https:\/\/yoast.com\/product\/yoast-seo-premium-wordpress\/ -->\n<title>Kontakt \u2013 Hilfe f\u00fcr Ihr Panoramadach<\/title>\n<meta name=\"description\" content=\"Kontaktieren Sie unseren Support f\u00fcr Diagnose, Kompatibilit\u00e4t oder Hilfe bei der Auswahl Ihrer Ersatzteile.\" \/>\n<meta name=\"robots\" content=\"index, follow, max-snippet:-1, max-image-preview:large, max-video-preview:-1\" \/>\n<link rel=\"canonical\" href=\"https:\/\/velumautostore.com\/contact-us-2\/\" \/>\n<meta property=\"og:locale\" content=\"de_DE\" \/>\n<meta property=\"og:type\" content=\"article\" \/>\n<meta property=\"og:title\" content=\"Kontakt Us\" \/>\n<meta property=\"og:description\" content=\"Kontaktieren Sie unseren Support f\u00fcr Diagnose, Kompatibilit\u00e4t oder Hilfe bei der Auswahl Ihrer Ersatzteile.\" \/>\n<meta property=\"og:url\" content=\"https:\/\/velumautostore.com\/contact-us-2\/\" \/>\n<meta property=\"og:site_name\" content=\"Velum Auto Store\" \/>\n<meta property=\"article:publisher\" content=\"https:\/\/fr-fr.facebook.com\/Velumautostore\/\" \/>\n<meta property=\"article:modified_time\" content=\"2026-02-09T14:29:54+00:00\" \/>\n<meta property=\"og:image\" content=\"https:\/\/velumautostore.com\/wp-content\/uploads\/2025\/05\/livraison.png\" \/>\n<meta name=\"twitter:card\" content=\"summary_large_image\" \/>\n<script type=\"application\/ld+json\" class=\"yoast-schema-graph\">{\"@context\":\"https:\\\/\\\/schema.org\",\"@graph\":[{\"@type\":\"WebPage\",\"@id\":\"https:\\\/\\\/velumautostore.com\\\/contact-us-2\\\/\",\"url\":\"https:\\\/\\\/velumautostore.com\\\/contact-us-2\\\/\",\"name\":\"Kontakt \u2013 Hilfe f\u00fcr Ihr Panoramadach\",\"isPartOf\":{\"@id\":\"https:\\\/\\\/velumautostore.com\\\/#website\"},\"primaryImageOfPage\":{\"@id\":\"https:\\\/\\\/velumautostore.com\\\/contact-us-2\\\/#primaryimage\"},\"image\":{\"@id\":\"https:\\\/\\\/velumautostore.com\\\/contact-us-2\\\/#primaryimage\"},\"thumbnailUrl\":\"https:\\\/\\\/velumautostore.com\\\/wp-content\\\/uploads\\\/2025\\\/05\\\/livraison.png\",\"datePublished\":\"2017-12-21T08:00:47+00:00\",\"dateModified\":\"2026-02-09T14:29:54+00:00\",\"description\":\"Kontaktieren Sie unseren Support f\u00fcr Diagnose, Kompatibilit\u00e4t oder Hilfe bei der Auswahl Ihrer Ersatzteile.\",\"breadcrumb\":{\"@id\":\"https:\\\/\\\/velumautostore.com\\\/contact-us-2\\\/#breadcrumb\"},\"inLanguage\":\"de\",\"potentialAction\":[{\"@type\":\"ReadAction\",\"target\":[\"https:\\\/\\\/velumautostore.com\\\/contact-us-2\\\/\"]}]},{\"@type\":\"ImageObject\",\"inLanguage\":\"de\",\"@id\":\"https:\\\/\\\/velumautostore.com\\\/contact-us-2\\\/#primaryimage\",\"url\":\"https:\\\/\\\/velumautostore.com\\\/wp-content\\\/uploads\\\/2025\\\/05\\\/livraison.png\",\"contentUrl\":\"https:\\\/\\\/velumautostore.com\\\/wp-content\\\/uploads\\\/2025\\\/05\\\/livraison.png\"},{\"@type\":\"BreadcrumbList\",\"@id\":\"https:\\\/\\\/velumautostore.com\\\/contact-us-2\\\/#breadcrumb\",\"itemListElement\":[{\"@type\":\"ListItem\",\"position\":1,\"name\":\"Accueil\",\"item\":\"https:\\\/\\\/velumautostore.com\\\/de\\\/home\\\/\"},{\"@type\":\"ListItem\",\"position\":2,\"name\":\"Kontakt Us\"}]},{\"@type\":\"WebSite\",\"@id\":\"https:\\\/\\\/velumautostore.com\\\/#website\",\"url\":\"https:\\\/\\\/velumautostore.com\\\/\",\"name\":\"Velum Auto Store\",\"description\":\"Store et toit panoramique\",\"publisher\":{\"@id\":\"https:\\\/\\\/velumautostore.com\\\/#organization\"},\"potentialAction\":[{\"@type\":\"SearchAction\",\"target\":{\"@type\":\"EntryPoint\",\"urlTemplate\":\"https:\\\/\\\/velumautostore.com\\\/?s={search_term_string}\"},\"query-input\":{\"@type\":\"PropertyValueSpecification\",\"valueRequired\":true,\"valueName\":\"search_term_string\"}}],\"inLanguage\":\"de\"},{\"@type\":\"Organization\",\"@id\":\"https:\\\/\\\/velumautostore.com\\\/#organization\",\"name\":\"Velum Auto Store\",\"url\":\"https:\\\/\\\/velumautostore.com\\\/\",\"logo\":{\"@type\":\"ImageObject\",\"inLanguage\":\"de\",\"@id\":\"https:\\\/\\\/velumautostore.com\\\/#\\\/schema\\\/logo\\\/image\\\/\",\"url\":\"https:\\\/\\\/velumautostore.com\\\/wp-content\\\/uploads\\\/2021\\\/09\\\/cropped-Velum_AutoStore_logo_3.png\",\"contentUrl\":\"https:\\\/\\\/velumautostore.com\\\/wp-content\\\/uploads\\\/2021\\\/09\\\/cropped-Velum_AutoStore_logo_3.png\",\"width\":321,\"height\":154,\"caption\":\"Velum Auto Store\"},\"image\":{\"@id\":\"https:\\\/\\\/velumautostore.com\\\/#\\\/schema\\\/logo\\\/image\\\/\"},\"sameAs\":[\"https:\\\/\\\/fr-fr.facebook.com\\\/Velumautostore\\\/\"]}]}<\/script>\n<!-- \/ Yoast SEO Premium plugin. -->","yoast_head_json":{"title":"Kontakt \u2013 Hilfe f\u00fcr Ihr Panoramadach","description":"Kontaktieren Sie unseren Support f\u00fcr Diagnose, Kompatibilit\u00e4t oder Hilfe bei der Auswahl Ihrer Ersatzteile.","robots":{"index":"index","follow":"follow","max-snippet":"max-snippet:-1","max-image-preview":"max-image-preview:large","max-video-preview":"max-video-preview:-1"},"canonical":"https:\/\/velumautostore.com\/contact-us-2\/","og_locale":"de_DE","og_type":"article","og_title":"Kontakt Us","og_description":"Kontaktieren Sie unseren Support f\u00fcr Diagnose, Kompatibilit\u00e4t oder Hilfe bei der Auswahl Ihrer Ersatzteile.","og_url":"https:\/\/velumautostore.com\/contact-us-2\/","og_site_name":"Velum Auto Store","article_publisher":"https:\/\/fr-fr.facebook.com\/Velumautostore\/","article_modified_time":"2026-02-09T14:29:54+00:00","og_image":[{"url":"https:\/\/velumautostore.com\/wp-content\/uploads\/2025\/05\/livraison.png","type":"","width":"","height":""}],"twitter_card":"summary_large_image","schema":{"@context":"https:\/\/schema.org","@graph":[{"@type":"WebPage","@id":"https:\/\/velumautostore.com\/contact-us-2\/","url":"https:\/\/velumautostore.com\/contact-us-2\/","name":"Kontakt \u2013 Hilfe f\u00fcr Ihr Panoramadach","isPartOf":{"@id":"https:\/\/velumautostore.com\/#website"},"primaryImageOfPage":{"@id":"https:\/\/velumautostore.com\/contact-us-2\/#primaryimage"},"image":{"@id":"https:\/\/velumautostore.com\/contact-us-2\/#primaryimage"},"thumbnailUrl":"https:\/\/velumautostore.com\/wp-content\/uploads\/2025\/05\/livraison.png","datePublished":"2017-12-21T08:00:47+00:00","dateModified":"2026-02-09T14:29:54+00:00","description":"Kontaktieren Sie unseren Support f\u00fcr Diagnose, Kompatibilit\u00e4t oder Hilfe bei der Auswahl Ihrer Ersatzteile.","breadcrumb":{"@id":"https:\/\/velumautostore.com\/contact-us-2\/#breadcrumb"},"inLanguage":"de","potentialAction":[{"@type":"ReadAction","target":["https:\/\/velumautostore.com\/contact-us-2\/"]}]},{"@type":"ImageObject","inLanguage":"de","@id":"https:\/\/velumautostore.com\/contact-us-2\/#primaryimage","url":"https:\/\/velumautostore.com\/wp-content\/uploads\/2025\/05\/livraison.png","contentUrl":"https:\/\/velumautostore.com\/wp-content\/uploads\/2025\/05\/livraison.png"},{"@type":"BreadcrumbList","@id":"https:\/\/velumautostore.com\/contact-us-2\/#breadcrumb","itemListElement":[{"@type":"ListItem","position":1,"name":"Accueil","item":"https:\/\/velumautostore.com\/de\/home\/"},{"@type":"ListItem","position":2,"name":"Kontakt Us"}]},{"@type":"WebSite","@id":"https:\/\/velumautostore.com\/#website","url":"https:\/\/velumautostore.com\/","name":"Velum Auto Store","description":"Store et toit panoramique","publisher":{"@id":"https:\/\/velumautostore.com\/#organization"},"potentialAction":[{"@type":"SearchAction","target":{"@type":"EntryPoint","urlTemplate":"https:\/\/velumautostore.com\/?s={search_term_string}"},"query-input":{"@type":"PropertyValueSpecification","valueRequired":true,"valueName":"search_term_string"}}],"inLanguage":"de"},{"@type":"Organization","@id":"https:\/\/velumautostore.com\/#organization","name":"Velum Auto Store","url":"https:\/\/velumautostore.com\/","logo":{"@type":"ImageObject","inLanguage":"de","@id":"https:\/\/velumautostore.com\/#\/schema\/logo\/image\/","url":"https:\/\/velumautostore.com\/wp-content\/uploads\/2021\/09\/cropped-Velum_AutoStore_logo_3.png","contentUrl":"https:\/\/velumautostore.com\/wp-content\/uploads\/2021\/09\/cropped-Velum_AutoStore_logo_3.png","width":321,"height":154,"caption":"Velum Auto Store"},"image":{"@id":"https:\/\/velumautostore.com\/#\/schema\/logo\/image\/"},"sameAs":["https:\/\/fr-fr.facebook.com\/Velumautostore\/"]}]}},"_links":{"self":[{"href":"https:\/\/velumautostore.com\/de\/wp-json\/wp\/v2\/pages\/16760","targetHints":{"allow":["GET"]}}],"collection":[{"href":"https:\/\/velumautostore.com\/de\/wp-json\/wp\/v2\/pages"}],"about":[{"href":"https:\/\/velumautostore.com\/de\/wp-json\/wp\/v2\/types\/page"}],"author":[{"embeddable":true,"href":"https:\/\/velumautostore.com\/de\/wp-json\/wp\/v2\/users\/2"}],"replies":[{"embeddable":true,"href":"https:\/\/velumautostore.com\/de\/wp-json\/wp\/v2\/comments?post=16760"}],"version-history":[{"count":1,"href":"https:\/\/velumautostore.com\/de\/wp-json\/wp\/v2\/pages\/16760\/revisions"}],"predecessor-version":[{"id":16763,"href":"https:\/\/velumautostore.com\/de\/wp-json\/wp\/v2\/pages\/16760\/revisions\/16763"}],"wp:attachment":[{"href":"https:\/\/velumautostore.com\/de\/wp-json\/wp\/v2\/media?parent=16760"}],"curies":[{"name":"wp","href":"https:\/\/api.w.org\/{rel}","templated":true}]}}