{"id":16746,"date":"2019-06-05T23:02:20","date_gmt":"2019-06-05T21:02:20","guid":{"rendered":"https:\/\/velumautostore.com\/privacy-policy\/"},"modified":"2026-02-10T11:33:07","modified_gmt":"2026-02-10T10:33:07","slug":"privacy-policy","status":"publish","type":"page","link":"https:\/\/velumautostore.com\/de\/privacy-policy\/","title":{"rendered":"Vertrauenspolitik"},"content":{"rendered":"\n<p>Letzte Aktualisierung: 10\/02\/2026<\/p>\n\n<p>Zweck dieser Datenschutzrichtlinie ist es, die Benutzer der <strong>Velum Auto Store-Website<\/strong> dar\u00fcber zu informieren, wie ihre pers\u00f6nlichen Daten gesammelt, verwendet, gesch\u00fctzt und aufbewahrt werden.<\/p>\n\n<p>Wir legen gro\u00dfen Wert auf den Schutz Ihrer Privatsph\u00e4re und die Verarbeitung Ihrer Daten in \u00dcbereinstimmung mit der Allgemeinen Datenschutzverordnung (DSGVO).<\/p>\n\n<hr class=\"wp-block-separator has-alpha-channel-opacity\"\/>\n\n<h2 class=\"wp-block-heading\">1. Verantwortlich f\u00fcr die Verarbeitung<\/h2>\n\n<p>Der Verantwortliche f\u00fcr die Verarbeitung der auf der Website gesammelten Daten ist :<\/p>\n\n<p><strong>Velum Auto Store<\/strong><br\/>\ud83d\udce9 contact@velumautostore <a>.com<\/a><\/p>\n\n<hr class=\"wp-block-separator has-alpha-channel-opacity\"\/>\n\n<h2 class=\"wp-block-heading\">2. Gesammelte Daten<\/h2>\n\n<p>Wir k\u00f6nnen die folgenden Kategorien von Daten sammeln:<\/p>\n\n<h3 class=\"wp-block-heading\">Vom Nutzer bereitgestellte Informationen<\/h3>\n\n<p>Bei einer Bestellung oder \u00fcber die Formulare :<\/p>\n\n<ul class=\"wp-block-list\">\n<li>Name und Vorname<\/li>\n\n\n\n<li>Postanschrift<\/li>\n\n\n\n<li>E-Mail-Adresse<\/li>\n\n\n\n<li>Telefonnummer<\/li>\n\n\n\n<li>Rechnungsinformationen<\/li>\n\n\n\n<li>Informationen, die f\u00fcr die Lieferung erforderlich sind<\/li>\n<\/ul>\n\n<h3 class=\"wp-block-heading\">Automatisch gesammelte Daten<\/h3>\n\n<p>Beim Surfen auf der Website :<\/p>\n\n<ul class=\"wp-block-list\">\n<li>IP-Adresse<\/li>\n\n\n\n<li>Art des Ger\u00e4ts<\/li>\n\n\n\n<li>Browser<\/li>\n\n\n\n<li>Seitenaufrufe<\/li>\n\n\n\n<li>Dauer des Besuchs<\/li>\n\n\n\n<li>Benutzerweg<\/li>\n<\/ul>\n\n<p>Diese Daten werden mit Hilfe von Cookies und Analysetools gesammelt.<\/p>\n\n<hr class=\"wp-block-separator has-alpha-channel-opacity\"\/>\n\n<h2 class=\"wp-block-heading\">3. Zweck der Sammlung<\/h2>\n\n<p>Die Daten werden verwendet, um :<\/p>\n\n<ul class=\"wp-block-list\">\n<li>Bearbeitung und Versand von Bestellungen<\/li>\n\n\n\n<li>den After-Sales-Service zu gew\u00e4hrleisten<\/li>\n\n\n\n<li>Beantwortung von Kundenanfragen<\/li>\n\n\n\n<li>Verbesserung der Nutzererfahrung<\/li>\n\n\n\n<li>Statistiken \u00fcber die Besucherzahlen zu erstellen<\/li>\n\n\n\n<li>Betrug zu verhindern<\/li>\n\n\n\n<li>unsere gesetzlichen und buchhalterischen Verpflichtungen erf\u00fcllen<\/li>\n<\/ul>\n\n<hr class=\"wp-block-separator has-alpha-channel-opacity\"\/>\n\n<h2 class=\"wp-block-heading\">4. Rechtsgrundlage der Verarbeitung<\/h2>\n\n<p>Die Behandlung beruht auf :<\/p>\n\n<ul class=\"wp-block-list\">\n<li>die Erf\u00fcllung des Kaufvertrags<\/li>\n\n\n\n<li>die Einhaltung gesetzlicher Verpflichtungen<\/li>\n\n\n\n<li>das legitime Interesse des Unternehmens<\/li>\n\n\n\n<li>die Zustimmung des Nutzers (Marketing-Cookies)<\/li>\n<\/ul>\n\n<hr class=\"wp-block-separator has-alpha-channel-opacity\"\/>\n\n<h2 class=\"wp-block-heading\">5. Empf\u00e4nger der Daten<\/h2>\n\n<p>Die Daten k\u00f6nnen an Dienstleister weitergeleitet werden, die f\u00fcr den Betrieb des Dienstes erforderlich sind, insbesondere :<\/p>\n\n<ul class=\"wp-block-list\">\n<li>Zahlungsl\u00f6sungen<\/li>\n\n\n\n<li>Lieferservice<\/li>\n\n\n\n<li>Hosting der Website<\/li>\n\n\n\n<li>Tools zur Analyse des Publikums<\/li>\n\n\n\n<li>E-Mailing-Dienste<\/li>\n<\/ul>\n\n<p>Diese Partner sind verpflichtet, die Vertraulichkeit und Sicherheit der Informationen zu gew\u00e4hrleisten.<\/p>\n\n<hr class=\"wp-block-separator has-alpha-channel-opacity\"\/>\n\n<h2 class=\"wp-block-heading\">6. Dauer der Aufbewahrung<\/h2>\n\n<p>Die Daten werden f\u00fcr den erforderlichen Zeitraum aufbewahrt:<\/p>\n\n<ul class=\"wp-block-list\">\n<li>Auftragsmanagement: gesetzliche Buchf\u00fchrungspflichten<\/li>\n\n\n\n<li>Kundenanfragen: Dauer der Bearbeitung<\/li>\n\n\n\n<li>Marketing: bis zum Widerruf der Zustimmung<\/li>\n<\/ul>\n\n<hr class=\"wp-block-separator has-alpha-channel-opacity\"\/>\n\n<h2 class=\"wp-block-heading\">7. Datensicherheit<\/h2>\n\n<p><strong>Velum Auto Store<\/strong> ergreift alle notwendigen technischen und organisatorischen Ma\u00dfnahmen, um die pers\u00f6nlichen Daten vor Missbrauch zu sch\u00fctzen:<\/p>\n\n<ul class=\"wp-block-list\">\n<li>Unberechtigter Zugang<\/li>\n\n\n\n<li>Offenlegung<\/li>\n\n\n\n<li>die \u00c4nderung<\/li>\n\n\n\n<li>Verlust<\/li>\n<\/ul>\n\n<hr class=\"wp-block-separator has-alpha-channel-opacity\"\/>\n\n<h2 class=\"wp-block-heading\">8. Rechte der Nutzer<\/h2>\n\n<p>Gem\u00e4\u00df der DSGVO haben Sie die folgenden Rechte:<\/p>\n\n<ul class=\"wp-block-list\">\n<li>Recht auf Zugang<\/li>\n\n\n\n<li>Recht auf Berichtigung<\/li>\n\n\n\n<li>Recht auf L\u00f6schung<\/li>\n\n\n\n<li>Recht auf Einspruch<\/li>\n\n\n\n<li>Recht auf Einschr\u00e4nkung der Verarbeitung<\/li>\n\n\n\n<li>Recht auf \u00dcbertragbarkeit<\/li>\n<\/ul>\n\n<p>Um diese Rechte auszu\u00fcben, wenden Sie sich bitte an:<br\/>\ud83d\udce9 contact@velumautostore <a>.com<\/a><\/p>\n\n<p>Eine Antwort wird innerhalb von h\u00f6chstens einem Monat erfolgen.<\/p>\n\n<hr class=\"wp-block-separator has-alpha-channel-opacity\"\/>\n\n<h2 class=\"wp-block-heading\">9. Cookies<\/h2>\n\n<p>Die Website verwendet Cookies, um :<\/p>\n\n<ul class=\"wp-block-list\">\n<li>den reibungslosen Betrieb zu gew\u00e4hrleisten<\/li>\n\n\n\n<li>Messung des Publikums<\/li>\n\n\n\n<li>die Leistung zu verbessern<\/li>\n\n\n\n<li>geeignete Inhalte anbieten<\/li>\n<\/ul>\n\n<p>Sie k\u00f6nnen Ihre Einstellungen \u00fcber den Cookie-Banner auf der Website \u00e4ndern.<\/p>\n\n<hr class=\"wp-block-separator has-alpha-channel-opacity\"\/>\n\n<h2 class=\"wp-block-heading\">10. Beschwerden<\/h2>\n\n<p>Wenn Sie der Meinung sind, dass Ihre Rechte nicht respektiert werden, k\u00f6nnen Sie eine Beschwerde bei der zust\u00e4ndigen Datenschutzbeh\u00f6rde einreichen.<\/p>\n","protected":false},"excerpt":{"rendered":"<p>Letzte Aktualisierung: 10\/02\/2026 Zweck dieser Datenschutzrichtlinie ist es, die Benutzer der Velum Auto Store-Website dar\u00fcber zu informieren, wie ihre pers\u00f6nlichen Daten gesammelt, verwendet, gesch\u00fctzt und&#8230;<\/p>\n","protected":false},"author":2,"featured_media":0,"parent":0,"menu_order":0,"comment_status":"closed","ping_status":"closed","template":"","meta":{"footnotes":""},"class_list":["post-16746","page","type-page","status-publish","hentry"],"yoast_head":"<!-- This site is optimized with the Yoast SEO Premium plugin v27.3 (Yoast SEO v27.5) - https:\/\/yoast.com\/product\/yoast-seo-premium-wordpress\/ -->\n<title>Datenschutzrichtlinie | Velum Auto Store<\/title>\n<meta name=\"description\" content=\"Informationen zum Schutz Ihrer personenbezogenen Daten und zur Nutzung der Website.\" \/>\n<meta name=\"robots\" content=\"index, follow, max-snippet:-1, max-image-preview:large, max-video-preview:-1\" \/>\n<link rel=\"canonical\" href=\"https:\/\/velumautostore.com\/privacy-policy\/\" \/>\n<meta property=\"og:locale\" content=\"de_DE\" \/>\n<meta property=\"og:type\" content=\"article\" \/>\n<meta property=\"og:title\" content=\"Vertrauenspolitik\" \/>\n<meta property=\"og:description\" content=\"Informationen zum Schutz Ihrer personenbezogenen Daten und zur Nutzung der Website.\" \/>\n<meta property=\"og:url\" content=\"https:\/\/velumautostore.com\/privacy-policy\/\" \/>\n<meta property=\"og:site_name\" content=\"Velum Auto Store\" \/>\n<meta property=\"article:publisher\" content=\"https:\/\/fr-fr.facebook.com\/Velumautostore\/\" \/>\n<meta property=\"article:modified_time\" content=\"2026-02-10T10:33:07+00:00\" \/>\n<meta name=\"twitter:card\" content=\"summary_large_image\" \/>\n<meta name=\"twitter:label1\" content=\"Gesch\u00e4tzte Lesezeit\" \/>\n\t<meta name=\"twitter:data1\" content=\"2\u00a0Minuten\" \/>\n<script type=\"application\/ld+json\" class=\"yoast-schema-graph\">{\"@context\":\"https:\\\/\\\/schema.org\",\"@graph\":[{\"@type\":\"WebPage\",\"@id\":\"https:\\\/\\\/velumautostore.com\\\/privacy-policy\\\/\",\"url\":\"https:\\\/\\\/velumautostore.com\\\/privacy-policy\\\/\",\"name\":\"Datenschutzrichtlinie | Velum Auto Store\",\"isPartOf\":{\"@id\":\"https:\\\/\\\/velumautostore.com\\\/#website\"},\"datePublished\":\"2019-06-05T21:02:20+00:00\",\"dateModified\":\"2026-02-10T10:33:07+00:00\",\"description\":\"Informationen zum Schutz Ihrer personenbezogenen Daten und zur Nutzung der Website.\",\"breadcrumb\":{\"@id\":\"https:\\\/\\\/velumautostore.com\\\/privacy-policy\\\/#breadcrumb\"},\"inLanguage\":\"de\",\"potentialAction\":[{\"@type\":\"ReadAction\",\"target\":[\"https:\\\/\\\/velumautostore.com\\\/privacy-policy\\\/\"]}]},{\"@type\":\"BreadcrumbList\",\"@id\":\"https:\\\/\\\/velumautostore.com\\\/privacy-policy\\\/#breadcrumb\",\"itemListElement\":[{\"@type\":\"ListItem\",\"position\":1,\"name\":\"Accueil\",\"item\":\"https:\\\/\\\/velumautostore.com\\\/de\\\/home\\\/\"},{\"@type\":\"ListItem\",\"position\":2,\"name\":\"Vertrauenspolitik\"}]},{\"@type\":\"WebSite\",\"@id\":\"https:\\\/\\\/velumautostore.com\\\/#website\",\"url\":\"https:\\\/\\\/velumautostore.com\\\/\",\"name\":\"Velum Auto Store\",\"description\":\"Store et toit panoramique\",\"publisher\":{\"@id\":\"https:\\\/\\\/velumautostore.com\\\/#organization\"},\"potentialAction\":[{\"@type\":\"SearchAction\",\"target\":{\"@type\":\"EntryPoint\",\"urlTemplate\":\"https:\\\/\\\/velumautostore.com\\\/?s={search_term_string}\"},\"query-input\":{\"@type\":\"PropertyValueSpecification\",\"valueRequired\":true,\"valueName\":\"search_term_string\"}}],\"inLanguage\":\"de\"},{\"@type\":\"Organization\",\"@id\":\"https:\\\/\\\/velumautostore.com\\\/#organization\",\"name\":\"Velum Auto Store\",\"url\":\"https:\\\/\\\/velumautostore.com\\\/\",\"logo\":{\"@type\":\"ImageObject\",\"inLanguage\":\"de\",\"@id\":\"https:\\\/\\\/velumautostore.com\\\/#\\\/schema\\\/logo\\\/image\\\/\",\"url\":\"https:\\\/\\\/velumautostore.com\\\/wp-content\\\/uploads\\\/2021\\\/09\\\/cropped-Velum_AutoStore_logo_3.png\",\"contentUrl\":\"https:\\\/\\\/velumautostore.com\\\/wp-content\\\/uploads\\\/2021\\\/09\\\/cropped-Velum_AutoStore_logo_3.png\",\"width\":321,\"height\":154,\"caption\":\"Velum Auto Store\"},\"image\":{\"@id\":\"https:\\\/\\\/velumautostore.com\\\/#\\\/schema\\\/logo\\\/image\\\/\"},\"sameAs\":[\"https:\\\/\\\/fr-fr.facebook.com\\\/Velumautostore\\\/\"]}]}<\/script>\n<!-- \/ Yoast SEO Premium plugin. -->","yoast_head_json":{"title":"Datenschutzrichtlinie | Velum Auto Store","description":"Informationen zum Schutz Ihrer personenbezogenen Daten und zur Nutzung der Website.","robots":{"index":"index","follow":"follow","max-snippet":"max-snippet:-1","max-image-preview":"max-image-preview:large","max-video-preview":"max-video-preview:-1"},"canonical":"https:\/\/velumautostore.com\/privacy-policy\/","og_locale":"de_DE","og_type":"article","og_title":"Vertrauenspolitik","og_description":"Informationen zum Schutz Ihrer personenbezogenen Daten und zur Nutzung der Website.","og_url":"https:\/\/velumautostore.com\/privacy-policy\/","og_site_name":"Velum Auto Store","article_publisher":"https:\/\/fr-fr.facebook.com\/Velumautostore\/","article_modified_time":"2026-02-10T10:33:07+00:00","twitter_card":"summary_large_image","twitter_misc":{"Gesch\u00e4tzte Lesezeit":"2\u00a0Minuten"},"schema":{"@context":"https:\/\/schema.org","@graph":[{"@type":"WebPage","@id":"https:\/\/velumautostore.com\/privacy-policy\/","url":"https:\/\/velumautostore.com\/privacy-policy\/","name":"Datenschutzrichtlinie | Velum Auto Store","isPartOf":{"@id":"https:\/\/velumautostore.com\/#website"},"datePublished":"2019-06-05T21:02:20+00:00","dateModified":"2026-02-10T10:33:07+00:00","description":"Informationen zum Schutz Ihrer personenbezogenen Daten und zur Nutzung der Website.","breadcrumb":{"@id":"https:\/\/velumautostore.com\/privacy-policy\/#breadcrumb"},"inLanguage":"de","potentialAction":[{"@type":"ReadAction","target":["https:\/\/velumautostore.com\/privacy-policy\/"]}]},{"@type":"BreadcrumbList","@id":"https:\/\/velumautostore.com\/privacy-policy\/#breadcrumb","itemListElement":[{"@type":"ListItem","position":1,"name":"Accueil","item":"https:\/\/velumautostore.com\/de\/home\/"},{"@type":"ListItem","position":2,"name":"Vertrauenspolitik"}]},{"@type":"WebSite","@id":"https:\/\/velumautostore.com\/#website","url":"https:\/\/velumautostore.com\/","name":"Velum Auto Store","description":"Store et toit panoramique","publisher":{"@id":"https:\/\/velumautostore.com\/#organization"},"potentialAction":[{"@type":"SearchAction","target":{"@type":"EntryPoint","urlTemplate":"https:\/\/velumautostore.com\/?s={search_term_string}"},"query-input":{"@type":"PropertyValueSpecification","valueRequired":true,"valueName":"search_term_string"}}],"inLanguage":"de"},{"@type":"Organization","@id":"https:\/\/velumautostore.com\/#organization","name":"Velum Auto Store","url":"https:\/\/velumautostore.com\/","logo":{"@type":"ImageObject","inLanguage":"de","@id":"https:\/\/velumautostore.com\/#\/schema\/logo\/image\/","url":"https:\/\/velumautostore.com\/wp-content\/uploads\/2021\/09\/cropped-Velum_AutoStore_logo_3.png","contentUrl":"https:\/\/velumautostore.com\/wp-content\/uploads\/2021\/09\/cropped-Velum_AutoStore_logo_3.png","width":321,"height":154,"caption":"Velum Auto Store"},"image":{"@id":"https:\/\/velumautostore.com\/#\/schema\/logo\/image\/"},"sameAs":["https:\/\/fr-fr.facebook.com\/Velumautostore\/"]}]}},"_links":{"self":[{"href":"https:\/\/velumautostore.com\/de\/wp-json\/wp\/v2\/pages\/16746","targetHints":{"allow":["GET"]}}],"collection":[{"href":"https:\/\/velumautostore.com\/de\/wp-json\/wp\/v2\/pages"}],"about":[{"href":"https:\/\/velumautostore.com\/de\/wp-json\/wp\/v2\/types\/page"}],"author":[{"embeddable":true,"href":"https:\/\/velumautostore.com\/de\/wp-json\/wp\/v2\/users\/2"}],"replies":[{"embeddable":true,"href":"https:\/\/velumautostore.com\/de\/wp-json\/wp\/v2\/comments?post=16746"}],"version-history":[{"count":2,"href":"https:\/\/velumautostore.com\/de\/wp-json\/wp\/v2\/pages\/16746\/revisions"}],"predecessor-version":[{"id":18437,"href":"https:\/\/velumautostore.com\/de\/wp-json\/wp\/v2\/pages\/16746\/revisions\/18437"}],"wp:attachment":[{"href":"https:\/\/velumautostore.com\/de\/wp-json\/wp\/v2\/media?parent=16746"}],"curies":[{"name":"wp","href":"https:\/\/api.w.org\/{rel}","templated":true}]}}